{"id":12837,"date":"2022-04-14T14:19:31","date_gmt":"2022-04-14T14:19:31","guid":{"rendered":"https:\/\/wp-prod.bluecinema.ch\/blue-cinema-club\/"},"modified":"2024-12-03T17:56:52","modified_gmt":"2024-12-03T17:56:52","slug":"membership","status":"publish","type":"page","link":"https:\/\/wp-prod.bluecinema.ch\/de\/membership\/","title":{"rendered":"blue-cinema-club-de"},"content":{"rendered":"\t\t<div data-elementor-type=\"wp-page\" data-elementor-id=\"12837\" class=\"elementor elementor-12837 elementor-10348\" data-elementor-post-type=\"page\">\n\t\t\t\t\t\t<section class=\"elementor-section elementor-top-section elementor-element elementor-element-008a17e elementor-section-height-min-height elementor-section-items-stretch elementor-section-stretched elementor-section-content-middle elementor-reverse-mobile elementor-section-boxed elementor-section-height-default\" data-id=\"008a17e\" data-element_type=\"section\" data-settings=\"{&quot;stretch_section&quot;:&quot;section-stretched&quot;,&quot;background_background&quot;:&quot;classic&quot;}\">\n\t\t\t\t\t\t<div class=\"elementor-container elementor-column-gap-default\">\n\t\t\t\t\t<div class=\"elementor-column elementor-col-50 elementor-top-column elementor-element elementor-element-57a76a5\" data-id=\"57a76a5\" data-element_type=\"column\">\n\t\t\t<div class=\"elementor-widget-wrap elementor-element-populated\">\n\t\t\t\t\t<div class=\"elementor-background-overlay\"><\/div>\n\t\t\t\t\t\t<div class=\"elementor-element elementor-element-7e54e12 elementor-widget elementor-widget-shortcode\" data-id=\"7e54e12\" data-element_type=\"widget\" data-widget_type=\"shortcode.default\">\n\t\t\t\t<div class=\"elementor-widget-container\">\n\t\t\t\t\t<div class=\"elementor-shortcode\"><\/div>\n\t\t\t\t<\/div>\n\t\t\t\t<\/div>\n\t\t\t\t<div class=\"elementor-element elementor-element-a53cda3 elementor-widget__width-inherit elementor-widget elementor-widget-text-editor\" data-id=\"a53cda3\" data-element_type=\"widget\" data-widget_type=\"text-editor.default\">\n\t\t\t\t<div class=\"elementor-widget-container\">\n\t\t\t\t\t\t\t<h1>blue Cinema Club<\/h1><h3>Einzigartige Vorteile f\u00fcr wahre Kinofans.<\/h3>\t\t\t\t\t\t<\/div>\n\t\t\t\t<\/div>\n\t\t\t\t\t<\/div>\n\t\t<\/div>\n\t\t\t\t<div class=\"elementor-column elementor-col-50 elementor-top-column elementor-element elementor-element-da2fee2\" data-id=\"da2fee2\" data-element_type=\"column\">\n\t\t\t<div class=\"elementor-widget-wrap elementor-element-populated\">\n\t\t\t\t\t\t<div class=\"elementor-element elementor-element-a27a1bd elementor-widget elementor-widget-image\" data-id=\"a27a1bd\" data-element_type=\"widget\" data-widget_type=\"image.default\">\n\t\t\t\t<div class=\"elementor-widget-container\">\n\t\t\t\t\t\t\t\t\t\t\t\t\t<img fetchpriority=\"high\" decoding=\"async\" width=\"1800\" height=\"1125\" src=\"https:\/\/wp-prod.bluecinema.ch\/app\/uploads\/2024\/02\/blueCinema-Club.png\" class=\"attachment-full size-full wp-image-45269\" alt=\"blue Cinema Club App auf einem Smartphone, Mitgliedschafts\u00fcbersicht\" srcset=\"https:\/\/wp-prod.bluecinema.ch\/app\/uploads\/2024\/02\/blueCinema-Club.png 1800w, https:\/\/wp-prod.bluecinema.ch\/app\/uploads\/2024\/02\/blueCinema-Club-300x188.png 300w, https:\/\/wp-prod.bluecinema.ch\/app\/uploads\/2024\/02\/blueCinema-Club-1024x640.png 1024w, https:\/\/wp-prod.bluecinema.ch\/app\/uploads\/2024\/02\/blueCinema-Club-768x480.png 768w, https:\/\/wp-prod.bluecinema.ch\/app\/uploads\/2024\/02\/blueCinema-Club-1536x960.png 1536w, https:\/\/wp-prod.bluecinema.ch\/app\/uploads\/2024\/02\/blueCinema-Club-460x288.png 460w\" sizes=\"(max-width: 1800px) 100vw, 1800px\" \/>\t\t\t\t\t\t\t\t\t\t\t\t\t<\/div>\n\t\t\t\t<\/div>\n\t\t\t\t\t<\/div>\n\t\t<\/div>\n\t\t\t\t\t<\/div>\n\t\t<\/section>\n\t\t\t\t<section class=\"elementor-section elementor-top-section elementor-element elementor-element-eb12eff elementor-section-boxed elementor-section-height-default elementor-section-height-default\" data-id=\"eb12eff\" data-element_type=\"section\">\n\t\t\t\t\t\t<div class=\"elementor-container elementor-column-gap-default\">\n\t\t\t\t\t<div class=\"elementor-column elementor-col-50 elementor-top-column elementor-element elementor-element-4327c59\" data-id=\"4327c59\" data-element_type=\"column\">\n\t\t\t<div class=\"elementor-widget-wrap elementor-element-populated\">\n\t\t\t\t\t\t<div class=\"elementor-element elementor-element-42a86d6 elementor-widget elementor-widget-heading\" data-id=\"42a86d6\" data-element_type=\"widget\" data-widget_type=\"heading.default\">\n\t\t\t\t<div class=\"elementor-widget-container\">\n\t\t\t<h2 class=\"elementor-heading-title elementor-size-default\">Jetzt Member werden<\/h2>\t\t<\/div>\n\t\t\t\t<\/div>\n\t\t\t\t<div class=\"elementor-element elementor-element-d6ad391 elementor-widget elementor-widget-heading\" data-id=\"d6ad391\" data-element_type=\"widget\" data-widget_type=\"heading.default\">\n\t\t\t\t<div class=\"elementor-widget-container\">\n\t\t\t<p class=\"elementor-heading-title elementor-size-default\">Als Member des blue Cinema Club profitieren du und deine Begleitpersonen von zahlreichen, attraktiven Vorz\u00fcgen und geniesst unvergessliche Kino-Erlebnisse.<\/p>\t\t<\/div>\n\t\t\t\t<\/div>\n\t\t\t\t\t<\/div>\n\t\t<\/div>\n\t\t\t\t<div class=\"elementor-column elementor-col-50 elementor-top-column elementor-element elementor-element-2802083\" data-id=\"2802083\" data-element_type=\"column\">\n\t\t\t<div class=\"elementor-widget-wrap elementor-element-populated\">\n\t\t\t\t\t\t<div class=\"elementor-element elementor-element-f0d5f1e elementor-widget elementor-widget-positivecinema-price-table\" data-id=\"f0d5f1e\" data-element_type=\"widget\" data-widget_type=\"positivecinema-price-table.default\">\n\t\t\t\t<div class=\"elementor-widget-container\">\n\t\t\t<price-table  data-mode='render' options='{\"categoryId\": \"32\", \"orderBy\": \"name_asc\"}'><\/price-table>\t\t<script>\n\t\t(function ($) {\n\t\t\tconst pc = new PositivecinemaCore();\n\t\t\tpc.registerModals();\n\t\t\tpc.addEventListenerForForceLogin();\n\t\t})(jQuery);\n\t\t<\/script>\n\t\t\t\t<\/div>\n\t\t\t\t<\/div>\n\t\t\t\t\t<\/div>\n\t\t<\/div>\n\t\t\t\t\t<\/div>\n\t\t<\/section>\n\t\t\t\t<section class=\"elementor-section elementor-top-section elementor-element elementor-element-338626f elementor-section-boxed elementor-section-height-default elementor-section-height-default\" data-id=\"338626f\" data-element_type=\"section\">\n\t\t\t\t\t\t<div class=\"elementor-container elementor-column-gap-default\">\n\t\t\t\t\t<div class=\"elementor-column elementor-col-50 elementor-top-column elementor-element elementor-element-3c3008a\" data-id=\"3c3008a\" data-element_type=\"column\">\n\t\t\t<div class=\"elementor-widget-wrap elementor-element-populated\">\n\t\t\t\t\t\t<div class=\"elementor-element elementor-element-2ac92a4 elementor-widget elementor-widget-image\" data-id=\"2ac92a4\" data-element_type=\"widget\" data-widget_type=\"image.default\">\n\t\t\t\t<div class=\"elementor-widget-container\">\n\t\t\t\t\t\t\t\t\t\t\t\t\t<img decoding=\"async\" width=\"30\" height=\"30\" src=\"https:\/\/wp-prod.bluecinema.ch\/app\/uploads\/2024\/02\/ticket_LIGHT-.svg\" class=\"attachment-full size-full wp-image-45279\" alt=\"Icon eines Tickets\" \/>\t\t\t\t\t\t\t\t\t\t\t\t\t<\/div>\n\t\t\t\t<\/div>\n\t\t\t\t<div class=\"elementor-element elementor-element-9cebd91 elementor-widget elementor-widget-text-editor\" data-id=\"9cebd91\" data-element_type=\"widget\" data-widget_type=\"text-editor.default\">\n\t\t\t\t<div class=\"elementor-widget-container\">\n\t\t\t\t\t\t\t<h3 style=\"text-align: left;\"><span style=\"color: #ffffff;\">Kinotickets ab <\/span><span style=\"color: #ffffff;\">CHF 15.-*<\/span><\/h3><h5>Bis zu 10 verg\u00fcnstigte Kinotickets schon ab CHF 15.- pro Vorstellung.<\/h5>\t\t\t\t\t\t<\/div>\n\t\t\t\t<\/div>\n\t\t\t\t\t<\/div>\n\t\t<\/div>\n\t\t\t\t<div class=\"elementor-column elementor-col-50 elementor-top-column elementor-element elementor-element-a142fa2\" data-id=\"a142fa2\" data-element_type=\"column\">\n\t\t\t<div class=\"elementor-widget-wrap elementor-element-populated\">\n\t\t\t\t\t\t<div class=\"elementor-element elementor-element-db9f71c elementor-widget elementor-widget-image\" data-id=\"db9f71c\" data-element_type=\"widget\" data-widget_type=\"image.default\">\n\t\t\t\t<div class=\"elementor-widget-container\">\n\t\t\t\t\t\t\t\t\t\t\t\t\t<img decoding=\"async\" width=\"30\" height=\"30\" src=\"https:\/\/wp-prod.bluecinema.ch\/app\/uploads\/2024\/02\/snacks_LIGHT-2.svg\" class=\"attachment-full size-full wp-image-45288\" alt=\"Icon von Snacks\" \/>\t\t\t\t\t\t\t\t\t\t\t\t\t<\/div>\n\t\t\t\t<\/div>\n\t\t\t\t<div class=\"elementor-element elementor-element-4f5da86 elementor-widget elementor-widget-text-editor\" data-id=\"4f5da86\" data-element_type=\"widget\" data-widget_type=\"text-editor.default\">\n\t\t\t\t<div class=\"elementor-widget-container\">\n\t\t\t\t\t\t\t<h3>10% Rabatt in den Kino-Shops und Sportsbars*<\/h3><h5>Von Popcorn bis 3D-Brille \u2013 in den Kino-Shops gibt\u2019s 10% Rabatt auf das gesamte Sortiment.<\/h5>\t\t\t\t\t\t<\/div>\n\t\t\t\t<\/div>\n\t\t\t\t\t<\/div>\n\t\t<\/div>\n\t\t\t\t\t<\/div>\n\t\t<\/section>\n\t\t\t\t<section class=\"elementor-section elementor-top-section elementor-element elementor-element-9baf4d6 elementor-section-boxed elementor-section-height-default elementor-section-height-default\" data-id=\"9baf4d6\" data-element_type=\"section\">\n\t\t\t\t\t\t<div class=\"elementor-container elementor-column-gap-default\">\n\t\t\t\t\t<div class=\"elementor-column elementor-col-50 elementor-top-column elementor-element elementor-element-9a2dc0e\" data-id=\"9a2dc0e\" data-element_type=\"column\">\n\t\t\t<div class=\"elementor-widget-wrap elementor-element-populated\">\n\t\t\t\t\t\t<div class=\"elementor-element elementor-element-9b4a233 elementor-widget elementor-widget-image\" data-id=\"9b4a233\" data-element_type=\"widget\" data-widget_type=\"image.default\">\n\t\t\t\t<div class=\"elementor-widget-container\">\n\t\t\t\t\t\t\t\t\t\t\t\t\t<img loading=\"lazy\" decoding=\"async\" width=\"30\" height=\"30\" src=\"https:\/\/wp-prod.bluecinema.ch\/app\/uploads\/2024\/02\/coins_LIGHT-2.svg\" class=\"attachment-full size-full wp-image-45297\" alt=\"Icon von M\u00fcnzen\" \/>\t\t\t\t\t\t\t\t\t\t\t\t\t<\/div>\n\t\t\t\t<\/div>\n\t\t\t\t<div class=\"elementor-element elementor-element-bfb0bb7 elementor-widget elementor-widget-text-editor\" data-id=\"bfb0bb7\" data-element_type=\"widget\" data-widget_type=\"text-editor.default\">\n\t\t\t\t<div class=\"elementor-widget-container\">\n\t\t\t\t\t\t\t<h3 style=\"text-align: left;\">1.5 x Rewards Punkte<\/h3><h5>Schneller mit Rewards Pr\u00e4mien belohnt werden, dank 1.5 Punkte pro ausgegebenen Franken.<\/h5>\t\t\t\t\t\t<\/div>\n\t\t\t\t<\/div>\n\t\t\t\t\t<\/div>\n\t\t<\/div>\n\t\t\t\t<div class=\"elementor-column elementor-col-50 elementor-top-column elementor-element elementor-element-fc5bedb\" data-id=\"fc5bedb\" data-element_type=\"column\">\n\t\t\t<div class=\"elementor-widget-wrap elementor-element-populated\">\n\t\t\t\t\t\t<div class=\"elementor-element elementor-element-f4177aa elementor-widget elementor-widget-image\" data-id=\"f4177aa\" data-element_type=\"widget\" data-widget_type=\"image.default\">\n\t\t\t\t<div class=\"elementor-widget-container\">\n\t\t\t\t\t\t\t\t\t\t\t\t\t<img loading=\"lazy\" decoding=\"async\" width=\"30\" height=\"30\" src=\"https:\/\/wp-prod.bluecinema.ch\/app\/uploads\/2024\/02\/Bowling_LIGHT-2.svg\" class=\"attachment-full size-full wp-image-45315\" alt=\"Icon eines Bowlingkegels mit Bowlingball\" \/>\t\t\t\t\t\t\t\t\t\t\t\t\t<\/div>\n\t\t\t\t<\/div>\n\t\t\t\t<div class=\"elementor-element elementor-element-bc7460b elementor-widget elementor-widget-text-editor\" data-id=\"bc7460b\" data-element_type=\"widget\" data-widget_type=\"text-editor.default\">\n\t\t\t\t<div class=\"elementor-widget-container\">\n\t\t\t\t\t\t\t<h3>10% Rabatt auf Bowling, Lasertag, Virtual Reality Gaming<\/h3><h5>Ob Bowling, Lasertag, Virtual Reality Gaming oder Billardspielen \u2013 Member profitieren immer von 10% Rabatt.<\/h5>\t\t\t\t\t\t<\/div>\n\t\t\t\t<\/div>\n\t\t\t\t\t<\/div>\n\t\t<\/div>\n\t\t\t\t\t<\/div>\n\t\t<\/section>\n\t\t\t\t<section class=\"elementor-section elementor-top-section elementor-element elementor-element-f46a152 elementor-section-boxed elementor-section-height-default elementor-section-height-default\" data-id=\"f46a152\" data-element_type=\"section\">\n\t\t\t\t\t\t<div class=\"elementor-container elementor-column-gap-default\">\n\t\t\t\t\t<div class=\"elementor-column elementor-col-50 elementor-top-column elementor-element elementor-element-842b1f1\" data-id=\"842b1f1\" data-element_type=\"column\">\n\t\t\t<div class=\"elementor-widget-wrap elementor-element-populated\">\n\t\t\t\t\t\t<div class=\"elementor-element elementor-element-456d67e elementor-widget elementor-widget-image\" data-id=\"456d67e\" data-element_type=\"widget\" data-widget_type=\"image.default\">\n\t\t\t\t<div class=\"elementor-widget-container\">\n\t\t\t\t\t\t\t\t\t\t\t\t\t<img loading=\"lazy\" decoding=\"async\" width=\"30\" height=\"30\" src=\"https:\/\/wp-prod.bluecinema.ch\/app\/uploads\/2024\/02\/calendar_LIGHT-2.svg\" class=\"attachment-full size-full wp-image-45306\" alt=\"Icon eines Kalenders\" \/>\t\t\t\t\t\t\t\t\t\t\t\t\t<\/div>\n\t\t\t\t<\/div>\n\t\t\t\t<div class=\"elementor-element elementor-element-e3bb504 elementor-widget elementor-widget-text-editor\" data-id=\"e3bb504\" data-element_type=\"widget\" data-widget_type=\"text-editor.default\">\n\t\t\t\t<div class=\"elementor-widget-container\">\n\t\t\t\t\t\t\t<h3>Reservationen<\/h3><h5>Dank der online-Reservation und der l\u00e4ngeren Reservierungszeit von 20 Minuten vor dem Film stressfrei ins Kino.<\/h5>\t\t\t\t\t\t<\/div>\n\t\t\t\t<\/div>\n\t\t\t\t\t<\/div>\n\t\t<\/div>\n\t\t\t\t<div class=\"elementor-column elementor-col-50 elementor-top-column elementor-element elementor-element-4da2575 elementor-hidden-tablet elementor-hidden-mobile\" data-id=\"4da2575\" data-element_type=\"column\">\n\t\t\t<div class=\"elementor-widget-wrap\">\n\t\t\t\t\t\t\t<\/div>\n\t\t<\/div>\n\t\t\t\t\t<\/div>\n\t\t<\/section>\n\t\t\t\t<section class=\"elementor-section elementor-top-section elementor-element elementor-element-493595c elementor-section-boxed elementor-section-height-default elementor-section-height-default\" data-id=\"493595c\" data-element_type=\"section\">\n\t\t\t\t\t\t<div class=\"elementor-container elementor-column-gap-default\">\n\t\t\t\t\t<div class=\"elementor-column elementor-col-100 elementor-top-column elementor-element elementor-element-b4dacf3\" data-id=\"b4dacf3\" data-element_type=\"column\">\n\t\t\t<div class=\"elementor-widget-wrap elementor-element-populated\">\n\t\t\t\t\t\t<div class=\"elementor-element elementor-element-5a4a4f4 elementor-widget elementor-widget-heading\" data-id=\"5a4a4f4\" data-element_type=\"widget\" data-widget_type=\"heading.default\">\n\t\t\t\t<div class=\"elementor-widget-container\">\n\t\t\t<p class=\"elementor-heading-title elementor-size-default\">*Ticketverg\u00fcnstigungen und Rabatte am Kiosk\/Shop sind nur mit einem aktivierten Abonnement g\u00fcltig. F\u00fcr Kinovorstellungen in 4DX, IMAX sowie f\u00fcr Sitze mit Zusatzleistungen f\u00e4llt pro Ticket ein Zuschlag an. Produkt-Kombos und Geschenkkarten sind vom Rabatt ausgeschlossen.<\/p>\t\t<\/div>\n\t\t\t\t<\/div>\n\t\t\t\t\t<\/div>\n\t\t<\/div>\n\t\t\t\t\t<\/div>\n\t\t<\/section>\n\t\t\t\t<section class=\"elementor-section elementor-top-section elementor-element elementor-element-09c1266 elementor-section-boxed elementor-section-height-default elementor-section-height-default\" data-id=\"09c1266\" data-element_type=\"section\">\n\t\t\t\t\t\t<div class=\"elementor-container elementor-column-gap-default\">\n\t\t\t\t\t<div class=\"elementor-column elementor-col-100 elementor-top-column elementor-element elementor-element-af0e971\" data-id=\"af0e971\" data-element_type=\"column\">\n\t\t\t<div class=\"elementor-widget-wrap elementor-element-populated\">\n\t\t\t\t\t\t<div class=\"elementor-element elementor-element-700344e elementor-widget elementor-widget-spacer\" data-id=\"700344e\" data-element_type=\"widget\" data-widget_type=\"spacer.default\">\n\t\t\t\t<div class=\"elementor-widget-container\">\n\t\t\t\t\t<div class=\"elementor-spacer\">\n\t\t\t<div class=\"elementor-spacer-inner\"><\/div>\n\t\t<\/div>\n\t\t\t\t<\/div>\n\t\t\t\t<\/div>\n\t\t\t\t\t<\/div>\n\t\t<\/div>\n\t\t\t\t\t<\/div>\n\t\t<\/section>\n\t\t\t\t<\/div>\n\t\t","protected":false},"excerpt":{"rendered":"<p>blue Cinema Club Einzigartige Vorteile f\u00fcr wahre Kinofans. Jetzt Member werden Als Member des blue Cinema Club profitieren du und deine Begleitpersonen von zahlreichen, attraktiven Vorz\u00fcgen und geniesst unvergessliche Kino-Erlebnisse. Kinotickets ab CHF 15.-* Bis zu 10 verg\u00fcnstigte Kinotickets schon ab CHF 15.- pro Vorstellung. 10% Rabatt in den Kino-Shops und Sportsbars* Von Popcorn bis [&hellip;]<\/p>\n","protected":false},"author":3,"featured_media":0,"parent":0,"menu_order":0,"comment_status":"closed","ping_status":"closed","template":"template-parts\/template-page-untitled-canvas.php","meta":{"_acf_changed":false,"footnotes":""},"acf":[],"yoast_head":"<!-- This site is optimized with the Yoast SEO Premium plugin v20.11 (Yoast SEO v20.12) - https:\/\/yoast.com\/wordpress\/plugins\/seo\/ -->\r\n<title>blue Cinema Club - profitiere von vielen Kino-Vorteilen<\/title>\r\n<meta name=\"description\" content=\"Entdecke die Vorteile vom blue Cinema Club - profitiere von attraktiven Rabatten beim Ticketkauf, am Kiosk und erhalte mehr Rewards Punkte. Jetzt sparen!\" \/>\r\n<meta name=\"robots\" content=\"index, follow, max-snippet:-1, max-image-preview:large, max-video-preview:-1\" \/>\r\n<link rel=\"canonical\" href=\"https:\/\/wp-prod.bluecinema.ch\/en\/membership\/\" \/>\r\n<meta property=\"og:locale\" content=\"de_DE\" \/>\r\n<meta property=\"og:type\" content=\"article\" \/>\r\n<meta property=\"og:title\" content=\"blue Cinema Club - profitiere von vielen Kino-Vorteilen\" \/>\r\n<meta property=\"og:description\" content=\"Entdecke die Vorteile vom blue Cinema Club - profitiere von attraktiven Rabatten beim Ticketkauf, am Kiosk und erhalte mehr Rewards Punkte. Jetzt sparen!\" \/>\r\n<meta property=\"og:url\" content=\"https:\/\/wp-prod.bluecinema.ch\/en\/membership\/\" \/>\r\n<meta property=\"og:site_name\" content=\"blue Cinema\" \/>\r\n<meta property=\"article:modified_time\" content=\"2024-12-03T17:56:52+00:00\" \/>\r\n<meta property=\"og:image\" content=\"https:\/\/wp-prod.bluecinema.ch\/app\/uploads\/2024\/02\/blueCinema-Club.png\" \/>\r\n<meta name=\"twitter:card\" content=\"summary_large_image\" \/>\r\n<meta name=\"twitter:label1\" content=\"Est. reading time\" \/>\n\t<meta name=\"twitter:data1\" content=\"3 minutes\" \/>\r\n<script type=\"application\/ld+json\" class=\"yoast-schema-graph\">{\"@context\":\"https:\/\/schema.org\",\"@graph\":[{\"@type\":\"WebPage\",\"@id\":\"https:\/\/wp-prod.bluecinema.ch\/en\/membership\/\",\"url\":\"https:\/\/wp-prod.bluecinema.ch\/en\/membership\/\",\"name\":\"blue Cinema Club - profitiere von vielen Kino-Vorteilen\",\"isPartOf\":{\"@id\":\"https:\/\/wp-prod.bluecinema.ch\/en\/#website\"},\"datePublished\":\"2022-04-14T14:19:31+00:00\",\"dateModified\":\"2024-12-03T17:56:52+00:00\",\"description\":\"Entdecke die Vorteile vom blue Cinema Club - profitiere von attraktiven Rabatten beim Ticketkauf, am Kiosk und erhalte mehr Rewards Punkte. Jetzt sparen!\",\"inLanguage\":\"de-CH\",\"potentialAction\":[{\"@type\":\"ReadAction\",\"target\":[\"https:\/\/wp-prod.bluecinema.ch\/en\/membership\/\"]}]},{\"@type\":\"WebSite\",\"@id\":\"https:\/\/wp-prod.bluecinema.ch\/en\/#website\",\"url\":\"https:\/\/wp-prod.bluecinema.ch\/en\/\",\"name\":\"blue Cinema\",\"description\":\"\",\"potentialAction\":[{\"@type\":\"SearchAction\",\"target\":{\"@type\":\"EntryPoint\",\"urlTemplate\":\"https:\/\/wp-prod.bluecinema.ch\/en\/?s={search_term_string}\"},\"query-input\":\"required name=search_term_string\"}],\"inLanguage\":\"de-CH\"}]}<\/script>\r\n<!-- \/ Yoast SEO Premium plugin. -->","yoast_head_json":{"title":"blue Cinema Club - profitiere von vielen Kino-Vorteilen","description":"Entdecke die Vorteile vom blue Cinema Club - profitiere von attraktiven Rabatten beim Ticketkauf, am Kiosk und erhalte mehr Rewards Punkte. Jetzt sparen!","robots":{"index":"index","follow":"follow","max-snippet":"max-snippet:-1","max-image-preview":"max-image-preview:large","max-video-preview":"max-video-preview:-1"},"canonical":"https:\/\/wp-prod.bluecinema.ch\/en\/membership\/","og_locale":"de_DE","og_type":"article","og_title":"blue Cinema Club - profitiere von vielen Kino-Vorteilen","og_description":"Entdecke die Vorteile vom blue Cinema Club - profitiere von attraktiven Rabatten beim Ticketkauf, am Kiosk und erhalte mehr Rewards Punkte. Jetzt sparen!","og_url":"https:\/\/wp-prod.bluecinema.ch\/en\/membership\/","og_site_name":"blue Cinema","article_modified_time":"2024-12-03T17:56:52+00:00","og_image":[{"url":"https:\/\/wp-prod.bluecinema.ch\/app\/uploads\/2024\/02\/blueCinema-Club.png"}],"twitter_card":"summary_large_image","twitter_misc":{"Est. reading time":"3 minutes"},"schema":{"@context":"https:\/\/schema.org","@graph":[{"@type":"WebPage","@id":"https:\/\/wp-prod.bluecinema.ch\/en\/membership\/","url":"https:\/\/wp-prod.bluecinema.ch\/en\/membership\/","name":"blue Cinema Club - profitiere von vielen Kino-Vorteilen","isPartOf":{"@id":"https:\/\/wp-prod.bluecinema.ch\/en\/#website"},"datePublished":"2022-04-14T14:19:31+00:00","dateModified":"2024-12-03T17:56:52+00:00","description":"Entdecke die Vorteile vom blue Cinema Club - profitiere von attraktiven Rabatten beim Ticketkauf, am Kiosk und erhalte mehr Rewards Punkte. Jetzt sparen!","inLanguage":"de-CH","potentialAction":[{"@type":"ReadAction","target":["https:\/\/wp-prod.bluecinema.ch\/en\/membership\/"]}]},{"@type":"WebSite","@id":"https:\/\/wp-prod.bluecinema.ch\/en\/#website","url":"https:\/\/wp-prod.bluecinema.ch\/en\/","name":"blue Cinema","description":"","potentialAction":[{"@type":"SearchAction","target":{"@type":"EntryPoint","urlTemplate":"https:\/\/wp-prod.bluecinema.ch\/en\/?s={search_term_string}"},"query-input":"required name=search_term_string"}],"inLanguage":"de-CH"}]}},"_links":{"self":[{"href":"https:\/\/wp-prod.bluecinema.ch\/de\/wp-json\/wp\/v2\/pages\/12837"}],"collection":[{"href":"https:\/\/wp-prod.bluecinema.ch\/de\/wp-json\/wp\/v2\/pages"}],"about":[{"href":"https:\/\/wp-prod.bluecinema.ch\/de\/wp-json\/wp\/v2\/types\/page"}],"author":[{"embeddable":true,"href":"https:\/\/wp-prod.bluecinema.ch\/de\/wp-json\/wp\/v2\/users\/3"}],"replies":[{"embeddable":true,"href":"https:\/\/wp-prod.bluecinema.ch\/de\/wp-json\/wp\/v2\/comments?post=12837"}],"version-history":[{"count":46,"href":"https:\/\/wp-prod.bluecinema.ch\/de\/wp-json\/wp\/v2\/pages\/12837\/revisions"}],"predecessor-version":[{"id":60519,"href":"https:\/\/wp-prod.bluecinema.ch\/de\/wp-json\/wp\/v2\/pages\/12837\/revisions\/60519"}],"wp:attachment":[{"href":"https:\/\/wp-prod.bluecinema.ch\/de\/wp-json\/wp\/v2\/media?parent=12837"}],"curies":[{"name":"wp","href":"https:\/\/api.w.org\/{rel}","templated":true}]}}