{"id":12906,"date":"2022-04-19T12:12:26","date_gmt":"2022-04-19T12:12:26","guid":{"rendered":"https:\/\/wp-prod.bluecinema.ch\/dolby-atmos\/"},"modified":"2024-02-20T16:08:58","modified_gmt":"2024-02-20T16:08:58","slug":"dolby-atmos-de","status":"publish","type":"page","link":"https:\/\/wp-prod.bluecinema.ch\/de\/dolby-atmos-de\/","title":{"rendered":"Dolby Atmos-DE"},"content":{"rendered":"\t\t<div data-elementor-type=\"wp-page\" data-elementor-id=\"12906\" class=\"elementor elementor-12906 elementor-9105\" data-elementor-post-type=\"page\">\n\t\t\t\t\t\t<section class=\"elementor-section elementor-top-section elementor-element elementor-element-09906b4 elementor-section-height-min-height elementor-section-stretched elementor-section-full_width elementor-section-items-stretch elementor-section-height-default\" data-id=\"09906b4\" data-element_type=\"section\" data-settings=\"{&quot;stretch_section&quot;:&quot;section-stretched&quot;,&quot;background_background&quot;:&quot;video&quot;,&quot;background_video_link&quot;:&quot;https:\\\/\\\/cdn.skybanner.org\\\/bluewin.ch\\\/1280\\\/8b\\\/8babcf25-37c6-4917-996e-a9fceb9a6b54.mp4&quot;,&quot;background_play_on_mobile&quot;:&quot;yes&quot;}\">\n\t\t\t\t\t\t\t\t<div class=\"elementor-background-video-container\">\n\t\t\t\t\t\t\t\t\t\t\t\t\t<video class=\"elementor-background-video-hosted elementor-html5-video\" autoplay muted playsinline loop><\/video>\n\t\t\t\t\t\t\t\t\t\t\t<\/div>\n\t\t\t\t\t\t\t\t<div class=\"elementor-container elementor-column-gap-default\">\n\t\t\t\t\t<div class=\"elementor-column elementor-col-100 elementor-top-column elementor-element elementor-element-8fe4dfc\" data-id=\"8fe4dfc\" data-element_type=\"column\" data-settings=\"{&quot;background_background&quot;:&quot;gradient&quot;}\">\n\t\t\t<div class=\"elementor-widget-wrap elementor-element-populated\">\n\t\t\t\t\t<div class=\"elementor-background-overlay\"><\/div>\n\t\t\t\t\t\t\t<\/div>\n\t\t<\/div>\n\t\t\t\t\t<\/div>\n\t\t<\/section>\n\t\t\t\t<section class=\"elementor-section elementor-top-section elementor-element elementor-element-f6b37b1 elementor-section-boxed elementor-section-height-default elementor-section-height-default\" data-id=\"f6b37b1\" data-element_type=\"section\">\n\t\t\t\t\t\t<div class=\"elementor-container elementor-column-gap-default\">\n\t\t\t\t\t<div class=\"elementor-column elementor-col-100 elementor-top-column elementor-element elementor-element-09058e0\" data-id=\"09058e0\" data-element_type=\"column\">\n\t\t\t<div class=\"elementor-widget-wrap elementor-element-populated\">\n\t\t\t\t\t\t<div class=\"elementor-element elementor-element-a47ba4b elementor-widget elementor-widget-text-editor\" data-id=\"a47ba4b\" data-element_type=\"widget\" data-widget_type=\"text-editor.default\">\n\t\t\t\t<div class=\"elementor-widget-container\">\n\t\t\t\t\t\t\t<h1>DOLBY ATMOS\u00ae<\/h1><h1>Der Rundum-Sound, der unter die Haut geht<\/h1>\t\t\t\t\t\t<\/div>\n\t\t\t\t<\/div>\n\t\t\t\t<div class=\"elementor-element elementor-element-64fb216 elementor-widget elementor-widget-text-editor\" data-id=\"64fb216\" data-element_type=\"widget\" data-widget_type=\"text-editor.default\">\n\t\t\t\t<div class=\"elementor-widget-container\">\n\t\t\t\t\t\t\t<h5>Dolby Atmos geht weit \u00fcber gew\u00f6hnliches H\u00f6ren hinaus. Ein bahnbrechendes r\u00e4umliches Klangerlebnis garantiert, dass du mehr h\u00f6rst \u2013 und mehr f\u00fchlst. Nur Dolby Atmos kann dir ein einzigartiges und transformatives Erlebnis bieten, bei dem du dich tief mit der Geschichte verbindest. Du wirst das Gef\u00fchl haben, in das Leben der Figuren und die Welt einzutauchen, die der Filmemacher f\u00fcr dich geschaffen hat. Dolby Atmos erlaubt theoretisch eine unbegrenzte Anzahl von Tonspuren. Diese werden den Kinos f\u00fcr eine optimale dynamische Verteilung der Signale auf die Lautsprecher zur Verf\u00fcgung gestellt. Das System kann jedem Lautsprecher ein individuelles Signal geben. Dadurch kann eine Tonquelle genau im Raum platziert werden und eine realistische Simulation von beispielsweise Regen oder Hubschrauberl\u00e4rm simuliert werden. Dolby Atmos\u00ae\u00a0 garantiert dir einen realistischen Rundum-Sound, der unter die Haut geht \u2013 und deinen Kinobesuch zum Erlebnis macht.<\/h5>\n\t\t\t\t\t\t<\/div>\n\t\t\t\t<\/div>\n\t\t\t\t<div class=\"elementor-element elementor-element-ec427a1 elementor-widget elementor-widget-text-editor\" data-id=\"ec427a1\" data-element_type=\"widget\" data-widget_type=\"text-editor.default\">\n\t\t\t\t<div class=\"elementor-widget-container\">\n\t\t\t\t\t\t\t<h4>Bei den folgenden Kinos findest du Dolby Atmos:<\/h4>\n\t\t\t\t\t\t<\/div>\n\t\t\t\t<\/div>\n\t\t\t\t<div class=\"elementor-element elementor-element-65bb30f elementor-icon-list--layout-inline elementor-align-center elementor-mobile-align-left elementor-widget__width-auto elementor-hidden-mobile elementor-list-item-link-full_width elementor-widget elementor-widget-icon-list\" data-id=\"65bb30f\" data-element_type=\"widget\" data-widget_type=\"icon-list.default\">\n\t\t\t\t<div class=\"elementor-widget-container\">\n\t\t\t\t\t<ul class=\"elementor-icon-list-items elementor-inline-items\">\n\t\t\t\t\t\t\t<li class=\"elementor-icon-list-item elementor-inline-item\">\n\t\t\t\t\t\t\t\t\t\t\t<a href=\"https:\/\/wp-prod.bluecinema.ch\/de\/cinemas-de\/be-cinedome\/\">\n\n\t\t\t\t\t\t\t\t\t\t\t\t<span class=\"elementor-icon-list-icon\">\n\t\t\t\t\t\t\t<i aria-hidden=\"true\" class=\"fas fa-building\"><\/i>\t\t\t\t\t\t<\/span>\n\t\t\t\t\t\t\t\t\t\t<span class=\"elementor-icon-list-text\">Cinedome Muri<\/span>\n\t\t\t\t\t\t\t\t\t\t\t<\/a>\n\t\t\t\t\t\t\t\t\t<\/li>\n\t\t\t\t\t\t\t\t<li class=\"elementor-icon-list-item elementor-inline-item\">\n\t\t\t\t\t\t\t\t\t\t\t<a href=\"https:\/\/wp-prod.bluecinema.ch\/de\/cinemas-de\/bi-cinedome-de\/\">\n\n\t\t\t\t\t\t\t\t\t\t\t\t<span class=\"elementor-icon-list-icon\">\n\t\t\t\t\t\t\t<i aria-hidden=\"true\" class=\"fas fa-building\"><\/i>\t\t\t\t\t\t<\/span>\n\t\t\t\t\t\t\t\t\t\t<span class=\"elementor-icon-list-text\">Cinedome Biel<\/span>\n\t\t\t\t\t\t\t\t\t\t\t<\/a>\n\t\t\t\t\t\t\t\t\t<\/li>\n\t\t\t\t\t\t\t\t<li class=\"elementor-icon-list-item elementor-inline-item\">\n\t\t\t\t\t\t\t\t\t\t\t<a href=\"https:\/\/wp-prod.bluecinema.ch\/de\/cinemas-de\/chur-bluecinema-de\/\">\n\n\t\t\t\t\t\t\t\t\t\t\t\t<span class=\"elementor-icon-list-icon\">\n\t\t\t\t\t\t\t<i aria-hidden=\"true\" class=\"fas fa-building\"><\/i>\t\t\t\t\t\t<\/span>\n\t\t\t\t\t\t\t\t\t\t<span class=\"elementor-icon-list-text\">blue Cinema Chur<\/span>\n\t\t\t\t\t\t\t\t\t\t\t<\/a>\n\t\t\t\t\t\t\t\t\t<\/li>\n\t\t\t\t\t\t<\/ul>\n\t\t\t\t<\/div>\n\t\t\t\t<\/div>\n\t\t\t\t\t<\/div>\n\t\t<\/div>\n\t\t\t\t\t<\/div>\n\t\t<\/section>\n\t\t\t\t<section class=\"elementor-section elementor-top-section elementor-element elementor-element-167b321 elementor-section-content-middle elementor-section-boxed elementor-section-height-default elementor-section-height-default\" data-id=\"167b321\" data-element_type=\"section\">\n\t\t\t\t\t\t<div class=\"elementor-container elementor-column-gap-default\">\n\t\t\t\t\t<div class=\"elementor-column elementor-col-100 elementor-top-column elementor-element elementor-element-f4bb1f9\" data-id=\"f4bb1f9\" data-element_type=\"column\">\n\t\t\t<div class=\"elementor-widget-wrap elementor-element-populated\">\n\t\t\t\t\t\t<div class=\"elementor-element elementor-element-7054b94 elementor-align-left elementor-mobile-align-center elementor-hidden-desktop elementor-hidden-tablet elementor-icon-list--layout-traditional elementor-list-item-link-full_width elementor-widget elementor-widget-icon-list\" data-id=\"7054b94\" data-element_type=\"widget\" data-widget_type=\"icon-list.default\">\n\t\t\t\t<div class=\"elementor-widget-container\">\n\t\t\t\t\t<ul class=\"elementor-icon-list-items\">\n\t\t\t\t\t\t\t<li class=\"elementor-icon-list-item\">\n\t\t\t\t\t\t\t\t\t\t\t<a href=\"https:\/\/wp-prod.bluecinema.ch\/de\/cinemas-de\/be-cinedome\/\">\n\n\t\t\t\t\t\t\t\t\t\t\t\t<span class=\"elementor-icon-list-icon\">\n\t\t\t\t\t\t\t<i aria-hidden=\"true\" class=\"fas fa-building\"><\/i>\t\t\t\t\t\t<\/span>\n\t\t\t\t\t\t\t\t\t\t<span class=\"elementor-icon-list-text\">Cinedome Muri<\/span>\n\t\t\t\t\t\t\t\t\t\t\t<\/a>\n\t\t\t\t\t\t\t\t\t<\/li>\n\t\t\t\t\t\t\t\t<li class=\"elementor-icon-list-item\">\n\t\t\t\t\t\t\t\t\t\t\t<a href=\"https:\/\/wp-prod.bluecinema.ch\/de\/cinemas-de\/bi-cinedome-de\/\">\n\n\t\t\t\t\t\t\t\t\t\t\t\t<span class=\"elementor-icon-list-icon\">\n\t\t\t\t\t\t\t<i aria-hidden=\"true\" class=\"fas fa-building\"><\/i>\t\t\t\t\t\t<\/span>\n\t\t\t\t\t\t\t\t\t\t<span class=\"elementor-icon-list-text\">Cinedome Biel<\/span>\n\t\t\t\t\t\t\t\t\t\t\t<\/a>\n\t\t\t\t\t\t\t\t\t<\/li>\n\t\t\t\t\t\t\t\t<li class=\"elementor-icon-list-item\">\n\t\t\t\t\t\t\t\t\t\t\t<a href=\"https:\/\/wp-prod.bluecinema.ch\/de\/cinemas-de\/chur-bluecinema-de\/\">\n\n\t\t\t\t\t\t\t\t\t\t\t\t<span class=\"elementor-icon-list-icon\">\n\t\t\t\t\t\t\t<i aria-hidden=\"true\" class=\"fas fa-building\"><\/i>\t\t\t\t\t\t<\/span>\n\t\t\t\t\t\t\t\t\t\t<span class=\"elementor-icon-list-text\">blue Cinema Chur<\/span>\n\t\t\t\t\t\t\t\t\t\t\t<\/a>\n\t\t\t\t\t\t\t\t\t<\/li>\n\t\t\t\t\t\t<\/ul>\n\t\t\t\t<\/div>\n\t\t\t\t<\/div>\n\t\t\t\t\t<\/div>\n\t\t<\/div>\n\t\t\t\t\t<\/div>\n\t\t<\/section>\n\t\t\t\t<section class=\"elementor-section elementor-top-section elementor-element elementor-element-2bc1379 elementor-section-boxed elementor-section-height-default elementor-section-height-default\" data-id=\"2bc1379\" data-element_type=\"section\">\n\t\t\t\t\t\t<div class=\"elementor-container elementor-column-gap-default\">\n\t\t\t\t\t<div class=\"elementor-column elementor-col-100 elementor-top-column elementor-element elementor-element-8e52cef\" data-id=\"8e52cef\" data-element_type=\"column\">\n\t\t\t<div class=\"elementor-widget-wrap elementor-element-populated\">\n\t\t\t\t\t\t<div class=\"elementor-element elementor-element-c0b238a elementor-widget elementor-widget-spacer\" data-id=\"c0b238a\" data-element_type=\"widget\" data-widget_type=\"spacer.default\">\n\t\t\t\t<div class=\"elementor-widget-container\">\n\t\t\t\t\t<div class=\"elementor-spacer\">\n\t\t\t<div class=\"elementor-spacer-inner\"><\/div>\n\t\t<\/div>\n\t\t\t\t<\/div>\n\t\t\t\t<\/div>\n\t\t\t\t\t<\/div>\n\t\t<\/div>\n\t\t\t\t\t<\/div>\n\t\t<\/section>\n\t\t\t\t<section class=\"elementor-section elementor-top-section elementor-element elementor-element-3d94d57 elementor-section-boxed elementor-section-height-default elementor-section-height-default\" data-id=\"3d94d57\" data-element_type=\"section\">\n\t\t\t\t\t\t<div class=\"elementor-container elementor-column-gap-default\">\n\t\t\t\t\t<div class=\"elementor-column elementor-col-100 elementor-top-column elementor-element elementor-element-7b9336a\" data-id=\"7b9336a\" data-element_type=\"column\">\n\t\t\t<div class=\"elementor-widget-wrap elementor-element-populated\">\n\t\t\t\t\t\t<div class=\"elementor-element elementor-element-387b34f elementor-widget elementor-widget-text-editor\" data-id=\"387b34f\" data-element_type=\"widget\" data-widget_type=\"text-editor.default\">\n\t\t\t\t<div class=\"elementor-widget-container\">\n\t\t\t\t\t\t\t<h1><span style=\"color: #ffffff;\">Was ist Dolby Atmos<\/span><\/h1>\t\t\t\t\t\t<\/div>\n\t\t\t\t<\/div>\n\t\t\t\t<div class=\"elementor-element elementor-element-9989c4d elementor-widget elementor-widget-html\" data-id=\"9989c4d\" data-element_type=\"widget\" data-widget_type=\"html.default\">\n\t\t\t\t<div class=\"elementor-widget-container\">\n\t\t\t<div style=\"position: block; display: block; max-width: 960px;\"><div style=\"padding-top: 56.25%;border-radius: 10px;\"><iframe src=\"https:\/\/players.brightcove.net\/2048251700001\/ezGwp71i8_default\/index.html?videoId=6302195998001\" allowfullscreen=\"\" allow=\"encrypted-media\" style=\"position: absolute; top: 0px; right: 0px; bottom: 0px; left: 0px; width: 100%; height: 100%;border-radius: 10px;\"><\/iframe><\/div><\/div>\t\t<\/div>\n\t\t\t\t<\/div>\n\t\t\t\t\t<\/div>\n\t\t<\/div>\n\t\t\t\t\t<\/div>\n\t\t<\/section>\n\t\t\t\t<section class=\"elementor-section elementor-top-section elementor-element elementor-element-3d56029 elementor-section-boxed elementor-section-height-default elementor-section-height-default\" data-id=\"3d56029\" data-element_type=\"section\">\n\t\t\t\t\t\t<div class=\"elementor-container elementor-column-gap-default\">\n\t\t\t\t\t<div class=\"elementor-column elementor-col-100 elementor-top-column elementor-element elementor-element-5cd4081\" data-id=\"5cd4081\" data-element_type=\"column\">\n\t\t\t<div class=\"elementor-widget-wrap elementor-element-populated\">\n\t\t\t\t\t\t<div class=\"elementor-element elementor-element-101888e elementor-widget elementor-widget-spacer\" data-id=\"101888e\" data-element_type=\"widget\" data-widget_type=\"spacer.default\">\n\t\t\t\t<div class=\"elementor-widget-container\">\n\t\t\t\t\t<div class=\"elementor-spacer\">\n\t\t\t<div class=\"elementor-spacer-inner\"><\/div>\n\t\t<\/div>\n\t\t\t\t<\/div>\n\t\t\t\t<\/div>\n\t\t\t\t<div class=\"elementor-element elementor-element-0e1dee8 elementor-widget elementor-widget-image\" data-id=\"0e1dee8\" data-element_type=\"widget\" data-widget_type=\"image.default\">\n\t\t\t\t<div class=\"elementor-widget-container\">\n\t\t\t\t\t\t\t\t\t\t\t\t\t<img fetchpriority=\"high\" decoding=\"async\" width=\"1280\" height=\"427\" src=\"https:\/\/wp-prod.bluecinema.ch\/app\/uploads\/2024\/02\/Dolby_Atmos.jpg\" class=\"attachment-2048x2048 size-2048x2048 wp-image-43972\" alt=\"Kinobesucher erleben beeindruckenden Sound mit Dolby Atmos\u00ae Technologie.\" srcset=\"https:\/\/wp-prod.bluecinema.ch\/app\/uploads\/2024\/02\/Dolby_Atmos.jpg 1280w, https:\/\/wp-prod.bluecinema.ch\/app\/uploads\/2024\/02\/Dolby_Atmos-300x100.jpg 300w, https:\/\/wp-prod.bluecinema.ch\/app\/uploads\/2024\/02\/Dolby_Atmos-1024x342.jpg 1024w, https:\/\/wp-prod.bluecinema.ch\/app\/uploads\/2024\/02\/Dolby_Atmos-768x256.jpg 768w, https:\/\/wp-prod.bluecinema.ch\/app\/uploads\/2024\/02\/Dolby_Atmos-460x153.jpg 460w\" sizes=\"(max-width: 1280px) 100vw, 1280px\" \/>\t\t\t\t\t\t\t\t\t\t\t\t\t<\/div>\n\t\t\t\t<\/div>\n\t\t\t\t\t<\/div>\n\t\t<\/div>\n\t\t\t\t\t<\/div>\n\t\t<\/section>\n\t\t\t\t<section class=\"elementor-section elementor-top-section elementor-element elementor-element-0f1bd2d elementor-section-boxed elementor-section-height-default elementor-section-height-default\" data-id=\"0f1bd2d\" data-element_type=\"section\">\n\t\t\t\t\t\t<div class=\"elementor-container elementor-column-gap-default\">\n\t\t\t\t\t<div class=\"elementor-column elementor-col-33 elementor-top-column elementor-element elementor-element-c89218c\" data-id=\"c89218c\" data-element_type=\"column\">\n\t\t\t<div class=\"elementor-widget-wrap elementor-element-populated\">\n\t\t\t\t\t\t<div class=\"elementor-element elementor-element-64daef2 elementor-widget elementor-widget-text-editor\" data-id=\"64daef2\" data-element_type=\"widget\" data-widget_type=\"text-editor.default\">\n\t\t\t\t<div class=\"elementor-widget-container\">\n\t\t\t\t\t\t\t<h3>H\u00f6re jeden Ton in seinem eigenen Raum.<\/h3><h5><span style=\"color: #999999;\">Mit einer zus\u00e4tzlichen Klangdimension sorgt Dolby Atmos daf\u00fcr, dass du bei jedem Film mehr h\u00f6rst.<\/span><\/h5>\t\t\t\t\t\t<\/div>\n\t\t\t\t<\/div>\n\t\t\t\t\t<\/div>\n\t\t<\/div>\n\t\t\t\t<div class=\"elementor-column elementor-col-33 elementor-top-column elementor-element elementor-element-3a3186a\" data-id=\"3a3186a\" data-element_type=\"column\">\n\t\t\t<div class=\"elementor-widget-wrap elementor-element-populated\">\n\t\t\t\t\t\t<div class=\"elementor-element elementor-element-19f5a48 elementor-widget elementor-widget-text-editor\" data-id=\"19f5a48\" data-element_type=\"widget\" data-widget_type=\"text-editor.default\">\n\t\t\t\t<div class=\"elementor-widget-container\">\n\t\t\t\t\t\t\t<h3>Sp\u00fcre, was die K\u00fcnstler wollen.<\/h3><h5><span style=\"color: #999999;\">Dolby Atmos ist intensiv. Es l\u00e4sst dich genau das erleben, was dem Regisseur vorschwebt.<\/span><\/h5>\t\t\t\t\t\t<\/div>\n\t\t\t\t<\/div>\n\t\t\t\t\t<\/div>\n\t\t<\/div>\n\t\t\t\t<div class=\"elementor-column elementor-col-33 elementor-top-column elementor-element elementor-element-a307f0c\" data-id=\"a307f0c\" data-element_type=\"column\">\n\t\t\t<div class=\"elementor-widget-wrap elementor-element-populated\">\n\t\t\t\t\t\t<div class=\"elementor-element elementor-element-78c720f elementor-widget elementor-widget-text-editor\" data-id=\"78c720f\" data-element_type=\"widget\" data-widget_type=\"text-editor.default\">\n\t\t\t\t<div class=\"elementor-widget-container\">\n\t\t\t\t\t\t\t<h3>Vom Kino bis zu Soundbars<\/h3><h5><span style=\"color: #999999;\">Die Dolby Atmos-Technologie l\u00e4sst sich nach oben oder unten skalieren. Damit du immer ein fantastisches H\u00f6rerlebnis hast.<\/span><\/h5>\t\t\t\t\t\t<\/div>\n\t\t\t\t<\/div>\n\t\t\t\t\t<\/div>\n\t\t<\/div>\n\t\t\t\t\t<\/div>\n\t\t<\/section>\n\t\t\t\t<section class=\"elementor-section elementor-top-section elementor-element elementor-element-231e83a elementor-section-boxed elementor-section-height-default elementor-section-height-default\" data-id=\"231e83a\" data-element_type=\"section\" data-settings=\"{&quot;background_background&quot;:&quot;classic&quot;}\">\n\t\t\t\t\t\t<div class=\"elementor-container elementor-column-gap-default\">\n\t\t\t\t\t<div class=\"elementor-column elementor-col-100 elementor-top-column elementor-element elementor-element-4ee355b\" data-id=\"4ee355b\" data-element_type=\"column\">\n\t\t\t<div class=\"elementor-widget-wrap elementor-element-populated\">\n\t\t\t\t\t\t<div class=\"elementor-element elementor-element-2151e09 elementor-widget elementor-widget-text-editor\" data-id=\"2151e09\" data-element_type=\"widget\" data-widget_type=\"text-editor.default\">\n\t\t\t\t<div class=\"elementor-widget-container\">\n\t\t\t\t\t\t\t<h2><span style=\"color: #ffffff;\">Dolby Atmos im blue Cinema<\/span><\/h2><h5>Surround-Sound hat dich bisher von vorne und hinten umgeben. Mit der Einf\u00fchrung des Audioformats Dolby Atmos kommt der Ton im Cinedome 2 in Muri, Cinedome 1 in Biel &amp; Saal 2 in Chur auch von oben. Er entf\u00fchrt dich in eine noch nie dagewesene Klangwelt. \u00dcber 40 Leistungsverst\u00e4rker mit einer Leistung von rund 70&#8217;000 Watt sorgen f\u00fcr einen bombastischen Raumklang. Dolby Atmos wurde speziell entwickelt, um jede Art von Kinoerlebnis zu verbessern: von Blockbustern bis hin zu Arthouse-Filmen und allem, was dazwischen liegt. Lassen dich in die Geschichte hineinziehen, w\u00e4hrend du in unseren ger\u00e4umigen, reservierbaren Sesseln mit perfekter Sicht Platz nimmst. Wir garantieren \u2013 danach wirst du Filme nie mehr anders erleben wollen!<\/h5><p><strong>\u00a0<\/strong><\/p><h5>Im Kinoprogramm der Kinos Cinedome in Muri, Cinedome in Biel und blue Cinema in Chur, findest du Filme, die in Dolby Atmos\u00ae gespielt werden.<\/h5>\t\t\t\t\t\t<\/div>\n\t\t\t\t<\/div>\n\t\t\t\t\t<\/div>\n\t\t<\/div>\n\t\t\t\t\t<\/div>\n\t\t<\/section>\n\t\t\t\t<section class=\"elementor-section elementor-top-section elementor-element elementor-element-a99322c elementor-section-boxed elementor-section-height-default elementor-section-height-default\" data-id=\"a99322c\" data-element_type=\"section\">\n\t\t\t\t\t\t<div class=\"elementor-container elementor-column-gap-default\">\n\t\t\t\t\t<div class=\"elementor-column elementor-col-100 elementor-top-column elementor-element elementor-element-cd24637\" data-id=\"cd24637\" data-element_type=\"column\">\n\t\t\t<div class=\"elementor-widget-wrap elementor-element-populated\">\n\t\t\t\t\t\t<div class=\"elementor-element elementor-element-4330e64 elementor-widget elementor-widget-spacer\" data-id=\"4330e64\" data-element_type=\"widget\" data-widget_type=\"spacer.default\">\n\t\t\t\t<div class=\"elementor-widget-container\">\n\t\t\t\t\t<div class=\"elementor-spacer\">\n\t\t\t<div class=\"elementor-spacer-inner\"><\/div>\n\t\t<\/div>\n\t\t\t\t<\/div>\n\t\t\t\t<\/div>\n\t\t\t\t\t<\/div>\n\t\t<\/div>\n\t\t\t\t\t<\/div>\n\t\t<\/section>\n\t\t\t\t<\/div>\n\t\t","protected":false},"excerpt":{"rendered":"<p>DOLBY ATMOS\u00ae Der Rundum-Sound, der unter die Haut geht Dolby Atmos geht weit \u00fcber gew\u00f6hnliches H\u00f6ren hinaus. Ein bahnbrechendes r\u00e4umliches Klangerlebnis garantiert, dass du mehr h\u00f6rst \u2013 und mehr f\u00fchlst. Nur Dolby Atmos kann dir ein einzigartiges und transformatives Erlebnis bieten, bei dem du dich tief mit der Geschichte verbindest. Du wirst das Gef\u00fchl haben, [&hellip;]<\/p>\n","protected":false},"author":3,"featured_media":0,"parent":0,"menu_order":0,"comment_status":"closed","ping_status":"closed","template":"template-parts\/template-page-untitled-canvas.php","meta":{"_acf_changed":false,"footnotes":""},"acf":[],"yoast_head":"<!-- This site is optimized with the Yoast SEO Premium plugin v20.11 (Yoast SEO v20.12) - https:\/\/yoast.com\/wordpress\/plugins\/seo\/ -->\r\n<title>Bestes Sound-Erlebnis mit DOLBY ATMOS | blue Cinema<\/title>\r\n<meta name=\"description\" content=\"DOLBY ATMOS bietet ein einzigartiges r\u00e4umliches Klangerlebnis mit realistischen Rundum-Sound, der unter die Haut geht. In den blue Cinema Kinos in Chur, Muri und Biel.\" \/>\r\n<meta name=\"robots\" content=\"index, follow, max-snippet:-1, max-image-preview:large, max-video-preview:-1\" \/>\r\n<link rel=\"canonical\" href=\"https:\/\/wp-prod.bluecinema.ch\/en\/dolby-atmos-en\/\" \/>\r\n<meta property=\"og:locale\" content=\"de_DE\" \/>\r\n<meta property=\"og:type\" content=\"article\" \/>\r\n<meta property=\"og:title\" content=\"Bestes Sound-Erlebnis mit DOLBY ATMOS | blue Cinema\" \/>\r\n<meta property=\"og:description\" content=\"DOLBY ATMOS bietet ein einzigartiges r\u00e4umliches Klangerlebnis mit realistischen Rundum-Sound, der unter die Haut geht. In den blue Cinema Kinos in Chur, Muri und Biel.\" \/>\r\n<meta property=\"og:url\" content=\"https:\/\/wp-prod.bluecinema.ch\/en\/dolby-atmos-en\/\" \/>\r\n<meta property=\"og:site_name\" content=\"blue Cinema\" \/>\r\n<meta property=\"article:modified_time\" content=\"2024-02-20T16:08:58+00:00\" \/>\r\n<meta property=\"og:image\" content=\"https:\/\/wp-prod.bluecinema.ch\/app\/uploads\/2024\/02\/Dolby_Atmos.jpg\" \/>\r\n<meta name=\"twitter:card\" content=\"summary_large_image\" \/>\r\n<meta name=\"twitter:label1\" content=\"Est. reading time\" \/>\n\t<meta name=\"twitter:data1\" content=\"3 minutes\" \/>\r\n<script type=\"application\/ld+json\" class=\"yoast-schema-graph\">{\"@context\":\"https:\/\/schema.org\",\"@graph\":[{\"@type\":\"WebPage\",\"@id\":\"https:\/\/wp-prod.bluecinema.ch\/en\/dolby-atmos-en\/\",\"url\":\"https:\/\/wp-prod.bluecinema.ch\/en\/dolby-atmos-en\/\",\"name\":\"Bestes Sound-Erlebnis mit DOLBY ATMOS | blue Cinema\",\"isPartOf\":{\"@id\":\"https:\/\/wp-prod.bluecinema.ch\/en\/#website\"},\"datePublished\":\"2022-04-19T12:12:26+00:00\",\"dateModified\":\"2024-02-20T16:08:58+00:00\",\"description\":\"DOLBY ATMOS bietet ein einzigartiges r\u00e4umliches Klangerlebnis mit realistischen Rundum-Sound, der unter die Haut geht. In den blue Cinema Kinos in Chur, Muri und Biel.\",\"inLanguage\":\"de-CH\",\"potentialAction\":[{\"@type\":\"ReadAction\",\"target\":[\"https:\/\/wp-prod.bluecinema.ch\/en\/dolby-atmos-en\/\"]}]},{\"@type\":\"WebSite\",\"@id\":\"https:\/\/wp-prod.bluecinema.ch\/en\/#website\",\"url\":\"https:\/\/wp-prod.bluecinema.ch\/en\/\",\"name\":\"blue Cinema\",\"description\":\"\",\"potentialAction\":[{\"@type\":\"SearchAction\",\"target\":{\"@type\":\"EntryPoint\",\"urlTemplate\":\"https:\/\/wp-prod.bluecinema.ch\/en\/?s={search_term_string}\"},\"query-input\":\"required name=search_term_string\"}],\"inLanguage\":\"de-CH\"}]}<\/script>\r\n<!-- \/ Yoast SEO Premium plugin. -->","yoast_head_json":{"title":"Bestes Sound-Erlebnis mit DOLBY ATMOS | blue Cinema","description":"DOLBY ATMOS bietet ein einzigartiges r\u00e4umliches Klangerlebnis mit realistischen Rundum-Sound, der unter die Haut geht. In den blue Cinema Kinos in Chur, Muri und Biel.","robots":{"index":"index","follow":"follow","max-snippet":"max-snippet:-1","max-image-preview":"max-image-preview:large","max-video-preview":"max-video-preview:-1"},"canonical":"https:\/\/wp-prod.bluecinema.ch\/en\/dolby-atmos-en\/","og_locale":"de_DE","og_type":"article","og_title":"Bestes Sound-Erlebnis mit DOLBY ATMOS | blue Cinema","og_description":"DOLBY ATMOS bietet ein einzigartiges r\u00e4umliches Klangerlebnis mit realistischen Rundum-Sound, der unter die Haut geht. In den blue Cinema Kinos in Chur, Muri und Biel.","og_url":"https:\/\/wp-prod.bluecinema.ch\/en\/dolby-atmos-en\/","og_site_name":"blue Cinema","article_modified_time":"2024-02-20T16:08:58+00:00","og_image":[{"url":"https:\/\/wp-prod.bluecinema.ch\/app\/uploads\/2024\/02\/Dolby_Atmos.jpg"}],"twitter_card":"summary_large_image","twitter_misc":{"Est. reading time":"3 minutes"},"schema":{"@context":"https:\/\/schema.org","@graph":[{"@type":"WebPage","@id":"https:\/\/wp-prod.bluecinema.ch\/en\/dolby-atmos-en\/","url":"https:\/\/wp-prod.bluecinema.ch\/en\/dolby-atmos-en\/","name":"Bestes Sound-Erlebnis mit DOLBY ATMOS | blue Cinema","isPartOf":{"@id":"https:\/\/wp-prod.bluecinema.ch\/en\/#website"},"datePublished":"2022-04-19T12:12:26+00:00","dateModified":"2024-02-20T16:08:58+00:00","description":"DOLBY ATMOS bietet ein einzigartiges r\u00e4umliches Klangerlebnis mit realistischen Rundum-Sound, der unter die Haut geht. In den blue Cinema Kinos in Chur, Muri und Biel.","inLanguage":"de-CH","potentialAction":[{"@type":"ReadAction","target":["https:\/\/wp-prod.bluecinema.ch\/en\/dolby-atmos-en\/"]}]},{"@type":"WebSite","@id":"https:\/\/wp-prod.bluecinema.ch\/en\/#website","url":"https:\/\/wp-prod.bluecinema.ch\/en\/","name":"blue Cinema","description":"","potentialAction":[{"@type":"SearchAction","target":{"@type":"EntryPoint","urlTemplate":"https:\/\/wp-prod.bluecinema.ch\/en\/?s={search_term_string}"},"query-input":"required name=search_term_string"}],"inLanguage":"de-CH"}]}},"_links":{"self":[{"href":"https:\/\/wp-prod.bluecinema.ch\/de\/wp-json\/wp\/v2\/pages\/12906"}],"collection":[{"href":"https:\/\/wp-prod.bluecinema.ch\/de\/wp-json\/wp\/v2\/pages"}],"about":[{"href":"https:\/\/wp-prod.bluecinema.ch\/de\/wp-json\/wp\/v2\/types\/page"}],"author":[{"embeddable":true,"href":"https:\/\/wp-prod.bluecinema.ch\/de\/wp-json\/wp\/v2\/users\/3"}],"replies":[{"embeddable":true,"href":"https:\/\/wp-prod.bluecinema.ch\/de\/wp-json\/wp\/v2\/comments?post=12906"}],"version-history":[{"count":28,"href":"https:\/\/wp-prod.bluecinema.ch\/de\/wp-json\/wp\/v2\/pages\/12906\/revisions"}],"predecessor-version":[{"id":58617,"href":"https:\/\/wp-prod.bluecinema.ch\/de\/wp-json\/wp\/v2\/pages\/12906\/revisions\/58617"}],"wp:attachment":[{"href":"https:\/\/wp-prod.bluecinema.ch\/de\/wp-json\/wp\/v2\/media?parent=12906"}],"curies":[{"name":"wp","href":"https:\/\/api.w.org\/{rel}","templated":true}]}}