{"id":14985,"date":"2021-11-05T14:38:48","date_gmt":"2021-11-05T14:38:48","guid":{"rendered":"https:\/\/wp-prod.bluecinema.ch\/cinema-experience-en\/"},"modified":"2024-04-09T12:29:09","modified_gmt":"2024-04-09T12:29:09","slug":"experience-de","status":"publish","type":"page","link":"https:\/\/wp-prod.bluecinema.ch\/de\/experience-de\/","title":{"rendered":"Cinema experience DE"},"content":{"rendered":"\t\t<div data-elementor-type=\"wp-page\" data-elementor-id=\"14985\" class=\"elementor elementor-14985 elementor-7228\" data-elementor-post-type=\"page\">\n\t\t\t\t\t\t<section class=\"elementor-section elementor-top-section elementor-element elementor-element-58c66da elementor-section-boxed elementor-section-height-default elementor-section-height-default\" data-id=\"58c66da\" data-element_type=\"section\">\n\t\t\t\t\t\t<div class=\"elementor-container elementor-column-gap-default\">\n\t\t\t\t\t<div class=\"elementor-column elementor-col-100 elementor-top-column elementor-element elementor-element-c2acb16\" data-id=\"c2acb16\" data-element_type=\"column\">\n\t\t\t<div class=\"elementor-widget-wrap elementor-element-populated\">\n\t\t\t\t\t\t<div class=\"elementor-element elementor-element-ae79846 elementor-widget elementor-widget-heading\" data-id=\"ae79846\" data-element_type=\"widget\" data-widget_type=\"heading.default\">\n\t\t\t\t<div class=\"elementor-widget-container\">\n\t\t\t<h1 class=\"elementor-heading-title elementor-size-default\">Kino Erlebnisse<\/h1>\t\t<\/div>\n\t\t\t\t<\/div>\n\t\t\t\t<div class=\"elementor-element elementor-element-bf5a13a elementor-widget elementor-widget-heading\" data-id=\"bf5a13a\" data-element_type=\"widget\" data-widget_type=\"heading.default\">\n\t\t\t\t<div class=\"elementor-widget-container\">\n\t\t\t<h2 class=\"elementor-heading-title elementor-size-default\">Kino in h\u00f6chster Qualit\u00e4t erleben<\/h2>\t\t<\/div>\n\t\t\t\t<\/div>\n\t\t\t\t\t<\/div>\n\t\t<\/div>\n\t\t\t\t\t<\/div>\n\t\t<\/section>\n\t\t\t\t<section class=\"elementor-section elementor-top-section elementor-element elementor-element-7e87a0c elementor-section-height-min-height elementor-section-items-stretch elementor-section-boxed elementor-section-height-default\" data-id=\"7e87a0c\" data-element_type=\"section\">\n\t\t\t\t\t\t<div class=\"elementor-container elementor-column-gap-default\">\n\t\t\t\t\t<div class=\"elementor-column elementor-col-100 elementor-top-column elementor-element elementor-element-abffa2e\" data-id=\"abffa2e\" data-element_type=\"column\" data-settings=\"{&quot;background_background&quot;:&quot;classic&quot;}\">\n\t\t\t<div class=\"elementor-widget-wrap elementor-element-populated\">\n\t\t\t\t\t<div class=\"elementor-background-overlay\"><\/div>\n\t\t\t\t\t\t<div class=\"elementor-element elementor-element-18df04f elementor-widget__width-inherit elementor-widget-mobile__width-inherit elementor-widget elementor-widget-image\" data-id=\"18df04f\" data-element_type=\"widget\" data-widget_type=\"image.default\">\n\t\t\t\t<div class=\"elementor-widget-container\">\n\t\t\t\t\t\t\t\t\t\t\t\t\t<img fetchpriority=\"high\" decoding=\"async\" width=\"717\" height=\"242\" src=\"https:\/\/wp-prod.bluecinema.ch\/app\/uploads\/2024\/02\/IMAX_Logo.png\" class=\"attachment-full size-full wp-image-42856\" alt=\"IMAX\u00ae-Schriftzug\" srcset=\"https:\/\/wp-prod.bluecinema.ch\/app\/uploads\/2024\/02\/IMAX_Logo.png 717w, https:\/\/wp-prod.bluecinema.ch\/app\/uploads\/2024\/02\/IMAX_Logo-300x101.png 300w, https:\/\/wp-prod.bluecinema.ch\/app\/uploads\/2024\/02\/IMAX_Logo-460x155.png 460w\" sizes=\"(max-width: 717px) 100vw, 717px\" \/>\t\t\t\t\t\t\t\t\t\t\t\t\t<\/div>\n\t\t\t\t<\/div>\n\t\t\t\t<div class=\"elementor-element elementor-element-cdeff44 elementor-widget__width-initial elementor-widget-tablet__width-inherit elementor-widget-mobile__width-inherit elementor-widget elementor-widget-text-editor\" data-id=\"cdeff44\" data-element_type=\"widget\" data-widget_type=\"text-editor.default\">\n\t\t\t\t<div class=\"elementor-widget-container\">\n\t\t\t\t\t\t\t<h2>Das ultimative Filmvergn\u00fcgen<\/h2><h5><span style=\"font-family: var( --e-global-typography-de51592-font-family ), TheSans; font-size: var( --e-global-typography-de51592-font-size ); font-weight: var( --e-global-typography-de51592-font-weight ); letter-spacing: var( --e-global-typography-de51592-letter-spacing ); word-spacing: var( --e-global-typography-de51592-word-spacing ); font-style: var( --e-global-typography-6d7606e-font-style ); text-transform: var( --e-global-typography-6d7606e-text-transform );\">IMAX bietet das totale Kinoerlebnis. Erlebe deine Lieblings-Blockbuster so, wie es die Top-Regisseure in Hollywood f\u00fcr dich vorgesehen haben \u2013 mit IMAX.<\/span><\/h5>\t\t\t\t\t\t<\/div>\n\t\t\t\t<\/div>\n\t\t\t\t<div class=\"elementor-element elementor-element-094cc84 elementor-widget__width-inherit elementor-widget elementor-widget-button\" data-id=\"094cc84\" data-element_type=\"widget\" data-widget_type=\"button.default\">\n\t\t\t\t<div class=\"elementor-widget-container\">\n\t\t\t\t\t<div class=\"elementor-button-wrapper\">\n\t\t\t<a class=\"elementor-button elementor-button-link elementor-size-sm\" href=\"https:\/\/wp-prod.bluecinema.ch\/de\/imax-de\/\">\n\t\t\t\t\t\t<span class=\"elementor-button-content-wrapper\">\n\t\t\t\t\t\t\t\t\t<span class=\"elementor-button-text\">Mehr erfahren<\/span>\n\t\t\t\t\t<\/span>\n\t\t\t\t\t<\/a>\n\t\t<\/div>\n\t\t\t\t<\/div>\n\t\t\t\t<\/div>\n\t\t\t\t\t<\/div>\n\t\t<\/div>\n\t\t\t\t\t<\/div>\n\t\t<\/section>\n\t\t\t\t<section class=\"elementor-section elementor-top-section elementor-element elementor-element-22b44cb elementor-section-height-min-height elementor-section-items-stretch elementor-section-boxed elementor-section-height-default\" data-id=\"22b44cb\" data-element_type=\"section\">\n\t\t\t\t\t\t<div class=\"elementor-container elementor-column-gap-no\">\n\t\t\t\t\t<div class=\"elementor-column elementor-col-50 elementor-top-column elementor-element elementor-element-559239e\" data-id=\"559239e\" data-element_type=\"column\" data-settings=\"{&quot;background_background&quot;:&quot;classic&quot;}\">\n\t\t\t<div class=\"elementor-widget-wrap elementor-element-populated\">\n\t\t\t\t\t<div class=\"elementor-background-overlay\"><\/div>\n\t\t\t\t\t\t<div class=\"elementor-element elementor-element-4161918 elementor-hidden-desktop elementor-widget elementor-widget-spacer\" data-id=\"4161918\" data-element_type=\"widget\" data-widget_type=\"spacer.default\">\n\t\t\t\t<div class=\"elementor-widget-container\">\n\t\t\t\t\t<div class=\"elementor-spacer\">\n\t\t\t<div class=\"elementor-spacer-inner\"><\/div>\n\t\t<\/div>\n\t\t\t\t<\/div>\n\t\t\t\t<\/div>\n\t\t\t\t<div class=\"elementor-element elementor-element-dd0be5c elementor-widget elementor-widget-text-editor\" data-id=\"dd0be5c\" data-element_type=\"widget\" data-widget_type=\"text-editor.default\">\n\t\t\t\t<div class=\"elementor-widget-container\">\n\t\t\t\t\t\t\t<h2><span style=\"color: #ffffff;\">Kinoerlebnis f\u00fcr alle Sinne<\/span><\/h2><h5><span style=\"color: #ffffff;\">Ein v\u00f6llig neues Filmerlebnis. Erlebe Spezialeffekte mit all deinen Sinnen. Als ob du mitten drin im Film sitzen w\u00fcrdest.<\/span><\/h5>\t\t\t\t\t\t<\/div>\n\t\t\t\t<\/div>\n\t\t\t\t<div class=\"elementor-element elementor-element-60e4fec elementor-align-left elementor-widget__width-inherit elementor-mobile-align-justify elementor-widget-mobile__width-inherit elementor-widget elementor-widget-button\" data-id=\"60e4fec\" data-element_type=\"widget\" data-widget_type=\"button.default\">\n\t\t\t\t<div class=\"elementor-widget-container\">\n\t\t\t\t\t<div class=\"elementor-button-wrapper\">\n\t\t\t<a class=\"elementor-button elementor-button-link elementor-size-sm\" href=\"https:\/\/wp-prod.bluecinema.ch\/de\/4dx-de\/\">\n\t\t\t\t\t\t<span class=\"elementor-button-content-wrapper\">\n\t\t\t\t\t\t\t\t\t<span class=\"elementor-button-text\">Mehr erfahren<\/span>\n\t\t\t\t\t<\/span>\n\t\t\t\t\t<\/a>\n\t\t<\/div>\n\t\t\t\t<\/div>\n\t\t\t\t<\/div>\n\t\t\t\t<div class=\"elementor-element elementor-element-8570940 elementor-widget__width-inherit elementor-widget-mobile__width-inherit elementor-widget elementor-widget-image\" data-id=\"8570940\" data-element_type=\"widget\" data-widget_type=\"image.default\">\n\t\t\t\t<div class=\"elementor-widget-container\">\n\t\t\t\t\t\t\t\t\t\t\t\t\t<img decoding=\"async\" width=\"720\" height=\"405\" src=\"https:\/\/wp-prod.bluecinema.ch\/app\/uploads\/2024\/02\/4DX_Logo.jpg\" class=\"attachment-full size-full wp-image-42847\" alt=\"4DX\u00ae-Logo vor einem dunklen Hintergrund als Symbol f\u00fcr dynamisches Kinoerlebnis im blue cinema.\" srcset=\"https:\/\/wp-prod.bluecinema.ch\/app\/uploads\/2024\/02\/4DX_Logo.jpg 720w, https:\/\/wp-prod.bluecinema.ch\/app\/uploads\/2024\/02\/4DX_Logo-300x169.jpg 300w, https:\/\/wp-prod.bluecinema.ch\/app\/uploads\/2024\/02\/4DX_Logo-460x259.jpg 460w\" sizes=\"(max-width: 720px) 100vw, 720px\" \/>\t\t\t\t\t\t\t\t\t\t\t\t\t<\/div>\n\t\t\t\t<\/div>\n\t\t\t\t\t<\/div>\n\t\t<\/div>\n\t\t\t\t<div class=\"elementor-column elementor-col-50 elementor-top-column elementor-element elementor-element-ea25b84\" data-id=\"ea25b84\" data-element_type=\"column\" data-settings=\"{&quot;background_background&quot;:&quot;classic&quot;}\">\n\t\t\t<div class=\"elementor-widget-wrap elementor-element-populated\">\n\t\t\t\t\t<div class=\"elementor-background-overlay\"><\/div>\n\t\t\t\t\t\t<div class=\"elementor-element elementor-element-4d388cc elementor-hidden-desktop elementor-hidden-tablet elementor-widget elementor-widget-spacer\" data-id=\"4d388cc\" data-element_type=\"widget\" data-widget_type=\"spacer.default\">\n\t\t\t\t<div class=\"elementor-widget-container\">\n\t\t\t\t\t<div class=\"elementor-spacer\">\n\t\t\t<div class=\"elementor-spacer-inner\"><\/div>\n\t\t<\/div>\n\t\t\t\t<\/div>\n\t\t\t\t<\/div>\n\t\t\t\t<div class=\"elementor-element elementor-element-c119060 elementor-widget elementor-widget-text-editor\" data-id=\"c119060\" data-element_type=\"widget\" data-widget_type=\"text-editor.default\">\n\t\t\t\t<div class=\"elementor-widget-container\">\n\t\t\t\t\t\t\t<h2><span style=\"color: #ffffff;\">Eine neue Klangerfahrung<\/span><\/h2><h5>Eintauchen in ein neues Klangerlebnis: Der Dolby Atmos-Kinosound umh\u00fcllt dich von allen Seiten. Und sogar von vorne und hinten.\u00a0<\/h5>\t\t\t\t\t\t<\/div>\n\t\t\t\t<\/div>\n\t\t\t\t<div class=\"elementor-element elementor-element-3e1612f elementor-align-left elementor-widget__width-inherit elementor-mobile-align-justify elementor-widget-mobile__width-inherit elementor-widget elementor-widget-button\" data-id=\"3e1612f\" data-element_type=\"widget\" data-widget_type=\"button.default\">\n\t\t\t\t<div class=\"elementor-widget-container\">\n\t\t\t\t\t<div class=\"elementor-button-wrapper\">\n\t\t\t<a class=\"elementor-button elementor-button-link elementor-size-sm\" href=\"https:\/\/wp-prod.bluecinema.ch\/de\/dolby-atmos-de\/\">\n\t\t\t\t\t\t<span class=\"elementor-button-content-wrapper\">\n\t\t\t\t\t\t\t\t\t<span class=\"elementor-button-text\">Mehr erfahren<\/span>\n\t\t\t\t\t<\/span>\n\t\t\t\t\t<\/a>\n\t\t<\/div>\n\t\t\t\t<\/div>\n\t\t\t\t<\/div>\n\t\t\t\t<div class=\"elementor-element elementor-element-3797308 elementor-widget__width-inherit elementor-widget-mobile__width-inherit elementor-widget elementor-widget-image\" data-id=\"3797308\" data-element_type=\"widget\" data-widget_type=\"image.default\">\n\t\t\t\t<div class=\"elementor-widget-container\">\n\t\t\t\t\t\t\t\t\t\t\t\t\t<img decoding=\"async\" width=\"720\" height=\"405\" src=\"https:\/\/wp-prod.bluecinema.ch\/app\/uploads\/2024\/02\/Dolby_Atmos_Logo.png\" class=\"attachment-full size-full wp-image-42868\" alt=\"Das Logo von Dolby Atmos\u00ae gegen einen dunklen Hintergrund im blue cinema.\" srcset=\"https:\/\/wp-prod.bluecinema.ch\/app\/uploads\/2024\/02\/Dolby_Atmos_Logo.png 720w, https:\/\/wp-prod.bluecinema.ch\/app\/uploads\/2024\/02\/Dolby_Atmos_Logo-300x169.png 300w, https:\/\/wp-prod.bluecinema.ch\/app\/uploads\/2024\/02\/Dolby_Atmos_Logo-460x259.png 460w\" sizes=\"(max-width: 720px) 100vw, 720px\" \/>\t\t\t\t\t\t\t\t\t\t\t\t\t<\/div>\n\t\t\t\t<\/div>\n\t\t\t\t\t<\/div>\n\t\t<\/div>\n\t\t\t\t\t<\/div>\n\t\t<\/section>\n\t\t\t\t<section class=\"elementor-section elementor-top-section elementor-element elementor-element-13dd030 elementor-section-boxed elementor-section-height-default elementor-section-height-default\" data-id=\"13dd030\" data-element_type=\"section\">\n\t\t\t\t\t\t<div class=\"elementor-container elementor-column-gap-default\">\n\t\t\t\t\t<div class=\"elementor-column elementor-col-100 elementor-top-column elementor-element elementor-element-eada8b3\" data-id=\"eada8b3\" data-element_type=\"column\">\n\t\t\t<div class=\"elementor-widget-wrap elementor-element-populated\">\n\t\t\t\t\t\t<div class=\"elementor-element elementor-element-3cf50f8 elementor-widget elementor-widget-text-editor\" data-id=\"3cf50f8\" data-element_type=\"widget\" data-widget_type=\"text-editor.default\">\n\t\t\t\t<div class=\"elementor-widget-container\">\n\t\t\t\t\t\t\t<h1 style=\"text-align: center;\">Unsere Erlebnisse<\/h1>\n<h4 style=\"text-align: center;\">Luxus in h\u00f6chster Qualit\u00e4t erleben<\/h4>\t\t\t\t\t\t<\/div>\n\t\t\t\t<\/div>\n\t\t\t\t\t<\/div>\n\t\t<\/div>\n\t\t\t\t\t<\/div>\n\t\t<\/section>\n\t\t\t\t<section class=\"elementor-section elementor-top-section elementor-element elementor-element-a4402fd elementor-section-height-min-height elementor-section-items-stretch elementor-section-full_width elementor-section-height-default\" data-id=\"a4402fd\" data-element_type=\"section\">\n\t\t\t\t\t\t<div class=\"elementor-container elementor-column-gap-default\">\n\t\t\t\t\t<div class=\"elementor-column elementor-col-100 elementor-top-column elementor-element elementor-element-d2dff23\" data-id=\"d2dff23\" data-element_type=\"column\" data-settings=\"{&quot;background_background&quot;:&quot;classic&quot;}\">\n\t\t\t<div class=\"elementor-widget-wrap elementor-element-populated\">\n\t\t\t\t\t<div class=\"elementor-background-overlay\"><\/div>\n\t\t\t\t\t\t<section class=\"elementor-section elementor-inner-section elementor-element elementor-element-5d7c965 elementor-section-height-min-height elementor-section-boxed elementor-section-height-default\" data-id=\"5d7c965\" data-element_type=\"section\">\n\t\t\t\t\t\t<div class=\"elementor-container elementor-column-gap-default\">\n\t\t\t\t\t<div class=\"elementor-column elementor-col-50 elementor-inner-column elementor-element elementor-element-1bd1df2\" data-id=\"1bd1df2\" data-element_type=\"column\" data-settings=\"{&quot;background_background&quot;:&quot;classic&quot;}\">\n\t\t\t<div class=\"elementor-widget-wrap elementor-element-populated\">\n\t\t\t\t\t\t<div class=\"elementor-element elementor-element-7486620 elementor-widget elementor-widget-text-editor\" data-id=\"7486620\" data-element_type=\"widget\" data-widget_type=\"text-editor.default\">\n\t\t\t\t<div class=\"elementor-widget-container\">\n\t\t\t\t\t\t\t<h2><span style=\"color: #ffffff;\">Premium Seats <\/span><\/h2><h6>Hier kannst du so richtig im Film versinken. Unsere Premium Seats bieten dir den ultimativen Kino-Komfort mit superbequemen Sitzen inklusive Snack und Getr\u00e4nken.<\/h6>\t\t\t\t\t\t<\/div>\n\t\t\t\t<\/div>\n\t\t\t\t<div class=\"elementor-element elementor-element-79e8fe8 elementor-align-left elementor-widget__width-auto elementor-mobile-align-justify elementor-widget-mobile__width-inherit elementor-widget elementor-widget-button\" data-id=\"79e8fe8\" data-element_type=\"widget\" data-widget_type=\"button.default\">\n\t\t\t\t<div class=\"elementor-widget-container\">\n\t\t\t\t\t<div class=\"elementor-button-wrapper\">\n\t\t\t<a class=\"elementor-button elementor-button-link elementor-size-sm\" href=\"https:\/\/wp-prod.bluecinema.ch\/de\/premium-seats-de\/\">\n\t\t\t\t\t\t<span class=\"elementor-button-content-wrapper\">\n\t\t\t\t\t\t\t\t\t<span class=\"elementor-button-text\">Mehr erfahren<\/span>\n\t\t\t\t\t<\/span>\n\t\t\t\t\t<\/a>\n\t\t<\/div>\n\t\t\t\t<\/div>\n\t\t\t\t<\/div>\n\t\t\t\t\t<\/div>\n\t\t<\/div>\n\t\t\t\t<div class=\"elementor-column elementor-col-50 elementor-inner-column elementor-element elementor-element-6cc9565\" data-id=\"6cc9565\" data-element_type=\"column\">\n\t\t\t<div class=\"elementor-widget-wrap\">\n\t\t\t\t\t\t\t<\/div>\n\t\t<\/div>\n\t\t\t\t\t<\/div>\n\t\t<\/section>\n\t\t\t\t\t<\/div>\n\t\t<\/div>\n\t\t\t\t\t<\/div>\n\t\t<\/section>\n\t\t\t\t<section class=\"elementor-section elementor-top-section elementor-element elementor-element-3bcfaaa elementor-section-height-min-height elementor-section-items-stretch elementor-section-full_width elementor-section-height-default\" data-id=\"3bcfaaa\" data-element_type=\"section\">\n\t\t\t\t\t\t<div class=\"elementor-container elementor-column-gap-default\">\n\t\t\t\t\t<div class=\"elementor-column elementor-col-100 elementor-top-column elementor-element elementor-element-de9595e\" data-id=\"de9595e\" data-element_type=\"column\" data-settings=\"{&quot;background_background&quot;:&quot;classic&quot;}\">\n\t\t\t<div class=\"elementor-widget-wrap elementor-element-populated\">\n\t\t\t\t\t<div class=\"elementor-background-overlay\"><\/div>\n\t\t\t\t\t\t<section class=\"elementor-section elementor-inner-section elementor-element elementor-element-ebc6301 elementor-section-height-min-height elementor-section-boxed elementor-section-height-default\" data-id=\"ebc6301\" data-element_type=\"section\">\n\t\t\t\t\t\t<div class=\"elementor-container elementor-column-gap-default\">\n\t\t\t\t\t<div class=\"elementor-column elementor-col-50 elementor-inner-column elementor-element elementor-element-098cbc7\" data-id=\"098cbc7\" data-element_type=\"column\" data-settings=\"{&quot;background_background&quot;:&quot;classic&quot;}\">\n\t\t\t<div class=\"elementor-widget-wrap elementor-element-populated\">\n\t\t\t\t\t\t<div class=\"elementor-element elementor-element-9490aa0 elementor-widget elementor-widget-text-editor\" data-id=\"9490aa0\" data-element_type=\"widget\" data-widget_type=\"text-editor.default\">\n\t\t\t\t<div class=\"elementor-widget-container\">\n\t\t\t\t\t\t\t<h2><span style=\"word-spacing: var( --e-global-typography-6d7606e-word-spacing ); color: #ffffff;\">First Lounge \/ First Suite<\/span><\/h2><h6>Kino kann auch Luxus sein. Unsere private First Lounge garantiert dir ein spektakul\u00e4res Premium-Filmerlebnis &#8211; samt Lounge-Sesseln, Cocktailbar und VIP Service.<\/h6>\t\t\t\t\t\t<\/div>\n\t\t\t\t<\/div>\n\t\t\t\t<div class=\"elementor-element elementor-element-ef2fa45 elementor-align-left elementor-widget__width-auto elementor-mobile-align-justify elementor-widget-mobile__width-inherit elementor-widget elementor-widget-button\" data-id=\"ef2fa45\" data-element_type=\"widget\" data-widget_type=\"button.default\">\n\t\t\t\t<div class=\"elementor-widget-container\">\n\t\t\t\t\t<div class=\"elementor-button-wrapper\">\n\t\t\t<a class=\"elementor-button elementor-button-link elementor-size-sm\" href=\"https:\/\/wp-prod.bluecinema.ch\/de\/first-de\/\">\n\t\t\t\t\t\t<span class=\"elementor-button-content-wrapper\">\n\t\t\t\t\t\t\t\t\t<span class=\"elementor-button-text\">Mehr erfahren<\/span>\n\t\t\t\t\t<\/span>\n\t\t\t\t\t<\/a>\n\t\t<\/div>\n\t\t\t\t<\/div>\n\t\t\t\t<\/div>\n\t\t\t\t\t<\/div>\n\t\t<\/div>\n\t\t\t\t<div class=\"elementor-column elementor-col-50 elementor-inner-column elementor-element elementor-element-9a9944f\" data-id=\"9a9944f\" data-element_type=\"column\">\n\t\t\t<div class=\"elementor-widget-wrap\">\n\t\t\t\t\t\t\t<\/div>\n\t\t<\/div>\n\t\t\t\t\t<\/div>\n\t\t<\/section>\n\t\t\t\t\t<\/div>\n\t\t<\/div>\n\t\t\t\t\t<\/div>\n\t\t<\/section>\n\t\t\t\t<\/div>\n\t\t","protected":false},"excerpt":{"rendered":"<p>Kino Erlebnisse Kino in h\u00f6chster Qualit\u00e4t erleben Das ultimative Filmvergn\u00fcgen IMAX bietet das totale Kinoerlebnis. Erlebe deine Lieblings-Blockbuster so, wie es die Top-Regisseure in Hollywood f\u00fcr dich vorgesehen haben \u2013 mit IMAX. Mehr erfahren Kinoerlebnis f\u00fcr alle Sinne Ein v\u00f6llig neues Filmerlebnis. Erlebe Spezialeffekte mit all deinen Sinnen. Als ob du mitten drin im Film [&hellip;]<\/p>\n","protected":false},"author":3,"featured_media":0,"parent":0,"menu_order":0,"comment_status":"closed","ping_status":"closed","template":"template-parts\/template-page-untitled-canvas.php","meta":{"_acf_changed":false,"footnotes":""},"acf":[],"yoast_head":"<!-- This site is optimized with the Yoast SEO Premium plugin v20.11 (Yoast SEO v20.12) - https:\/\/yoast.com\/wordpress\/plugins\/seo\/ -->\r\n<title>Kinoerlebnis mit modernster Technik | blue Cinema<\/title>\r\n<meta name=\"description\" content=\"Mit IMAX, 4DX und Dolby Atmos erlebst du die neueste Technologie. Noch mehr Luxus geniesst du mit Premium Sitzen und First Lounge. Jetzt ausprobieren!\" \/>\r\n<meta name=\"robots\" content=\"index, follow, max-snippet:-1, max-image-preview:large, max-video-preview:-1\" \/>\r\n<link rel=\"canonical\" href=\"https:\/\/wp-prod.bluecinema.ch\/de\/experience-de\/\" \/>\r\n<meta property=\"og:locale\" content=\"de_DE\" \/>\r\n<meta property=\"og:type\" content=\"article\" \/>\r\n<meta property=\"og:title\" content=\"Kinoerlebnis mit modernster Technik | blue Cinema\" \/>\r\n<meta property=\"og:description\" content=\"Mit IMAX, 4DX und Dolby Atmos erlebst du die neueste Technologie. Noch mehr Luxus geniesst du mit Premium Sitzen und First Lounge. Jetzt ausprobieren!\" \/>\r\n<meta property=\"og:url\" content=\"https:\/\/wp-prod.bluecinema.ch\/de\/experience-de\/\" \/>\r\n<meta property=\"og:site_name\" content=\"blue Cinema\" \/>\r\n<meta property=\"article:modified_time\" content=\"2024-04-09T12:29:09+00:00\" \/>\r\n<meta property=\"og:image\" content=\"https:\/\/wp-prod.bluecinema.ch\/app\/uploads\/2024\/02\/IMAX_Logo.png\" \/>\r\n<meta name=\"twitter:card\" content=\"summary_large_image\" \/>\r\n<meta name=\"twitter:label1\" content=\"Est. reading time\" \/>\n\t<meta name=\"twitter:data1\" content=\"2 minutes\" \/>\r\n<script type=\"application\/ld+json\" class=\"yoast-schema-graph\">{\"@context\":\"https:\/\/schema.org\",\"@graph\":[{\"@type\":\"WebPage\",\"@id\":\"https:\/\/wp-prod.bluecinema.ch\/de\/experience-de\/\",\"url\":\"https:\/\/wp-prod.bluecinema.ch\/de\/experience-de\/\",\"name\":\"Kinoerlebnis mit modernster Technik | blue Cinema\",\"isPartOf\":{\"@id\":\"https:\/\/wp-prod.bluecinema.ch\/en\/#website\"},\"datePublished\":\"2021-11-05T14:38:48+00:00\",\"dateModified\":\"2024-04-09T12:29:09+00:00\",\"description\":\"Mit IMAX, 4DX und Dolby Atmos erlebst du die neueste Technologie. Noch mehr Luxus geniesst du mit Premium Sitzen und First Lounge. Jetzt ausprobieren!\",\"inLanguage\":\"de-CH\",\"potentialAction\":[{\"@type\":\"ReadAction\",\"target\":[\"https:\/\/wp-prod.bluecinema.ch\/de\/experience-de\/\"]}]},{\"@type\":\"WebSite\",\"@id\":\"https:\/\/wp-prod.bluecinema.ch\/en\/#website\",\"url\":\"https:\/\/wp-prod.bluecinema.ch\/en\/\",\"name\":\"blue Cinema\",\"description\":\"\",\"potentialAction\":[{\"@type\":\"SearchAction\",\"target\":{\"@type\":\"EntryPoint\",\"urlTemplate\":\"https:\/\/wp-prod.bluecinema.ch\/en\/?s={search_term_string}\"},\"query-input\":\"required name=search_term_string\"}],\"inLanguage\":\"de-CH\"}]}<\/script>\r\n<!-- \/ Yoast SEO Premium plugin. -->","yoast_head_json":{"title":"Kinoerlebnis mit modernster Technik | blue Cinema","description":"Mit IMAX, 4DX und Dolby Atmos erlebst du die neueste Technologie. Noch mehr Luxus geniesst du mit Premium Sitzen und First Lounge. Jetzt ausprobieren!","robots":{"index":"index","follow":"follow","max-snippet":"max-snippet:-1","max-image-preview":"max-image-preview:large","max-video-preview":"max-video-preview:-1"},"canonical":"https:\/\/wp-prod.bluecinema.ch\/de\/experience-de\/","og_locale":"de_DE","og_type":"article","og_title":"Kinoerlebnis mit modernster Technik | blue Cinema","og_description":"Mit IMAX, 4DX und Dolby Atmos erlebst du die neueste Technologie. Noch mehr Luxus geniesst du mit Premium Sitzen und First Lounge. Jetzt ausprobieren!","og_url":"https:\/\/wp-prod.bluecinema.ch\/de\/experience-de\/","og_site_name":"blue Cinema","article_modified_time":"2024-04-09T12:29:09+00:00","og_image":[{"url":"https:\/\/wp-prod.bluecinema.ch\/app\/uploads\/2024\/02\/IMAX_Logo.png"}],"twitter_card":"summary_large_image","twitter_misc":{"Est. reading time":"2 minutes"},"schema":{"@context":"https:\/\/schema.org","@graph":[{"@type":"WebPage","@id":"https:\/\/wp-prod.bluecinema.ch\/de\/experience-de\/","url":"https:\/\/wp-prod.bluecinema.ch\/de\/experience-de\/","name":"Kinoerlebnis mit modernster Technik | blue Cinema","isPartOf":{"@id":"https:\/\/wp-prod.bluecinema.ch\/en\/#website"},"datePublished":"2021-11-05T14:38:48+00:00","dateModified":"2024-04-09T12:29:09+00:00","description":"Mit IMAX, 4DX und Dolby Atmos erlebst du die neueste Technologie. Noch mehr Luxus geniesst du mit Premium Sitzen und First Lounge. Jetzt ausprobieren!","inLanguage":"de-CH","potentialAction":[{"@type":"ReadAction","target":["https:\/\/wp-prod.bluecinema.ch\/de\/experience-de\/"]}]},{"@type":"WebSite","@id":"https:\/\/wp-prod.bluecinema.ch\/en\/#website","url":"https:\/\/wp-prod.bluecinema.ch\/en\/","name":"blue Cinema","description":"","potentialAction":[{"@type":"SearchAction","target":{"@type":"EntryPoint","urlTemplate":"https:\/\/wp-prod.bluecinema.ch\/en\/?s={search_term_string}"},"query-input":"required name=search_term_string"}],"inLanguage":"de-CH"}]}},"_links":{"self":[{"href":"https:\/\/wp-prod.bluecinema.ch\/de\/wp-json\/wp\/v2\/pages\/14985"}],"collection":[{"href":"https:\/\/wp-prod.bluecinema.ch\/de\/wp-json\/wp\/v2\/pages"}],"about":[{"href":"https:\/\/wp-prod.bluecinema.ch\/de\/wp-json\/wp\/v2\/types\/page"}],"author":[{"embeddable":true,"href":"https:\/\/wp-prod.bluecinema.ch\/de\/wp-json\/wp\/v2\/users\/3"}],"replies":[{"embeddable":true,"href":"https:\/\/wp-prod.bluecinema.ch\/de\/wp-json\/wp\/v2\/comments?post=14985"}],"version-history":[{"count":73,"href":"https:\/\/wp-prod.bluecinema.ch\/de\/wp-json\/wp\/v2\/pages\/14985\/revisions"}],"predecessor-version":[{"id":58613,"href":"https:\/\/wp-prod.bluecinema.ch\/de\/wp-json\/wp\/v2\/pages\/14985\/revisions\/58613"}],"wp:attachment":[{"href":"https:\/\/wp-prod.bluecinema.ch\/de\/wp-json\/wp\/v2\/media?parent=14985"}],"curies":[{"name":"wp","href":"https:\/\/api.w.org\/{rel}","templated":true}]}}