{"id":15616,"date":"2022-05-11T13:49:35","date_gmt":"2022-05-11T13:49:35","guid":{"rendered":"https:\/\/wp-prod.bluecinema.ch\/rewards-terms-of-use-en\/"},"modified":"2022-08-29T13:09:07","modified_gmt":"2022-08-29T13:09:07","slug":"rewards-terms-of-use-de","status":"publish","type":"page","link":"https:\/\/wp-prod.bluecinema.ch\/de\/rewards-terms-of-use-de\/","title":{"rendered":"rewards-terms-of-use-DE"},"content":{"rendered":"\t\t<div data-elementor-type=\"wp-page\" data-elementor-id=\"15616\" class=\"elementor elementor-15616 elementor-15603\" data-elementor-post-type=\"page\">\n\t\t\t\t\t\t<section class=\"elementor-section elementor-top-section elementor-element elementor-element-205a443 elementor-section-boxed elementor-section-height-default elementor-section-height-default\" data-id=\"205a443\" data-element_type=\"section\">\n\t\t\t\t\t\t<div class=\"elementor-container elementor-column-gap-default\">\n\t\t\t\t\t<div class=\"elementor-column elementor-col-100 elementor-top-column elementor-element elementor-element-023e8e1\" data-id=\"023e8e1\" data-element_type=\"column\">\n\t\t\t<div class=\"elementor-widget-wrap elementor-element-populated\">\n\t\t\t\t\t\t<div class=\"elementor-element elementor-element-1a2bad7 elementor-widget elementor-widget-spacer\" data-id=\"1a2bad7\" data-element_type=\"widget\" data-widget_type=\"spacer.default\">\n\t\t\t\t<div class=\"elementor-widget-container\">\n\t\t\t\t\t<div class=\"elementor-spacer\">\n\t\t\t<div class=\"elementor-spacer-inner\"><\/div>\n\t\t<\/div>\n\t\t\t\t<\/div>\n\t\t\t\t<\/div>\n\t\t\t\t<div class=\"elementor-element elementor-element-ef6c1d9 elementor-widget elementor-widget-text-editor\" data-id=\"ef6c1d9\" data-element_type=\"widget\" data-widget_type=\"text-editor.default\">\n\t\t\t\t<div class=\"elementor-widget-container\">\n\t\t\t\t\t\t\t<h2><span style=\"color: #ffffff;\">blue Cinema Rewards Nutzungsbeding<\/span><span style=\"color: #ffffff;\">ungen<\/span><\/h2>\n<p><span style=\"color: var( --e-global-color-text ); font-size: 1rem; font-style: var( --e-global-typography-6d7606e-font-style ); letter-spacing: var( --e-global-typography-6d7606e-letter-spacing ); text-transform: var( --e-global-typography-6d7606e-text-transform ); word-spacing: var( --e-global-typography-6d7606e-word-spacing );\">Durch die Teilnahme am blue Cinema Rewards Programm und den Zugriff darauf erkl\u00e4rst du dich mit den Nutzungsbedingungen und allen hierin erw\u00e4hnten Verweisen und deren Bedingungen einverstanden.&nbsp;<\/span><\/p>\n<p><span style=\"color: var( --e-global-color-text ); font-size: 1rem; font-style: var( --e-global-typography-6d7606e-font-style ); letter-spacing: var( --e-global-typography-6d7606e-letter-spacing ); text-transform: var( --e-global-typography-6d7606e-text-transform ); word-spacing: var( --e-global-typography-6d7606e-word-spacing );\">&nbsp;<\/span><\/p>\n<h5><strong>Zus\u00e4tzliche Bedingungen<\/strong><\/h5>\n<p>Diese Nutzungsbedingungen gelten f\u00fcr den Zugriff und deine Teilnahme am blue Cinema Rewards Programm (&#8220;Rewards&#8221;), das von blue Cinema (&#8220;blue Cinema&#8221;) betrieben wird.<\/p>\n<p class=\"p1\">Sie erg\u00e4nzen die <a href=\"https:\/\/wp-prod.bluecinema.ch\/de\/legal\/#\/\">Allgemeinen Gesch\u00e4ftsbedingungen<\/a> f\u00fcr die anderen Produkte und Dienstleistungen von blue Cinema und beziehen diese durch Verweise mit ein, aber werden dadurch nicht ge\u00e4ndert. Im Falle eines Widerspruchs zwischen den Allgemeinen Gesch\u00e4ftsbedingungen und den Nutzungsbedingungen haben die Allgemeinen Gesch\u00e4ftsbedingungen Vorrang.<span class=\"Apple-converted-space\">&nbsp;<\/span><\/p>\n<p class=\"p1\"><span class=\"Apple-converted-space\">&nbsp;<\/span><\/p>\n<h5><strong>\u00c4nderungen der Bedingungen<\/strong><\/h5>\n<p class=\"p1\">Blue Cinema beh\u00e4lt sich das Recht vor die Nutzungsbedingungen, sowie jegliche Richtlinien, FAQ und Leitf\u00e4den, die die Rewards betreffen, jederzeit und nach eigenem Ermessen zu \u00e4ndern oder zu modifizieren. Alle \u00c4nderungen oder Modifikationen treten sofort in Kraft und werden unter bluecinema.ch ver\u00f6ffentlicht. Zudem werden wir dich \u00fcber die Anpassungen in geeigneter Form in Kenntnis setzen. Durch deinen weiteren Zugriff oder die Teilnahme an den dem Rewards Punkte Programm stimmst du den \u00c4nderungen und Modifikationen ausdr\u00fccklich zu. Wenn du mit den Nutzungsbedingungen nicht einverstanden bist, musst du den Zugriff und die Teilnahme an den Rewards beenden.<span class=\"Apple-converted-space\">&nbsp;<\/span><\/p>\n<h5><strong>&nbsp;<\/strong><\/h5>\n<h5><strong>Pers\u00f6nliche Nutzung<\/strong><\/h5>\n<p class=\"p1\">Das Rewards Programm ist nur f\u00fcr deine pers\u00f6nliche Nutzung bestimmt. Das Rewards Angebot richtet sich an Personen \u00fcber 16 Jahren. Die Nutzung f\u00fcr Personen unter 16 Jahren ist nicht vorgesehen und auch nicht erlaubt. Personen unter 16 Jahren d\u00fcrfen Rewards nur unter Aufsicht eines Erziehungsberechtigten nutzen, sofern diese den Nutzungsbedingungen akzeptiert hat.<span class=\"Apple-converted-space\">&nbsp;<\/span><\/p>\n<p class=\"p1\">Unsere <a href=\"https:\/\/wp-prod.bluecinema.ch\/de\/datenschutz\/#\/\">Datenschutzerkl\u00e4rung<\/a> ist Bestandteil der Nutzungsbedingungen und gilt auch f\u00fcr die Teilnahme am Rewards Programm. Bitte lies die Datenschutzerkl\u00e4rung sorgf\u00e4ltig durch, um zu verstehen, wie blue Cinema Informationen \u00fcber Kunden sammelt, verwendet und offenlegt und wie du deine pers\u00f6nlichen Informationen aktualisieren oder \u00e4ndern kannst und wie wir mit dir kommunizieren.<\/p><p class=\"p1\"><br><\/p>\n<h5><strong>\u00dcber blue Cinema Rewards<\/strong><\/h5>\n<p class=\"p1\">Mit den Rewards bedankt blue Cinema sich bei ihren Kunden f\u00fcr ihre Treue und f\u00fcr den Kauf von blue Cinema Produkten. Nutzende des Rewards Programms erhalten und sammeln \u201ePunkte\u201c (Points), die im Online Pr\u00e4mienshop oder in den Shops von blue Cinema Kinos gegen blue Cinema Rewards-Vorteile (Pr\u00e4mien) eingel\u00f6st werden k\u00f6nnen.<\/p><p class=\"p1\"><br><\/p>\n<h5><strong>Teilnahme an blue Cinema Rewards<\/strong><\/h5>\n<p class=\"p1\">Um das Rewards Programm zu nutzen, ben\u00f6tigst du ein Kundenkonto. Dies kannst du \u00fcber die <a href=\"https:\/\/wp-prod.bluecinema.ch\/de\/#\">blue Cinema Website<\/a> oder in der blue Cinema App erstellen. Bitte folge den Anweisungen zur Registrierung und Erstellung eines Kundenkontos. Folgende Angaben werden von dir ben\u00f6tigt:<span class=\"Apple-converted-space\">&nbsp;<\/span><\/p>\n<ol class=\"ol1\">\n<li class=\"li1\">Vor- und Nachname, E-Mail-Adresse, Geburtsdatum<\/li>\n<li class=\"li1\">Die Mobil-Nummer ist optional<\/li>\n<\/ol>\n<p class=\"p1\">Nach dem Erstellen eines neuen Kundenkontos musst du deine E-Mail Adresse \u00fcber den zugesendeten Link best\u00e4tigen, um die Registration abzuschliessen.<span class=\"Apple-converted-space\">&nbsp;<\/span><span style=\"color: var( --e-global-color-text ); font-size: 1rem; font-style: var( --e-global-typography-6d7606e-font-style ); letter-spacing: var( --e-global-typography-6d7606e-letter-spacing ); text-transform: var( --e-global-typography-6d7606e-text-transform ); word-spacing: var( --e-global-typography-6d7606e-word-spacing );\">Gleich nach der Registrierung findest du deinen Rewards QR Code im Kundenkonto hinterlegt. Der QR-Code gilt als Ausweis f\u00fcr die Erkennung in den Kinos.<\/span><span class=\"Apple-converted-space\" style=\"color: var( --e-global-color-text ); font-size: 1rem; font-style: var( --e-global-typography-6d7606e-font-style ); letter-spacing: var( --e-global-typography-6d7606e-letter-spacing ); text-transform: var( --e-global-typography-6d7606e-text-transform ); word-spacing: var( --e-global-typography-6d7606e-word-spacing );\">&nbsp;<\/span><\/p>\n<p class=\"p1\"><span class=\"Apple-converted-space\" style=\"color: var( --e-global-color-text ); font-size: 1rem; font-style: var( --e-global-typography-6d7606e-font-style ); letter-spacing: var( --e-global-typography-6d7606e-letter-spacing ); text-transform: var( --e-global-typography-6d7606e-text-transform ); word-spacing: var( --e-global-typography-6d7606e-word-spacing );\">&nbsp;<\/span><\/p>\n<p><strong>Punkte sammeln<\/strong><\/p>\n<p class=\"p1\">Je nach Anzahl der gesammelten Punkte, stehen dir \u00fcber die Rewards verschiedene Pr\u00e4mien zur Verf\u00fcgung. Du sammelst Punkte durch den Kauf von Kinotickets oder Kioskprodukten<span class=\"Apple-converted-space\">&nbsp; <\/span>\u00fcber die Webseite, App oder in unseren Kinos. Daf\u00fcr ist vorab das Login in dein Kundenkonto (online) oder das Vorzeigen deines QR-Codes (im Kino) erforderlich.<span class=\"Apple-converted-space\">&nbsp;<\/span><\/p>\n<p class=\"p1\">Pro 1 CHF Verkaufswert bekommst du 1 Punkt gutgeschrieben. Rewards Kunden, die zus\u00e4tzlich eine aktive blue Cinema Club Mitgliedschaft haben, erhalten eine h\u00f6here Anzahl Punkte je 1 CHF.<span class=\"Apple-converted-space\">&nbsp; <\/span>Der genaue Faktor ist auf der Webseite unter <a href=\"https:\/\/wp-prod.bluecinema.ch\/de\/membership\/#\/\">blue Cinema Club<\/a> und auf der App zu finden.<span class=\"Apple-converted-space\">&nbsp;<\/span><\/p>\n<p class=\"p1\"><span class=\"Apple-converted-space\">&nbsp;<\/span><\/p>\n<h5><strong>Verkaufsf\u00f6rdernde Bonus-Punkte Angebote<\/strong><\/h5>\n<p class=\"p1\">Von Zeit zu Zeit k\u00f6nnen wir oder von uns Authorisierte, dir die M\u00f6glichkeiten bieten durch speziellen Werbeaktionen zus\u00e4tzliche Bonus Punkte zu sammeln. Diese verkaufsf\u00f6rdernden Bonus-Punkte werden gem\u00e4ss den Beschreibungen zum jeweiligen Werbeangebot vergeben und unterliegen allen zus\u00e4tzlichen Bedingungen, die in einem solchen Werbeangebot festgelegt sind.<span class=\"Apple-converted-space\">&nbsp;<\/span><\/p>\n<p class=\"p1\"><span class=\"Apple-converted-space\">&nbsp;<\/span><\/p>\n<h5><strong>Zus\u00e4tzliche Informationen zum Sammeln von Punkten<\/strong><\/h5>\n<p class=\"p1\">Punkte werden auf zwei Dezimalstellen berechnet und vergeben. Damit stellen wir sicher, dass der volle Wert deines Kaufs deinem blue Cinema Rewards Konto gutgeschrieben wird. Du kannst dein gesamtes und aktuelles Punkte-Guthaben in deinem blue Cinema Kundenkonto (nach Login) einsehen.<\/p>\n<p class=\"p1\">\n<\/p><p class=\"p1\">Es gibt keine Obergrenze f\u00fcr die Anzahl Punkte, die du sammeln kannst. blue Cinema beh\u00e4lt sich jedoch das Recht vor, nach eigenem Ermessen eine Obergrenze f\u00fcr das Sammeln von Punkten auch nachtr\u00e4glich festzulegen.<span class=\"Apple-converted-space\">&nbsp;<\/span><\/p>\n<p class=\"p1\"><span class=\"Apple-converted-space\">&nbsp;<\/span><\/p>\n<p class=\"p1\">Beim Einl\u00f6sen deiner Punkte in eine Pr\u00e4mie, werden die Punkte automatisch von deinem blue Cinema Punkte Guthaben abgezogen. Hierf\u00fcr werden die Punkte mit dem k\u00fcrzesten Verfallsdatum als erstes eingel\u00f6st, so dass in deinem Konto immer die Punkte mit dem am weitesten entfernten Verfallsdatum zu deiner weiteren Verf\u00fcgung stehen.<span class=\"Apple-converted-space\">&nbsp;<\/span><\/p>\n<p class=\"p1\"><span class=\"Apple-converted-space\">&nbsp;<\/span><\/p>\n<p class=\"p1\">Blue Cinema beh\u00e4lt sich das Recht vor, dein Rewards Guthaben jederzeit zu berichtigen, wenn blue Cinema eine betr\u00fcgerische Aktivit\u00e4t vermutet.<span class=\"Apple-converted-space\">&nbsp;<\/span><\/p>\n<p class=\"p1\">Wird eine Kauf-Transaktion storniert werden die daf\u00fcr erhaltenen Punkte wieder vom Rewards Guthaben abgezogen. Wurden die Punkte bereits eingel\u00f6st, so wird das Guthaben auf Null reduziert. Die fehlenden, abzuziehenden Punkte verfallen mit Abschluss der Transaktionsstornierung.<span class=\"Apple-converted-space\">&nbsp;<\/span><\/p>\n<p class=\"p1\"><span class=\"Apple-converted-space\">&nbsp;<\/span><\/p>\n<h5><strong>Ausschluss vom Sammeln von Punkten<\/strong><\/h5>\n<p>Du kannst beim Kauf von Geschenkkarten keine Punkte sammeln. K\u00e4ufe in dem zu blue Cinema geh\u00f6renden Bowling, den Sportsbars und Game Zones sind ebenfalls ausgeschlossen&nbsp; von den Rewards.<\/p><p><br><\/p>\n<p><\/p>\n<h5><strong>Verfall von Punkten<\/strong><\/h5>\n<p class=\"p1\">Sofern nicht anders angegeben, werden deinem Konto innerhalb von 24 Stunden nach deinem Kauf, der zum Sammeln von Punkten berechtigt, die Punkte gutgeschrieben. Die Punkte verfallen 12 Monaten nach dem Kalendermonat, in dem sie gesammelt wurden.<span class=\"Apple-converted-space\">&nbsp;<\/span><\/p>\n<p class=\"p1\">Beim Einl\u00f6sen von Punkten werden automatisch die \u00e4ltesten gesammelten Punkte jeweils zuerst eingel\u00f6st. Du kannst deine aktuellen Rewards Punkte und deine verf\u00fcgbaren Pr\u00e4mien jederzeit in deinem blue Cinema Kundenkonto auf der Website oder in der App abrufen. Ebenso findest du dort alle weiteren Vorteile, die dir mit dem blue Cinema Rewards zur Verf\u00fcgung stehen.<span class=\"Apple-converted-space\">&nbsp;<\/span><\/p>\n<p class=\"p1\"><span class=\"Apple-converted-space\">&nbsp;<\/span><\/p>\n<h5><strong>Punkte f\u00fcr Pr\u00e4mien einl\u00f6sen<\/strong><\/h5>\n<p class=\"p1\">Es gibt zwei M\u00f6glichkeiten Punkte f\u00fcr Rewards Pr\u00e4mien zu nutzen. Die Punkte k\u00f6nnen online im Pr\u00e4mienshop auf der Website und in der App in Gutscheine umgetauscht werden oder direkt an der Kasse oder in den Shops der blue Cinema Kinos f\u00fcr das jeweilige Produkt eingel\u00f6st werden.<span class=\"Apple-converted-space\">&nbsp;<\/span><\/p>\n<p class=\"p1\"><span class=\"Apple-converted-space\">&nbsp;<\/span><\/p>\n<p class=\"p1\">Online im Pr\u00e4mienshop erh\u00e4lst du beim Einl\u00f6sen deiner Punkte unmittelbar einen Gutschein in deinem Kundenkonto. Diesen Gutschein kannst du anschliessend f\u00fcr den Kauf eines Produkt verwenden. Die Gutscheine sind 30 Tage ab der Ausstellung g\u00fcltig. Es gelten hierf\u00fcr unsere separat definierten Nutzungsbedingungen.<span class=\"Apple-converted-space\">&nbsp;<\/span><\/p>\n<p class=\"p1\"><span class=\"Apple-converted-space\">&nbsp;<\/span><\/p>\n<h5><strong>Andere wichtige Informationen<\/strong><\/h5>\n<p>Mit dem Rewards Programm sind keine Teilnahme- oder Mitgliedschaftsgeb\u00fchren verbunden. Die im Zusammenhang mit Rewards gesammelten Punkte dienen der Verkaufsf\u00f6rderung, haben keinen Barwert und k\u00f6nnen nicht gegen Bargeld getauscht werden. Dar\u00fcber hinaus kannst du die im Zusammenhang mit Rewards gesammelten Punkte nicht mit anderen Angeboten oder Rabatten kombinieren, sofern nicht von blue Cinema anders angegeben.&nbsp;<\/p>\n<p><br><\/p>\n<p>Deine Punkte und Rewards Mitgliedschaft sind pers\u00f6nlich und d\u00fcrfen nicht verkauft, \u00fcbertragen oder an Familie, Freunde und andere Personen oder Organisationen weitergegeben werden. Sie d\u00fcrfen von dir auch nicht f\u00fcr kommerzielle Zwecke genutzt werden.<\/p>\n<p class=\"p1\">Bei Verstoss geben die allgemeinen Nutzungsbedingungen, unsere AGBs oder bei einem Missbrauch, betr\u00fcgerischen Absichten oder anderweitig rechtswidrigen Handlungen in Bezug auf das Rewards Programm, beh\u00e4lt sich blue Cinema das Recht vor, ohne Vorank\u00fcndigung deine Rewards Teilnahme zu beenden und\/oder dein Kundenkonto zu sperren und\/oder dich vom Rewards Programm auszuschliessen.<span class=\"Apple-converted-space\">&nbsp;<\/span><\/p>\n<p class=\"p1\">Bei Eintritt eines dieser Ereignisse verfallen deine angesammelten Punkte in deinem Rewards Konto mit sofortiger Wirkung ohne Anspruch auf Einl\u00f6sung.<span class=\"Apple-converted-space\">&nbsp;<\/span><\/p>\n<p class=\"p1\">Blue Cinema beh\u00e4lt sich das Recht vor, das Rewards Programm oder Teile davon jederzeit und nach eigenem Ermessen zu \u00e4ndern, zu modifizieren, abzubrechen oder zu streichen, ohne dich davon in Kenntnis zu setzen.<\/p>\n<p class=\"p1\"><br><\/p>\n<p><\/p>\n<p>Letzte Aktualisierung:&nbsp; 01.05.2022<\/p>\n<p><\/p>\t\t\t\t\t\t<\/div>\n\t\t\t\t<\/div>\n\t\t\t\t<div class=\"elementor-element elementor-element-a3f3f29 elementor-widget elementor-widget-spacer\" data-id=\"a3f3f29\" data-element_type=\"widget\" data-widget_type=\"spacer.default\">\n\t\t\t\t<div class=\"elementor-widget-container\">\n\t\t\t\t\t<div class=\"elementor-spacer\">\n\t\t\t<div class=\"elementor-spacer-inner\"><\/div>\n\t\t<\/div>\n\t\t\t\t<\/div>\n\t\t\t\t<\/div>\n\t\t\t\t\t<\/div>\n\t\t<\/div>\n\t\t\t\t\t<\/div>\n\t\t<\/section>\n\t\t\t\t<\/div>\n\t\t","protected":false},"excerpt":{"rendered":"<p>blue Cinema Rewards Nutzungsbedingungen Durch die Teilnahme am blue Cinema Rewards Programm und den Zugriff darauf erkl\u00e4rst du dich mit den Nutzungsbedingungen und allen hierin erw\u00e4hnten Verweisen und deren Bedingungen einverstanden.&nbsp; &nbsp; Zus\u00e4tzliche Bedingungen Diese Nutzungsbedingungen gelten f\u00fcr den Zugriff und deine Teilnahme am blue Cinema Rewards Programm (&#8220;Rewards&#8221;), das von blue Cinema (&#8220;blue Cinema&#8221;) [&hellip;]<\/p>\n","protected":false},"author":3,"featured_media":0,"parent":0,"menu_order":0,"comment_status":"closed","ping_status":"closed","template":"template-parts\/template-page-untitled-canvas.php","meta":{"_acf_changed":false,"footnotes":""},"acf":[],"yoast_head":"<!-- This site is optimized with the Yoast SEO Premium plugin v20.11 (Yoast SEO v20.12) - https:\/\/yoast.com\/wordpress\/plugins\/seo\/ -->\r\n<title>rewards-terms-of-use-DE - blue Cinema<\/title>\r\n<meta name=\"robots\" content=\"index, follow, max-snippet:-1, max-image-preview:large, max-video-preview:-1\" \/>\r\n<link rel=\"canonical\" href=\"https:\/\/wp-prod.bluecinema.ch\/de\/rewards-terms-of-use-de\/\" \/>\r\n<meta property=\"og:locale\" content=\"de_DE\" \/>\r\n<meta property=\"og:type\" content=\"article\" \/>\r\n<meta property=\"og:title\" content=\"rewards-terms-of-use-DE - blue Cinema\" \/>\r\n<meta property=\"og:description\" content=\"blue Cinema Rewards Nutzungsbedingungen Durch die Teilnahme am blue Cinema Rewards Programm und den Zugriff darauf erkl\u00e4rst du dich mit den Nutzungsbedingungen und allen hierin erw\u00e4hnten Verweisen und deren Bedingungen einverstanden.&nbsp; &nbsp; Zus\u00e4tzliche Bedingungen Diese Nutzungsbedingungen gelten f\u00fcr den Zugriff und deine Teilnahme am blue Cinema Rewards Programm (&#8220;Rewards&#8221;), das von blue Cinema (&#8220;blue Cinema&#8221;) [&hellip;]\" \/>\r\n<meta property=\"og:url\" content=\"https:\/\/wp-prod.bluecinema.ch\/de\/rewards-terms-of-use-de\/\" \/>\r\n<meta property=\"og:site_name\" content=\"blue Cinema\" \/>\r\n<meta property=\"article:modified_time\" content=\"2022-08-29T13:09:07+00:00\" \/>\r\n<meta name=\"twitter:card\" content=\"summary_large_image\" \/>\r\n<meta name=\"twitter:label1\" content=\"Est. reading time\" \/>\n\t<meta name=\"twitter:data1\" content=\"7 minutes\" \/>\r\n<script type=\"application\/ld+json\" class=\"yoast-schema-graph\">{\"@context\":\"https:\/\/schema.org\",\"@graph\":[{\"@type\":\"WebPage\",\"@id\":\"https:\/\/wp-prod.bluecinema.ch\/de\/rewards-terms-of-use-de\/\",\"url\":\"https:\/\/wp-prod.bluecinema.ch\/de\/rewards-terms-of-use-de\/\",\"name\":\"rewards-terms-of-use-DE - blue Cinema\",\"isPartOf\":{\"@id\":\"https:\/\/wp-prod.bluecinema.ch\/en\/#website\"},\"datePublished\":\"2022-05-11T13:49:35+00:00\",\"dateModified\":\"2022-08-29T13:09:07+00:00\",\"inLanguage\":\"de-CH\",\"potentialAction\":[{\"@type\":\"ReadAction\",\"target\":[\"https:\/\/wp-prod.bluecinema.ch\/de\/rewards-terms-of-use-de\/\"]}]},{\"@type\":\"WebSite\",\"@id\":\"https:\/\/wp-prod.bluecinema.ch\/en\/#website\",\"url\":\"https:\/\/wp-prod.bluecinema.ch\/en\/\",\"name\":\"blue Cinema\",\"description\":\"\",\"potentialAction\":[{\"@type\":\"SearchAction\",\"target\":{\"@type\":\"EntryPoint\",\"urlTemplate\":\"https:\/\/wp-prod.bluecinema.ch\/en\/?s={search_term_string}\"},\"query-input\":\"required name=search_term_string\"}],\"inLanguage\":\"de-CH\"}]}<\/script>\r\n<!-- \/ Yoast SEO Premium plugin. -->","yoast_head_json":{"title":"rewards-terms-of-use-DE - blue Cinema","robots":{"index":"index","follow":"follow","max-snippet":"max-snippet:-1","max-image-preview":"max-image-preview:large","max-video-preview":"max-video-preview:-1"},"canonical":"https:\/\/wp-prod.bluecinema.ch\/de\/rewards-terms-of-use-de\/","og_locale":"de_DE","og_type":"article","og_title":"rewards-terms-of-use-DE - blue Cinema","og_description":"blue Cinema Rewards Nutzungsbedingungen Durch die Teilnahme am blue Cinema Rewards Programm und den Zugriff darauf erkl\u00e4rst du dich mit den Nutzungsbedingungen und allen hierin erw\u00e4hnten Verweisen und deren Bedingungen einverstanden.&nbsp; &nbsp; Zus\u00e4tzliche Bedingungen Diese Nutzungsbedingungen gelten f\u00fcr den Zugriff und deine Teilnahme am blue Cinema Rewards Programm (&#8220;Rewards&#8221;), das von blue Cinema (&#8220;blue Cinema&#8221;) [&hellip;]","og_url":"https:\/\/wp-prod.bluecinema.ch\/de\/rewards-terms-of-use-de\/","og_site_name":"blue Cinema","article_modified_time":"2022-08-29T13:09:07+00:00","twitter_card":"summary_large_image","twitter_misc":{"Est. reading time":"7 minutes"},"schema":{"@context":"https:\/\/schema.org","@graph":[{"@type":"WebPage","@id":"https:\/\/wp-prod.bluecinema.ch\/de\/rewards-terms-of-use-de\/","url":"https:\/\/wp-prod.bluecinema.ch\/de\/rewards-terms-of-use-de\/","name":"rewards-terms-of-use-DE - blue Cinema","isPartOf":{"@id":"https:\/\/wp-prod.bluecinema.ch\/en\/#website"},"datePublished":"2022-05-11T13:49:35+00:00","dateModified":"2022-08-29T13:09:07+00:00","inLanguage":"de-CH","potentialAction":[{"@type":"ReadAction","target":["https:\/\/wp-prod.bluecinema.ch\/de\/rewards-terms-of-use-de\/"]}]},{"@type":"WebSite","@id":"https:\/\/wp-prod.bluecinema.ch\/en\/#website","url":"https:\/\/wp-prod.bluecinema.ch\/en\/","name":"blue Cinema","description":"","potentialAction":[{"@type":"SearchAction","target":{"@type":"EntryPoint","urlTemplate":"https:\/\/wp-prod.bluecinema.ch\/en\/?s={search_term_string}"},"query-input":"required name=search_term_string"}],"inLanguage":"de-CH"}]}},"_links":{"self":[{"href":"https:\/\/wp-prod.bluecinema.ch\/de\/wp-json\/wp\/v2\/pages\/15616"}],"collection":[{"href":"https:\/\/wp-prod.bluecinema.ch\/de\/wp-json\/wp\/v2\/pages"}],"about":[{"href":"https:\/\/wp-prod.bluecinema.ch\/de\/wp-json\/wp\/v2\/types\/page"}],"author":[{"embeddable":true,"href":"https:\/\/wp-prod.bluecinema.ch\/de\/wp-json\/wp\/v2\/users\/3"}],"replies":[{"embeddable":true,"href":"https:\/\/wp-prod.bluecinema.ch\/de\/wp-json\/wp\/v2\/comments?post=15616"}],"version-history":[{"count":1,"href":"https:\/\/wp-prod.bluecinema.ch\/de\/wp-json\/wp\/v2\/pages\/15616\/revisions"}],"predecessor-version":[{"id":58627,"href":"https:\/\/wp-prod.bluecinema.ch\/de\/wp-json\/wp\/v2\/pages\/15616\/revisions\/58627"}],"wp:attachment":[{"href":"https:\/\/wp-prod.bluecinema.ch\/de\/wp-json\/wp\/v2\/media?parent=15616"}],"curies":[{"name":"wp","href":"https:\/\/api.w.org\/{rel}","templated":true}]}}