{"id":16709,"date":"2022-06-21T14:34:26","date_gmt":"2022-06-21T14:34:26","guid":{"rendered":"https:\/\/wp-prod.bluecinema.ch\/sicherheitshinweise-en\/"},"modified":"2024-02-07T10:10:24","modified_gmt":"2024-02-07T10:10:24","slug":"sicherheitshinweise-de","status":"publish","type":"page","link":"https:\/\/wp-prod.bluecinema.ch\/de\/sicherheitshinweise-de\/","title":{"rendered":"Sicherheitshinweise DE"},"content":{"rendered":"\t\t<div data-elementor-type=\"wp-page\" data-elementor-id=\"16709\" class=\"elementor elementor-16709 elementor-16690\" data-elementor-post-type=\"page\">\n\t\t\t\t\t\t<section class=\"elementor-section elementor-top-section elementor-element elementor-element-0db25b3 elementor-section-boxed elementor-section-height-default elementor-section-height-default\" data-id=\"0db25b3\" data-element_type=\"section\">\n\t\t\t\t\t\t<div class=\"elementor-container elementor-column-gap-default\">\n\t\t\t\t\t<div class=\"elementor-column elementor-col-100 elementor-top-column elementor-element elementor-element-2300dae\" data-id=\"2300dae\" data-element_type=\"column\">\n\t\t\t<div class=\"elementor-widget-wrap elementor-element-populated\">\n\t\t\t\t\t\t<div class=\"elementor-element elementor-element-03f0525 elementor-widget elementor-widget-spacer\" data-id=\"03f0525\" data-element_type=\"widget\" data-widget_type=\"spacer.default\">\n\t\t\t\t<div class=\"elementor-widget-container\">\n\t\t\t\t\t<div class=\"elementor-spacer\">\n\t\t\t<div class=\"elementor-spacer-inner\"><\/div>\n\t\t<\/div>\n\t\t\t\t<\/div>\n\t\t\t\t<\/div>\n\t\t\t\t<div class=\"elementor-element elementor-element-2b8ee9d elementor-widget elementor-widget-text-editor\" data-id=\"2b8ee9d\" data-element_type=\"widget\" data-widget_type=\"text-editor.default\">\n\t\t\t\t<div class=\"elementor-widget-container\">\n\t\t\t\t\t\t\t<h1>Regeln f\u00fcr den Besuch des 4DX Kinosaals<\/h1><p><a href=\"https:\/\/wp-prod.bluecinema.ch\/app\/uploads\/2023\/11\/2209284DxGenerischSichrheitshinweise297X420MmDe_compressed.pdf\" target=\"_blank\" rel=\"noopener\">Sicherheitshinweise als PDF zum Download<\/a><\/p><p>F\u00fcr ein angenehmes und sicheres 4DX Kinoerlebnis bitten wir dich, die anschliessenden Bestimmungen sorgf\u00e4ltig zu lesen und unseren Sicherheitshinweisen bei jedem Besuch einer 4DX Vorf\u00fchrung Folge zu leisten. Durch Kauf deines 4DX Tickets best\u00e4tigst du, dass alle Regeln und Hinweise verstanden und akzeptiert wurden.<\/p><h2>\u00a0<\/h2><h2>Allgemeine Bestimmungen<\/h2><p>1. Die 4DX Kinosessel kombinieren Bewegungen mit Spezialeffekten. Alle Effekte sind untenstehend aufgef\u00fchrt und werden durch Piktogramme gekennzeichnet.<br \/>2. Die Effekte k\u00f6nnen unerwartet eintreten und von intensiver Wirkung sein.<br \/>3. Im Fall von gesundheitlichen Beschwerden ist es ratsam, deinen Arzt vor der Vorf\u00fchrung zu konsultieren. Um deine Sicherheit zu gew\u00e4hrleisten und unerw\u00fcnschte Ergebnisse zu verhindern, ist das 4DX Kinoerlebnis f\u00fcr Personen mit folgenden Beschwerden nicht zu empfehlen:<\/p><ul><li>Epilepsie<\/li><li>Bluthochdruck<\/li><li>Herz-\/Kreislaufprobleme<\/li><li>R\u00fccken-\/Nackenprobleme<\/li><li>Orthop\u00e4dische Probleme<\/li><li>Reisekrankheit<\/li><li>Atmungsprobleme oder Allergien<\/li><li>andere schwerwiegende physische oder psychische Probleme<\/li><\/ul><p>4. Zu Ihrer eigenen Sicherheit raten wir folgenden Personen ebenfalls vom Besuch der 4DX Vorf\u00fchrung ab:<\/p><ul><li>Schwangeren Frauen<\/li><li>\u00c4lteren Personen mit eingeschr\u00e4nkter Mobilit\u00e4t<\/li><li>Personen unter Medikamenten-, Alkohol- oder Drogeneinfluss<\/li><li>Personen mit einer K\u00f6rpergr\u00f6sse von weniger als 100 cm<\/li><li>Personen mit einem Gewicht von mehr als 120 kg<\/li><\/ul><p>5. Der Zutritt f\u00fcr Kinder unter 6 Jahren oder mit einer K\u00f6rpergr\u00f6sse von weniger als 100 cm ist nicht gestattet. Kinder bis 8 Jahre oder mit einer K\u00f6rpergr\u00f6sse von weniger als 120 cm m\u00fcssen von einer erwachsenen Person begleitet werden.<br \/>6. Generell gilt f\u00fcr jede Vorf\u00fchrung die offizielle Altersfreigabe des jeweiligen Kantons.<\/p>\t\t\t\t\t\t<\/div>\n\t\t\t\t<\/div>\n\t\t\t\t<div class=\"elementor-element elementor-element-b866145 elementor-widget elementor-widget-text-editor\" data-id=\"b866145\" data-element_type=\"widget\" data-widget_type=\"text-editor.default\">\n\t\t\t\t<div class=\"elementor-widget-container\">\n\t\t\t\t\t\t\t<h2>\u00a0<\/h2><h2>Sicherheitsbestimmungen im 4DX Kinosaal<\/h2><p>1. Setze dich bequem auf deinen nummerierten Platz und behalte deine F\u00fcsse auf den Fussst\u00fctzen.<\/p><p>2. Der Raum vor Ihrem Sitz muss freigehalten werden.<\/p><p>3. Vermeide empfindliche Kleidung oder andere Gegenst\u00e4nde, die von den 4DX Effekten nachteilig betroffen sein k\u00f6nnten. Achtedarauf, deine Kleidung vor Wind, Wasser, Luftblasen und starken Ger\u00fcchen zu sch\u00fctzen.<\/p><p>4. Solltest du die Wasser-Effekte nicht \u00a0w\u00fcnschen, \u00a0kannst du diesen Modus auf der rechten Seite der Armlehne entsprechend aus- oder wieder einschalten.<\/p><p>5. Zu deiner eigenen Sicherheit und derjenigen der anderen Zuschauer empfehlen wir dir, w\u00e4hrend der 4DX Projektion nicht aufzustehen oder herumzugehen. Sollte dies einmal nicht vermeidbar sein, achtebitte darauf, nicht auf die Fussst\u00fctzen zu stehen.<br \/>6. Getr\u00e4nke sind nur in verschliessbaren Flaschen erlaubt. Heisse Getr\u00e4nke sind im 4DX Kinosaal verboten. Bitte achte stets auf deine Getr\u00e4nke, da diese Sch\u00e4den oder einen Ausfall am 4DX Sessel verursachen k\u00f6nnen.<\/p><p>7. Achte gut auf deine pers\u00f6nlichen Gegenst\u00e4nde, insbesondere wenn diese zerbrechlich sind. Wir \u00fcbernehmen f\u00fcr besch\u00e4digtes oder verlorenes Eigentum keine Haftung.<br \/>8. N\u00e4here dich auf keinen Fall den Spr\u00fchd\u00fcsen, insbesondere nicht mit den Augen\/dem Kopf aber auch mit deinen pers\u00f6nlichen Gegenst\u00e4nden, da dies zu Verletzungen f\u00fchren oder Sch\u00e4den verursachen k\u00f6nnte.<br \/>9. blue Cinema lehnt jegliche Haftung f\u00fcr Verletzungen, gesundheitliche Probleme, Verluste oder Sch\u00e4den ab. Der Besuch des 4DX erfolgt auf eigene Gefahr.<\/p>\t\t\t\t\t\t<\/div>\n\t\t\t\t<\/div>\n\t\t\t\t\t<\/div>\n\t\t<\/div>\n\t\t\t\t\t<\/div>\n\t\t<\/section>\n\t\t\t\t<section class=\"elementor-section elementor-top-section elementor-element elementor-element-9b0c3d6 elementor-section-boxed elementor-section-height-default elementor-section-height-default\" data-id=\"9b0c3d6\" data-element_type=\"section\">\n\t\t\t\t\t\t<div class=\"elementor-container elementor-column-gap-default\">\n\t\t\t\t\t<div class=\"elementor-column elementor-col-100 elementor-top-column elementor-element elementor-element-e53ba1a\" data-id=\"e53ba1a\" data-element_type=\"column\">\n\t\t\t<div class=\"elementor-widget-wrap elementor-element-populated\">\n\t\t\t\t\t\t<div class=\"elementor-element elementor-element-5821304 elementor-widget elementor-widget-spacer\" data-id=\"5821304\" data-element_type=\"widget\" data-widget_type=\"spacer.default\">\n\t\t\t\t<div class=\"elementor-widget-container\">\n\t\t\t\t\t<div class=\"elementor-spacer\">\n\t\t\t<div class=\"elementor-spacer-inner\"><\/div>\n\t\t<\/div>\n\t\t\t\t<\/div>\n\t\t\t\t<\/div>\n\t\t\t\t\t<\/div>\n\t\t<\/div>\n\t\t\t\t\t<\/div>\n\t\t<\/section>\n\t\t\t\t<\/div>\n\t\t","protected":false},"excerpt":{"rendered":"<p>Regeln f\u00fcr den Besuch des 4DX Kinosaals Sicherheitshinweise als PDF zum Download F\u00fcr ein angenehmes und sicheres 4DX Kinoerlebnis bitten wir dich, die anschliessenden Bestimmungen sorgf\u00e4ltig zu lesen und unseren Sicherheitshinweisen bei jedem Besuch einer 4DX Vorf\u00fchrung Folge zu leisten. Durch Kauf deines 4DX Tickets best\u00e4tigst du, dass alle Regeln und Hinweise verstanden und akzeptiert [&hellip;]<\/p>\n","protected":false},"author":3,"featured_media":0,"parent":0,"menu_order":0,"comment_status":"closed","ping_status":"closed","template":"template-parts\/template-page-untitled-canvas.php","meta":{"_acf_changed":false,"footnotes":""},"acf":[],"yoast_head":"<!-- This site is optimized with the Yoast SEO Premium plugin v20.11 (Yoast SEO v20.12) - https:\/\/yoast.com\/wordpress\/plugins\/seo\/ -->\r\n<title>4DX Sicherheitshinweise: Sicher geniessen | blue cinema<\/title>\r\n<meta name=\"description\" content=\"Erfahre, wie wir dein 4DX-Kinoerlebnis bei blue cinema sicher machen. Unsere Hinweise sorgen daf\u00fcr, dass du sorgenfrei Spass hast.\" \/>\r\n<meta name=\"robots\" content=\"index, follow, max-snippet:-1, max-image-preview:large, max-video-preview:-1\" \/>\r\n<link rel=\"canonical\" href=\"https:\/\/wp-prod.bluecinema.ch\/de\/sicherheitshinweise-de\/\" \/>\r\n<meta property=\"og:locale\" content=\"de_DE\" \/>\r\n<meta property=\"og:type\" content=\"article\" \/>\r\n<meta property=\"og:title\" content=\"4DX Sicherheitshinweise: Sicher geniessen | blue cinema\" \/>\r\n<meta property=\"og:description\" content=\"Erfahre, wie wir dein 4DX-Kinoerlebnis bei blue cinema sicher machen. Unsere Hinweise sorgen daf\u00fcr, dass du sorgenfrei Spass hast.\" \/>\r\n<meta property=\"og:url\" content=\"https:\/\/wp-prod.bluecinema.ch\/de\/sicherheitshinweise-de\/\" \/>\r\n<meta property=\"og:site_name\" content=\"blue Cinema\" \/>\r\n<meta property=\"article:modified_time\" content=\"2024-02-07T10:10:24+00:00\" \/>\r\n<meta name=\"twitter:card\" content=\"summary_large_image\" \/>\r\n<meta name=\"twitter:label1\" content=\"Est. reading time\" \/>\n\t<meta name=\"twitter:data1\" content=\"3 minutes\" \/>\r\n<script type=\"application\/ld+json\" class=\"yoast-schema-graph\">{\"@context\":\"https:\/\/schema.org\",\"@graph\":[{\"@type\":\"WebPage\",\"@id\":\"https:\/\/wp-prod.bluecinema.ch\/de\/sicherheitshinweise-de\/\",\"url\":\"https:\/\/wp-prod.bluecinema.ch\/de\/sicherheitshinweise-de\/\",\"name\":\"4DX Sicherheitshinweise: Sicher geniessen | blue cinema\",\"isPartOf\":{\"@id\":\"https:\/\/wp-prod.bluecinema.ch\/en\/#website\"},\"datePublished\":\"2022-06-21T14:34:26+00:00\",\"dateModified\":\"2024-02-07T10:10:24+00:00\",\"description\":\"Erfahre, wie wir dein 4DX-Kinoerlebnis bei blue cinema sicher machen. Unsere Hinweise sorgen daf\u00fcr, dass du sorgenfrei Spass hast.\",\"inLanguage\":\"de-CH\",\"potentialAction\":[{\"@type\":\"ReadAction\",\"target\":[\"https:\/\/wp-prod.bluecinema.ch\/de\/sicherheitshinweise-de\/\"]}]},{\"@type\":\"WebSite\",\"@id\":\"https:\/\/wp-prod.bluecinema.ch\/en\/#website\",\"url\":\"https:\/\/wp-prod.bluecinema.ch\/en\/\",\"name\":\"blue Cinema\",\"description\":\"\",\"potentialAction\":[{\"@type\":\"SearchAction\",\"target\":{\"@type\":\"EntryPoint\",\"urlTemplate\":\"https:\/\/wp-prod.bluecinema.ch\/en\/?s={search_term_string}\"},\"query-input\":\"required name=search_term_string\"}],\"inLanguage\":\"de-CH\"}]}<\/script>\r\n<!-- \/ Yoast SEO Premium plugin. -->","yoast_head_json":{"title":"4DX Sicherheitshinweise: Sicher geniessen | blue cinema","description":"Erfahre, wie wir dein 4DX-Kinoerlebnis bei blue cinema sicher machen. Unsere Hinweise sorgen daf\u00fcr, dass du sorgenfrei Spass hast.","robots":{"index":"index","follow":"follow","max-snippet":"max-snippet:-1","max-image-preview":"max-image-preview:large","max-video-preview":"max-video-preview:-1"},"canonical":"https:\/\/wp-prod.bluecinema.ch\/de\/sicherheitshinweise-de\/","og_locale":"de_DE","og_type":"article","og_title":"4DX Sicherheitshinweise: Sicher geniessen | blue cinema","og_description":"Erfahre, wie wir dein 4DX-Kinoerlebnis bei blue cinema sicher machen. Unsere Hinweise sorgen daf\u00fcr, dass du sorgenfrei Spass hast.","og_url":"https:\/\/wp-prod.bluecinema.ch\/de\/sicherheitshinweise-de\/","og_site_name":"blue Cinema","article_modified_time":"2024-02-07T10:10:24+00:00","twitter_card":"summary_large_image","twitter_misc":{"Est. reading time":"3 minutes"},"schema":{"@context":"https:\/\/schema.org","@graph":[{"@type":"WebPage","@id":"https:\/\/wp-prod.bluecinema.ch\/de\/sicherheitshinweise-de\/","url":"https:\/\/wp-prod.bluecinema.ch\/de\/sicherheitshinweise-de\/","name":"4DX Sicherheitshinweise: Sicher geniessen | blue cinema","isPartOf":{"@id":"https:\/\/wp-prod.bluecinema.ch\/en\/#website"},"datePublished":"2022-06-21T14:34:26+00:00","dateModified":"2024-02-07T10:10:24+00:00","description":"Erfahre, wie wir dein 4DX-Kinoerlebnis bei blue cinema sicher machen. Unsere Hinweise sorgen daf\u00fcr, dass du sorgenfrei Spass hast.","inLanguage":"de-CH","potentialAction":[{"@type":"ReadAction","target":["https:\/\/wp-prod.bluecinema.ch\/de\/sicherheitshinweise-de\/"]}]},{"@type":"WebSite","@id":"https:\/\/wp-prod.bluecinema.ch\/en\/#website","url":"https:\/\/wp-prod.bluecinema.ch\/en\/","name":"blue Cinema","description":"","potentialAction":[{"@type":"SearchAction","target":{"@type":"EntryPoint","urlTemplate":"https:\/\/wp-prod.bluecinema.ch\/en\/?s={search_term_string}"},"query-input":"required name=search_term_string"}],"inLanguage":"de-CH"}]}},"_links":{"self":[{"href":"https:\/\/wp-prod.bluecinema.ch\/de\/wp-json\/wp\/v2\/pages\/16709"}],"collection":[{"href":"https:\/\/wp-prod.bluecinema.ch\/de\/wp-json\/wp\/v2\/pages"}],"about":[{"href":"https:\/\/wp-prod.bluecinema.ch\/de\/wp-json\/wp\/v2\/types\/page"}],"author":[{"embeddable":true,"href":"https:\/\/wp-prod.bluecinema.ch\/de\/wp-json\/wp\/v2\/users\/3"}],"replies":[{"embeddable":true,"href":"https:\/\/wp-prod.bluecinema.ch\/de\/wp-json\/wp\/v2\/comments?post=16709"}],"version-history":[{"count":4,"href":"https:\/\/wp-prod.bluecinema.ch\/de\/wp-json\/wp\/v2\/pages\/16709\/revisions"}],"predecessor-version":[{"id":58616,"href":"https:\/\/wp-prod.bluecinema.ch\/de\/wp-json\/wp\/v2\/pages\/16709\/revisions\/58616"}],"wp:attachment":[{"href":"https:\/\/wp-prod.bluecinema.ch\/de\/wp-json\/wp\/v2\/media?parent=16709"}],"curies":[{"name":"wp","href":"https:\/\/api.w.org\/{rel}","templated":true}]}}