{"id":17394,"date":"2021-08-19T09:50:51","date_gmt":"2021-08-19T09:50:51","guid":{"rendered":"https:\/\/wp-prod.bluecinema.ch\/cinemas-de\/zu-abaton\/"},"modified":"2024-02-07T12:45:56","modified_gmt":"2024-02-07T12:45:56","slug":"zu-abaton","status":"publish","type":"page","link":"https:\/\/wp-prod.bluecinema.ch\/de\/cinemas-de\/zu-abaton\/","title":{"rendered":"Zurich Abaton"},"content":{"rendered":"\t\t<div data-elementor-type=\"wp-page\" data-elementor-id=\"17394\" class=\"elementor elementor-17394 elementor-5740\" data-elementor-post-type=\"page\">\n\t\t\t\t\t\t<section class=\"elementor-section elementor-top-section elementor-element elementor-element-76d5a13 elementor-section-height-min-height elementor-section-stretched elementor-section-items-stretch elementor-section-content-middle elementor-section-boxed elementor-section-height-default\" data-id=\"76d5a13\" data-element_type=\"section\" data-settings=\"{&quot;stretch_section&quot;:&quot;section-stretched&quot;,&quot;background_background&quot;:&quot;classic&quot;}\">\n\t\t\t\t\t\t\t<div class=\"elementor-background-overlay\"><\/div>\n\t\t\t\t\t\t\t<div class=\"elementor-container elementor-column-gap-default\">\n\t\t\t\t\t<div class=\"elementor-column elementor-col-100 elementor-top-column elementor-element elementor-element-cfaf007\" data-id=\"cfaf007\" data-element_type=\"column\">\n\t\t\t<div class=\"elementor-widget-wrap\">\n\t\t\t\t\t\t\t<\/div>\n\t\t<\/div>\n\t\t\t\t\t<\/div>\n\t\t<\/section>\n\t\t\t\t<section class=\"elementor-section elementor-top-section elementor-element elementor-element-3e22b10 elementor-section-boxed elementor-section-height-default elementor-section-height-default\" data-id=\"3e22b10\" data-element_type=\"section\">\n\t\t\t\t\t\t<div class=\"elementor-container elementor-column-gap-default\">\n\t\t\t\t\t<div class=\"elementor-column elementor-col-100 elementor-top-column elementor-element elementor-element-f7b2fbb\" data-id=\"f7b2fbb\" data-element_type=\"column\">\n\t\t\t<div class=\"elementor-widget-wrap elementor-element-populated\">\n\t\t\t\t\t\t<div class=\"elementor-element elementor-element-ba47aee elementor-widget elementor-widget-spacer\" data-id=\"ba47aee\" data-element_type=\"widget\" data-widget_type=\"spacer.default\">\n\t\t\t\t<div class=\"elementor-widget-container\">\n\t\t\t\t\t<div class=\"elementor-spacer\">\n\t\t\t<div class=\"elementor-spacer-inner\"><\/div>\n\t\t<\/div>\n\t\t\t\t<\/div>\n\t\t\t\t<\/div>\n\t\t\t\t<div class=\"elementor-element elementor-element-88f7a38 elementor-widget__width-auto elementor-widget elementor-widget-text-editor\" data-id=\"88f7a38\" data-element_type=\"widget\" data-widget_type=\"text-editor.default\">\n\t\t\t\t<div class=\"elementor-widget-container\">\n\t\t\t\t\t\t\t<h2 class=\"elementor-heading-title elementor-size-default elementor-inline-editing pen\" style=\"font-weight: var( --e-global-typography-b1283dc-font-weight ); line-height: var( --e-global-typography-b1283dc-line-height ); font-size: var( --e-global-typography-b1283dc-font-size ); letter-spacing: var( --e-global-typography-b1283dc-letter-spacing ); font-family: TheSans, TheSans; text-transform: none; font-style: normal; box-shadow: none !important;\" data-elementor-setting-key=\"title\" data-pen-placeholder=\"Type Here...\"><span style=\"color: #ffffff;\">Z\u00fcrich Abaton<\/span><\/h2>\t\t\t\t\t\t<\/div>\n\t\t\t\t<\/div>\n\t\t\t\t\t<\/div>\n\t\t<\/div>\n\t\t\t\t\t<\/div>\n\t\t<\/section>\n\t\t\t\t<section class=\"elementor-section elementor-top-section elementor-element elementor-element-350a688 elementor-section-boxed elementor-section-height-default elementor-section-height-default\" data-id=\"350a688\" data-element_type=\"section\">\n\t\t\t\t\t\t<div class=\"elementor-container elementor-column-gap-default\">\n\t\t\t\t\t<div class=\"elementor-column elementor-col-50 elementor-top-column elementor-element elementor-element-6974e25\" data-id=\"6974e25\" data-element_type=\"column\">\n\t\t\t<div class=\"elementor-widget-wrap elementor-element-populated\">\n\t\t\t\t\t\t<div class=\"elementor-element elementor-element-51511a1 elementor-widget elementor-widget-text-editor\" data-id=\"51511a1\" data-element_type=\"widget\" data-widget_type=\"text-editor.default\">\n\t\t\t\t<div class=\"elementor-widget-container\">\n\t\t\t\t\t\t\t<p>Mitten im pulsierenden Westen von Z\u00fcrich, direkt an der Hardbr\u00fccke, zeichnet sich das Abaton durch ganz grosses Kino aus. In den R\u00e4umlichkeiten, bestehend aus 12 S\u00e4len, darunter ein 4DX Kinosaal, haben schon etliche Schweizer Filmpremieren wie James Bond oder Star Wars stattgefunden. Die Ausstattung sowie das exklusive Eventfoyer bieten den idealen Rahmen f\u00fcr aussergew\u00f6hnliche Events.<\/p>\t\t\t\t\t\t<\/div>\n\t\t\t\t<\/div>\n\t\t\t\t<div class=\"elementor-element elementor-element-53dbaf5 elementor-align-left elementor-icon-list--layout-traditional elementor-list-item-link-full_width elementor-widget elementor-widget-icon-list\" data-id=\"53dbaf5\" data-element_type=\"widget\" data-widget_type=\"icon-list.default\">\n\t\t\t\t<div class=\"elementor-widget-container\">\n\t\t\t\t\t<ul class=\"elementor-icon-list-items\">\n\t\t\t\t\t\t\t<li class=\"elementor-icon-list-item\">\n\t\t\t\t\t\t\t\t\t\t\t<a href=\"#elementor-action%3Aaction%3Dpopup%3Aopen%26settings%3DeyJpZCI6MzM2NDcsInRvZ2dsZSI6ZmFsc2V9\">\n\n\t\t\t\t\t\t\t\t\t\t\t\t<span class=\"elementor-icon-list-icon\">\n\t\t\t\t\t\t\t<svg xmlns=\"http:\/\/www.w3.org\/2000\/svg\" viewBox=\"0 0 30 30\"><g fill=\"#333\"><path d=\"M8 19c-.6 0-1 .4-1 1v2c0 .6.4 1 1 1s1-.4 1-1v-2c0-.6-.4-1-1-1zM12 20h8.5c.6 0 1-.4 1-1s-.4-1-1-1H12c-.6 0-1 .4-1 1s.4 1 1 1zM19.5 22c-.6 0-1 .4-1 1s.4 1 1 1H21c.6 0 1-.4 1-1s-.4-1-1-1h-1.5zM16 22h-.5c-.6 0-1 .4-1 1s.4 1 1 1h.5c.6 0 1-.4 1-1s-.4-1-1-1zM11.9 13.4c.1 0 .3 0 .4-.1L20 9.7c.5-.2.7-.8.5-1.3s-.8-.7-1.3-.5l-7.7 3.6c-.5.2-.7.8-.5 1.3.1.3.5.6.9.6zM19.5 13.2c.2.4.5.6.9.6.1 0 .3 0 .4-.1l1.4-.6c.5-.2.7-.8.5-1.3s-.8-.7-1.3-.5l-1.4.6c-.6.2-.8.8-.5 1.3z\" style=\"fill: #ffffff;\"><\/path><path d=\"M27.9 13.7L22.8 2.8c-.2-.5-.8-.7-1.3-.5L3 11c-.2.1-.4.3-.5.6-.1.2-.1.5 0 .8l.8 1.6H3c-.6 0-1 .4-1 1v12c0 .6.4 1 1 1h22c.6 0 1-.4 1-1V15.7l1.4-.7c.2-.1.4-.3.5-.6.1-.2.1-.5 0-.7zM4.7 12.4l1.8-.9.3.5c.2.4.5.6.9.6.1 0 .3 0 .4-.1.5-.2.7-.8.5-1.3l-.2-.5 13.1-6.1 4.2 9.1-.8.3h-6.7v-.1c-.2-.5-.8-.7-1.3-.5l-.5.2c-.2.1-.3.2-.4.4H9.8c-.3-.3-.7-.4-1.1-.2-.1 0-.2.1-.3.2h-3l-.7-1.6zM24 26H9v-.5c0-.6-.4-1-1-1s-1 .4-1 1v.5H4V16h3v.5c0 .6.4 1 1 1s1-.4 1-1V16h15v10z\" style=\"fill: #ffffff;\"><\/path><\/g><\/svg>\t\t\t\t\t\t<\/span>\n\t\t\t\t\t\t\t\t\t\t<span class=\"elementor-icon-list-text\">Preise<\/span>\n\t\t\t\t\t\t\t\t\t\t\t<\/a>\n\t\t\t\t\t\t\t\t\t<\/li>\n\t\t\t\t\t\t<\/ul>\n\t\t\t\t<\/div>\n\t\t\t\t<\/div>\n\t\t\t\t\t<\/div>\n\t\t<\/div>\n\t\t\t\t<div class=\"elementor-column elementor-col-50 elementor-top-column elementor-element elementor-element-10338a5\" data-id=\"10338a5\" data-element_type=\"column\">\n\t\t\t<div class=\"elementor-widget-wrap\">\n\t\t\t\t\t\t\t<\/div>\n\t\t<\/div>\n\t\t\t\t\t<\/div>\n\t\t<\/section>\n\t\t\t\t<section class=\"elementor-section elementor-top-section elementor-element elementor-element-c68b37e elementor-section-boxed elementor-section-height-default elementor-section-height-default\" data-id=\"c68b37e\" data-element_type=\"section\">\n\t\t\t\t\t\t<div class=\"elementor-container elementor-column-gap-default\">\n\t\t\t\t\t<div class=\"elementor-column elementor-col-100 elementor-top-column elementor-element elementor-element-3bb1a16\" data-id=\"3bb1a16\" data-element_type=\"column\">\n\t\t\t<div class=\"elementor-widget-wrap elementor-element-populated\">\n\t\t\t\t\t\t<div class=\"elementor-element elementor-element-b71f4fb elementor-widget-divider--view-line elementor-widget elementor-widget-divider\" data-id=\"b71f4fb\" data-element_type=\"widget\" data-widget_type=\"divider.default\">\n\t\t\t\t<div class=\"elementor-widget-container\">\n\t\t\t\t\t<div class=\"elementor-divider\">\n\t\t\t<span class=\"elementor-divider-separator\">\n\t\t\t\t\t\t<\/span>\n\t\t<\/div>\n\t\t\t\t<\/div>\n\t\t\t\t<\/div>\n\t\t\t\t<div class=\"elementor-element elementor-element-d254c45 elementor-icon-list--layout-inline elementor-align-left elementor-hidden-mobile elementor-list-item-link-full_width elementor-widget elementor-widget-icon-list\" data-id=\"d254c45\" data-element_type=\"widget\" data-widget_type=\"icon-list.default\">\n\t\t\t\t<div class=\"elementor-widget-container\">\n\t\t\t\t\t<ul class=\"elementor-icon-list-items elementor-inline-items\">\n\t\t\t\t\t\t\t<li class=\"elementor-icon-list-item elementor-inline-item\">\n\t\t\t\t\t\t\t\t\t\t\t<span class=\"elementor-icon-list-icon\">\n\t\t\t\t\t\t\t<i aria-hidden=\"true\" class=\"far fa-building\"><\/i>\t\t\t\t\t\t<\/span>\n\t\t\t\t\t\t\t\t\t\t<span class=\"elementor-icon-list-text\">12 S\u00e4le<\/span>\n\t\t\t\t\t\t\t\t\t<\/li>\n\t\t\t\t\t\t\t\t<li class=\"elementor-icon-list-item elementor-inline-item\">\n\t\t\t\t\t\t\t\t\t\t\t<span class=\"elementor-icon-list-icon\">\n\t\t\t\t\t\t\t<i aria-hidden=\"true\" class=\"fas fa-user-friends\"><\/i>\t\t\t\t\t\t<\/span>\n\t\t\t\t\t\t\t\t\t\t<span class=\"elementor-icon-list-text\">1695 Sitzpl\u00e4tze<\/span>\n\t\t\t\t\t\t\t\t\t<\/li>\n\t\t\t\t\t\t\t\t<li class=\"elementor-icon-list-item elementor-inline-item\">\n\t\t\t\t\t\t\t\t\t\t\t<span class=\"elementor-icon-list-icon\">\n\t\t\t\t\t\t\t<i aria-hidden=\"true\" class=\"fas fa-parking\"><\/i>\t\t\t\t\t\t<\/span>\n\t\t\t\t\t\t\t\t\t\t<span class=\"elementor-icon-list-text\">Parkh\u00e4user<\/span>\n\t\t\t\t\t\t\t\t\t<\/li>\n\t\t\t\t\t\t\t\t<li class=\"elementor-icon-list-item elementor-inline-item\">\n\t\t\t\t\t\t\t\t\t\t\t<span class=\"elementor-icon-list-icon\">\n\t\t\t\t\t\t\t<i aria-hidden=\"true\" class=\"fas fa-wheelchair\"><\/i>\t\t\t\t\t\t<\/span>\n\t\t\t\t\t\t\t\t\t\t<span class=\"elementor-icon-list-text\">Barrierefrei<\/span>\n\t\t\t\t\t\t\t\t\t<\/li>\n\t\t\t\t\t\t<\/ul>\n\t\t\t\t<\/div>\n\t\t\t\t<\/div>\n\t\t\t\t<div class=\"elementor-element elementor-element-b560736 elementor-align-left elementor-hidden-desktop elementor-hidden-tablet elementor-icon-list--layout-traditional elementor-list-item-link-full_width elementor-widget elementor-widget-icon-list\" data-id=\"b560736\" data-element_type=\"widget\" data-widget_type=\"icon-list.default\">\n\t\t\t\t<div class=\"elementor-widget-container\">\n\t\t\t\t\t<ul class=\"elementor-icon-list-items\">\n\t\t\t\t\t\t\t<li class=\"elementor-icon-list-item\">\n\t\t\t\t\t\t\t\t\t\t\t<span class=\"elementor-icon-list-icon\">\n\t\t\t\t\t\t\t<i aria-hidden=\"true\" class=\"far fa-building\"><\/i>\t\t\t\t\t\t<\/span>\n\t\t\t\t\t\t\t\t\t\t<span class=\"elementor-icon-list-text\">12 S\u00e4le<\/span>\n\t\t\t\t\t\t\t\t\t<\/li>\n\t\t\t\t\t\t\t\t<li class=\"elementor-icon-list-item\">\n\t\t\t\t\t\t\t\t\t\t\t<span class=\"elementor-icon-list-icon\">\n\t\t\t\t\t\t\t<i aria-hidden=\"true\" class=\"fas fa-user-friends\"><\/i>\t\t\t\t\t\t<\/span>\n\t\t\t\t\t\t\t\t\t\t<span class=\"elementor-icon-list-text\">1695 Sitzpl\u00e4tze<\/span>\n\t\t\t\t\t\t\t\t\t<\/li>\n\t\t\t\t\t\t\t\t<li class=\"elementor-icon-list-item\">\n\t\t\t\t\t\t\t\t\t\t\t<span class=\"elementor-icon-list-icon\">\n\t\t\t\t\t\t\t<i aria-hidden=\"true\" class=\"fas fa-parking\"><\/i>\t\t\t\t\t\t<\/span>\n\t\t\t\t\t\t\t\t\t\t<span class=\"elementor-icon-list-text\">Parkh\u00e4user<\/span>\n\t\t\t\t\t\t\t\t\t<\/li>\n\t\t\t\t\t\t\t\t<li class=\"elementor-icon-list-item\">\n\t\t\t\t\t\t\t\t\t\t\t<span class=\"elementor-icon-list-icon\">\n\t\t\t\t\t\t\t<i aria-hidden=\"true\" class=\"fas fa-wheelchair\"><\/i>\t\t\t\t\t\t<\/span>\n\t\t\t\t\t\t\t\t\t\t<span class=\"elementor-icon-list-text\">Barrierefrei<\/span>\n\t\t\t\t\t\t\t\t\t<\/li>\n\t\t\t\t\t\t<\/ul>\n\t\t\t\t<\/div>\n\t\t\t\t<\/div>\n\t\t\t\t\t<\/div>\n\t\t<\/div>\n\t\t\t\t\t<\/div>\n\t\t<\/section>\n\t\t\t\t<section class=\"elementor-section elementor-top-section elementor-element elementor-element-bc2680f elementor-section-boxed elementor-section-height-default elementor-section-height-default\" data-id=\"bc2680f\" data-element_type=\"section\">\n\t\t\t\t\t\t<div class=\"elementor-container elementor-column-gap-default\">\n\t\t\t\t\t<div class=\"elementor-column elementor-col-100 elementor-top-column elementor-element elementor-element-abcfe19\" data-id=\"abcfe19\" data-element_type=\"column\">\n\t\t\t<div class=\"elementor-widget-wrap elementor-element-populated\">\n\t\t\t\t\t\t<div class=\"elementor-element elementor-element-4b3c74b elementor-widget-divider--view-line_text elementor-widget-divider--element-align-left elementor-widget elementor-widget-divider\" data-id=\"4b3c74b\" data-element_type=\"widget\" data-widget_type=\"divider.default\">\n\t\t\t\t<div class=\"elementor-widget-container\">\n\t\t\t\t\t<div class=\"elementor-divider\">\n\t\t\t<span class=\"elementor-divider-separator\">\n\t\t\t\t\t\t\t<span class=\"elementor-divider__text elementor-divider__element\">\n\t\t\t\tHier findest du uns\t\t\t\t<\/span>\n\t\t\t\t\t\t<\/span>\n\t\t<\/div>\n\t\t\t\t<\/div>\n\t\t\t\t<\/div>\n\t\t\t\t<div class=\"elementor-element elementor-element-359d1fa elementor-widget elementor-widget-text-editor\" data-id=\"359d1fa\" data-element_type=\"widget\" data-widget_type=\"text-editor.default\">\n\t\t\t\t<div class=\"elementor-widget-container\">\n\t\t\t\t\t\t\t<p>Heinrichstrasse 269, 8005 Z\u00fcrich<\/p>\t\t\t\t\t\t<\/div>\n\t\t\t\t<\/div>\n\t\t\t\t<div class=\"elementor-element elementor-element-040fc0f elementor-widget elementor-widget-google_maps\" data-id=\"040fc0f\" data-element_type=\"widget\" data-widget_type=\"google_maps.default\">\n\t\t\t\t<div class=\"elementor-widget-container\">\n\t\t\t\t\t<div class=\"elementor-custom-embed\">\n\t\t\t<iframe loading=\"lazy\"\n\t\t\t\t\tsrc=\"https:\/\/maps.google.com\/maps?q=Abaton%20Z%C3%BCrich%20Heintrichstreasse%20269%208005%20Z%C3%BCrich&#038;t=m&#038;z=14&#038;output=embed&#038;iwloc=near\"\n\t\t\t\t\ttitle=\"Abaton Z\u00fcrich Heintrichstreasse 269 8005 Z\u00fcrich\"\n\t\t\t\t\taria-label=\"Abaton Z\u00fcrich Heintrichstreasse 269 8005 Z\u00fcrich\"\n\t\t\t><\/iframe>\n\t\t<\/div>\n\t\t\t\t<\/div>\n\t\t\t\t<\/div>\n\t\t\t\t\t<\/div>\n\t\t<\/div>\n\t\t\t\t\t<\/div>\n\t\t<\/section>\n\t\t\t\t<section class=\"elementor-section elementor-top-section elementor-element elementor-element-6c8b0e5 elementor-section-boxed elementor-section-height-default elementor-section-height-default\" data-id=\"6c8b0e5\" data-element_type=\"section\">\n\t\t\t\t\t\t<div class=\"elementor-container elementor-column-gap-default\">\n\t\t\t\t\t<div class=\"elementor-column elementor-col-100 elementor-top-column elementor-element elementor-element-421911b\" data-id=\"421911b\" data-element_type=\"column\">\n\t\t\t<div class=\"elementor-widget-wrap elementor-element-populated\">\n\t\t\t\t\t\t<div class=\"elementor-element elementor-element-cfbd09c elementor-widget elementor-widget-spacer\" data-id=\"cfbd09c\" data-element_type=\"widget\" data-widget_type=\"spacer.default\">\n\t\t\t\t<div class=\"elementor-widget-container\">\n\t\t\t\t\t<div class=\"elementor-spacer\">\n\t\t\t<div class=\"elementor-spacer-inner\"><\/div>\n\t\t<\/div>\n\t\t\t\t<\/div>\n\t\t\t\t<\/div>\n\t\t\t\t\t<\/div>\n\t\t<\/div>\n\t\t\t\t\t<\/div>\n\t\t<\/section>\n\t\t\t\t<\/div>\n\t\t","protected":false},"excerpt":{"rendered":"<p>Z\u00fcrich Abaton Mitten im pulsierenden Westen von Z\u00fcrich, direkt an der Hardbr\u00fccke, zeichnet sich das Abaton durch ganz grosses Kino aus. In den R\u00e4umlichkeiten, bestehend aus 12 S\u00e4len, darunter ein 4DX Kinosaal, haben schon etliche Schweizer Filmpremieren wie James Bond oder Star Wars stattgefunden. Die Ausstattung sowie das exklusive Eventfoyer bieten den idealen Rahmen f\u00fcr [&hellip;]<\/p>\n","protected":false},"author":1,"featured_media":0,"parent":4314,"menu_order":0,"comment_status":"closed","ping_status":"closed","template":"template-parts\/template-page-untitled-full.php","meta":{"_acf_changed":false,"footnotes":""},"acf":[],"yoast_head":"<!-- This site is optimized with the Yoast SEO Premium plugin v20.11 (Yoast SEO v20.12) - https:\/\/yoast.com\/wordpress\/plugins\/seo\/ -->\r\n<title>Abaton Z\u00fcrich: Kino bei Hardbr\u00fccke | blue cinema<\/title>\r\n<meta name=\"description\" content=\"Grosses Kino erleben im Abaton mit 12 S\u00e4len, inklusive eines 4DX Kinosaals und exklusivem Eventfoyer. Kaufe jetzt deine Tickets und geniesse erstklassige Filmvorstellungen.\" \/>\r\n<meta name=\"robots\" content=\"index, follow, max-snippet:-1, max-image-preview:large, max-video-preview:-1\" \/>\r\n<link rel=\"canonical\" href=\"https:\/\/wp-prod.bluecinema.ch\/fr\/cinemas-fr\/zu-abaton\/\" \/>\r\n<meta property=\"og:locale\" content=\"de_DE\" \/>\r\n<meta property=\"og:type\" content=\"article\" \/>\r\n<meta property=\"og:title\" content=\"Abaton Z\u00fcrich: Kino bei Hardbr\u00fccke | blue cinema\" \/>\r\n<meta property=\"og:description\" content=\"Grosses Kino erleben im Abaton mit 12 S\u00e4len, inklusive eines 4DX Kinosaals und exklusivem Eventfoyer. Kaufe jetzt deine Tickets und geniesse erstklassige Filmvorstellungen.\" \/>\r\n<meta property=\"og:url\" content=\"https:\/\/wp-prod.bluecinema.ch\/fr\/cinemas-fr\/zu-abaton\/\" \/>\r\n<meta property=\"og:site_name\" content=\"blue Cinema\" \/>\r\n<meta property=\"article:modified_time\" content=\"2024-02-07T12:45:56+00:00\" \/>\r\n<meta name=\"twitter:card\" content=\"summary_large_image\" \/>\r\n<meta name=\"twitter:label1\" content=\"Est. reading time\" \/>\n\t<meta name=\"twitter:data1\" content=\"1 minute\" \/>\r\n<script type=\"application\/ld+json\" class=\"yoast-schema-graph\">{\"@context\":\"https:\/\/schema.org\",\"@graph\":[{\"@type\":\"WebPage\",\"@id\":\"https:\/\/wp-prod.bluecinema.ch\/fr\/cinemas-fr\/zu-abaton\/\",\"url\":\"https:\/\/wp-prod.bluecinema.ch\/fr\/cinemas-fr\/zu-abaton\/\",\"name\":\"Abaton Z\u00fcrich: Kino bei Hardbr\u00fccke | blue cinema\",\"isPartOf\":{\"@id\":\"https:\/\/wp-prod.bluecinema.ch\/en\/#website\"},\"datePublished\":\"2021-08-19T09:50:51+00:00\",\"dateModified\":\"2024-02-07T12:45:56+00:00\",\"description\":\"Grosses Kino erleben im Abaton mit 12 S\u00e4len, inklusive eines 4DX Kinosaals und exklusivem Eventfoyer. Kaufe jetzt deine Tickets und geniesse erstklassige Filmvorstellungen.\",\"breadcrumb\":{\"@id\":\"https:\/\/wp-prod.bluecinema.ch\/fr\/cinemas-fr\/zu-abaton\/#breadcrumb\"},\"inLanguage\":\"de-CH\",\"potentialAction\":[{\"@type\":\"ReadAction\",\"target\":[\"https:\/\/wp-prod.bluecinema.ch\/fr\/cinemas-fr\/zu-abaton\/\"]}]},{\"@type\":\"BreadcrumbList\",\"@id\":\"https:\/\/wp-prod.bluecinema.ch\/fr\/cinemas-fr\/zu-abaton\/#breadcrumb\",\"itemListElement\":[{\"@type\":\"ListItem\",\"position\":1,\"name\":\"Cinemas-DE\",\"item\":\"https:\/\/wp-prod.bluecinema.ch\/fr\/cinemas-fr\/\"},{\"@type\":\"ListItem\",\"position\":2,\"name\":\"Zurich Abaton\"}]},{\"@type\":\"WebSite\",\"@id\":\"https:\/\/wp-prod.bluecinema.ch\/en\/#website\",\"url\":\"https:\/\/wp-prod.bluecinema.ch\/en\/\",\"name\":\"blue Cinema\",\"description\":\"\",\"potentialAction\":[{\"@type\":\"SearchAction\",\"target\":{\"@type\":\"EntryPoint\",\"urlTemplate\":\"https:\/\/wp-prod.bluecinema.ch\/en\/?s={search_term_string}\"},\"query-input\":\"required name=search_term_string\"}],\"inLanguage\":\"de-CH\"}]}<\/script>\r\n<!-- \/ Yoast SEO Premium plugin. -->","yoast_head_json":{"title":"Abaton Z\u00fcrich: Kino bei Hardbr\u00fccke | blue cinema","description":"Grosses Kino erleben im Abaton mit 12 S\u00e4len, inklusive eines 4DX Kinosaals und exklusivem Eventfoyer. Kaufe jetzt deine Tickets und geniesse erstklassige Filmvorstellungen.","robots":{"index":"index","follow":"follow","max-snippet":"max-snippet:-1","max-image-preview":"max-image-preview:large","max-video-preview":"max-video-preview:-1"},"canonical":"https:\/\/wp-prod.bluecinema.ch\/fr\/cinemas-fr\/zu-abaton\/","og_locale":"de_DE","og_type":"article","og_title":"Abaton Z\u00fcrich: Kino bei Hardbr\u00fccke | blue cinema","og_description":"Grosses Kino erleben im Abaton mit 12 S\u00e4len, inklusive eines 4DX Kinosaals und exklusivem Eventfoyer. Kaufe jetzt deine Tickets und geniesse erstklassige Filmvorstellungen.","og_url":"https:\/\/wp-prod.bluecinema.ch\/fr\/cinemas-fr\/zu-abaton\/","og_site_name":"blue Cinema","article_modified_time":"2024-02-07T12:45:56+00:00","twitter_card":"summary_large_image","twitter_misc":{"Est. reading time":"1 minute"},"schema":{"@context":"https:\/\/schema.org","@graph":[{"@type":"WebPage","@id":"https:\/\/wp-prod.bluecinema.ch\/fr\/cinemas-fr\/zu-abaton\/","url":"https:\/\/wp-prod.bluecinema.ch\/fr\/cinemas-fr\/zu-abaton\/","name":"Abaton Z\u00fcrich: Kino bei Hardbr\u00fccke | blue cinema","isPartOf":{"@id":"https:\/\/wp-prod.bluecinema.ch\/en\/#website"},"datePublished":"2021-08-19T09:50:51+00:00","dateModified":"2024-02-07T12:45:56+00:00","description":"Grosses Kino erleben im Abaton mit 12 S\u00e4len, inklusive eines 4DX Kinosaals und exklusivem Eventfoyer. Kaufe jetzt deine Tickets und geniesse erstklassige Filmvorstellungen.","breadcrumb":{"@id":"https:\/\/wp-prod.bluecinema.ch\/fr\/cinemas-fr\/zu-abaton\/#breadcrumb"},"inLanguage":"de-CH","potentialAction":[{"@type":"ReadAction","target":["https:\/\/wp-prod.bluecinema.ch\/fr\/cinemas-fr\/zu-abaton\/"]}]},{"@type":"BreadcrumbList","@id":"https:\/\/wp-prod.bluecinema.ch\/fr\/cinemas-fr\/zu-abaton\/#breadcrumb","itemListElement":[{"@type":"ListItem","position":1,"name":"Cinemas-DE","item":"https:\/\/wp-prod.bluecinema.ch\/fr\/cinemas-fr\/"},{"@type":"ListItem","position":2,"name":"Zurich Abaton"}]},{"@type":"WebSite","@id":"https:\/\/wp-prod.bluecinema.ch\/en\/#website","url":"https:\/\/wp-prod.bluecinema.ch\/en\/","name":"blue Cinema","description":"","potentialAction":[{"@type":"SearchAction","target":{"@type":"EntryPoint","urlTemplate":"https:\/\/wp-prod.bluecinema.ch\/en\/?s={search_term_string}"},"query-input":"required name=search_term_string"}],"inLanguage":"de-CH"}]}},"_links":{"self":[{"href":"https:\/\/wp-prod.bluecinema.ch\/de\/wp-json\/wp\/v2\/pages\/17394"}],"collection":[{"href":"https:\/\/wp-prod.bluecinema.ch\/de\/wp-json\/wp\/v2\/pages"}],"about":[{"href":"https:\/\/wp-prod.bluecinema.ch\/de\/wp-json\/wp\/v2\/types\/page"}],"author":[{"embeddable":true,"href":"https:\/\/wp-prod.bluecinema.ch\/de\/wp-json\/wp\/v2\/users\/1"}],"replies":[{"embeddable":true,"href":"https:\/\/wp-prod.bluecinema.ch\/de\/wp-json\/wp\/v2\/comments?post=17394"}],"version-history":[{"count":9,"href":"https:\/\/wp-prod.bluecinema.ch\/de\/wp-json\/wp\/v2\/pages\/17394\/revisions"}],"predecessor-version":[{"id":37455,"href":"https:\/\/wp-prod.bluecinema.ch\/de\/wp-json\/wp\/v2\/pages\/17394\/revisions\/37455"}],"up":[{"embeddable":true,"href":"https:\/\/wp-prod.bluecinema.ch\/de\/wp-json\/wp\/v2\/pages\/4314"}],"wp:attachment":[{"href":"https:\/\/wp-prod.bluecinema.ch\/de\/wp-json\/wp\/v2\/media?parent=17394"}],"curies":[{"name":"wp","href":"https:\/\/api.w.org\/{rel}","templated":true}]}}