{"id":19231,"date":"2022-07-17T11:57:14","date_gmt":"2022-07-17T11:57:14","guid":{"rendered":"https:\/\/wp-prod.bluecinema.ch\/?page_id=19231"},"modified":"2024-02-27T09:11:45","modified_gmt":"2024-02-27T09:11:45","slug":"jobs","status":"publish","type":"page","link":"https:\/\/wp-prod.bluecinema.ch\/de\/jobs\/","title":{"rendered":"Jobs bei blue Cinema"},"content":{"rendered":"\t\t<div data-elementor-type=\"wp-page\" data-elementor-id=\"19231\" class=\"elementor elementor-19231\" data-elementor-post-type=\"page\">\n\t\t\t\t\t\t<section class=\"elementor-section elementor-top-section elementor-element elementor-element-6c35984 elementor-section-height-min-height elementor-section-items-stretch elementor-section-stretched elementor-section-content-middle elementor-reverse-mobile elementor-section-boxed elementor-section-height-default\" data-id=\"6c35984\" data-element_type=\"section\" data-settings=\"{&quot;stretch_section&quot;:&quot;section-stretched&quot;,&quot;background_background&quot;:&quot;classic&quot;}\">\n\t\t\t\t\t\t\t<div class=\"elementor-background-overlay\"><\/div>\n\t\t\t\t\t\t\t<div class=\"elementor-container elementor-column-gap-no\">\n\t\t\t\t\t<div class=\"elementor-column elementor-col-100 elementor-top-column elementor-element elementor-element-1f67a88\" data-id=\"1f67a88\" data-element_type=\"column\">\n\t\t\t<div class=\"elementor-widget-wrap elementor-element-populated\">\n\t\t\t\t\t\t<div class=\"elementor-element elementor-element-fb92c1a elementor-widget__width-initial elementor-widget elementor-widget-image\" data-id=\"fb92c1a\" data-element_type=\"widget\" data-widget_type=\"image.default\">\n\t\t\t\t<div class=\"elementor-widget-container\">\n\t\t\t\t\t\t\t\t\t\t\t\t\t<img fetchpriority=\"high\" decoding=\"async\" width=\"2080\" height=\"800\" src=\"https:\/\/wp-prod.bluecinema.ch\/app\/uploads\/2024\/02\/Kinomitarbeiter_Daumen_Hoch.png\" class=\"attachment-full size-full wp-image-42937\" alt=\"Zwei blue cinema Mitarbeiter geben ein positives Zeichen mit einem Daumen hoch.\" srcset=\"https:\/\/wp-prod.bluecinema.ch\/app\/uploads\/2024\/02\/Kinomitarbeiter_Daumen_Hoch.png 2080w, https:\/\/wp-prod.bluecinema.ch\/app\/uploads\/2024\/02\/Kinomitarbeiter_Daumen_Hoch-300x115.png 300w, https:\/\/wp-prod.bluecinema.ch\/app\/uploads\/2024\/02\/Kinomitarbeiter_Daumen_Hoch-1024x394.png 1024w, https:\/\/wp-prod.bluecinema.ch\/app\/uploads\/2024\/02\/Kinomitarbeiter_Daumen_Hoch-768x295.png 768w, https:\/\/wp-prod.bluecinema.ch\/app\/uploads\/2024\/02\/Kinomitarbeiter_Daumen_Hoch-1536x591.png 1536w, https:\/\/wp-prod.bluecinema.ch\/app\/uploads\/2024\/02\/Kinomitarbeiter_Daumen_Hoch-2048x788.png 2048w, https:\/\/wp-prod.bluecinema.ch\/app\/uploads\/2024\/02\/Kinomitarbeiter_Daumen_Hoch-460x177.png 460w, https:\/\/wp-prod.bluecinema.ch\/app\/uploads\/2024\/02\/Kinomitarbeiter_Daumen_Hoch-1664x640.png 1664w\" sizes=\"(max-width: 2080px) 100vw, 2080px\" \/>\t\t\t\t\t\t\t\t\t\t\t\t\t<\/div>\n\t\t\t\t<\/div>\n\t\t\t\t\t<\/div>\n\t\t<\/div>\n\t\t\t\t\t<\/div>\n\t\t<\/section>\n\t\t\t\t<section class=\"elementor-section elementor-top-section elementor-element elementor-element-b583063 elementor-section-boxed elementor-section-height-default elementor-section-height-default\" data-id=\"b583063\" data-element_type=\"section\">\n\t\t\t\t\t\t<div class=\"elementor-container elementor-column-gap-default\">\n\t\t\t\t\t<div class=\"elementor-column elementor-col-100 elementor-top-column elementor-element elementor-element-271c605\" data-id=\"271c605\" data-element_type=\"column\">\n\t\t\t<div class=\"elementor-widget-wrap elementor-element-populated\">\n\t\t\t\t\t\t<div class=\"elementor-element elementor-element-70d820a elementor-widget__width-inherit elementor-widget elementor-widget-text-editor\" data-id=\"70d820a\" data-element_type=\"widget\" data-widget_type=\"text-editor.default\">\n\t\t\t\t<div class=\"elementor-widget-container\">\n\t\t\t\t\t\t\t<h1 style=\"text-align: center;\">Jobs bei blue Cinema<\/h1><h4 style=\"text-align: center;\">Wir suchen dich<\/h4>\t\t\t\t\t\t<\/div>\n\t\t\t\t<\/div>\n\t\t\t\t<div class=\"elementor-element elementor-element-0d320e8 elementor-widget elementor-widget-text-editor\" data-id=\"0d320e8\" data-element_type=\"widget\" data-widget_type=\"text-editor.default\">\n\t\t\t\t<div class=\"elementor-widget-container\">\n\t\t\t\t\t\t\t<h3 style=\"text-align: center;\"><span style=\"color: #ffffff;\">Bist du Kinofan?<\/span><\/h3><h5 style=\"text-align: center;\"><span style=\"color: #808080;\">Dann bist du in der Kinowelt bei blue Cinema genau richtig. Jeden Tag bist du nah dran an den Menschen, die ins Kino gehen &#8211; und den besten Filmen. Unser Ziel ist es den Kinobesuchern ein erstklassigen Service zu bieten. <\/span><\/h5><h5 style=\"text-align: center;\"><span style=\"color: #808080;\">Unsere Teams in den Kinos und die neueste Technologie sorgen f\u00fcr tolle Kinoerlebnisse. Und du kannst das als Teil unseres Teams m\u00f6glich machen. Wir bieten dir eine abwechslungsreiche T\u00e4tigkeit und gute Entwicklungsm\u00f6glichkeiten.<\/span><\/h5>\t\t\t\t\t\t<\/div>\n\t\t\t\t<\/div>\n\t\t\t\t<div class=\"elementor-element elementor-element-daa290d elementor-align-left elementor-widget__width-auto elementor-mobile-align-justify elementor-widget-mobile__width-inherit elementor-widget elementor-widget-button\" data-id=\"daa290d\" data-element_type=\"widget\" data-widget_type=\"button.default\">\n\t\t\t\t<div class=\"elementor-widget-container\">\n\t\t\t\t\t<div class=\"elementor-button-wrapper\">\n\t\t\t<a class=\"elementor-button elementor-button-link elementor-size-sm\" href=\"https:\/\/www.blueplus.ch\/de\/jobs\">\n\t\t\t\t\t\t<span class=\"elementor-button-content-wrapper\">\n\t\t\t\t\t\t\t\t\t<span class=\"elementor-button-text\">Zu den offenen Stellen<\/span>\n\t\t\t\t\t<\/span>\n\t\t\t\t\t<\/a>\n\t\t<\/div>\n\t\t\t\t<\/div>\n\t\t\t\t<\/div>\n\t\t\t\t\t<\/div>\n\t\t<\/div>\n\t\t\t\t\t<\/div>\n\t\t<\/section>\n\t\t\t\t<section class=\"elementor-section elementor-top-section elementor-element elementor-element-74f3a55 elementor-section-boxed elementor-section-height-default elementor-section-height-default\" data-id=\"74f3a55\" data-element_type=\"section\">\n\t\t\t\t\t\t<div class=\"elementor-container elementor-column-gap-default\">\n\t\t\t\t\t<div class=\"elementor-column elementor-col-100 elementor-top-column elementor-element elementor-element-ca4b3e1\" data-id=\"ca4b3e1\" data-element_type=\"column\">\n\t\t\t<div class=\"elementor-widget-wrap elementor-element-populated\">\n\t\t\t\t\t\t<div class=\"elementor-element elementor-element-573fefd elementor-widget elementor-widget-spacer\" data-id=\"573fefd\" data-element_type=\"widget\" data-widget_type=\"spacer.default\">\n\t\t\t\t<div class=\"elementor-widget-container\">\n\t\t\t\t\t<div class=\"elementor-spacer\">\n\t\t\t<div class=\"elementor-spacer-inner\"><\/div>\n\t\t<\/div>\n\t\t\t\t<\/div>\n\t\t\t\t<\/div>\n\t\t\t\t\t<\/div>\n\t\t<\/div>\n\t\t\t\t\t<\/div>\n\t\t<\/section>\n\t\t\t\t<section class=\"elementor-section elementor-top-section elementor-element elementor-element-b014216 elementor-section-boxed elementor-section-height-default elementor-section-height-default\" data-id=\"b014216\" data-element_type=\"section\">\n\t\t\t\t\t\t<div class=\"elementor-container elementor-column-gap-default\">\n\t\t\t\t\t<div class=\"elementor-column elementor-col-100 elementor-top-column elementor-element elementor-element-13ad090\" data-id=\"13ad090\" data-element_type=\"column\">\n\t\t\t<div class=\"elementor-widget-wrap elementor-element-populated\">\n\t\t\t\t\t\t<div class=\"elementor-element elementor-element-d44d625 elementor-widget-divider--view-line elementor-widget elementor-widget-divider\" data-id=\"d44d625\" data-element_type=\"widget\" data-widget_type=\"divider.default\">\n\t\t\t\t<div class=\"elementor-widget-container\">\n\t\t\t\t\t<div class=\"elementor-divider\">\n\t\t\t<span class=\"elementor-divider-separator\">\n\t\t\t\t\t\t<\/span>\n\t\t<\/div>\n\t\t\t\t<\/div>\n\t\t\t\t<\/div>\n\t\t\t\t<div class=\"elementor-element elementor-element-f7315f2 elementor-widget elementor-widget-text-editor\" data-id=\"f7315f2\" data-element_type=\"widget\" data-widget_type=\"text-editor.default\">\n\t\t\t\t<div class=\"elementor-widget-container\">\n\t\t\t\t\t\t\t<p><span style=\"color: #ffffff;\">Was dich als Allrounder*in und im Bar- und Bowlingbereich <\/span><\/p><p><span style=\"color: #ffffff;\">bei uns erwartet<\/span><\/p>\t\t\t\t\t\t<\/div>\n\t\t\t\t<\/div>\n\t\t\t\t\t<\/div>\n\t\t<\/div>\n\t\t\t\t\t<\/div>\n\t\t<\/section>\n\t\t\t\t<section class=\"elementor-section elementor-top-section elementor-element elementor-element-702455c elementor-section-boxed elementor-section-height-default elementor-section-height-default\" data-id=\"702455c\" data-element_type=\"section\" data-settings=\"{&quot;background_background&quot;:&quot;classic&quot;}\">\n\t\t\t\t\t\t<div class=\"elementor-container elementor-column-gap-default\">\n\t\t\t\t\t<div class=\"elementor-column elementor-col-50 elementor-top-column elementor-element elementor-element-17a4629\" data-id=\"17a4629\" data-element_type=\"column\" data-settings=\"{&quot;background_background&quot;:&quot;classic&quot;}\">\n\t\t\t<div class=\"elementor-widget-wrap elementor-element-populated\">\n\t\t\t\t\t\t<div class=\"elementor-element elementor-element-2865866 elementor-widget__width-auto elementor-widget elementor-widget-image\" data-id=\"2865866\" data-element_type=\"widget\" data-widget_type=\"image.default\">\n\t\t\t\t<div class=\"elementor-widget-container\">\n\t\t\t\t\t\t\t\t\t\t\t\t\t<img decoding=\"async\" width=\"1000\" height=\"1000\" src=\"https:\/\/wp-prod.bluecinema.ch\/app\/uploads\/2024\/02\/Kinomitarbeiter_Popcorn.jpg\" class=\"attachment-full size-full wp-image-42955\" alt=\"L\u00e4chelnder Mitarbeiter im blue cinema h\u00e4lt ein Tablett mit Popcorn bereit.\" srcset=\"https:\/\/wp-prod.bluecinema.ch\/app\/uploads\/2024\/02\/Kinomitarbeiter_Popcorn.jpg 1000w, https:\/\/wp-prod.bluecinema.ch\/app\/uploads\/2024\/02\/Kinomitarbeiter_Popcorn-300x300.jpg 300w, https:\/\/wp-prod.bluecinema.ch\/app\/uploads\/2024\/02\/Kinomitarbeiter_Popcorn-150x150.jpg 150w, https:\/\/wp-prod.bluecinema.ch\/app\/uploads\/2024\/02\/Kinomitarbeiter_Popcorn-768x768.jpg 768w, https:\/\/wp-prod.bluecinema.ch\/app\/uploads\/2024\/02\/Kinomitarbeiter_Popcorn-460x460.jpg 460w, https:\/\/wp-prod.bluecinema.ch\/app\/uploads\/2024\/02\/Kinomitarbeiter_Popcorn-640x640.jpg 640w\" sizes=\"(max-width: 1000px) 100vw, 1000px\" \/>\t\t\t\t\t\t\t\t\t\t\t\t\t<\/div>\n\t\t\t\t<\/div>\n\t\t\t\t\t<\/div>\n\t\t<\/div>\n\t\t\t\t<div class=\"elementor-column elementor-col-50 elementor-top-column elementor-element elementor-element-5008d1e\" data-id=\"5008d1e\" data-element_type=\"column\">\n\t\t\t<div class=\"elementor-widget-wrap elementor-element-populated\">\n\t\t\t\t\t\t<div class=\"elementor-element elementor-element-393a1b7 elementor-widget elementor-widget-text-editor\" data-id=\"393a1b7\" data-element_type=\"widget\" data-widget_type=\"text-editor.default\">\n\t\t\t\t<div class=\"elementor-widget-container\">\n\t\t\t\t\t\t\t<h2><span style=\"color: #ffffff; letter-spacing: -0.6px;\">Allrounder*in\u00a0<\/span><\/h2><p style=\"color: #d6d6d6; font-weight: var( --e-global-typography-de51592-font-weight ); line-height: var( --e-global-typography-de51592-line-height ); font-size: var( --e-global-typography-de51592-font-size ); letter-spacing: var( --e-global-typography-de51592-letter-spacing );\"><span style=\"color: #999999;\">Action, Spannung und Spass? &#8211; ein neuer Blockbuster? Was sich wie ein Kinofilm anh\u00f6rt, ist ein ganz normaler Tag bei deiner T\u00e4tigkeit als Allrounder*in in unseren blue Cinema Kinos.\u00a0<\/span><\/p>\t\t\t\t\t\t<\/div>\n\t\t\t\t<\/div>\n\t\t\t\t<div class=\"elementor-element elementor-element-0962065 elementor-widget elementor-widget-text-editor\" data-id=\"0962065\" data-element_type=\"widget\" data-widget_type=\"text-editor.default\">\n\t\t\t\t<div class=\"elementor-widget-container\">\n\t\t\t\t\t\t\t<h3><span style=\"color: #ffffff;\"><span style=\"font-size: 18px; letter-spacing: -0.1px;\">Das sind deine T\u00e4tigkeiten<\/span><\/span><\/h3><p style=\"font-weight: var( --e-global-typography-de51592-font-weight ); line-height: var( --e-global-typography-de51592-line-height ); font-size: var( --e-global-typography-de51592-font-size ); letter-spacing: var( --e-global-typography-de51592-letter-spacing ); font-family: TheSans, TheSans; word-spacing: 0px;\"><span style=\"color: #999999; font-size: var( --e-global-typography-de51592-font-size ); font-weight: var( --e-global-typography-de51592-font-weight ); letter-spacing: var( --e-global-typography-de51592-letter-spacing ); font-style: var( --e-global-typography-6d7606e-font-style ); text-transform: var( --e-global-typography-6d7606e-text-transform );\">Du ber\u00e4tst unsere Kinobesucher\u00a0 kompetent in allen Fragen rum ums Kino und verkaufst ihnen Tickets, blue Cinema Club Abonnements, Bowling, Gutscheine und Kioskartikel \u00fcber unser modernes Kassensystem.\u00a0<\/span><\/p><p style=\"font-weight: var( --e-global-typography-de51592-font-weight ); line-height: var( --e-global-typography-de51592-line-height ); font-size: var( --e-global-typography-de51592-font-size ); letter-spacing: var( --e-global-typography-de51592-letter-spacing ); font-family: TheSans, TheSans; word-spacing: 0px;\"><span style=\"color: #999999;\">Beim Saaleinlass kontrollierst du die Tickets der Besucher und weist sie zu ihren Pl\u00e4tzen.\u00a0<\/span><span style=\"color: #999999; font-size: var( --e-global-typography-de51592-font-size ); font-style: var( --e-global-typography-6d7606e-font-style ); font-weight: var( --e-global-typography-de51592-font-weight ); letter-spacing: var( --e-global-typography-de51592-letter-spacing ); text-transform: var( --e-global-typography-6d7606e-text-transform );\">Zwischen den Vorstellungen sorgst du daf\u00fcr, dass auch die n\u00e4chsten Besucher ein sauberes Foyer und Kinos\u00e4le vorfinden.\u00a0<\/span><\/p>\t\t\t\t\t\t<\/div>\n\t\t\t\t<\/div>\n\t\t\t\t\t<\/div>\n\t\t<\/div>\n\t\t\t\t\t<\/div>\n\t\t<\/section>\n\t\t\t\t<section class=\"elementor-section elementor-top-section elementor-element elementor-element-2beb439 elementor-section-boxed elementor-section-height-default elementor-section-height-default\" data-id=\"2beb439\" data-element_type=\"section\">\n\t\t\t\t\t\t<div class=\"elementor-container elementor-column-gap-default\">\n\t\t\t\t\t<div class=\"elementor-column elementor-col-100 elementor-top-column elementor-element elementor-element-f5a3263\" data-id=\"f5a3263\" data-element_type=\"column\">\n\t\t\t<div class=\"elementor-widget-wrap elementor-element-populated\">\n\t\t\t\t\t\t<div class=\"elementor-element elementor-element-8b8e5ea elementor-widget-divider--view-line elementor-widget elementor-widget-divider\" data-id=\"8b8e5ea\" data-element_type=\"widget\" data-widget_type=\"divider.default\">\n\t\t\t\t<div class=\"elementor-widget-container\">\n\t\t\t\t\t<div class=\"elementor-divider\">\n\t\t\t<span class=\"elementor-divider-separator\">\n\t\t\t\t\t\t<\/span>\n\t\t<\/div>\n\t\t\t\t<\/div>\n\t\t\t\t<\/div>\n\t\t\t\t\t<\/div>\n\t\t<\/div>\n\t\t\t\t\t<\/div>\n\t\t<\/section>\n\t\t\t\t<section class=\"elementor-section elementor-top-section elementor-element elementor-element-787ab02 elementor-section-boxed elementor-section-height-default elementor-section-height-default\" data-id=\"787ab02\" data-element_type=\"section\" data-settings=\"{&quot;background_background&quot;:&quot;classic&quot;}\">\n\t\t\t\t\t\t<div class=\"elementor-container elementor-column-gap-default\">\n\t\t\t\t\t<div class=\"elementor-column elementor-col-50 elementor-top-column elementor-element elementor-element-eebcfc3\" data-id=\"eebcfc3\" data-element_type=\"column\">\n\t\t\t<div class=\"elementor-widget-wrap elementor-element-populated\">\n\t\t\t\t\t\t<div class=\"elementor-element elementor-element-0e44181 elementor-widget elementor-widget-text-editor\" data-id=\"0e44181\" data-element_type=\"widget\" data-widget_type=\"text-editor.default\">\n\t\t\t\t<div class=\"elementor-widget-container\">\n\t\t\t\t\t\t\t<h2><span style=\"color: #ffffff; letter-spacing: -0.6px;\">Mitarbeiter*in Bowling und Bar<\/span><\/h2><p style=\"color: #d6d6d6; font-weight: var( --e-global-typography-de51592-font-weight ); line-height: var( --e-global-typography-de51592-line-height ); font-size: var( --e-global-typography-de51592-font-size ); letter-spacing: var( --e-global-typography-de51592-letter-spacing );\"><span style=\"color: #999999;\">Strikes und Drinks sind genau dein Ding?\u00a0<\/span><span style=\"color: #999999; font-size: var( --e-global-typography-de51592-font-size ); font-style: var( --e-global-typography-6d7606e-font-style ); font-weight: var( --e-global-typography-de51592-font-weight ); letter-spacing: var( --e-global-typography-de51592-letter-spacing ); text-transform: var( --e-global-typography-6d7606e-text-transform ); word-spacing: var( --e-global-typography-6d7606e-word-spacing );\">Dann unterst\u00fctze unser Team an der Bar und beim Bowling.<\/span><\/p>\t\t\t\t\t\t<\/div>\n\t\t\t\t<\/div>\n\t\t\t\t<div class=\"elementor-element elementor-element-919a3c9 elementor-widget elementor-widget-text-editor\" data-id=\"919a3c9\" data-element_type=\"widget\" data-widget_type=\"text-editor.default\">\n\t\t\t\t<div class=\"elementor-widget-container\">\n\t\t\t\t\t\t\t<h3><span style=\"color: #ffffff;\"><span style=\"font-size: 18px; letter-spacing: -0.1px;\">Das erwartet dich<\/span><\/span><\/h3><h5><span style=\"color: #999999;\">Du bist zust\u00e4ndig f\u00fcr den Verkauf von Bowling , Gutscheinen, Snacks und Getr\u00e4nken. Du sorgst f\u00fcr eine ansprechende Pr\u00e4sentation unserer Produkte und kennst dich mit Warenbewirtschaftung aus.<\/span><\/h5><h5><span style=\"color: #999999;\">Berufserfahrung im Barbereich ist von Vorteil &#8211;\u00a0 du weisst, wie Cocktails und Drinks zubereitet werden. Und unsere G\u00e4ste sp\u00fcren deine Leidenschaft als Barkeeper*in.<\/span><\/h5><h5><span style=\"color: #999999;\">Bereit f\u00fcr unser Team? <\/span><span style=\"color: #999999;\">Dann bewirb dich jetzt!<\/span><\/h5>\t\t\t\t\t\t<\/div>\n\t\t\t\t<\/div>\n\t\t\t\t\t<\/div>\n\t\t<\/div>\n\t\t\t\t<div class=\"elementor-column elementor-col-50 elementor-top-column elementor-element elementor-element-7789bdb\" data-id=\"7789bdb\" data-element_type=\"column\">\n\t\t\t<div class=\"elementor-widget-wrap elementor-element-populated\">\n\t\t\t\t\t\t<div class=\"elementor-element elementor-element-146c2e4 elementor-widget__width-auto elementor-widget elementor-widget-image\" data-id=\"146c2e4\" data-element_type=\"widget\" data-widget_type=\"image.default\">\n\t\t\t\t<div class=\"elementor-widget-container\">\n\t\t\t\t\t\t\t\t\t\t\t\t\t<img decoding=\"async\" width=\"1000\" height=\"1000\" src=\"https:\/\/wp-prod.bluecinema.ch\/app\/uploads\/2024\/02\/Kinomitarbeiterin-3.jpg\" class=\"attachment-large size-large wp-image-45730\" alt=\"Ein Teammitglied im blue cinema bei der Registrierung einer Buchung am Check-In Schalter.\" srcset=\"https:\/\/wp-prod.bluecinema.ch\/app\/uploads\/2024\/02\/Kinomitarbeiterin-3.jpg 1000w, https:\/\/wp-prod.bluecinema.ch\/app\/uploads\/2024\/02\/Kinomitarbeiterin-3-300x300.jpg 300w, https:\/\/wp-prod.bluecinema.ch\/app\/uploads\/2024\/02\/Kinomitarbeiterin-3-150x150.jpg 150w, https:\/\/wp-prod.bluecinema.ch\/app\/uploads\/2024\/02\/Kinomitarbeiterin-3-768x768.jpg 768w, https:\/\/wp-prod.bluecinema.ch\/app\/uploads\/2024\/02\/Kinomitarbeiterin-3-460x460.jpg 460w, https:\/\/wp-prod.bluecinema.ch\/app\/uploads\/2024\/02\/Kinomitarbeiterin-3-640x640.jpg 640w\" sizes=\"(max-width: 1000px) 100vw, 1000px\" \/>\t\t\t\t\t\t\t\t\t\t\t\t\t<\/div>\n\t\t\t\t<\/div>\n\t\t\t\t\t<\/div>\n\t\t<\/div>\n\t\t\t\t\t<\/div>\n\t\t<\/section>\n\t\t\t\t<section class=\"elementor-section elementor-top-section elementor-element elementor-element-a100892 elementor-section-boxed elementor-section-height-default elementor-section-height-default\" data-id=\"a100892\" data-element_type=\"section\">\n\t\t\t\t\t\t<div class=\"elementor-container elementor-column-gap-default\">\n\t\t\t\t\t<div class=\"elementor-column elementor-col-100 elementor-top-column elementor-element elementor-element-61ba6e2\" data-id=\"61ba6e2\" data-element_type=\"column\">\n\t\t\t<div class=\"elementor-widget-wrap elementor-element-populated\">\n\t\t\t\t\t\t<div class=\"elementor-element elementor-element-8ca108f elementor-widget elementor-widget-spacer\" data-id=\"8ca108f\" data-element_type=\"widget\" data-widget_type=\"spacer.default\">\n\t\t\t\t<div class=\"elementor-widget-container\">\n\t\t\t\t\t<div class=\"elementor-spacer\">\n\t\t\t<div class=\"elementor-spacer-inner\"><\/div>\n\t\t<\/div>\n\t\t\t\t<\/div>\n\t\t\t\t<\/div>\n\t\t\t\t\t<\/div>\n\t\t<\/div>\n\t\t\t\t\t<\/div>\n\t\t<\/section>\n\t\t\t\t<\/div>\n\t\t","protected":false},"excerpt":{"rendered":"<p>Jobs bei blue Cinema Wir suchen dich Bist du Kinofan? Dann bist du in der Kinowelt bei blue Cinema genau richtig. Jeden Tag bist du nah dran an den Menschen, die ins Kino gehen &#8211; und den besten Filmen. Unser Ziel ist es den Kinobesuchern ein erstklassigen Service zu bieten. Unsere Teams in den Kinos [&hellip;]<\/p>\n","protected":false},"author":3,"featured_media":0,"parent":0,"menu_order":0,"comment_status":"closed","ping_status":"closed","template":"template-parts\/template-page-untitled-canvas.php","meta":{"_acf_changed":false,"footnotes":""},"acf":[],"yoast_head":"<!-- This site is optimized with the Yoast SEO Premium plugin v20.11 (Yoast SEO v20.12) - https:\/\/yoast.com\/wordpress\/plugins\/seo\/ -->\r\n<title>Jobs und Karrierem\u00f6glichkeiten bei blue Cinema | blue Cinema<\/title>\r\n<meta name=\"description\" content=\"Entdecke Karrierem\u00f6glichkeiten bei uns. Werde Teil unseres Teams und gestalte die Zukunft von blue Cinema mit. Jetzt bewerben!\" \/>\r\n<meta name=\"robots\" content=\"index, follow, max-snippet:-1, max-image-preview:large, max-video-preview:-1\" \/>\r\n<link rel=\"canonical\" href=\"https:\/\/wp-prod.bluecinema.ch\/fr\/emplois-chez-blue-cinema\/\" \/>\r\n<meta property=\"og:locale\" content=\"de_DE\" \/>\r\n<meta property=\"og:type\" content=\"article\" \/>\r\n<meta property=\"og:title\" content=\"Jobs und Karrierem\u00f6glichkeiten bei blue Cinema | blue Cinema\" \/>\r\n<meta property=\"og:description\" content=\"Entdecke Karrierem\u00f6glichkeiten bei uns. Werde Teil unseres Teams und gestalte die Zukunft von blue Cinema mit. Jetzt bewerben!\" \/>\r\n<meta property=\"og:url\" content=\"https:\/\/wp-prod.bluecinema.ch\/fr\/emplois-chez-blue-cinema\/\" \/>\r\n<meta property=\"og:site_name\" content=\"blue Cinema\" \/>\r\n<meta property=\"article:modified_time\" content=\"2024-02-27T09:11:45+00:00\" \/>\r\n<meta property=\"og:image\" content=\"https:\/\/wp-prod.bluecinema.ch\/app\/uploads\/2024\/02\/Kinomitarbeiter_Daumen_Hoch.png\" \/>\r\n<meta name=\"twitter:card\" content=\"summary_large_image\" \/>\r\n<meta name=\"twitter:label1\" content=\"Est. reading time\" \/>\n\t<meta name=\"twitter:data1\" content=\"3 minutes\" \/>\r\n<script type=\"application\/ld+json\" class=\"yoast-schema-graph\">{\"@context\":\"https:\/\/schema.org\",\"@graph\":[{\"@type\":\"WebPage\",\"@id\":\"https:\/\/wp-prod.bluecinema.ch\/fr\/emplois-chez-blue-cinema\/\",\"url\":\"https:\/\/wp-prod.bluecinema.ch\/fr\/emplois-chez-blue-cinema\/\",\"name\":\"Jobs und Karrierem\u00f6glichkeiten bei blue Cinema | blue Cinema\",\"isPartOf\":{\"@id\":\"https:\/\/wp-prod.bluecinema.ch\/en\/#website\"},\"datePublished\":\"2022-07-17T11:57:14+00:00\",\"dateModified\":\"2024-02-27T09:11:45+00:00\",\"description\":\"Entdecke Karrierem\u00f6glichkeiten bei uns. Werde Teil unseres Teams und gestalte die Zukunft von blue Cinema mit. Jetzt bewerben!\",\"inLanguage\":\"de-CH\",\"potentialAction\":[{\"@type\":\"ReadAction\",\"target\":[\"https:\/\/wp-prod.bluecinema.ch\/fr\/emplois-chez-blue-cinema\/\"]}]},{\"@type\":\"WebSite\",\"@id\":\"https:\/\/wp-prod.bluecinema.ch\/en\/#website\",\"url\":\"https:\/\/wp-prod.bluecinema.ch\/en\/\",\"name\":\"blue Cinema\",\"description\":\"\",\"potentialAction\":[{\"@type\":\"SearchAction\",\"target\":{\"@type\":\"EntryPoint\",\"urlTemplate\":\"https:\/\/wp-prod.bluecinema.ch\/en\/?s={search_term_string}\"},\"query-input\":\"required name=search_term_string\"}],\"inLanguage\":\"de-CH\"}]}<\/script>\r\n<!-- \/ Yoast SEO Premium plugin. -->","yoast_head_json":{"title":"Jobs und Karrierem\u00f6glichkeiten bei blue Cinema | blue Cinema","description":"Entdecke Karrierem\u00f6glichkeiten bei uns. Werde Teil unseres Teams und gestalte die Zukunft von blue Cinema mit. Jetzt bewerben!","robots":{"index":"index","follow":"follow","max-snippet":"max-snippet:-1","max-image-preview":"max-image-preview:large","max-video-preview":"max-video-preview:-1"},"canonical":"https:\/\/wp-prod.bluecinema.ch\/fr\/emplois-chez-blue-cinema\/","og_locale":"de_DE","og_type":"article","og_title":"Jobs und Karrierem\u00f6glichkeiten bei blue Cinema | blue Cinema","og_description":"Entdecke Karrierem\u00f6glichkeiten bei uns. Werde Teil unseres Teams und gestalte die Zukunft von blue Cinema mit. Jetzt bewerben!","og_url":"https:\/\/wp-prod.bluecinema.ch\/fr\/emplois-chez-blue-cinema\/","og_site_name":"blue Cinema","article_modified_time":"2024-02-27T09:11:45+00:00","og_image":[{"url":"https:\/\/wp-prod.bluecinema.ch\/app\/uploads\/2024\/02\/Kinomitarbeiter_Daumen_Hoch.png"}],"twitter_card":"summary_large_image","twitter_misc":{"Est. reading time":"3 minutes"},"schema":{"@context":"https:\/\/schema.org","@graph":[{"@type":"WebPage","@id":"https:\/\/wp-prod.bluecinema.ch\/fr\/emplois-chez-blue-cinema\/","url":"https:\/\/wp-prod.bluecinema.ch\/fr\/emplois-chez-blue-cinema\/","name":"Jobs und Karrierem\u00f6glichkeiten bei blue Cinema | blue Cinema","isPartOf":{"@id":"https:\/\/wp-prod.bluecinema.ch\/en\/#website"},"datePublished":"2022-07-17T11:57:14+00:00","dateModified":"2024-02-27T09:11:45+00:00","description":"Entdecke Karrierem\u00f6glichkeiten bei uns. Werde Teil unseres Teams und gestalte die Zukunft von blue Cinema mit. Jetzt bewerben!","inLanguage":"de-CH","potentialAction":[{"@type":"ReadAction","target":["https:\/\/wp-prod.bluecinema.ch\/fr\/emplois-chez-blue-cinema\/"]}]},{"@type":"WebSite","@id":"https:\/\/wp-prod.bluecinema.ch\/en\/#website","url":"https:\/\/wp-prod.bluecinema.ch\/en\/","name":"blue Cinema","description":"","potentialAction":[{"@type":"SearchAction","target":{"@type":"EntryPoint","urlTemplate":"https:\/\/wp-prod.bluecinema.ch\/en\/?s={search_term_string}"},"query-input":"required name=search_term_string"}],"inLanguage":"de-CH"}]}},"_links":{"self":[{"href":"https:\/\/wp-prod.bluecinema.ch\/de\/wp-json\/wp\/v2\/pages\/19231"}],"collection":[{"href":"https:\/\/wp-prod.bluecinema.ch\/de\/wp-json\/wp\/v2\/pages"}],"about":[{"href":"https:\/\/wp-prod.bluecinema.ch\/de\/wp-json\/wp\/v2\/types\/page"}],"author":[{"embeddable":true,"href":"https:\/\/wp-prod.bluecinema.ch\/de\/wp-json\/wp\/v2\/users\/3"}],"replies":[{"embeddable":true,"href":"https:\/\/wp-prod.bluecinema.ch\/de\/wp-json\/wp\/v2\/comments?post=19231"}],"version-history":[{"count":40,"href":"https:\/\/wp-prod.bluecinema.ch\/de\/wp-json\/wp\/v2\/pages\/19231\/revisions"}],"predecessor-version":[{"id":45741,"href":"https:\/\/wp-prod.bluecinema.ch\/de\/wp-json\/wp\/v2\/pages\/19231\/revisions\/45741"}],"wp:attachment":[{"href":"https:\/\/wp-prod.bluecinema.ch\/de\/wp-json\/wp\/v2\/media?parent=19231"}],"curies":[{"name":"wp","href":"https:\/\/api.w.org\/{rel}","templated":true}]}}