{"id":25781,"date":"2023-01-04T13:33:06","date_gmt":"2023-01-04T13:33:06","guid":{"rendered":"https:\/\/wp-prod.bluecinema.ch\/comingsoontest\/"},"modified":"2024-01-30T14:50:44","modified_gmt":"2024-01-30T14:50:44","slug":"coming-soon","status":"publish","type":"page","link":"https:\/\/wp-prod.bluecinema.ch\/de\/coming-soon\/","title":{"rendered":"Coming Soon"},"content":{"rendered":"\t\t<div data-elementor-type=\"wp-page\" data-elementor-id=\"25781\" class=\"elementor elementor-25781 elementor-25773\" data-elementor-post-type=\"page\">\n\t\t\t\t\t\t<section class=\"elementor-section elementor-top-section elementor-element elementor-element-7f33a4f elementor-section-full_width elementor-section-height-default elementor-section-height-default\" data-id=\"7f33a4f\" data-element_type=\"section\" data-settings=\"{&quot;background_background&quot;:&quot;classic&quot;}\">\n\t\t\t\t\t\t<div class=\"elementor-container elementor-column-gap-default\">\n\t\t\t\t\t<div class=\"elementor-column elementor-col-100 elementor-top-column elementor-element elementor-element-2799331\" data-id=\"2799331\" data-element_type=\"column\">\n\t\t\t<div class=\"elementor-widget-wrap elementor-element-populated\">\n\t\t\t\t\t\t<div class=\"elementor-element elementor-element-01c430b elementor-widget elementor-widget-text-editor\" data-id=\"01c430b\" data-element_type=\"widget\" data-widget_type=\"text-editor.default\">\n\t\t\t\t<div class=\"elementor-widget-container\">\n\t\t\t\t\t\t\t<h1>Demn\u00e4chst<\/h1>\t\t\t\t\t\t<\/div>\n\t\t\t\t<\/div>\n\t\t\t\t\t<\/div>\n\t\t<\/div>\n\t\t\t\t\t<\/div>\n\t\t<\/section>\n\t\t\t\t<section class=\"elementor-section elementor-top-section elementor-element elementor-element-552ccdb elementor-section-full_width elementor-section-height-default elementor-section-height-default\" data-id=\"552ccdb\" data-element_type=\"section\" data-settings=\"{&quot;background_background&quot;:&quot;classic&quot;,&quot;sticky&quot;:&quot;top&quot;,&quot;sticky_on&quot;:[&quot;desktop&quot;,&quot;tablet&quot;,&quot;mobile&quot;],&quot;sticky_offset&quot;:0,&quot;sticky_effects_offset&quot;:0}\">\n\t\t\t\t\t\t<div class=\"elementor-container elementor-column-gap-default\">\n\t\t\t\t\t<div class=\"elementor-column elementor-col-100 elementor-top-column elementor-element elementor-element-87be08f\" data-id=\"87be08f\" data-element_type=\"column\" data-settings=\"{&quot;background_background&quot;:&quot;classic&quot;,&quot;background_motion_fx_motion_fx_scrolling&quot;:&quot;yes&quot;,&quot;background_motion_fx_opacity_effect&quot;:&quot;yes&quot;,&quot;background_motion_fx_opacity_range&quot;:{&quot;unit&quot;:&quot;%&quot;,&quot;size&quot;:&quot;&quot;,&quot;sizes&quot;:{&quot;start&quot;:1,&quot;end&quot;:2}},&quot;background_motion_fx_opacity_direction&quot;:&quot;out-in&quot;,&quot;background_motion_fx_opacity_level&quot;:{&quot;unit&quot;:&quot;px&quot;,&quot;size&quot;:10,&quot;sizes&quot;:[]},&quot;background_motion_fx_devices&quot;:[&quot;desktop&quot;,&quot;tablet&quot;,&quot;mobile&quot;]}\">\n\t\t\t<div class=\"elementor-widget-wrap elementor-element-populated\">\n\t\t\t\t\t\t<div class=\"elementor-element elementor-element-b88ce6d elementor-widget elementor-widget-html\" data-id=\"b88ce6d\" data-element_type=\"widget\" data-widget_type=\"html.default\">\n\t\t\t\t<div class=\"elementor-widget-container\">\n\t\t\t<style>\n .button-container {\n   text-align: left; \/* \u00c4nderung f\u00fcr die linksb\u00fcndige Ausrichtung *\/\n   \n }\n .btn {\n   display: inline-block;\n   padding: 4px 24px; \/* Etwas kleineres Padding *\/\n   margin: 4px; \/* Kleinerer Margin *\/\n   border: 1px solid transparent;\n   border-radius: 3px;\n   transition: background-color 0.3s, border-color 0.3s, color 0.3s;\n   text-decoration: none;\n   color: inherit;\n   font-size: 16px; \/* Angepasste Schriftgr\u00f6\u00dfe *\/\n }\n .btn:hover {\n   background-color: #0A71E9;\n   color: white;\n      border-color: #0A71E9;\n }\n .btn-blue {\n   background-color: #0A71E9;\n   color: white;\n   border-color: #0A71E9;\n }\n .btn-outline {\n   border-color: white;\n }\n @media (max-width: 600px) {\n   .btn {\n     padding: 2px 12px; \/* Noch kleineres Padding f\u00fcr Mobilger\u00e4te *\/\n     font-size: 14px; \/* Kleinere Schriftgr\u00f6\u00dfe f\u00fcr Mobilger\u00e4te *\/\n   }\n }\n<\/style>\n<div class=\"button-container\">\n<a href=\"https:\/\/wp-prod.bluecinema.ch\/de\/daily-program\/\"style=\"color: white\" class=\"btn btn-outline\">Heute<\/a>\n<a href=\"https:\/\/wp-prod.bluecinema.ch\/de\/programm-der-woche\/\"style=\"color: white\"  class=\"btn btn-outline\">Diese Woche<\/a>\n<a href=\"https:\/\/wp-prod.bluecinema.ch\/de\/coming-soon\/\" class=\"btn btn-blue\"style=\"color: white\" >Demn\u00e4chst<\/a>\n<\/div>\t\t<\/div>\n\t\t\t\t<\/div>\n\t\t\t\t\t<\/div>\n\t\t<\/div>\n\t\t\t\t\t<\/div>\n\t\t<\/section>\n\t\t\t\t<section class=\"elementor-section elementor-top-section elementor-element elementor-element-4e78cdd elementor-section-full_width elementor-section-height-default elementor-section-height-default\" data-id=\"4e78cdd\" data-element_type=\"section\">\n\t\t\t\t\t\t<div class=\"elementor-container elementor-column-gap-default\">\n\t\t\t\t\t<div class=\"elementor-column elementor-col-100 elementor-top-column elementor-element elementor-element-3dd2844\" data-id=\"3dd2844\" data-element_type=\"column\">\n\t\t\t<div class=\"elementor-widget-wrap elementor-element-populated\">\n\t\t\t\t\t\t<div class=\"elementor-element elementor-element-a8bca51 elementor-widget__width-initial elementor-widget elementor-widget-coming-soon\" data-id=\"a8bca51\" data-element_type=\"widget\" data-widget_type=\"coming-soon.default\">\n\t\t\t\t<div class=\"elementor-widget-container\">\n\t\t\t<coming-soon options='{\"days\": 365, \"groupBy\": \"day\", \"comparePremiereDate\": \"national\", \"showFilters\": false, \"showAgeRating\": false, \"defaultTagGroups\": [],\"defaultTags\": []}'>\t\t<\/div>\n\t\t\t\t<\/div>\n\t\t\t\t\t<\/div>\n\t\t<\/div>\n\t\t\t\t\t<\/div>\n\t\t<\/section>\n\t\t\t\t<\/div>\n\t\t","protected":false},"excerpt":{"rendered":"<p>Demn\u00e4chst Heute Diese Woche Demn\u00e4chst<\/p>\n","protected":false},"author":1,"featured_media":0,"parent":0,"menu_order":0,"comment_status":"closed","ping_status":"closed","template":"template-parts\/template-page-untitled-canvas.php","meta":{"_acf_changed":false,"footnotes":""},"acf":[],"yoast_head":"<!-- This site is optimized with the Yoast SEO Premium plugin v20.11 (Yoast SEO v20.12) - https:\/\/yoast.com\/wordpress\/plugins\/seo\/ -->\r\n<title>Demn\u00e4chst im Kino deiner N\u00e4he | blue Cinema<\/title>\r\n<meta name=\"description\" content=\"Was erwartet dich demn\u00e4chst im blue Cinema? Neugierig, du findest das Angebot auf unserer Webseite. Jetzt Tickets sichern!\" \/>\r\n<meta name=\"robots\" content=\"index, follow, max-snippet:-1, max-image-preview:large, max-video-preview:-1\" \/>\r\n<link rel=\"canonical\" href=\"https:\/\/wp-prod.bluecinema.ch\/de\/coming-soon\/\" \/>\r\n<meta property=\"og:locale\" content=\"de_DE\" \/>\r\n<meta property=\"og:type\" content=\"article\" \/>\r\n<meta property=\"og:title\" content=\"Demn\u00e4chst im Kino deiner N\u00e4he | blue Cinema\" \/>\r\n<meta property=\"og:description\" content=\"Was erwartet dich demn\u00e4chst im blue Cinema? Neugierig, du findest das Angebot auf unserer Webseite. Jetzt Tickets sichern!\" \/>\r\n<meta property=\"og:url\" content=\"https:\/\/wp-prod.bluecinema.ch\/de\/coming-soon\/\" \/>\r\n<meta property=\"og:site_name\" content=\"blue Cinema\" \/>\r\n<meta property=\"article:modified_time\" content=\"2024-01-30T14:50:44+00:00\" \/>\r\n<meta name=\"twitter:card\" content=\"summary_large_image\" \/>\r\n<meta name=\"twitter:label1\" content=\"Est. reading time\" \/>\n\t<meta name=\"twitter:data1\" content=\"15 minutes\" \/>\r\n<script type=\"application\/ld+json\" class=\"yoast-schema-graph\">{\"@context\":\"https:\/\/schema.org\",\"@graph\":[{\"@type\":\"WebPage\",\"@id\":\"https:\/\/wp-prod.bluecinema.ch\/de\/coming-soon\/\",\"url\":\"https:\/\/wp-prod.bluecinema.ch\/de\/coming-soon\/\",\"name\":\"Demn\u00e4chst im Kino deiner N\u00e4he | blue Cinema\",\"isPartOf\":{\"@id\":\"https:\/\/wp-prod.bluecinema.ch\/en\/#website\"},\"datePublished\":\"2023-01-04T13:33:06+00:00\",\"dateModified\":\"2024-01-30T14:50:44+00:00\",\"description\":\"Was erwartet dich demn\u00e4chst im blue Cinema? Neugierig, du findest das Angebot auf unserer Webseite. Jetzt Tickets sichern!\",\"inLanguage\":\"de-CH\",\"potentialAction\":[{\"@type\":\"ReadAction\",\"target\":[\"https:\/\/wp-prod.bluecinema.ch\/de\/coming-soon\/\"]}]},{\"@type\":\"WebSite\",\"@id\":\"https:\/\/wp-prod.bluecinema.ch\/en\/#website\",\"url\":\"https:\/\/wp-prod.bluecinema.ch\/en\/\",\"name\":\"blue Cinema\",\"description\":\"\",\"potentialAction\":[{\"@type\":\"SearchAction\",\"target\":{\"@type\":\"EntryPoint\",\"urlTemplate\":\"https:\/\/wp-prod.bluecinema.ch\/en\/?s={search_term_string}\"},\"query-input\":\"required name=search_term_string\"}],\"inLanguage\":\"de-CH\"}]}<\/script>\r\n<!-- \/ Yoast SEO Premium plugin. -->","yoast_head_json":{"title":"Demn\u00e4chst im Kino deiner N\u00e4he | blue Cinema","description":"Was erwartet dich demn\u00e4chst im blue Cinema? Neugierig, du findest das Angebot auf unserer Webseite. Jetzt Tickets sichern!","robots":{"index":"index","follow":"follow","max-snippet":"max-snippet:-1","max-image-preview":"max-image-preview:large","max-video-preview":"max-video-preview:-1"},"canonical":"https:\/\/wp-prod.bluecinema.ch\/de\/coming-soon\/","og_locale":"de_DE","og_type":"article","og_title":"Demn\u00e4chst im Kino deiner N\u00e4he | blue Cinema","og_description":"Was erwartet dich demn\u00e4chst im blue Cinema? Neugierig, du findest das Angebot auf unserer Webseite. Jetzt Tickets sichern!","og_url":"https:\/\/wp-prod.bluecinema.ch\/de\/coming-soon\/","og_site_name":"blue Cinema","article_modified_time":"2024-01-30T14:50:44+00:00","twitter_card":"summary_large_image","twitter_misc":{"Est. reading time":"15 minutes"},"schema":{"@context":"https:\/\/schema.org","@graph":[{"@type":"WebPage","@id":"https:\/\/wp-prod.bluecinema.ch\/de\/coming-soon\/","url":"https:\/\/wp-prod.bluecinema.ch\/de\/coming-soon\/","name":"Demn\u00e4chst im Kino deiner N\u00e4he | blue Cinema","isPartOf":{"@id":"https:\/\/wp-prod.bluecinema.ch\/en\/#website"},"datePublished":"2023-01-04T13:33:06+00:00","dateModified":"2024-01-30T14:50:44+00:00","description":"Was erwartet dich demn\u00e4chst im blue Cinema? Neugierig, du findest das Angebot auf unserer Webseite. Jetzt Tickets sichern!","inLanguage":"de-CH","potentialAction":[{"@type":"ReadAction","target":["https:\/\/wp-prod.bluecinema.ch\/de\/coming-soon\/"]}]},{"@type":"WebSite","@id":"https:\/\/wp-prod.bluecinema.ch\/en\/#website","url":"https:\/\/wp-prod.bluecinema.ch\/en\/","name":"blue Cinema","description":"","potentialAction":[{"@type":"SearchAction","target":{"@type":"EntryPoint","urlTemplate":"https:\/\/wp-prod.bluecinema.ch\/en\/?s={search_term_string}"},"query-input":"required name=search_term_string"}],"inLanguage":"de-CH"}]}},"_links":{"self":[{"href":"https:\/\/wp-prod.bluecinema.ch\/de\/wp-json\/wp\/v2\/pages\/25781"}],"collection":[{"href":"https:\/\/wp-prod.bluecinema.ch\/de\/wp-json\/wp\/v2\/pages"}],"about":[{"href":"https:\/\/wp-prod.bluecinema.ch\/de\/wp-json\/wp\/v2\/types\/page"}],"author":[{"embeddable":true,"href":"https:\/\/wp-prod.bluecinema.ch\/de\/wp-json\/wp\/v2\/users\/1"}],"replies":[{"embeddable":true,"href":"https:\/\/wp-prod.bluecinema.ch\/de\/wp-json\/wp\/v2\/comments?post=25781"}],"version-history":[{"count":24,"href":"https:\/\/wp-prod.bluecinema.ch\/de\/wp-json\/wp\/v2\/pages\/25781\/revisions"}],"predecessor-version":[{"id":41650,"href":"https:\/\/wp-prod.bluecinema.ch\/de\/wp-json\/wp\/v2\/pages\/25781\/revisions\/41650"}],"wp:attachment":[{"href":"https:\/\/wp-prod.bluecinema.ch\/de\/wp-json\/wp\/v2\/media?parent=25781"}],"curies":[{"name":"wp","href":"https:\/\/api.w.org\/{rel}","templated":true}]}}