{"id":27985,"date":"2023-04-12T18:22:56","date_gmt":"2023-04-12T18:22:56","guid":{"rendered":"https:\/\/wp-prod.bluecinema.ch\/?page_id=27985"},"modified":"2025-01-21T15:15:13","modified_gmt":"2025-01-21T15:15:13","slug":"kino-gutscheine-fuer-firmen","status":"publish","type":"page","link":"https:\/\/wp-prod.bluecinema.ch\/de\/kino-gutscheine-fuer-firmen\/","title":{"rendered":"Kino-Gutscheine f\u00fcr Firmen\ufffc"},"content":{"rendered":"\t\t<div data-elementor-type=\"wp-page\" data-elementor-id=\"27985\" class=\"elementor elementor-27985\" data-elementor-post-type=\"page\">\n\t\t\t\t\t\t<section class=\"elementor-section elementor-top-section elementor-element elementor-element-c5c60e7 elementor-section-height-min-height elementor-section-stretched elementor-section-items-bottom elementor-hidden-tablet elementor-hidden-mobile elementor-section-boxed elementor-section-height-default\" data-id=\"c5c60e7\" data-element_type=\"section\" data-settings=\"{&quot;stretch_section&quot;:&quot;section-stretched&quot;,&quot;background_background&quot;:&quot;classic&quot;}\">\n\t\t\t\t\t\t\t<div class=\"elementor-background-overlay\"><\/div>\n\t\t\t\t\t\t\t<div class=\"elementor-container elementor-column-gap-default\">\n\t\t\t\t\t<div class=\"elementor-column elementor-col-100 elementor-top-column elementor-element elementor-element-8c941ee\" data-id=\"8c941ee\" data-element_type=\"column\">\n\t\t\t<div class=\"elementor-widget-wrap elementor-element-populated\">\n\t\t\t\t\t\t<div class=\"elementor-element elementor-element-50d2b83 elementor-widget elementor-widget-heading\" data-id=\"50d2b83\" data-element_type=\"widget\" data-widget_type=\"heading.default\">\n\t\t\t\t<div class=\"elementor-widget-container\">\n\t\t\t<h1 class=\"elementor-heading-title elementor-size-default\">Kinogutscheine f\u00fcr Firmen<\/h1>\t\t<\/div>\n\t\t\t\t<\/div>\n\t\t\t\t<div class=\"elementor-element elementor-element-3a7181c elementor-widget elementor-widget-text-editor\" data-id=\"3a7181c\" data-element_type=\"widget\" data-widget_type=\"text-editor.default\">\n\t\t\t\t<div class=\"elementor-widget-container\">\n\t\t\t\t\t\t\t<p><span class=\"EOP SCXW179946772 BCX8\" data-ccp-props=\"{&quot;201341983&quot;:0,&quot;335559739&quot;:160,&quot;335559740&quot;:259}\">Verschenken Sie an Ihre Mitarbeiter, Gesch\u00e4ftspartner oder Kunden ein besonderes Filmerlebnis in den blue Cinema Kinos. Egal ob als Incentive, als Dankesch\u00f6n oder als Teil Ihres Treueprogramms \u2013 unsere\u00a0 breite Auswahl an Kinogutscheinen ist eine hervorragende M\u00f6glichkeit, um Ihre Anerkennung zu zeigen.<\/span><\/p>\t\t\t\t\t\t<\/div>\n\t\t\t\t<\/div>\n\t\t\t\t<div class=\"elementor-element elementor-element-608de90 elementor-widget elementor-widget-spacer\" data-id=\"608de90\" data-element_type=\"widget\" data-widget_type=\"spacer.default\">\n\t\t\t\t<div class=\"elementor-widget-container\">\n\t\t\t\t\t<div class=\"elementor-spacer\">\n\t\t\t<div class=\"elementor-spacer-inner\"><\/div>\n\t\t<\/div>\n\t\t\t\t<\/div>\n\t\t\t\t<\/div>\n\t\t\t\t<div class=\"elementor-element elementor-element-1ffa4cc elementor-widget elementor-widget-text-editor\" data-id=\"1ffa4cc\" data-element_type=\"widget\" data-widget_type=\"text-editor.default\">\n\t\t\t\t<div class=\"elementor-widget-container\">\n\t\t\t\t\t\t\t<p>Die Gutscheine k\u00f6nnen wahlweise mit einem Geldbetrag oder mit Kinoeintritten ausgestellt werden und Ihnen in Form von physischen Geschenkkarten oder elektronischen Gutscheincodes zur Verf\u00fcgung gestellt werden.<\/p><p><span class=\"EOP SCXW179946772 BCX8\" data-ccp-props=\"{&quot;201341983&quot;:0,&quot;335559739&quot;:160,&quot;335559740&quot;:259}\">\u00a0<\/span><\/p>\t\t\t\t\t\t<\/div>\n\t\t\t\t<\/div>\n\t\t\t\t\t<\/div>\n\t\t<\/div>\n\t\t\t\t\t<\/div>\n\t\t<\/section>\n\t\t\t\t<section class=\"elementor-section elementor-top-section elementor-element elementor-element-8568853 elementor-section-full_width elementor-hidden-desktop elementor-section-height-default elementor-section-height-default\" data-id=\"8568853\" data-element_type=\"section\" data-settings=\"{&quot;background_background&quot;:&quot;classic&quot;}\">\n\t\t\t\t\t\t\t<div class=\"elementor-background-overlay\"><\/div>\n\t\t\t\t\t\t\t<div class=\"elementor-container elementor-column-gap-default\">\n\t\t\t\t\t<div class=\"elementor-column elementor-col-100 elementor-top-column elementor-element elementor-element-7f6dbec\" data-id=\"7f6dbec\" data-element_type=\"column\">\n\t\t\t<div class=\"elementor-widget-wrap elementor-element-populated\">\n\t\t\t\t\t\t<div class=\"elementor-element elementor-element-b15f689 elementor-widget elementor-widget-spacer\" data-id=\"b15f689\" data-element_type=\"widget\" data-widget_type=\"spacer.default\">\n\t\t\t\t<div class=\"elementor-widget-container\">\n\t\t\t\t\t<div class=\"elementor-spacer\">\n\t\t\t<div class=\"elementor-spacer-inner\"><\/div>\n\t\t<\/div>\n\t\t\t\t<\/div>\n\t\t\t\t<\/div>\n\t\t\t\t<div class=\"elementor-element elementor-element-87135e9 elementor-widget elementor-widget-heading\" data-id=\"87135e9\" data-element_type=\"widget\" data-widget_type=\"heading.default\">\n\t\t\t\t<div class=\"elementor-widget-container\">\n\t\t\t<h1 class=\"elementor-heading-title elementor-size-default\">Kinogutscheine f\u00fcr Firmen<\/h1>\t\t<\/div>\n\t\t\t\t<\/div>\n\t\t\t\t<div class=\"elementor-element elementor-element-fca5879 elementor-widget elementor-widget-text-editor\" data-id=\"fca5879\" data-element_type=\"widget\" data-widget_type=\"text-editor.default\">\n\t\t\t\t<div class=\"elementor-widget-container\">\n\t\t\t\t\t\t\t<p><span class=\"EOP SCXW179946772 BCX8\" data-ccp-props=\"{&quot;201341983&quot;:0,&quot;335559739&quot;:160,&quot;335559740&quot;:259}\">Verschenken Sie an Ihre Mitarbeiter, Gesch\u00e4ftspartner oder Kunden ein besonderes Filmerlebnis in den blue Cinema Kinos. Egal ob als Incentive, als Dankesch\u00f6n oder als Teil Ihres Treueprogramms \u2013 unsere\u00a0 breite Auswahl an Kinogutscheinen ist eine hervorragende M\u00f6glichkeit, um Ihre Anerkennung zu zeigen.<\/span><\/p>\t\t\t\t\t\t<\/div>\n\t\t\t\t<\/div>\n\t\t\t\t\t<\/div>\n\t\t<\/div>\n\t\t\t\t\t<\/div>\n\t\t<\/section>\n\t\t\t\t<section class=\"elementor-section elementor-top-section elementor-element elementor-element-c11b0df elementor-section-boxed elementor-section-height-default elementor-section-height-default\" data-id=\"c11b0df\" data-element_type=\"section\">\n\t\t\t\t\t\t<div class=\"elementor-container elementor-column-gap-default\">\n\t\t\t\t\t<div class=\"elementor-column elementor-col-50 elementor-top-column elementor-element elementor-element-3398956\" data-id=\"3398956\" data-element_type=\"column\" data-settings=\"{&quot;background_background&quot;:&quot;classic&quot;}\">\n\t\t\t<div class=\"elementor-widget-wrap elementor-element-populated\">\n\t\t\t\t\t\t<div class=\"elementor-element elementor-element-a23dc2a elementor-widget elementor-widget-heading\" data-id=\"a23dc2a\" data-element_type=\"widget\" data-widget_type=\"heading.default\">\n\t\t\t\t<div class=\"elementor-widget-container\">\n\t\t\t<h2 class=\"elementor-heading-title elementor-size-default\">Gutscheine mit Geldbetrag<\/h2>\t\t<\/div>\n\t\t\t\t<\/div>\n\t\t\t\t<div class=\"elementor-element elementor-element-27e5296 elementor-widget elementor-widget-text-editor\" data-id=\"27e5296\" data-element_type=\"widget\" data-widget_type=\"text-editor.default\">\n\t\t\t\t<div class=\"elementor-widget-container\">\n\t\t\t\t\t\t\t<ul>\n \t<li><span lang=\"DE-CH\" xml:lang=\"DE-CH\" data-contrast=\"auto\">Bestellungen ab 20 St\u00fcck<\/span><span data-ccp-props=\"{&quot;201341983&quot;:0,&quot;335559740&quot;:259}\">\u00a0<\/span><\/li>\n \t<li>Kartenladung zwischen CHF 17.<span lang=\"DE-CH\" xml:lang=\"DE-CH\" data-contrast=\"auto\">\u2013<\/span> bis CHF 250.<span lang=\"DE-CH\" xml:lang=\"DE-CH\" data-contrast=\"auto\">\u2013<\/span><\/li>\n \t<li><span lang=\"DE-CH\" xml:lang=\"DE-CH\" data-contrast=\"auto\">Als physische Geschenkkarte oder e<span lang=\"DE-CH\" xml:lang=\"DE-CH\" data-contrast=\"auto\">lektronische<\/span><span lang=\"DE-CH\" xml:lang=\"DE-CH\" data-contrast=\"auto\">r<\/span><span lang=\"DE-CH\" xml:lang=\"DE-CH\" data-contrast=\"auto\"> Code<\/span><span data-ccp-props=\"{&quot;201341983&quot;:0,&quot;335559740&quot;:259}\">\u00a0<\/span><\/span><\/li>\n \t<li><span dir=\"ltr\">Kartenh\u00fclle nach Wunsch gratis dazu<\/span><\/li>\n \t<li>Versandkosten (physische Karte) CHF 11.50<\/li>\n \t<li>Bezahlung auf Rechnung<\/li>\n<\/ul>\t\t\t\t\t\t<\/div>\n\t\t\t\t<\/div>\n\t\t\t\t<div class=\"elementor-element elementor-element-1a66533 elementor-align-left elementor-widget__width-inherit elementor-widget-mobile__width-inherit elementor-mobile-align-justify elementor-widget elementor-widget-button\" data-id=\"1a66533\" data-element_type=\"widget\" data-widget_type=\"button.default\">\n\t\t\t\t<div class=\"elementor-widget-container\">\n\t\t\t\t\t<div class=\"elementor-button-wrapper\">\n\t\t\t<a class=\"elementor-button elementor-button-link elementor-size-md\" href=\"https:\/\/form.typeform.com\/to\/BU32T9rO?typeform-source=bluecinema.ch\" target=\"_blank\">\n\t\t\t\t\t\t<span class=\"elementor-button-content-wrapper\">\n\t\t\t\t\t\t\t\t\t<span class=\"elementor-button-text\">Bestellen<\/span>\n\t\t\t\t\t<\/span>\n\t\t\t\t\t<\/a>\n\t\t<\/div>\n\t\t\t\t<\/div>\n\t\t\t\t<\/div>\n\t\t\t\t\t<\/div>\n\t\t<\/div>\n\t\t\t\t<div class=\"elementor-column elementor-col-50 elementor-top-column elementor-element elementor-element-f91e878\" data-id=\"f91e878\" data-element_type=\"column\" data-settings=\"{&quot;background_background&quot;:&quot;classic&quot;}\">\n\t\t\t<div class=\"elementor-widget-wrap elementor-element-populated\">\n\t\t\t\t\t\t<div class=\"elementor-element elementor-element-0ec361d elementor-widget elementor-widget-heading\" data-id=\"0ec361d\" data-element_type=\"widget\" data-widget_type=\"heading.default\">\n\t\t\t\t<div class=\"elementor-widget-container\">\n\t\t\t<h2 class=\"elementor-heading-title elementor-size-default\">Gutscheine mit Kinoeintritt(en)*\u00a0<\/h2>\t\t<\/div>\n\t\t\t\t<\/div>\n\t\t\t\t<div class=\"elementor-element elementor-element-2ade79b elementor-widget elementor-widget-text-editor\" data-id=\"2ade79b\" data-element_type=\"widget\" data-widget_type=\"text-editor.default\">\n\t\t\t\t<div class=\"elementor-widget-container\">\n\t\t\t\t\t\t\t<ul>\n \t<li>Bestellung ab 100 St\u00fcck<\/li>\n \t<li><span class=\"TextRun SCXW190993498 BCX8\" lang=\"DE-CH\" xml:lang=\"DE-CH\" data-contrast=\"auto\"><span class=\"NormalTextRun SCXW190993498 BCX8\">Ein oder mehrere Kinoeintritte pro Gutschein<\/span><\/span><span class=\"EOP SCXW190993498 BCX8\" data-ccp-props=\"{&quot;201341983&quot;:0,&quot;335559740&quot;:259}\">\u00a0<\/span><\/li>\n \t<li><span class=\"TextRun SCXW172432838 BCX8\" lang=\"DE-CH\" xml:lang=\"DE-CH\" data-contrast=\"auto\"><span class=\"NormalTextRun SCXW172432838 BCX8\">Als physische Geschenkkarte oder <span class=\"TrackChangeTextInsertion TrackedChange SCXW249125156 BCX8\"><span class=\"TextRun SCXW249125156 BCX8\" lang=\"DE-CH\" xml:lang=\"DE-CH\" data-contrast=\"auto\"><span class=\"NormalTextRun SCXW249125156 BCX8\">elektronische<\/span><\/span><\/span><span class=\"TrackChangeTextInsertion TrackedChange SCXW249125156 BCX8\"><span class=\"TextRun SCXW249125156 BCX8\" lang=\"DE-CH\" xml:lang=\"DE-CH\" data-contrast=\"auto\"><span class=\"NormalTextRun SCXW249125156 BCX8\">r<\/span><\/span><\/span><span class=\"TextRun SCXW249125156 BCX8\" lang=\"DE-CH\" xml:lang=\"DE-CH\" data-contrast=\"auto\"><span class=\"NormalTextRun SCXW249125156 BCX8\"> Code<\/span><\/span><\/span><\/span><\/li>\n \t<li><span class=\"ui-provider a b c d e f g h i j k l m n o p q r s t u v w x y z ab ac ae af ag ah ai aj ak\" dir=\"ltr\">Geschenkcouverts nach Wunsch gratis dazu<\/span><\/li>\n \t<li><span class=\"TextRun SCXW198048143 BCX8\" lang=\"DE-CH\" xml:lang=\"DE-CH\" data-contrast=\"auto\"><span class=\"NormalTextRun SCXW198048143 BCX8\">Versandkosten (physische Karten) CHF<\/span><\/span> <span class=\"TrackChangeTextInsertion TrackedChange SCXW198048143 BCX8\"><span class=\"TextRun SCXW198048143 BCX8\" lang=\"DE-CH\" xml:lang=\"DE-CH\" data-contrast=\"auto\"><span class=\"NormalTextRun SCXW198048143 BCX8\">\u202f<\/span><\/span><\/span><span class=\"TextRun SCXW198048143 BCX8\" lang=\"DE-CH\" xml:lang=\"DE-CH\" data-contrast=\"auto\"><span class=\"NormalTextRun SCXW198048143 BCX8\">11.50<\/span><\/span><\/li>\n \t<li><span class=\"TextRun SCXW128606733 BCX8\" lang=\"DE-CH\" xml:lang=\"DE-CH\" data-contrast=\"auto\"><span class=\"NormalTextRun SCXW128606733 BCX8\">Bezahlung auf Rechnung<\/span><\/span><span class=\"EOP SCXW128606733 BCX8\" data-ccp-props=\"{&quot;201341983&quot;:0,&quot;335559740&quot;:259}\">\u00a0<\/span><\/li>\n<\/ul>\t\t\t\t\t\t<\/div>\n\t\t\t\t<\/div>\n\t\t\t\t<div class=\"elementor-element elementor-element-50493ce elementor-widget elementor-widget-text-editor\" data-id=\"50493ce\" data-element_type=\"widget\" data-widget_type=\"text-editor.default\">\n\t\t\t\t<div class=\"elementor-widget-container\">\n\t\t\t\t\t\t\t<p><strong>Kosten pro Kinoeintritt<\/strong><\/p>\t\t\t\t\t\t<\/div>\n\t\t\t\t<\/div>\n\t\t\t\t<div class=\"elementor-element elementor-element-56cf0e5 elementor-widget elementor-widget-text-editor\" data-id=\"56cf0e5\" data-element_type=\"widget\" data-widget_type=\"text-editor.default\">\n\t\t\t\t<div class=\"elementor-widget-container\">\n\t\t\t\t\t\t\t<p><span data-contrast=\"auto\">100 bis 299 Kinoeintritte: CHF 18<\/span><span data-contrast=\"auto\">.<\/span><span data-contrast=\"auto\">\u2013<\/span><span data-ccp-props=\"{&quot;201341983&quot;:0,&quot;335559740&quot;:259}\">\u00a0<\/span><\/p><p><span data-contrast=\"auto\">300 bis 499 Kinoeintritte: CHF 17<\/span><span data-contrast=\"auto\">.<\/span><span data-contrast=\"auto\">\u2013<\/span><span data-ccp-props=\"{&quot;201341983&quot;:0,&quot;335559740&quot;:259}\">\u00a0<\/span><\/p><p><span data-contrast=\"auto\">Ab 500 Kinoeintritte: CHF 16<\/span><span data-contrast=\"auto\">.<\/span><span data-contrast=\"auto\">\u2013<\/span><span data-ccp-props=\"{&quot;201341983&quot;:0,&quot;335559740&quot;:259}\">\u00a0<\/span><\/p><p>\u00a0<\/p>\t\t\t\t\t\t<\/div>\n\t\t\t\t<\/div>\n\t\t\t\t<div class=\"elementor-element elementor-element-aa0f295 elementor-align-left elementor-widget__width-inherit elementor-widget-mobile__width-inherit elementor-mobile-align-justify elementor-widget elementor-widget-button\" data-id=\"aa0f295\" data-element_type=\"widget\" data-widget_type=\"button.default\">\n\t\t\t\t<div class=\"elementor-widget-container\">\n\t\t\t\t\t<div class=\"elementor-button-wrapper\">\n\t\t\t<a class=\"elementor-button elementor-button-link elementor-size-md\" href=\"https:\/\/form.typeform.com\/to\/BU32T9rO?typeform-source=bluecinema.ch\" target=\"_blank\">\n\t\t\t\t\t\t<span class=\"elementor-button-content-wrapper\">\n\t\t\t\t\t\t\t\t\t<span class=\"elementor-button-text\">Bestellen<\/span>\n\t\t\t\t\t<\/span>\n\t\t\t\t\t<\/a>\n\t\t<\/div>\n\t\t\t\t<\/div>\n\t\t\t\t<\/div>\n\t\t\t\t\t<\/div>\n\t\t<\/div>\n\t\t\t\t\t<\/div>\n\t\t<\/section>\n\t\t\t\t<section class=\"elementor-section elementor-top-section elementor-element elementor-element-a58eb9a elementor-section-boxed elementor-section-height-default elementor-section-height-default\" data-id=\"a58eb9a\" data-element_type=\"section\">\n\t\t\t\t\t\t<div class=\"elementor-container elementor-column-gap-default\">\n\t\t\t\t\t<div class=\"elementor-column elementor-col-100 elementor-top-column elementor-element elementor-element-0dd5fb8\" data-id=\"0dd5fb8\" data-element_type=\"column\">\n\t\t\t<div class=\"elementor-widget-wrap elementor-element-populated\">\n\t\t\t\t\t\t<div class=\"elementor-element elementor-element-d7f156f elementor-widget elementor-widget-text-editor\" data-id=\"d7f156f\" data-element_type=\"widget\" data-widget_type=\"text-editor.default\">\n\t\t\t\t<div class=\"elementor-widget-container\">\n\t\t\t\t\t\t\t<p>Lieferzeit ca. 10 Tage<\/p>\t\t\t\t\t\t<\/div>\n\t\t\t\t<\/div>\n\t\t\t\t<div class=\"elementor-element elementor-element-994cfe8 elementor-widget elementor-widget-text-editor\" data-id=\"994cfe8\" data-element_type=\"widget\" data-widget_type=\"text-editor.default\">\n\t\t\t\t<div class=\"elementor-widget-container\">\n\t\t\t\t\t\t\t<p><span class=\"TextRun SCXW244360214 BCX8\" lang=\"DE-CH\" xml:lang=\"DE-CH\" data-contrast=\"auto\"><span class=\"NormalTextRun SCXW244360214 BCX8\">* Einl\u00f6sbar f\u00fcr ein <\/span><span class=\"NormalTextRun SCXW244360214 BCX8\">oder mehrere <\/span><span class=\"NormalTextRun SCXW244360214 BCX8\">Kinoticket<\/span><span class=\"NormalTextRun SCXW244360214 BCX8\">(s)<\/span><span class=\"NormalTextRun SCXW244360214 BCX8\"> in allen blue Cinema Kinos, unter bluecinema.ch und in der<\/span> <\/span><span class=\"TrackChangeTextInsertion TrackedChange SCXW244360214 BCX8\"><span class=\"TextRun SCXW244360214 BCX8\" lang=\"DE-CH\" xml:lang=\"DE-CH\" data-contrast=\"auto\"><span class=\"NormalTextRun SCXW244360214 BCX8\">blue<\/span><\/span><\/span><span class=\"TrackChangeTextInsertion TrackedChange SCXW244360214 BCX8\"><span class=\"TextRun SCXW244360214 BCX8\" lang=\"DE-CH\" xml:lang=\"DE-CH\" data-contrast=\"auto\"><span class=\"NormalTextRun SCXW244360214 BCX8\"> Cinema <\/span><\/span><\/span><span class=\"TextRun SCXW244360214 BCX8\" lang=\"DE-CH\" xml:lang=\"DE-CH\" data-contrast=\"auto\"><span class=\"NormalTextRun SCXW244360214 BCX8\">App f\u00fcr regul\u00e4re 2D-, 3D- oder IMAX -Vorstellungen und nur<\/span><\/span><span class=\"TrackChangeTextInsertion TrackedChange SCXW244360214 BCX8\"><span class=\"TextRun SCXW244360214 BCX8\" lang=\"DE-CH\" xml:lang=\"DE-CH\" data-contrast=\"auto\"><span class=\"NormalTextRun SCXW244360214 BCX8\">,<\/span><\/span><\/span><span class=\"TextRun SCXW244360214 BCX8\" lang=\"DE-CH\" xml:lang=\"DE-CH\" data-contrast=\"auto\"><span class=\"NormalTextRun SCXW244360214 BCX8\"> so<\/span> <span class=\"NormalTextRun SCXW244360214 BCX8\">lange Pl\u00e4tze verf\u00fcgbar sind. Spezialformate sowie Sitze mit Zusatzleistungen sind ausgeschlossen. Keine Barauszahlung oder Ersatz bei Verlust, Diebstahl sowie Besch\u00e4digung der Karte. G\u00fcltig 10 Jahre ab Ausstellungsdatum.<\/span><\/span><span class=\"EOP SCXW244360214 BCX8\" data-ccp-props=\"{&quot;201341983&quot;:0,&quot;335559739&quot;:160,&quot;335559740&quot;:259}\">\u00a0<\/span><\/p>\t\t\t\t\t\t<\/div>\n\t\t\t\t<\/div>\n\t\t\t\t\t<\/div>\n\t\t<\/div>\n\t\t\t\t\t<\/div>\n\t\t<\/section>\n\t\t\t\t<\/div>\n\t\t","protected":false},"excerpt":{"rendered":"<p>Kinogutscheine f\u00fcr Firmen Verschenken Sie an Ihre Mitarbeiter, Gesch\u00e4ftspartner oder Kunden ein besonderes Filmerlebnis in den blue Cinema Kinos. Egal ob als Incentive, als Dankesch\u00f6n oder als Teil Ihres Treueprogramms \u2013 unsere\u00a0 breite Auswahl an Kinogutscheinen ist eine hervorragende M\u00f6glichkeit, um Ihre Anerkennung zu zeigen. Die Gutscheine k\u00f6nnen wahlweise mit einem Geldbetrag oder mit Kinoeintritten [&hellip;]<\/p>\n","protected":false},"author":3,"featured_media":0,"parent":0,"menu_order":0,"comment_status":"closed","ping_status":"closed","template":"template-parts\/template-page-untitled-canvas.php","meta":{"_acf_changed":false,"footnotes":""},"acf":[],"yoast_head":"<!-- This site is optimized with the Yoast SEO Premium plugin v20.11 (Yoast SEO v20.12) - https:\/\/yoast.com\/wordpress\/plugins\/seo\/ -->\r\n<title>Firmengutscheine: Kino als Teamerlebnis | blue cinema<\/title>\r\n<meta name=\"description\" content=\"Steiger die Motivation und Zufriedenheit deiner Mitarbeiter mit personalisierten Kinogutscheinen von blue Cinema \u2013 ideal f\u00fcr Pr\u00e4mien und Geschenke.\" \/>\r\n<meta name=\"robots\" content=\"index, follow, max-snippet:-1, max-image-preview:large, max-video-preview:-1\" \/>\r\n<link rel=\"canonical\" href=\"https:\/\/wp-prod.bluecinema.ch\/de\/kino-gutscheine-fuer-firmen\/\" \/>\r\n<meta property=\"og:locale\" content=\"de_DE\" \/>\r\n<meta property=\"og:type\" content=\"article\" \/>\r\n<meta property=\"og:title\" content=\"Firmengutscheine: Kino als Teamerlebnis | blue cinema\" \/>\r\n<meta property=\"og:description\" content=\"Steiger die Motivation und Zufriedenheit deiner Mitarbeiter mit personalisierten Kinogutscheinen von blue Cinema \u2013 ideal f\u00fcr Pr\u00e4mien und Geschenke.\" \/>\r\n<meta property=\"og:url\" content=\"https:\/\/wp-prod.bluecinema.ch\/de\/kino-gutscheine-fuer-firmen\/\" \/>\r\n<meta property=\"og:site_name\" content=\"blue Cinema\" \/>\r\n<meta property=\"article:modified_time\" content=\"2025-01-21T15:15:13+00:00\" \/>\r\n<meta name=\"twitter:card\" content=\"summary_large_image\" \/>\r\n<script type=\"application\/ld+json\" class=\"yoast-schema-graph\">{\"@context\":\"https:\/\/schema.org\",\"@graph\":[{\"@type\":\"WebPage\",\"@id\":\"https:\/\/wp-prod.bluecinema.ch\/de\/kino-gutscheine-fuer-firmen\/\",\"url\":\"https:\/\/wp-prod.bluecinema.ch\/de\/kino-gutscheine-fuer-firmen\/\",\"name\":\"Firmengutscheine: Kino als Teamerlebnis | blue cinema\",\"isPartOf\":{\"@id\":\"https:\/\/wp-prod.bluecinema.ch\/en\/#website\"},\"datePublished\":\"2023-04-12T18:22:56+00:00\",\"dateModified\":\"2025-01-21T15:15:13+00:00\",\"description\":\"Steiger die Motivation und Zufriedenheit deiner Mitarbeiter mit personalisierten Kinogutscheinen von blue Cinema \u2013 ideal f\u00fcr Pr\u00e4mien und Geschenke.\",\"inLanguage\":\"de-CH\",\"potentialAction\":[{\"@type\":\"ReadAction\",\"target\":[\"https:\/\/wp-prod.bluecinema.ch\/de\/kino-gutscheine-fuer-firmen\/\"]}]},{\"@type\":\"WebSite\",\"@id\":\"https:\/\/wp-prod.bluecinema.ch\/en\/#website\",\"url\":\"https:\/\/wp-prod.bluecinema.ch\/en\/\",\"name\":\"blue Cinema\",\"description\":\"\",\"potentialAction\":[{\"@type\":\"SearchAction\",\"target\":{\"@type\":\"EntryPoint\",\"urlTemplate\":\"https:\/\/wp-prod.bluecinema.ch\/en\/?s={search_term_string}\"},\"query-input\":\"required name=search_term_string\"}],\"inLanguage\":\"de-CH\"}]}<\/script>\r\n<!-- \/ Yoast SEO Premium plugin. -->","yoast_head_json":{"title":"Firmengutscheine: Kino als Teamerlebnis | blue cinema","description":"Steiger die Motivation und Zufriedenheit deiner Mitarbeiter mit personalisierten Kinogutscheinen von blue Cinema \u2013 ideal f\u00fcr Pr\u00e4mien und Geschenke.","robots":{"index":"index","follow":"follow","max-snippet":"max-snippet:-1","max-image-preview":"max-image-preview:large","max-video-preview":"max-video-preview:-1"},"canonical":"https:\/\/wp-prod.bluecinema.ch\/de\/kino-gutscheine-fuer-firmen\/","og_locale":"de_DE","og_type":"article","og_title":"Firmengutscheine: Kino als Teamerlebnis | blue cinema","og_description":"Steiger die Motivation und Zufriedenheit deiner Mitarbeiter mit personalisierten Kinogutscheinen von blue Cinema \u2013 ideal f\u00fcr Pr\u00e4mien und Geschenke.","og_url":"https:\/\/wp-prod.bluecinema.ch\/de\/kino-gutscheine-fuer-firmen\/","og_site_name":"blue Cinema","article_modified_time":"2025-01-21T15:15:13+00:00","twitter_card":"summary_large_image","schema":{"@context":"https:\/\/schema.org","@graph":[{"@type":"WebPage","@id":"https:\/\/wp-prod.bluecinema.ch\/de\/kino-gutscheine-fuer-firmen\/","url":"https:\/\/wp-prod.bluecinema.ch\/de\/kino-gutscheine-fuer-firmen\/","name":"Firmengutscheine: Kino als Teamerlebnis | blue cinema","isPartOf":{"@id":"https:\/\/wp-prod.bluecinema.ch\/en\/#website"},"datePublished":"2023-04-12T18:22:56+00:00","dateModified":"2025-01-21T15:15:13+00:00","description":"Steiger die Motivation und Zufriedenheit deiner Mitarbeiter mit personalisierten Kinogutscheinen von blue Cinema \u2013 ideal f\u00fcr Pr\u00e4mien und Geschenke.","inLanguage":"de-CH","potentialAction":[{"@type":"ReadAction","target":["https:\/\/wp-prod.bluecinema.ch\/de\/kino-gutscheine-fuer-firmen\/"]}]},{"@type":"WebSite","@id":"https:\/\/wp-prod.bluecinema.ch\/en\/#website","url":"https:\/\/wp-prod.bluecinema.ch\/en\/","name":"blue Cinema","description":"","potentialAction":[{"@type":"SearchAction","target":{"@type":"EntryPoint","urlTemplate":"https:\/\/wp-prod.bluecinema.ch\/en\/?s={search_term_string}"},"query-input":"required name=search_term_string"}],"inLanguage":"de-CH"}]}},"_links":{"self":[{"href":"https:\/\/wp-prod.bluecinema.ch\/de\/wp-json\/wp\/v2\/pages\/27985"}],"collection":[{"href":"https:\/\/wp-prod.bluecinema.ch\/de\/wp-json\/wp\/v2\/pages"}],"about":[{"href":"https:\/\/wp-prod.bluecinema.ch\/de\/wp-json\/wp\/v2\/types\/page"}],"author":[{"embeddable":true,"href":"https:\/\/wp-prod.bluecinema.ch\/de\/wp-json\/wp\/v2\/users\/3"}],"replies":[{"embeddable":true,"href":"https:\/\/wp-prod.bluecinema.ch\/de\/wp-json\/wp\/v2\/comments?post=27985"}],"version-history":[{"count":28,"href":"https:\/\/wp-prod.bluecinema.ch\/de\/wp-json\/wp\/v2\/pages\/27985\/revisions"}],"predecessor-version":[{"id":61679,"href":"https:\/\/wp-prod.bluecinema.ch\/de\/wp-json\/wp\/v2\/pages\/27985\/revisions\/61679"}],"wp:attachment":[{"href":"https:\/\/wp-prod.bluecinema.ch\/de\/wp-json\/wp\/v2\/media?parent=27985"}],"curies":[{"name":"wp","href":"https:\/\/api.w.org\/{rel}","templated":true}]}}