{"id":32059,"date":"2023-09-04T13:39:54","date_gmt":"2023-09-04T13:39:54","guid":{"rendered":"https:\/\/wp-prod.bluecinema.ch\/?page_id=32059"},"modified":"2024-04-22T09:43:46","modified_gmt":"2024-04-22T09:43:46","slug":"studenten","status":"publish","type":"page","link":"https:\/\/wp-prod.bluecinema.ch\/de\/studenten\/","title":{"rendered":"Studenten"},"content":{"rendered":"\t\t<div data-elementor-type=\"wp-page\" data-elementor-id=\"32059\" class=\"elementor elementor-32059\" data-elementor-post-type=\"page\">\n\t\t\t\t\t\t<section class=\"elementor-section elementor-top-section elementor-element elementor-element-49dd0ad elementor-section-height-min-height elementor-section-stretched elementor-section-full_width elementor-section-height-default elementor-section-items-middle\" data-id=\"49dd0ad\" data-element_type=\"section\" data-settings=\"{&quot;stretch_section&quot;:&quot;section-stretched&quot;,&quot;background_background&quot;:&quot;classic&quot;}\">\n\t\t\t\t\t\t<div class=\"elementor-container elementor-column-gap-extended\">\n\t\t\t\t\t<div class=\"elementor-column elementor-col-100 elementor-top-column elementor-element elementor-element-7fa5804\" data-id=\"7fa5804\" data-element_type=\"column\" data-settings=\"{&quot;background_background&quot;:&quot;slideshow&quot;,&quot;background_slideshow_gallery&quot;:[],&quot;background_slideshow_loop&quot;:&quot;yes&quot;,&quot;background_slideshow_slide_duration&quot;:5000,&quot;background_slideshow_slide_transition&quot;:&quot;fade&quot;,&quot;background_slideshow_transition_duration&quot;:500}\">\n\t\t\t<div class=\"elementor-widget-wrap\">\n\t\t\t\t\t\t\t<\/div>\n\t\t<\/div>\n\t\t\t\t\t<\/div>\n\t\t<\/section>\n\t\t\t\t<section class=\"elementor-section elementor-top-section elementor-element elementor-element-1c68f63 elementor-section-boxed elementor-section-height-default elementor-section-height-default\" data-id=\"1c68f63\" data-element_type=\"section\">\n\t\t\t\t\t\t<div class=\"elementor-container elementor-column-gap-default\">\n\t\t\t\t\t<div class=\"elementor-column elementor-col-100 elementor-top-column elementor-element elementor-element-e531db0\" data-id=\"e531db0\" data-element_type=\"column\">\n\t\t\t<div class=\"elementor-widget-wrap elementor-element-populated\">\n\t\t\t\t\t\t<div class=\"elementor-element elementor-element-dbefe84 elementor-hidden-mobile elementor-widget elementor-widget-spacer\" data-id=\"dbefe84\" data-element_type=\"widget\" data-widget_type=\"spacer.default\">\n\t\t\t\t<div class=\"elementor-widget-container\">\n\t\t\t\t\t<div class=\"elementor-spacer\">\n\t\t\t<div class=\"elementor-spacer-inner\"><\/div>\n\t\t<\/div>\n\t\t\t\t<\/div>\n\t\t\t\t<\/div>\n\t\t\t\t<div class=\"elementor-element elementor-element-4c469ee elementor-widget elementor-widget-text-editor\" data-id=\"4c469ee\" data-element_type=\"widget\" data-widget_type=\"text-editor.default\">\n\t\t\t\t<div class=\"elementor-widget-container\">\n\t\t\t\t\t\t\t<p><strong>Relax \u2013 Mittwoch ist dein Kinotag<\/strong><\/p>\t\t\t\t\t\t<\/div>\n\t\t\t\t<\/div>\n\t\t\t\t<div class=\"elementor-element elementor-element-bc483c5 elementor-widget elementor-widget-text-editor\" data-id=\"bc483c5\" data-element_type=\"widget\" data-widget_type=\"text-editor.default\">\n\t\t\t\t<div class=\"elementor-widget-container\">\n\t\t\t\t\t\t\t<div>F\u00fcr <span class=\"ui-provider ee bfs bft bfu bfv bfw bfx bfy bfz bga bgb bgc bgd bge bgf bgg bgh bgi bgj bgk bgl bgm bgn bgo bgp bgq bgr bgs bgt bgu bgv bgw bgx bgy bgz\" dir=\"ltr\">Studierende<\/span> und <span class=\"ui-provider ee bfs bft bfu bfv bfw bfx bfy bfz bga bgb bgc bgd bge bgf bgg bgh bgi bgj bgk bgl bgm bgn bgo bgp bgq bgr bgs bgt bgu bgv bgw bgx bgy bgz\" dir=\"ltr\">Lernende <\/span> ist das Kino in Winterthur ab sofort besonders attraktiv:<\/div><p>Jeden Mittwoch gibt\u2019s Kino f\u00fcr CHF 15.\u2013 inklusive einem Popcorn S.<\/p><p>Vorbeikommen, zur\u00fccklehnen und entspannen.<\/p>\t\t\t\t\t\t<\/div>\n\t\t\t\t<\/div>\n\t\t\t\t<div class=\"elementor-element elementor-element-cf53887 elementor-widget elementor-widget-text-editor\" data-id=\"cf53887\" data-element_type=\"widget\" data-widget_type=\"text-editor.default\">\n\t\t\t\t<div class=\"elementor-widget-container\">\n\t\t\t\t\t\t\t<p>G\u00fcltig jeden Mittwoch im blue Cinema Maxx in Winterthur. Vorpremieren (z.B. Ladies Night und Movie Night) und geschlossene Vorstellungen sind ausgeschlossen. Nur so lange Pl\u00e4tze verf\u00fcgbar sind. Nicht kumulierbar mit anderen Aktionen oder Verg\u00fcnstigungen. <strong>Nur mit g\u00fcltigem, pers\u00f6nlichem Studentenausweis.<\/strong><\/p>\t\t\t\t\t\t<\/div>\n\t\t\t\t<\/div>\n\t\t\t\t<div class=\"elementor-element elementor-element-38074a9 elementor-hidden-mobile elementor-widget elementor-widget-spacer\" data-id=\"38074a9\" data-element_type=\"widget\" data-widget_type=\"spacer.default\">\n\t\t\t\t<div class=\"elementor-widget-container\">\n\t\t\t\t\t<div class=\"elementor-spacer\">\n\t\t\t<div class=\"elementor-spacer-inner\"><\/div>\n\t\t<\/div>\n\t\t\t\t<\/div>\n\t\t\t\t<\/div>\n\t\t\t\t\t<\/div>\n\t\t<\/div>\n\t\t\t\t\t<\/div>\n\t\t<\/section>\n\t\t\t\t<\/div>\n\t\t","protected":false},"excerpt":{"rendered":"<p>Relax \u2013 Mittwoch ist dein Kinotag F\u00fcr Studierende und Lernende ist das Kino in Winterthur ab sofort besonders attraktiv: Jeden Mittwoch gibt\u2019s Kino f\u00fcr CHF 15.\u2013 inklusive einem Popcorn S. Vorbeikommen, zur\u00fccklehnen und entspannen. G\u00fcltig jeden Mittwoch im blue Cinema Maxx in Winterthur. Vorpremieren (z.B. Ladies Night und Movie Night) und geschlossene Vorstellungen sind ausgeschlossen. [&hellip;]<\/p>\n","protected":false},"author":3,"featured_media":0,"parent":0,"menu_order":0,"comment_status":"closed","ping_status":"closed","template":"template-parts\/template-page-untitled-canvas.php","meta":{"_acf_changed":false,"footnotes":""},"acf":[],"yoast_head":"<!-- This site is optimized with the Yoast SEO Premium plugin v20.11 (Yoast SEO v20.12) - https:\/\/yoast.com\/wordpress\/plugins\/seo\/ -->\r\n<title>Studenten - blue Cinema<\/title>\r\n<meta name=\"robots\" content=\"index, follow, max-snippet:-1, max-image-preview:large, max-video-preview:-1\" \/>\r\n<link rel=\"canonical\" href=\"https:\/\/wp-prod.bluecinema.ch\/en\/studenten\/\" \/>\r\n<meta property=\"og:locale\" content=\"de_DE\" \/>\r\n<meta property=\"og:type\" content=\"article\" \/>\r\n<meta property=\"og:title\" content=\"Studenten - blue Cinema\" \/>\r\n<meta property=\"og:description\" content=\"Relax \u2013 Mittwoch ist dein Kinotag F\u00fcr Studierende und Lernende ist das Kino in Winterthur ab sofort besonders attraktiv: Jeden Mittwoch gibt\u2019s Kino f\u00fcr CHF 15.\u2013 inklusive einem Popcorn S. Vorbeikommen, zur\u00fccklehnen und entspannen. G\u00fcltig jeden Mittwoch im blue Cinema Maxx in Winterthur. Vorpremieren (z.B. Ladies Night und Movie Night) und geschlossene Vorstellungen sind ausgeschlossen. [&hellip;]\" \/>\r\n<meta property=\"og:url\" content=\"https:\/\/wp-prod.bluecinema.ch\/en\/studenten\/\" \/>\r\n<meta property=\"og:site_name\" content=\"blue Cinema\" \/>\r\n<meta property=\"article:modified_time\" content=\"2024-04-22T09:43:46+00:00\" \/>\r\n<meta name=\"twitter:card\" content=\"summary_large_image\" \/>\r\n<meta name=\"twitter:label1\" content=\"Est. reading time\" \/>\n\t<meta name=\"twitter:data1\" content=\"1 minute\" \/>\r\n<script type=\"application\/ld+json\" class=\"yoast-schema-graph\">{\"@context\":\"https:\/\/schema.org\",\"@graph\":[{\"@type\":\"WebPage\",\"@id\":\"https:\/\/wp-prod.bluecinema.ch\/en\/studenten\/\",\"url\":\"https:\/\/wp-prod.bluecinema.ch\/en\/studenten\/\",\"name\":\"Studenten - blue Cinema\",\"isPartOf\":{\"@id\":\"https:\/\/wp-prod.bluecinema.ch\/en\/#website\"},\"datePublished\":\"2023-09-04T13:39:54+00:00\",\"dateModified\":\"2024-04-22T09:43:46+00:00\",\"inLanguage\":\"de-CH\",\"potentialAction\":[{\"@type\":\"ReadAction\",\"target\":[\"https:\/\/wp-prod.bluecinema.ch\/en\/studenten\/\"]}]},{\"@type\":\"WebSite\",\"@id\":\"https:\/\/wp-prod.bluecinema.ch\/en\/#website\",\"url\":\"https:\/\/wp-prod.bluecinema.ch\/en\/\",\"name\":\"blue Cinema\",\"description\":\"\",\"potentialAction\":[{\"@type\":\"SearchAction\",\"target\":{\"@type\":\"EntryPoint\",\"urlTemplate\":\"https:\/\/wp-prod.bluecinema.ch\/en\/?s={search_term_string}\"},\"query-input\":\"required name=search_term_string\"}],\"inLanguage\":\"de-CH\"}]}<\/script>\r\n<!-- \/ Yoast SEO Premium plugin. -->","yoast_head_json":{"title":"Studenten - blue Cinema","robots":{"index":"index","follow":"follow","max-snippet":"max-snippet:-1","max-image-preview":"max-image-preview:large","max-video-preview":"max-video-preview:-1"},"canonical":"https:\/\/wp-prod.bluecinema.ch\/en\/studenten\/","og_locale":"de_DE","og_type":"article","og_title":"Studenten - blue Cinema","og_description":"Relax \u2013 Mittwoch ist dein Kinotag F\u00fcr Studierende und Lernende ist das Kino in Winterthur ab sofort besonders attraktiv: Jeden Mittwoch gibt\u2019s Kino f\u00fcr CHF 15.\u2013 inklusive einem Popcorn S. Vorbeikommen, zur\u00fccklehnen und entspannen. G\u00fcltig jeden Mittwoch im blue Cinema Maxx in Winterthur. Vorpremieren (z.B. Ladies Night und Movie Night) und geschlossene Vorstellungen sind ausgeschlossen. [&hellip;]","og_url":"https:\/\/wp-prod.bluecinema.ch\/en\/studenten\/","og_site_name":"blue Cinema","article_modified_time":"2024-04-22T09:43:46+00:00","twitter_card":"summary_large_image","twitter_misc":{"Est. reading time":"1 minute"},"schema":{"@context":"https:\/\/schema.org","@graph":[{"@type":"WebPage","@id":"https:\/\/wp-prod.bluecinema.ch\/en\/studenten\/","url":"https:\/\/wp-prod.bluecinema.ch\/en\/studenten\/","name":"Studenten - blue Cinema","isPartOf":{"@id":"https:\/\/wp-prod.bluecinema.ch\/en\/#website"},"datePublished":"2023-09-04T13:39:54+00:00","dateModified":"2024-04-22T09:43:46+00:00","inLanguage":"de-CH","potentialAction":[{"@type":"ReadAction","target":["https:\/\/wp-prod.bluecinema.ch\/en\/studenten\/"]}]},{"@type":"WebSite","@id":"https:\/\/wp-prod.bluecinema.ch\/en\/#website","url":"https:\/\/wp-prod.bluecinema.ch\/en\/","name":"blue Cinema","description":"","potentialAction":[{"@type":"SearchAction","target":{"@type":"EntryPoint","urlTemplate":"https:\/\/wp-prod.bluecinema.ch\/en\/?s={search_term_string}"},"query-input":"required name=search_term_string"}],"inLanguage":"de-CH"}]}},"_links":{"self":[{"href":"https:\/\/wp-prod.bluecinema.ch\/de\/wp-json\/wp\/v2\/pages\/32059"}],"collection":[{"href":"https:\/\/wp-prod.bluecinema.ch\/de\/wp-json\/wp\/v2\/pages"}],"about":[{"href":"https:\/\/wp-prod.bluecinema.ch\/de\/wp-json\/wp\/v2\/types\/page"}],"author":[{"embeddable":true,"href":"https:\/\/wp-prod.bluecinema.ch\/de\/wp-json\/wp\/v2\/users\/3"}],"replies":[{"embeddable":true,"href":"https:\/\/wp-prod.bluecinema.ch\/de\/wp-json\/wp\/v2\/comments?post=32059"}],"version-history":[{"count":13,"href":"https:\/\/wp-prod.bluecinema.ch\/de\/wp-json\/wp\/v2\/pages\/32059\/revisions"}],"predecessor-version":[{"id":49908,"href":"https:\/\/wp-prod.bluecinema.ch\/de\/wp-json\/wp\/v2\/pages\/32059\/revisions\/49908"}],"wp:attachment":[{"href":"https:\/\/wp-prod.bluecinema.ch\/de\/wp-json\/wp\/v2\/media?parent=32059"}],"curies":[{"name":"wp","href":"https:\/\/api.w.org\/{rel}","templated":true}]}}