{"id":52403,"date":"2024-05-30T13:13:37","date_gmt":"2024-05-30T13:13:37","guid":{"rendered":"https:\/\/wp-prod.bluecinema.ch\/?page_id=52403"},"modified":"2024-10-29T13:57:04","modified_gmt":"2024-10-29T13:57:04","slug":"vr-abtwil","status":"publish","type":"page","link":"https:\/\/wp-prod.bluecinema.ch\/de\/vr-abtwil\/","title":{"rendered":"VR Abtwil"},"content":{"rendered":"\t\t<div data-elementor-type=\"wp-page\" data-elementor-id=\"52403\" class=\"elementor elementor-52403\" data-elementor-post-type=\"page\">\n\t\t\t\t\t\t<section class=\"elementor-section elementor-top-section elementor-element elementor-element-1f423fc elementor-section-height-min-height elementor-section-stretched elementor-reverse-mobile elementor-section-boxed elementor-section-height-default elementor-section-items-middle\" data-id=\"1f423fc\" data-element_type=\"section\" data-settings=\"{&quot;stretch_section&quot;:&quot;section-stretched&quot;,&quot;background_background&quot;:&quot;classic&quot;}\">\n\t\t\t\t\t\t\t<div class=\"elementor-background-overlay\"><\/div>\n\t\t\t\t\t\t\t<div class=\"elementor-container elementor-column-gap-default\">\n\t\t\t\t\t<div class=\"elementor-column elementor-col-100 elementor-top-column elementor-element elementor-element-9897dc8\" data-id=\"9897dc8\" data-element_type=\"column\">\n\t\t\t<div class=\"elementor-widget-wrap elementor-element-populated\">\n\t\t\t\t\t\t<section class=\"elementor-section elementor-inner-section elementor-element elementor-element-af2be25 elementor-reverse-mobile elementor-section-boxed elementor-section-height-default elementor-section-height-default\" data-id=\"af2be25\" data-element_type=\"section\">\n\t\t\t\t\t\t<div class=\"elementor-container elementor-column-gap-no\">\n\t\t\t\t\t<div class=\"elementor-column elementor-col-50 elementor-inner-column elementor-element elementor-element-cc81a5f\" data-id=\"cc81a5f\" data-element_type=\"column\">\n\t\t\t<div class=\"elementor-widget-wrap elementor-element-populated\">\n\t\t\t\t\t\t<div class=\"elementor-element elementor-element-2cff109 elementor-widget elementor-widget-heading\" data-id=\"2cff109\" data-element_type=\"widget\" data-widget_type=\"heading.default\">\n\t\t\t\t<div class=\"elementor-widget-container\">\n\t\t\t<h2 class=\"elementor-heading-title elementor-size-default\">Abtwil<\/h2>\t\t<\/div>\n\t\t\t\t<\/div>\n\t\t\t\t<div class=\"elementor-element elementor-element-d3d6966 elementor-widget elementor-widget-heading\" data-id=\"d3d6966\" data-element_type=\"widget\" data-widget_type=\"heading.default\">\n\t\t\t\t<div class=\"elementor-widget-container\">\n\t\t\t<h2 class=\"elementor-heading-title elementor-size-default\">Reserviere jetzt deine Session.<\/h2>\t\t<\/div>\n\t\t\t\t<\/div>\n\t\t\t\t<div class=\"elementor-element elementor-element-f9bc080 elementor-align-left elementor-widget__width-auto elementor-mobile-align-justify elementor-widget-mobile__width-inherit elementor-widget elementor-widget-button\" data-id=\"f9bc080\" data-element_type=\"widget\" data-widget_type=\"button.default\">\n\t\t\t\t<div class=\"elementor-widget-container\">\n\t\t\t\t\t<div class=\"elementor-button-wrapper\">\n\t\t\t<a class=\"elementor-button elementor-button-link elementor-size-sm\" href=\"https:\/\/secure.meriq.com\/vr-abtwil\/?language=de\" target=\"_blank\">\n\t\t\t\t\t\t<span class=\"elementor-button-content-wrapper\">\n\t\t\t\t\t\t\t\t\t<span class=\"elementor-button-text\">Online reservieren<\/span>\n\t\t\t\t\t<\/span>\n\t\t\t\t\t<\/a>\n\t\t<\/div>\n\t\t\t\t<\/div>\n\t\t\t\t<\/div>\n\t\t\t\t<div class=\"elementor-element elementor-element-9e45727 elementor-mobile-align-justify elementor-widget__width-auto elementor-widget-mobile__width-inherit elementor-widget elementor-widget-button\" data-id=\"9e45727\" data-element_type=\"widget\" data-widget_type=\"button.default\">\n\t\t\t\t<div class=\"elementor-widget-container\">\n\t\t\t\t\t<div class=\"elementor-button-wrapper\">\n\t\t\t<a class=\"elementor-button elementor-button-link elementor-size-sm\" href=\"#elementor-action%3Aaction%3Dpopup%3Aopen%26settings%3DeyJpZCI6NTMwMjEsInRvZ2dsZSI6ZmFsc2V9\">\n\t\t\t\t\t\t<span class=\"elementor-button-content-wrapper\">\n\t\t\t\t\t\t\t\t\t<span class=\"elementor-button-text\">Spiele<\/span>\n\t\t\t\t\t<\/span>\n\t\t\t\t\t<\/a>\n\t\t<\/div>\n\t\t\t\t<\/div>\n\t\t\t\t<\/div>\n\t\t\t\t<div class=\"elementor-element elementor-element-051e8db elementor-mobile-align-justify elementor-widget__width-auto elementor-widget-mobile__width-inherit elementor-widget elementor-widget-button\" data-id=\"051e8db\" data-element_type=\"widget\" data-widget_type=\"button.default\">\n\t\t\t\t<div class=\"elementor-widget-container\">\n\t\t\t\t\t<div class=\"elementor-button-wrapper\">\n\t\t\t<a class=\"elementor-button elementor-button-link elementor-size-sm\" href=\"#elementor-action%3Aaction%3Dpopup%3Aopen%26settings%3DeyJpZCI6NTMwMzAsInRvZ2dsZSI6ZmFsc2V9\">\n\t\t\t\t\t\t<span class=\"elementor-button-content-wrapper\">\n\t\t\t\t\t\t\t\t\t<span class=\"elementor-button-text\">So funktioniert's<\/span>\n\t\t\t\t\t<\/span>\n\t\t\t\t\t<\/a>\n\t\t<\/div>\n\t\t\t\t<\/div>\n\t\t\t\t<\/div>\n\t\t\t\t\t<\/div>\n\t\t<\/div>\n\t\t\t\t<div class=\"elementor-column elementor-col-50 elementor-inner-column elementor-element elementor-element-07ac705\" data-id=\"07ac705\" data-element_type=\"column\">\n\t\t\t<div class=\"elementor-widget-wrap elementor-element-populated\">\n\t\t\t\t\t\t<div class=\"elementor-element elementor-element-8ad914e elementor-widget elementor-widget-image\" data-id=\"8ad914e\" data-element_type=\"widget\" data-widget_type=\"image.default\">\n\t\t\t\t<div class=\"elementor-widget-container\">\n\t\t\t\t\t\t\t\t\t\t\t\t\t<img fetchpriority=\"high\" decoding=\"async\" width=\"1000\" height=\"667\" src=\"https:\/\/wp-prod.bluecinema.ch\/app\/uploads\/2024\/04\/Multitainment-2.png\" class=\"attachment-full size-full wp-image-48580\" alt=\"\" srcset=\"https:\/\/wp-prod.bluecinema.ch\/app\/uploads\/2024\/04\/Multitainment-2.png 1000w, https:\/\/wp-prod.bluecinema.ch\/app\/uploads\/2024\/04\/Multitainment-2-300x200.png 300w, https:\/\/wp-prod.bluecinema.ch\/app\/uploads\/2024\/04\/Multitainment-2-768x512.png 768w, https:\/\/wp-prod.bluecinema.ch\/app\/uploads\/2024\/04\/Multitainment-2-460x307.png 460w, https:\/\/wp-prod.bluecinema.ch\/app\/uploads\/2024\/04\/Multitainment-2-960x640.png 960w\" sizes=\"(max-width: 1000px) 100vw, 1000px\" \/>\t\t\t\t\t\t\t\t\t\t\t\t\t<\/div>\n\t\t\t\t<\/div>\n\t\t\t\t\t<\/div>\n\t\t<\/div>\n\t\t\t\t\t<\/div>\n\t\t<\/section>\n\t\t\t\t\t<\/div>\n\t\t<\/div>\n\t\t\t\t\t<\/div>\n\t\t<\/section>\n\t\t\t\t<section class=\"elementor-section elementor-top-section elementor-element elementor-element-9fb7873 elementor-section-boxed elementor-section-height-default elementor-section-height-default\" data-id=\"9fb7873\" data-element_type=\"section\" data-settings=\"{&quot;background_background&quot;:&quot;classic&quot;}\">\n\t\t\t\t\t\t<div class=\"elementor-container elementor-column-gap-default\">\n\t\t\t\t\t<div class=\"elementor-column elementor-col-100 elementor-top-column elementor-element elementor-element-c806462\" data-id=\"c806462\" data-element_type=\"column\">\n\t\t\t<div class=\"elementor-widget-wrap elementor-element-populated\">\n\t\t\t\t\t\t<div class=\"elementor-element elementor-element-40b5e73 elementor-widget elementor-widget-heading\" data-id=\"40b5e73\" data-element_type=\"widget\" data-widget_type=\"heading.default\">\n\t\t\t\t<div class=\"elementor-widget-container\">\n\t\t\t<h1 class=\"elementor-heading-title elementor-size-default\">Erlebe virtuellen Spielspass in der Virtual Game Arena in Abtwil!<\/h1>\t\t<\/div>\n\t\t\t\t<\/div>\n\t\t\t\t<div class=\"elementor-element elementor-element-94bc450 elementor-widget elementor-widget-heading\" data-id=\"94bc450\" data-element_type=\"widget\" data-widget_type=\"heading.default\">\n\t\t\t\t<div class=\"elementor-widget-container\">\n\t\t\t<h2 class=\"elementor-heading-title elementor-size-default\">In der neuen Virtual Game Arena in Abtwil erwarten dich vielf\u00e4ltige Spiele, von actiongeladenen Shootern bis hin zu kniffligen R\u00e4tselabenteuern - garantierter Spass f\u00fcr Gross und Klein.<\/h2>\t\t<\/div>\n\t\t\t\t<\/div>\n\t\t\t\t<div class=\"elementor-element elementor-element-c3fb773 elementor-align-justify elementor-mobile-align-justify elementor-widget__width-auto elementor-widget-tablet__width-initial elementor-widget-mobile__width-inherit elementor-widget elementor-widget-button\" data-id=\"c3fb773\" data-element_type=\"widget\" data-widget_type=\"button.default\">\n\t\t\t\t<div class=\"elementor-widget-container\">\n\t\t\t\t\t<div class=\"elementor-button-wrapper\">\n\t\t\t<a class=\"elementor-button elementor-button-link elementor-size-md\" href=\"https:\/\/secure.meriq.com\/vr-abtwil\/?language=de\">\n\t\t\t\t\t\t<span class=\"elementor-button-content-wrapper\">\n\t\t\t\t\t\t\t\t\t<span class=\"elementor-button-text\">Buche jetzt deine Session <\/span>\n\t\t\t\t\t<\/span>\n\t\t\t\t\t<\/a>\n\t\t<\/div>\n\t\t\t\t<\/div>\n\t\t\t\t<\/div>\n\t\t\t\t\t<\/div>\n\t\t<\/div>\n\t\t\t\t\t<\/div>\n\t\t<\/section>\n\t\t\t\t<section class=\"elementor-section elementor-top-section elementor-element elementor-element-5e50bb4 elementor-section-full_width elementor-section-height-default elementor-section-height-default\" data-id=\"5e50bb4\" data-element_type=\"section\">\n\t\t\t\t\t\t<div class=\"elementor-container elementor-column-gap-default\">\n\t\t\t\t\t<div class=\"elementor-column elementor-col-100 elementor-top-column elementor-element elementor-element-4044c1d\" data-id=\"4044c1d\" data-element_type=\"column\">\n\t\t\t<div class=\"elementor-widget-wrap elementor-element-populated\">\n\t\t\t\t\t\t<div class=\"elementor-element elementor-element-423da4b elementor-widget elementor-widget-heading\" data-id=\"423da4b\" data-element_type=\"widget\" data-widget_type=\"heading.default\">\n\t\t\t\t<div class=\"elementor-widget-container\">\n\t\t\t<h3 class=\"elementor-heading-title elementor-size-default\">\u00d6ffnungszeiten &amp; Preise<\/h3>\t\t<\/div>\n\t\t\t\t<\/div>\n\t\t\t\t\t<\/div>\n\t\t<\/div>\n\t\t\t\t\t<\/div>\n\t\t<\/section>\n\t\t\t\t<section class=\"elementor-section elementor-top-section elementor-element elementor-element-347b905 elementor-section-boxed elementor-section-height-default elementor-section-height-default\" data-id=\"347b905\" data-element_type=\"section\">\n\t\t\t\t\t\t<div class=\"elementor-container elementor-column-gap-default\">\n\t\t\t\t\t<div class=\"elementor-column elementor-col-50 elementor-top-column elementor-element elementor-element-9817116\" data-id=\"9817116\" data-element_type=\"column\" data-settings=\"{&quot;background_background&quot;:&quot;classic&quot;}\">\n\t\t\t<div class=\"elementor-widget-wrap elementor-element-populated\">\n\t\t\t\t\t\t<div class=\"elementor-element elementor-element-2a5920f elementor-widget elementor-widget-html\" data-id=\"2a5920f\" data-element_type=\"widget\" data-widget_type=\"html.default\">\n\t\t\t\t<div class=\"elementor-widget-container\">\n\t\t\t<script src=\"https:\/\/static.elfsight.com\/platform\/platform.js\" data-use-service-core defer><\/script>\n<div class=\"elfsight-app-253641a8-97c6-482f-ab09-fb41d551d59b\" data-elfsight-app-lazy><\/div>\t\t<\/div>\n\t\t\t\t<\/div>\n\t\t\t\t\t<\/div>\n\t\t<\/div>\n\t\t\t\t<div class=\"elementor-column elementor-col-50 elementor-top-column elementor-element elementor-element-6460263\" data-id=\"6460263\" data-element_type=\"column\" data-settings=\"{&quot;background_background&quot;:&quot;classic&quot;}\">\n\t\t\t<div class=\"elementor-widget-wrap elementor-element-populated\">\n\t\t\t\t\t\t<div class=\"elementor-element elementor-element-5e7a5ff elementor-widget elementor-widget-heading\" data-id=\"5e7a5ff\" data-element_type=\"widget\" data-widget_type=\"heading.default\">\n\t\t\t\t<div class=\"elementor-widget-container\">\n\t\t\t<h3 class=\"elementor-heading-title elementor-size-default\">Preise<\/h3>\t\t<\/div>\n\t\t\t\t<\/div>\n\t\t\t\t<div class=\"elementor-element elementor-element-064bd6a elementor-widget elementor-widget-text-editor\" data-id=\"064bd6a\" data-element_type=\"widget\" data-widget_type=\"text-editor.default\">\n\t\t\t\t<div class=\"elementor-widget-container\">\n\t\t\t\t\t\t\t<p>W\u00e4hle deine 30-min\u00fctige Session: entweder eine exklusive VR-Erfahrung (nur f\u00fcr deine Gruppe) oder ein Multiplayer-Abenteuer (mit anderen Spielern).<\/p>\t\t\t\t\t\t<\/div>\n\t\t\t\t<\/div>\n\t\t\t\t<div class=\"elementor-element elementor-element-ce8a355 elementor-widget elementor-widget-heading\" data-id=\"ce8a355\" data-element_type=\"widget\" data-widget_type=\"heading.default\">\n\t\t\t\t<div class=\"elementor-widget-container\">\n\t\t\t<h3 class=\"elementor-heading-title elementor-size-default\">Multiplayer-Abenteuer\n<\/h3>\t\t<\/div>\n\t\t\t\t<\/div>\n\t\t\t\t<div class=\"elementor-element elementor-element-42bc19a elementor-widget elementor-widget-html\" data-id=\"42bc19a\" data-element_type=\"widget\" data-widget_type=\"html.default\">\n\t\t\t\t<div class=\"elementor-widget-container\">\n\t\t\t<style>\ntable, th, td {\n  table-layout: auto;\n  width: 100%;\n  padding: 5px; \/* General padding *\/\n  border-spacing: 1px;\n  border-collapse: collapse;\n  text-align: left;\n}\ntable {\n  margin-left: 0;\n  margin-right: auto; \/* Align table to the left *\/\n}\ntd:nth-child(2), th:nth-child(3) {\n  padding-right: 50px; \/* Add space between the second and third column *\/\n}\ntd, th {\n  overflow: hidden;\n  white-space: nowrap;\n\n}\n<\/style>\n\n<table>\n  <tr>\n    <th><\/th>\n    <th>1. Session<\/th>\n    <th>je weitere Session<\/th>\n  <\/tr>\n  <tr>\n    <td>Mi. & Do.<\/td>\n    <td>CHF 24.90<\/td>\n    <td>CHF 19.90<\/td>\n  <\/tr>\n  <tr>\n    <td>Fr. - So.<\/td>\n    <td>CHF 29.90<\/td>\n    <td>CHF 24.90<\/td>\n  <\/tr>\n\n\n<\/table>\n\t\t<\/div>\n\t\t\t\t<\/div>\n\t\t\t\t<div class=\"elementor-element elementor-element-ad1df97 elementor-widget__width-auto elementor-widget elementor-widget-text-editor\" data-id=\"ad1df97\" data-element_type=\"widget\" data-widget_type=\"text-editor.default\">\n\t\t\t\t<div class=\"elementor-widget-container\">\n\t\t\t\t\t\t\t<p style=\"font-weight: 400;\"><strong>Bis zum 31.12.2024 die erste Multiplayer-Session f\u00fcr nur CHF 19.90 statt CHF 29.90<\/strong><\/p>\t\t\t\t\t\t<\/div>\n\t\t\t\t<\/div>\n\t\t\t\t<div class=\"elementor-element elementor-element-9d66c04 elementor-widget elementor-widget-text-editor\" data-id=\"9d66c04\" data-element_type=\"widget\" data-widget_type=\"text-editor.default\">\n\t\t\t\t<div class=\"elementor-widget-container\">\n\t\t\t\t\t\t\t<p>Preise verstehen sich pro Person und Session. \u00c4nderungen vorbehalten.<\/p>\t\t\t\t\t\t<\/div>\n\t\t\t\t<\/div>\n\t\t\t\t<div class=\"elementor-element elementor-element-380442b elementor-widget elementor-widget-heading\" data-id=\"380442b\" data-element_type=\"widget\" data-widget_type=\"heading.default\">\n\t\t\t\t<div class=\"elementor-widget-container\">\n\t\t\t<h3 class=\"elementor-heading-title elementor-size-default\">Exklusive VR-Erfahrung\n<\/h3>\t\t<\/div>\n\t\t\t\t<\/div>\n\t\t\t\t<div class=\"elementor-element elementor-element-5ba304c elementor-widget elementor-widget-html\" data-id=\"5ba304c\" data-element_type=\"widget\" data-widget_type=\"html.default\">\n\t\t\t\t<div class=\"elementor-widget-container\">\n\t\t\t<style>\ntable, th, td {\n  table-layout: auto;\n  width: 100%;\n  padding: 5px; \/* General padding *\/\n  border-spacing: 1px;\n  border-collapse: collapse;\n  text-align: left;\n}\ntable {\n  margin-left: 0;\n  margin-right: auto; \/* Align table to the left *\/\n}\ntd:nth-child(2), th:nth-child(3) {\n  padding-right: 50px; \/* Add space between the second and third column *\/\n}\ntd, th {\n  overflow: hidden;\n  white-space: nowrap;\n\n}\n<\/style>\n\n<table>\n  <tr>\n    <th><\/th>\n    <th>1. Session<\/th>\n    <th>je weitere Session<\/th>\n  <\/tr>\n  <tr>\n    <td>2 Pers.<\/td>\n    <td>CHF 99.90<\/td>\n    <td>CHF 89.90<\/td>\n  <\/tr>\n  <tr>\n    <td>3-4 Pers.<\/td>\n    <td>CHF 119.90<\/td>\n    <td>CHF 109.90<\/td>\n  <\/tr>\n  <tr>\n    <td>5-6 Pers.<\/td>\n    <td>CHF 139.90<\/td>\n    <td>CHF 129.90<\/td>\n  <\/tr>\n  <tr>\n    <td>7-8 Pers.<\/td>\n    <td>CHF 159.90<\/td>\n    <td>CHF 149.90<\/td>\n  <\/tr>\n<\/table>\n\t\t<\/div>\n\t\t\t\t<\/div>\n\t\t\t\t<div class=\"elementor-element elementor-element-bf0d24e elementor-widget elementor-widget-text-editor\" data-id=\"bf0d24e\" data-element_type=\"widget\" data-widget_type=\"text-editor.default\">\n\t\t\t\t<div class=\"elementor-widget-container\">\n\t\t\t\t\t\t\t<p>Preise verstehen sich pro Session. \u00c4nderungen vorbehalten.<\/p>\t\t\t\t\t\t<\/div>\n\t\t\t\t<\/div>\n\t\t\t\t\t<\/div>\n\t\t<\/div>\n\t\t\t\t\t<\/div>\n\t\t<\/section>\n\t\t\t\t<section class=\"elementor-section elementor-top-section elementor-element elementor-element-2cd4252 elementor-section-full_width elementor-section-stretched elementor-section-height-default elementor-section-height-default\" data-id=\"2cd4252\" data-element_type=\"section\" data-settings=\"{&quot;stretch_section&quot;:&quot;section-stretched&quot;}\">\n\t\t\t\t\t\t<div class=\"elementor-container elementor-column-gap-default\">\n\t\t\t\t\t<div class=\"elementor-column elementor-col-100 elementor-top-column elementor-element elementor-element-2ecc0d1\" data-id=\"2ecc0d1\" data-element_type=\"column\">\n\t\t\t<div class=\"elementor-widget-wrap elementor-element-populated\">\n\t\t\t\t\t\t<div class=\"elementor-element elementor-element-3148266 elementor-widget elementor-widget-heading\" data-id=\"3148266\" data-element_type=\"widget\" data-widget_type=\"heading.default\">\n\t\t\t\t<div class=\"elementor-widget-container\">\n\t\t\t<h3 class=\"elementor-heading-title elementor-size-default\">Hier findest du uns<\/h3>\t\t<\/div>\n\t\t\t\t<\/div>\n\t\t\t\t\t<\/div>\n\t\t<\/div>\n\t\t\t\t\t<\/div>\n\t\t<\/section>\n\t\t\t\t<section class=\"elementor-section elementor-top-section elementor-element elementor-element-169a199 elementor-section-height-min-height elementor-section-items-stretch elementor-section-boxed elementor-section-height-default\" data-id=\"169a199\" data-element_type=\"section\">\n\t\t\t\t\t\t<div class=\"elementor-container elementor-column-gap-no\">\n\t\t\t\t\t<div class=\"elementor-column elementor-col-50 elementor-top-column elementor-element elementor-element-3a977d8\" data-id=\"3a977d8\" data-element_type=\"column\" data-settings=\"{&quot;background_background&quot;:&quot;classic&quot;}\">\n\t\t\t<div class=\"elementor-widget-wrap elementor-element-populated\">\n\t\t\t\t\t<div class=\"elementor-background-overlay\"><\/div>\n\t\t\t\t\t\t<div class=\"elementor-element elementor-element-ae45fd0 elementor-widget elementor-widget-text-editor\" data-id=\"ae45fd0\" data-element_type=\"widget\" data-widget_type=\"text-editor.default\">\n\t\t\t\t<div class=\"elementor-widget-container\">\n\t\t\t\t\t\t\t<h3>Cinedome Abtwil (SG)<\/h3>\t\t\t\t\t\t<\/div>\n\t\t\t\t<\/div>\n\t\t\t\t<div class=\"elementor-element elementor-element-996dec1 elementor-widget elementor-widget-text-editor\" data-id=\"996dec1\" data-element_type=\"widget\" data-widget_type=\"text-editor.default\">\n\t\t\t\t<div class=\"elementor-widget-container\">\n\t\t\t\t\t\t\t<h5>Bildstrasse 1, 9030 Abtwil<\/h5>\t\t\t\t\t\t<\/div>\n\t\t\t\t<\/div>\n\t\t\t\t\t<\/div>\n\t\t<\/div>\n\t\t\t\t<div class=\"elementor-column elementor-col-50 elementor-top-column elementor-element elementor-element-f0eaf58\" data-id=\"f0eaf58\" data-element_type=\"column\">\n\t\t\t<div class=\"elementor-widget-wrap elementor-element-populated\">\n\t\t\t\t\t\t<div class=\"elementor-element elementor-element-17d030f elementor-widget elementor-widget-google_maps\" data-id=\"17d030f\" data-element_type=\"widget\" data-widget_type=\"google_maps.default\">\n\t\t\t\t<div class=\"elementor-widget-container\">\n\t\t\t\t\t<div class=\"elementor-custom-embed\">\n\t\t\t<iframe loading=\"lazy\"\n\t\t\t\t\tsrc=\"https:\/\/maps.google.com\/maps?q=blue%20cinema%20abtwil&#038;t=m&#038;z=14&#038;output=embed&#038;iwloc=near\"\n\t\t\t\t\ttitle=\"blue cinema abtwil\"\n\t\t\t\t\taria-label=\"blue cinema abtwil\"\n\t\t\t><\/iframe>\n\t\t<\/div>\n\t\t\t\t<\/div>\n\t\t\t\t<\/div>\n\t\t\t\t\t<\/div>\n\t\t<\/div>\n\t\t\t\t\t<\/div>\n\t\t<\/section>\n\t\t\t\t<\/div>\n\t\t","protected":false},"excerpt":{"rendered":"<p>Abtwil Reserviere jetzt deine Session. Online reservieren Spiele So funktioniert&#8217;s Erlebe virtuellen Spielspass in der Virtual Game Arena in Abtwil! In der neuen Virtual Game Arena in Abtwil erwarten dich vielf\u00e4ltige Spiele, von actiongeladenen Shootern bis hin zu kniffligen R\u00e4tselabenteuern &#8211; garantierter Spass f\u00fcr Gross und Klein. Buche jetzt deine Session \u00d6ffnungszeiten &amp; Preise Preise [&hellip;]<\/p>\n","protected":false},"author":3,"featured_media":0,"parent":0,"menu_order":0,"comment_status":"closed","ping_status":"closed","template":"template-parts\/template-page-untitled-canvas.php","meta":{"_acf_changed":false,"footnotes":""},"acf":[],"yoast_head":"<!-- This site is optimized with the Yoast SEO Premium plugin v20.11 (Yoast SEO v20.12) - https:\/\/yoast.com\/wordpress\/plugins\/seo\/ -->\r\n<title>Virtual Game Arena Abtwil - Erlebe VR-Spiele bei blue Cinema<\/title>\r\n<meta name=\"description\" content=\"Entdecke die Virtual Game Arena in Abtwil bei blue Cinema! Geniesse eine Vielzahl von VR-Spielen, von actiongeladenen Shootern bis hin zu kniffligen R\u00e4tselabenteuern. Buche jetzt und erlebe Spass f\u00fcr Gross und Klein.\" \/>\r\n<meta name=\"robots\" content=\"index, follow, max-snippet:-1, max-image-preview:large, max-video-preview:-1\" \/>\r\n<link rel=\"canonical\" href=\"https:\/\/wp-prod.bluecinema.ch\/en\/vr-abtwil\/\" \/>\r\n<meta property=\"og:locale\" content=\"de_DE\" \/>\r\n<meta property=\"og:type\" content=\"article\" \/>\r\n<meta property=\"og:title\" content=\"Virtual Game Arena Abtwil - Erlebe VR-Spiele bei blue Cinema\" \/>\r\n<meta property=\"og:description\" content=\"Entdecke die Virtual Game Arena in Abtwil bei blue Cinema! Geniesse eine Vielzahl von VR-Spielen, von actiongeladenen Shootern bis hin zu kniffligen R\u00e4tselabenteuern. Buche jetzt und erlebe Spass f\u00fcr Gross und Klein.\" \/>\r\n<meta property=\"og:url\" content=\"https:\/\/wp-prod.bluecinema.ch\/en\/vr-abtwil\/\" \/>\r\n<meta property=\"og:site_name\" content=\"blue Cinema\" \/>\r\n<meta property=\"article:modified_time\" content=\"2024-10-29T13:57:04+00:00\" \/>\r\n<meta property=\"og:image\" content=\"https:\/\/wp-prod.bluecinema.ch\/app\/uploads\/2024\/04\/Multitainment-2.png\" \/>\r\n<meta name=\"twitter:card\" content=\"summary_large_image\" \/>\r\n<meta name=\"twitter:label1\" content=\"Est. reading time\" \/>\n\t<meta name=\"twitter:data1\" content=\"2 minutes\" \/>\r\n<script type=\"application\/ld+json\" class=\"yoast-schema-graph\">{\"@context\":\"https:\/\/schema.org\",\"@graph\":[{\"@type\":\"WebPage\",\"@id\":\"https:\/\/wp-prod.bluecinema.ch\/en\/vr-abtwil\/\",\"url\":\"https:\/\/wp-prod.bluecinema.ch\/en\/vr-abtwil\/\",\"name\":\"Virtual Game Arena Abtwil - Erlebe VR-Spiele bei blue Cinema\",\"isPartOf\":{\"@id\":\"https:\/\/wp-prod.bluecinema.ch\/en\/#website\"},\"datePublished\":\"2024-05-30T13:13:37+00:00\",\"dateModified\":\"2024-10-29T13:57:04+00:00\",\"description\":\"Entdecke die Virtual Game Arena in Abtwil bei blue Cinema! Geniesse eine Vielzahl von VR-Spielen, von actiongeladenen Shootern bis hin zu kniffligen R\u00e4tselabenteuern. Buche jetzt und erlebe Spass f\u00fcr Gross und Klein.\",\"inLanguage\":\"de-CH\",\"potentialAction\":[{\"@type\":\"ReadAction\",\"target\":[\"https:\/\/wp-prod.bluecinema.ch\/en\/vr-abtwil\/\"]}]},{\"@type\":\"WebSite\",\"@id\":\"https:\/\/wp-prod.bluecinema.ch\/en\/#website\",\"url\":\"https:\/\/wp-prod.bluecinema.ch\/en\/\",\"name\":\"blue Cinema\",\"description\":\"\",\"potentialAction\":[{\"@type\":\"SearchAction\",\"target\":{\"@type\":\"EntryPoint\",\"urlTemplate\":\"https:\/\/wp-prod.bluecinema.ch\/en\/?s={search_term_string}\"},\"query-input\":\"required name=search_term_string\"}],\"inLanguage\":\"de-CH\"}]}<\/script>\r\n<!-- \/ Yoast SEO Premium plugin. -->","yoast_head_json":{"title":"Virtual Game Arena Abtwil - Erlebe VR-Spiele bei blue Cinema","description":"Entdecke die Virtual Game Arena in Abtwil bei blue Cinema! Geniesse eine Vielzahl von VR-Spielen, von actiongeladenen Shootern bis hin zu kniffligen R\u00e4tselabenteuern. Buche jetzt und erlebe Spass f\u00fcr Gross und Klein.","robots":{"index":"index","follow":"follow","max-snippet":"max-snippet:-1","max-image-preview":"max-image-preview:large","max-video-preview":"max-video-preview:-1"},"canonical":"https:\/\/wp-prod.bluecinema.ch\/en\/vr-abtwil\/","og_locale":"de_DE","og_type":"article","og_title":"Virtual Game Arena Abtwil - Erlebe VR-Spiele bei blue Cinema","og_description":"Entdecke die Virtual Game Arena in Abtwil bei blue Cinema! Geniesse eine Vielzahl von VR-Spielen, von actiongeladenen Shootern bis hin zu kniffligen R\u00e4tselabenteuern. Buche jetzt und erlebe Spass f\u00fcr Gross und Klein.","og_url":"https:\/\/wp-prod.bluecinema.ch\/en\/vr-abtwil\/","og_site_name":"blue Cinema","article_modified_time":"2024-10-29T13:57:04+00:00","og_image":[{"url":"https:\/\/wp-prod.bluecinema.ch\/app\/uploads\/2024\/04\/Multitainment-2.png"}],"twitter_card":"summary_large_image","twitter_misc":{"Est. reading time":"2 minutes"},"schema":{"@context":"https:\/\/schema.org","@graph":[{"@type":"WebPage","@id":"https:\/\/wp-prod.bluecinema.ch\/en\/vr-abtwil\/","url":"https:\/\/wp-prod.bluecinema.ch\/en\/vr-abtwil\/","name":"Virtual Game Arena Abtwil - Erlebe VR-Spiele bei blue Cinema","isPartOf":{"@id":"https:\/\/wp-prod.bluecinema.ch\/en\/#website"},"datePublished":"2024-05-30T13:13:37+00:00","dateModified":"2024-10-29T13:57:04+00:00","description":"Entdecke die Virtual Game Arena in Abtwil bei blue Cinema! Geniesse eine Vielzahl von VR-Spielen, von actiongeladenen Shootern bis hin zu kniffligen R\u00e4tselabenteuern. Buche jetzt und erlebe Spass f\u00fcr Gross und Klein.","inLanguage":"de-CH","potentialAction":[{"@type":"ReadAction","target":["https:\/\/wp-prod.bluecinema.ch\/en\/vr-abtwil\/"]}]},{"@type":"WebSite","@id":"https:\/\/wp-prod.bluecinema.ch\/en\/#website","url":"https:\/\/wp-prod.bluecinema.ch\/en\/","name":"blue Cinema","description":"","potentialAction":[{"@type":"SearchAction","target":{"@type":"EntryPoint","urlTemplate":"https:\/\/wp-prod.bluecinema.ch\/en\/?s={search_term_string}"},"query-input":"required name=search_term_string"}],"inLanguage":"de-CH"}]}},"_links":{"self":[{"href":"https:\/\/wp-prod.bluecinema.ch\/de\/wp-json\/wp\/v2\/pages\/52403"}],"collection":[{"href":"https:\/\/wp-prod.bluecinema.ch\/de\/wp-json\/wp\/v2\/pages"}],"about":[{"href":"https:\/\/wp-prod.bluecinema.ch\/de\/wp-json\/wp\/v2\/types\/page"}],"author":[{"embeddable":true,"href":"https:\/\/wp-prod.bluecinema.ch\/de\/wp-json\/wp\/v2\/users\/3"}],"replies":[{"embeddable":true,"href":"https:\/\/wp-prod.bluecinema.ch\/de\/wp-json\/wp\/v2\/comments?post=52403"}],"version-history":[{"count":85,"href":"https:\/\/wp-prod.bluecinema.ch\/de\/wp-json\/wp\/v2\/pages\/52403\/revisions"}],"predecessor-version":[{"id":59131,"href":"https:\/\/wp-prod.bluecinema.ch\/de\/wp-json\/wp\/v2\/pages\/52403\/revisions\/59131"}],"wp:attachment":[{"href":"https:\/\/wp-prod.bluecinema.ch\/de\/wp-json\/wp\/v2\/media?parent=52403"}],"curies":[{"name":"wp","href":"https:\/\/api.w.org\/{rel}","templated":true}]}}