{"id":6151,"date":"2021-02-15T11:02:07","date_gmt":"2021-02-15T11:02:07","guid":{"rendered":"https:\/\/wp-prod.bluecinema.ch\/imax\/"},"modified":"2024-02-13T16:51:41","modified_gmt":"2024-02-13T16:51:41","slug":"imax-de","status":"publish","type":"page","link":"https:\/\/wp-prod.bluecinema.ch\/de\/imax-de\/","title":{"rendered":"IMAX-DE"},"content":{"rendered":"\t\t<div data-elementor-type=\"wp-page\" data-elementor-id=\"6151\" class=\"elementor elementor-6151 elementor-70\" data-elementor-post-type=\"page\">\n\t\t\t\t\t\t<section class=\"elementor-section elementor-top-section elementor-element elementor-element-f7c2b13 elementor-section-height-min-height elementor-section-stretched elementor-section-full_width elementor-section-items-stretch elementor-section-height-default\" data-id=\"f7c2b13\" data-element_type=\"section\" data-settings=\"{&quot;stretch_section&quot;:&quot;section-stretched&quot;,&quot;background_background&quot;:&quot;video&quot;,&quot;background_video_link&quot;:&quot;https:\\\/\\\/cdn.skybanner.org\\\/bluewin.ch\\\/1280\\\/61\\\/61408f0f-3b74-46e0-b4fb-8dbcd3b1b3ec.mp4&quot;,&quot;background_play_on_mobile&quot;:&quot;yes&quot;}\">\n\t\t\t\t\t\t\t\t<div class=\"elementor-background-video-container\">\n\t\t\t\t\t\t\t\t\t\t\t\t\t<video class=\"elementor-background-video-hosted elementor-html5-video\" autoplay muted playsinline loop><\/video>\n\t\t\t\t\t\t\t\t\t\t\t<\/div>\n\t\t\t\t\t\t\t\t<div class=\"elementor-container elementor-column-gap-default\">\n\t\t\t\t\t<div class=\"elementor-column elementor-col-100 elementor-top-column elementor-element elementor-element-416e5b7\" data-id=\"416e5b7\" data-element_type=\"column\" data-settings=\"{&quot;background_background&quot;:&quot;gradient&quot;}\">\n\t\t\t<div class=\"elementor-widget-wrap elementor-element-populated\">\n\t\t\t\t\t<div class=\"elementor-background-overlay\"><\/div>\n\t\t\t\t\t\t\t<\/div>\n\t\t<\/div>\n\t\t\t\t\t<\/div>\n\t\t<\/section>\n\t\t\t\t<section class=\"elementor-section elementor-top-section elementor-element elementor-element-01432c6 elementor-section-boxed elementor-section-height-default elementor-section-height-default\" data-id=\"01432c6\" data-element_type=\"section\">\n\t\t\t\t\t\t<div class=\"elementor-container elementor-column-gap-default\">\n\t\t\t\t\t<div class=\"elementor-column elementor-col-100 elementor-top-column elementor-element elementor-element-9b1b071\" data-id=\"9b1b071\" data-element_type=\"column\">\n\t\t\t<div class=\"elementor-widget-wrap elementor-element-populated\">\n\t\t\t\t\t\t<div class=\"elementor-element elementor-element-530fcf9 elementor-widget elementor-widget-text-editor\" data-id=\"530fcf9\" data-element_type=\"widget\" data-widget_type=\"text-editor.default\">\n\t\t\t\t<div class=\"elementor-widget-container\">\n\t\t\t\t\t\t\t<h1>IMAX\u00ae \u2013 erlebe den Unterschied<\/h1>\t\t\t\t\t\t<\/div>\n\t\t\t\t<\/div>\n\t\t\t\t<div class=\"elementor-element elementor-element-0246087 elementor-widget elementor-widget-text-editor\" data-id=\"0246087\" data-element_type=\"widget\" data-widget_type=\"text-editor.default\">\n\t\t\t\t<div class=\"elementor-widget-container\">\n\t\t\t\t\t\t\t<h5>Mit IMAX wirst du die gr\u00f6ssten Blockbuster auf eine ganz neue Art und Weise erleben. Du wirst mit einem absolut fesselnden Filmerlebnis \u00fcberrascht. Das hochmoderne Projektionssystem, das gestochen scharfe Bilder liefert, sowie das massgeschneiderte Kinodesign und der leistungsstarke digitale Ton schaffen eine einzigartige Umgebung, in der du dich wie mitten drin im Film f\u00fchlen wirst. Nie war Kino lebendiger!<\/h5>\t\t\t\t\t\t<\/div>\n\t\t\t\t<\/div>\n\t\t\t\t<div class=\"elementor-element elementor-element-dc37f59 elementor-widget elementor-widget-text-editor\" data-id=\"dc37f59\" data-element_type=\"widget\" data-widget_type=\"text-editor.default\">\n\t\t\t\t<div class=\"elementor-widget-container\">\n\t\t\t\t\t\t\t<h4>Bei den folgenden Kinos findest du IMAX:<\/h4>\t\t\t\t\t\t<\/div>\n\t\t\t\t<\/div>\n\t\t\t\t<div class=\"elementor-element elementor-element-5ea0b82 elementor-icon-list--layout-inline elementor-align-center elementor-mobile-align-left elementor-widget__width-inherit elementor-list-item-link-full_width elementor-widget elementor-widget-icon-list\" data-id=\"5ea0b82\" data-element_type=\"widget\" data-widget_type=\"icon-list.default\">\n\t\t\t\t<div class=\"elementor-widget-container\">\n\t\t\t\t\t<ul class=\"elementor-icon-list-items elementor-inline-items\">\n\t\t\t\t\t\t\t<li class=\"elementor-icon-list-item elementor-inline-item\">\n\t\t\t\t\t\t\t\t\t\t\t<span class=\"elementor-icon-list-icon\">\n\t\t\t\t\t\t\t<i aria-hidden=\"true\" class=\"fas fa-building\"><\/i>\t\t\t\t\t\t<\/span>\n\t\t\t\t\t\t\t\t\t\t<span class=\"elementor-icon-list-text\">Cinedome Bern<\/span>\n\t\t\t\t\t\t\t\t\t<\/li>\n\t\t\t\t\t\t\t\t<li class=\"elementor-icon-list-item elementor-inline-item\">\n\t\t\t\t\t\t\t\t\t\t\t<span class=\"elementor-icon-list-icon\">\n\t\t\t\t\t\t\t<i aria-hidden=\"true\" class=\"fas fa-building\"><\/i>\t\t\t\t\t\t<\/span>\n\t\t\t\t\t\t\t\t\t\t<span class=\"elementor-icon-list-text\">blue Cinema Chur<\/span>\n\t\t\t\t\t\t\t\t\t<\/li>\n\t\t\t\t\t\t<\/ul>\n\t\t\t\t<\/div>\n\t\t\t\t<\/div>\n\t\t\t\t<div class=\"elementor-element elementor-element-4080332 elementor-widget elementor-widget-text-editor\" data-id=\"4080332\" data-element_type=\"widget\" data-widget_type=\"text-editor.default\">\n\t\t\t\t<div class=\"elementor-widget-container\">\n\t\t\t\t\t\t\t<p>IMAX\u00ae is a registered trademark of IMAX Corporation.\u00a0<\/p>\t\t\t\t\t\t<\/div>\n\t\t\t\t<\/div>\n\t\t\t\t\t<\/div>\n\t\t<\/div>\n\t\t\t\t\t<\/div>\n\t\t<\/section>\n\t\t\t\t<section class=\"elementor-section elementor-top-section elementor-element elementor-element-6477c09 elementor-section-boxed elementor-section-height-default elementor-section-height-default\" data-id=\"6477c09\" data-element_type=\"section\">\n\t\t\t\t\t\t<div class=\"elementor-container elementor-column-gap-default\">\n\t\t\t\t\t<div class=\"elementor-column elementor-col-100 elementor-top-column elementor-element elementor-element-fb254b4\" data-id=\"fb254b4\" data-element_type=\"column\">\n\t\t\t<div class=\"elementor-widget-wrap elementor-element-populated\">\n\t\t\t\t\t\t<div class=\"elementor-element elementor-element-99ba580 elementor-widget elementor-widget-text-editor\" data-id=\"99ba580\" data-element_type=\"widget\" data-widget_type=\"text-editor.default\">\n\t\t\t\t<div class=\"elementor-widget-container\">\n\t\t\t\t\t\t\t<h1><span style=\"color: #ffffff;\">Das ist die IMAX Technik<\/span><\/h1>\t\t\t\t\t\t<\/div>\n\t\t\t\t<\/div>\n\t\t\t\t<div class=\"elementor-element elementor-element-eb2f3c3 elementor-widget elementor-widget-video\" data-id=\"eb2f3c3\" data-element_type=\"widget\" data-settings=\"{&quot;youtube_url&quot;:&quot;https:\\\/\\\/www.youtube.com\\\/watch?v=B_UvdLYSk7Q&quot;,&quot;show_image_overlay&quot;:&quot;yes&quot;,&quot;image_overlay&quot;:{&quot;url&quot;:&quot;https:\\\/\\\/wp-prod.bluecinema.ch\\\/app\\\/uploads\\\/2022\\\/01\\\/Bildschirmfoto-2022-01-20-um-10.49.20-min.png&quot;,&quot;id&quot;:10147,&quot;size&quot;:&quot;&quot;,&quot;alt&quot;:&quot;&quot;,&quot;source&quot;:&quot;library&quot;},&quot;video_type&quot;:&quot;youtube&quot;}\" data-widget_type=\"video.default\">\n\t\t\t\t<div class=\"elementor-widget-container\">\n\t\t\t\t\t<div class=\"elementor-wrapper elementor-open-inline\">\n\t\t\t<div class=\"elementor-video\"><\/div>\t\t\t\t<div class=\"elementor-custom-embed-image-overlay\" style=\"background-image: url(https:\/\/wp-prod.bluecinema.ch\/app\/uploads\/elementor\/thumbs\/Bildschirmfoto-2022-01-20-um-10.49.20-min-pjabaz5xm2n4mn8dlpplddmfnqvov1ijxc09zxo2uo.png);\">\n\t\t\t\t\t\t\t\t\t\t\t\t\t\t\t\t<div class=\"elementor-custom-embed-play\" role=\"button\" aria-label=\"Play Video\" tabindex=\"0\">\n\t\t\t\t\t\t\t<i aria-hidden=\"true\" class=\"eicon-play\"><\/i>\t\t\t\t\t\t\t<span class=\"elementor-screen-only\">Play Video<\/span>\n\t\t\t\t\t\t<\/div>\n\t\t\t\t\t\t\t\t\t<\/div>\n\t\t\t\t\t<\/div>\n\t\t\t\t<\/div>\n\t\t\t\t<\/div>\n\t\t\t\t\t<\/div>\n\t\t<\/div>\n\t\t\t\t\t<\/div>\n\t\t<\/section>\n\t\t\t\t<section class=\"elementor-section elementor-top-section elementor-element elementor-element-49dad22 elementor-section-boxed elementor-section-height-default elementor-section-height-default\" data-id=\"49dad22\" data-element_type=\"section\">\n\t\t\t\t\t\t<div class=\"elementor-container elementor-column-gap-no\">\n\t\t\t\t\t<div class=\"elementor-column elementor-col-50 elementor-top-column elementor-element elementor-element-b2e0aeb\" data-id=\"b2e0aeb\" data-element_type=\"column\">\n\t\t\t<div class=\"elementor-widget-wrap elementor-element-populated\">\n\t\t\t\t\t\t<div class=\"elementor-element elementor-element-f540649 elementor-widget elementor-widget-image\" data-id=\"f540649\" data-element_type=\"widget\" data-widget_type=\"image.default\">\n\t\t\t\t<div class=\"elementor-widget-container\">\n\t\t\t\t\t\t\t\t\t\t\t\t\t<img decoding=\"async\" src=\"https:\/\/wp-prod.bluecinema.ch\/app\/uploads\/elementor\/thumbs\/Astronaut_IMAX-qjr92f8hxx3prib2i90fcvbuw6h061dql0lq3eukj4.jpg\" title=\"Die Unendlichkeit des Weltraums im IMAX-Format\" alt=\"Astronaut schwebt im Weltraum an der Grenze zwischen Dunkelheit und Licht mit dem IMAX-Logo.\" loading=\"lazy\" \/>\t\t\t\t\t\t\t\t\t\t\t\t\t<\/div>\n\t\t\t\t<\/div>\n\t\t\t\t\t<\/div>\n\t\t<\/div>\n\t\t\t\t<div class=\"elementor-column elementor-col-50 elementor-top-column elementor-element elementor-element-07ce5bd\" data-id=\"07ce5bd\" data-element_type=\"column\">\n\t\t\t<div class=\"elementor-widget-wrap elementor-element-populated\">\n\t\t\t\t\t\t<div class=\"elementor-element elementor-element-99a57b8 elementor-widget elementor-widget-text-editor\" data-id=\"99a57b8\" data-element_type=\"widget\" data-widget_type=\"text-editor.default\">\n\t\t\t\t<div class=\"elementor-widget-container\">\n\t\t\t\t\t\t\t<h2><span style=\"color: #ffffff;\">Die IMAX-Bildqualit\u00e4t<\/span><\/h2><h5><span style=\"color: #999999;\">Du wirst vergessen, dass es sich um einen Film handelt! Du erlebst die kristallklaren Bilder der IMAX-Projektion, die durch ihre atemberaubende Bildqualit\u00e4t bestechen. Bis zu 40% mehr Kontrast und 60% mehr Helligkeit. T\u00e4gliche Bildkalibrierung und -optimierung sowie zwei Projektoren sorgen f\u00fcr ein helleres, intensiveres 3D-Erlebnis.<\/span><\/h5>\t\t\t\t\t\t<\/div>\n\t\t\t\t<\/div>\n\t\t\t\t\t<\/div>\n\t\t<\/div>\n\t\t\t\t\t<\/div>\n\t\t<\/section>\n\t\t\t\t<section class=\"elementor-section elementor-top-section elementor-element elementor-element-a729b34 elementor-section-boxed elementor-section-height-default elementor-section-height-default\" data-id=\"a729b34\" data-element_type=\"section\">\n\t\t\t\t\t\t<div class=\"elementor-container elementor-column-gap-default\">\n\t\t\t\t\t<div class=\"elementor-column elementor-col-100 elementor-top-column elementor-element elementor-element-3143ec4\" data-id=\"3143ec4\" data-element_type=\"column\">\n\t\t\t<div class=\"elementor-widget-wrap elementor-element-populated\">\n\t\t\t\t\t\t<div class=\"elementor-element elementor-element-1ea6871 elementor-widget-divider--view-line elementor-widget elementor-widget-divider\" data-id=\"1ea6871\" data-element_type=\"widget\" data-widget_type=\"divider.default\">\n\t\t\t\t<div class=\"elementor-widget-container\">\n\t\t\t\t\t<div class=\"elementor-divider\">\n\t\t\t<span class=\"elementor-divider-separator\">\n\t\t\t\t\t\t<\/span>\n\t\t<\/div>\n\t\t\t\t<\/div>\n\t\t\t\t<\/div>\n\t\t\t\t\t<\/div>\n\t\t<\/div>\n\t\t\t\t\t<\/div>\n\t\t<\/section>\n\t\t\t\t<section class=\"elementor-section elementor-top-section elementor-element elementor-element-7ec442c elementor-section-boxed elementor-section-height-default elementor-section-height-default\" data-id=\"7ec442c\" data-element_type=\"section\">\n\t\t\t\t\t\t<div class=\"elementor-container elementor-column-gap-no\">\n\t\t\t\t\t<div class=\"elementor-column elementor-col-50 elementor-top-column elementor-element elementor-element-0c27381\" data-id=\"0c27381\" data-element_type=\"column\">\n\t\t\t<div class=\"elementor-widget-wrap elementor-element-populated\">\n\t\t\t\t\t\t<div class=\"elementor-element elementor-element-bfb8fea elementor-widget elementor-widget-image\" data-id=\"bfb8fea\" data-element_type=\"widget\" data-widget_type=\"image.default\">\n\t\t\t\t<div class=\"elementor-widget-container\">\n\t\t\t\t\t\t\t\t\t\t\t\t\t<img decoding=\"async\" src=\"https:\/\/wp-prod.bluecinema.ch\/app\/uploads\/elementor\/thumbs\/Boxen_IMAX-qjr92ltd9rcq0s1iftutcbo31vkknx3uxx64gcktbk.jpg\" title=\"IMAX Sound &#8211; Ein akustisches Kraftwerk\" alt=\"IMAX-Lautsprechersystem in einem Kinosaal.\" loading=\"lazy\" \/>\t\t\t\t\t\t\t\t\t\t\t\t\t<\/div>\n\t\t\t\t<\/div>\n\t\t\t\t\t<\/div>\n\t\t<\/div>\n\t\t\t\t<div class=\"elementor-column elementor-col-50 elementor-top-column elementor-element elementor-element-0a837fb\" data-id=\"0a837fb\" data-element_type=\"column\">\n\t\t\t<div class=\"elementor-widget-wrap elementor-element-populated\">\n\t\t\t\t\t\t<div class=\"elementor-element elementor-element-938aba8 elementor-widget elementor-widget-text-editor\" data-id=\"938aba8\" data-element_type=\"widget\" data-widget_type=\"text-editor.default\">\n\t\t\t\t<div class=\"elementor-widget-container\">\n\t\t\t\t\t\t\t<h2><span style=\"color: #ffffff;\">Der IMAX-Sound<\/span><\/h2><h5><span style=\"color: #999999;\">Das geht unter die Haut! Die herausragende Leistung des IMAX-Lautsprechersystems garantiert ein brillantes Klangerlebnis. 10-fach vergr\u00f6sserter Dynamikbereich. Erweitertes Frequenzspektrum f\u00fcr H\u00f6hen und B\u00e4sse. Gleichm\u00e4ssige Verteilung des Klangs im gesamten Saal.<\/span><\/h5>\t\t\t\t\t\t<\/div>\n\t\t\t\t<\/div>\n\t\t\t\t\t<\/div>\n\t\t<\/div>\n\t\t\t\t\t<\/div>\n\t\t<\/section>\n\t\t\t\t<section class=\"elementor-section elementor-top-section elementor-element elementor-element-f8e4002 elementor-section-boxed elementor-section-height-default elementor-section-height-default\" data-id=\"f8e4002\" data-element_type=\"section\">\n\t\t\t\t\t\t<div class=\"elementor-container elementor-column-gap-default\">\n\t\t\t\t\t<div class=\"elementor-column elementor-col-100 elementor-top-column elementor-element elementor-element-aebe751\" data-id=\"aebe751\" data-element_type=\"column\">\n\t\t\t<div class=\"elementor-widget-wrap elementor-element-populated\">\n\t\t\t\t\t\t<div class=\"elementor-element elementor-element-cce0611 elementor-widget-divider--view-line elementor-widget elementor-widget-divider\" data-id=\"cce0611\" data-element_type=\"widget\" data-widget_type=\"divider.default\">\n\t\t\t\t<div class=\"elementor-widget-container\">\n\t\t\t\t\t<div class=\"elementor-divider\">\n\t\t\t<span class=\"elementor-divider-separator\">\n\t\t\t\t\t\t<\/span>\n\t\t<\/div>\n\t\t\t\t<\/div>\n\t\t\t\t<\/div>\n\t\t\t\t\t<\/div>\n\t\t<\/div>\n\t\t\t\t\t<\/div>\n\t\t<\/section>\n\t\t\t\t<section class=\"elementor-section elementor-top-section elementor-element elementor-element-d29d411 elementor-section-boxed elementor-section-height-default elementor-section-height-default\" data-id=\"d29d411\" data-element_type=\"section\">\n\t\t\t\t\t\t<div class=\"elementor-container elementor-column-gap-no\">\n\t\t\t\t\t<div class=\"elementor-column elementor-col-50 elementor-top-column elementor-element elementor-element-8f2865f\" data-id=\"8f2865f\" data-element_type=\"column\">\n\t\t\t<div class=\"elementor-widget-wrap elementor-element-populated\">\n\t\t\t\t\t\t<div class=\"elementor-element elementor-element-70bda73 elementor-widget elementor-widget-image\" data-id=\"70bda73\" data-element_type=\"widget\" data-widget_type=\"image.default\">\n\t\t\t\t<div class=\"elementor-widget-container\">\n\t\t\t\t\t\t\t\t\t\t\t\t\t<img decoding=\"async\" src=\"https:\/\/wp-prod.bluecinema.ch\/app\/uploads\/elementor\/thumbs\/Batman_IMAX-qjr92rgeerkfyftbiwakra8um6sry3q8yp31c0cga8.jpeg\" title=\"The Batman im IMAX-Erlebnis\" alt=\"Silhouette eines Superhelden mit IMAX-Logo im Hintergrund.\" loading=\"lazy\" \/>\t\t\t\t\t\t\t\t\t\t\t\t\t<\/div>\n\t\t\t\t<\/div>\n\t\t\t\t\t<\/div>\n\t\t<\/div>\n\t\t\t\t<div class=\"elementor-column elementor-col-50 elementor-top-column elementor-element elementor-element-5fd9d7a\" data-id=\"5fd9d7a\" data-element_type=\"column\">\n\t\t\t<div class=\"elementor-widget-wrap elementor-element-populated\">\n\t\t\t\t\t\t<div class=\"elementor-element elementor-element-7646005 elementor-widget elementor-widget-text-editor\" data-id=\"7646005\" data-element_type=\"widget\" data-widget_type=\"text-editor.default\">\n\t\t\t\t<div class=\"elementor-widget-container\">\n\t\t\t\t\t\t\t<h2><span style=\"color: #ffffff;\">Die IMAX-Filme<\/span><\/h2><h5><span style=\"color: #999999;\">Genau so sollte man Filme sehen! IMAX-Filme werden in der Postproduktion in enger Zusammenarbeit mit den f\u00fchrenden Regisseuren und Produzenten Hollywoods verbessert. Dabei kommt das einzigartige IMAX DMR-Verfahren (Digital Media Remastering) zum Einsatz. Geniesse deine Lieblingsfilme wie vom Regisseur empfohlen \u2013 mit IMAX!<\/span><\/h5>\t\t\t\t\t\t<\/div>\n\t\t\t\t<\/div>\n\t\t\t\t\t<\/div>\n\t\t<\/div>\n\t\t\t\t\t<\/div>\n\t\t<\/section>\n\t\t\t\t<section class=\"elementor-section elementor-top-section elementor-element elementor-element-49af77e elementor-section-boxed elementor-section-height-default elementor-section-height-default\" data-id=\"49af77e\" data-element_type=\"section\">\n\t\t\t\t\t\t<div class=\"elementor-container elementor-column-gap-default\">\n\t\t\t\t\t<div class=\"elementor-column elementor-col-100 elementor-top-column elementor-element elementor-element-287fa40\" data-id=\"287fa40\" data-element_type=\"column\">\n\t\t\t<div class=\"elementor-widget-wrap elementor-element-populated\">\n\t\t\t\t\t\t<div class=\"elementor-element elementor-element-289cff0 elementor-widget elementor-widget-spacer\" data-id=\"289cff0\" data-element_type=\"widget\" data-widget_type=\"spacer.default\">\n\t\t\t\t<div class=\"elementor-widget-container\">\n\t\t\t\t\t<div class=\"elementor-spacer\">\n\t\t\t<div class=\"elementor-spacer-inner\"><\/div>\n\t\t<\/div>\n\t\t\t\t<\/div>\n\t\t\t\t<\/div>\n\t\t\t\t\t<\/div>\n\t\t<\/div>\n\t\t\t\t\t<\/div>\n\t\t<\/section>\n\t\t\t\t<\/div>\n\t\t","protected":false},"excerpt":{"rendered":"<p>IMAX\u00ae \u2013 erlebe den Unterschied Mit IMAX wirst du die gr\u00f6ssten Blockbuster auf eine ganz neue Art und Weise erleben. Du wirst mit einem absolut fesselnden Filmerlebnis \u00fcberrascht. Das hochmoderne Projektionssystem, das gestochen scharfe Bilder liefert, sowie das massgeschneiderte Kinodesign und der leistungsstarke digitale Ton schaffen eine einzigartige Umgebung, in der du dich wie mitten [&hellip;]<\/p>\n","protected":false},"author":1,"featured_media":0,"parent":0,"menu_order":0,"comment_status":"closed","ping_status":"closed","template":"template-parts\/template-page-untitled-canvas.php","meta":{"_acf_changed":false,"footnotes":""},"acf":[],"yoast_head":"<!-- This site is optimized with the Yoast SEO Premium plugin v20.11 (Yoast SEO v20.12) - https:\/\/yoast.com\/wordpress\/plugins\/seo\/ -->\r\n<title>IMAX erleben im Kino. Atemberaubende Technologie | blue Cinema<\/title>\r\n<meta name=\"description\" content=\"MIt IMAX erlebst du die gr\u00f6ssten Blockbuster auf ganz neue Art und Weise. Besuche unser IMAX Kinos in Bern und Chur und f\u00fchle dich wie mitten im Film!\" \/>\r\n<meta name=\"robots\" content=\"index, follow, max-snippet:-1, max-image-preview:large, max-video-preview:-1\" \/>\r\n<link rel=\"canonical\" href=\"https:\/\/wp-prod.bluecinema.ch\/fr\/imax-fr\/\" \/>\r\n<meta property=\"og:locale\" content=\"de_DE\" \/>\r\n<meta property=\"og:type\" content=\"article\" \/>\r\n<meta property=\"og:title\" content=\"IMAX erleben im Kino. Atemberaubende Technologie | blue Cinema\" \/>\r\n<meta property=\"og:description\" content=\"MIt IMAX erlebst du die gr\u00f6ssten Blockbuster auf ganz neue Art und Weise. Besuche unser IMAX Kinos in Bern und Chur und f\u00fchle dich wie mitten im Film!\" \/>\r\n<meta property=\"og:url\" content=\"https:\/\/wp-prod.bluecinema.ch\/fr\/imax-fr\/\" \/>\r\n<meta property=\"og:site_name\" content=\"blue Cinema\" \/>\r\n<meta property=\"article:modified_time\" content=\"2024-02-13T16:51:41+00:00\" \/>\r\n<meta property=\"og:image\" content=\"https:\/\/wp-prod.bluecinema.ch\/app\/uploads\/elementor\/thumbs\/Astronaut_IMAX-qjr92f8hxx3prib2i90fcvbuw6h061dql0lpthmcxs.jpg\" \/>\r\n<meta name=\"twitter:card\" content=\"summary_large_image\" \/>\r\n<meta name=\"twitter:label1\" content=\"Est. reading time\" \/>\n\t<meta name=\"twitter:data1\" content=\"2 minutes\" \/>\r\n<script type=\"application\/ld+json\" class=\"yoast-schema-graph\">{\"@context\":\"https:\/\/schema.org\",\"@graph\":[{\"@type\":\"WebPage\",\"@id\":\"https:\/\/wp-prod.bluecinema.ch\/fr\/imax-fr\/\",\"url\":\"https:\/\/wp-prod.bluecinema.ch\/fr\/imax-fr\/\",\"name\":\"IMAX erleben im Kino. Atemberaubende Technologie | blue Cinema\",\"isPartOf\":{\"@id\":\"https:\/\/wp-prod.bluecinema.ch\/en\/#website\"},\"datePublished\":\"2021-02-15T11:02:07+00:00\",\"dateModified\":\"2024-02-13T16:51:41+00:00\",\"description\":\"MIt IMAX erlebst du die gr\u00f6ssten Blockbuster auf ganz neue Art und Weise. Besuche unser IMAX Kinos in Bern und Chur und f\u00fchle dich wie mitten im Film!\",\"inLanguage\":\"de-CH\",\"potentialAction\":[{\"@type\":\"ReadAction\",\"target\":[\"https:\/\/wp-prod.bluecinema.ch\/fr\/imax-fr\/\"]}]},{\"@type\":\"WebSite\",\"@id\":\"https:\/\/wp-prod.bluecinema.ch\/en\/#website\",\"url\":\"https:\/\/wp-prod.bluecinema.ch\/en\/\",\"name\":\"blue Cinema\",\"description\":\"\",\"potentialAction\":[{\"@type\":\"SearchAction\",\"target\":{\"@type\":\"EntryPoint\",\"urlTemplate\":\"https:\/\/wp-prod.bluecinema.ch\/en\/?s={search_term_string}\"},\"query-input\":\"required name=search_term_string\"}],\"inLanguage\":\"de-CH\"}]}<\/script>\r\n<!-- \/ Yoast SEO Premium plugin. -->","yoast_head_json":{"title":"IMAX erleben im Kino. Atemberaubende Technologie | blue Cinema","description":"MIt IMAX erlebst du die gr\u00f6ssten Blockbuster auf ganz neue Art und Weise. Besuche unser IMAX Kinos in Bern und Chur und f\u00fchle dich wie mitten im Film!","robots":{"index":"index","follow":"follow","max-snippet":"max-snippet:-1","max-image-preview":"max-image-preview:large","max-video-preview":"max-video-preview:-1"},"canonical":"https:\/\/wp-prod.bluecinema.ch\/fr\/imax-fr\/","og_locale":"de_DE","og_type":"article","og_title":"IMAX erleben im Kino. Atemberaubende Technologie | blue Cinema","og_description":"MIt IMAX erlebst du die gr\u00f6ssten Blockbuster auf ganz neue Art und Weise. Besuche unser IMAX Kinos in Bern und Chur und f\u00fchle dich wie mitten im Film!","og_url":"https:\/\/wp-prod.bluecinema.ch\/fr\/imax-fr\/","og_site_name":"blue Cinema","article_modified_time":"2024-02-13T16:51:41+00:00","og_image":[{"url":"https:\/\/wp-prod.bluecinema.ch\/app\/uploads\/elementor\/thumbs\/Astronaut_IMAX-qjr92f8hxx3prib2i90fcvbuw6h061dql0lpthmcxs.jpg"}],"twitter_card":"summary_large_image","twitter_misc":{"Est. reading time":"2 minutes"},"schema":{"@context":"https:\/\/schema.org","@graph":[{"@type":"WebPage","@id":"https:\/\/wp-prod.bluecinema.ch\/fr\/imax-fr\/","url":"https:\/\/wp-prod.bluecinema.ch\/fr\/imax-fr\/","name":"IMAX erleben im Kino. Atemberaubende Technologie | blue Cinema","isPartOf":{"@id":"https:\/\/wp-prod.bluecinema.ch\/en\/#website"},"datePublished":"2021-02-15T11:02:07+00:00","dateModified":"2024-02-13T16:51:41+00:00","description":"MIt IMAX erlebst du die gr\u00f6ssten Blockbuster auf ganz neue Art und Weise. Besuche unser IMAX Kinos in Bern und Chur und f\u00fchle dich wie mitten im Film!","inLanguage":"de-CH","potentialAction":[{"@type":"ReadAction","target":["https:\/\/wp-prod.bluecinema.ch\/fr\/imax-fr\/"]}]},{"@type":"WebSite","@id":"https:\/\/wp-prod.bluecinema.ch\/en\/#website","url":"https:\/\/wp-prod.bluecinema.ch\/en\/","name":"blue Cinema","description":"","potentialAction":[{"@type":"SearchAction","target":{"@type":"EntryPoint","urlTemplate":"https:\/\/wp-prod.bluecinema.ch\/en\/?s={search_term_string}"},"query-input":"required name=search_term_string"}],"inLanguage":"de-CH"}]}},"_links":{"self":[{"href":"https:\/\/wp-prod.bluecinema.ch\/de\/wp-json\/wp\/v2\/pages\/6151"}],"collection":[{"href":"https:\/\/wp-prod.bluecinema.ch\/de\/wp-json\/wp\/v2\/pages"}],"about":[{"href":"https:\/\/wp-prod.bluecinema.ch\/de\/wp-json\/wp\/v2\/types\/page"}],"author":[{"embeddable":true,"href":"https:\/\/wp-prod.bluecinema.ch\/de\/wp-json\/wp\/v2\/users\/1"}],"replies":[{"embeddable":true,"href":"https:\/\/wp-prod.bluecinema.ch\/de\/wp-json\/wp\/v2\/comments?post=6151"}],"version-history":[{"count":25,"href":"https:\/\/wp-prod.bluecinema.ch\/de\/wp-json\/wp\/v2\/pages\/6151\/revisions"}],"predecessor-version":[{"id":58614,"href":"https:\/\/wp-prod.bluecinema.ch\/de\/wp-json\/wp\/v2\/pages\/6151\/revisions\/58614"}],"wp:attachment":[{"href":"https:\/\/wp-prod.bluecinema.ch\/de\/wp-json\/wp\/v2\/media?parent=6151"}],"curies":[{"name":"wp","href":"https:\/\/api.w.org\/{rel}","templated":true}]}}