{"id":15603,"date":"2022-05-11T13:49:35","date_gmt":"2022-05-11T13:49:35","guid":{"rendered":"https:\/\/wp-prod.bluecinema.ch\/?page_id=15603"},"modified":"2022-05-12T08:06:11","modified_gmt":"2022-05-12T08:06:11","slug":"rewards-terms-of-use-en","status":"publish","type":"page","link":"https:\/\/wp-prod.bluecinema.ch\/en\/rewards-terms-of-use-en\/","title":{"rendered":"rewards-terms-of-use-EN"},"content":{"rendered":"\t\t<div data-elementor-type=\"wp-page\" data-elementor-id=\"15603\" class=\"elementor elementor-15603\" data-elementor-post-type=\"page\">\n\t\t\t\t\t\t<section class=\"elementor-section elementor-top-section elementor-element elementor-element-205a443 elementor-section-boxed elementor-section-height-default elementor-section-height-default\" data-id=\"205a443\" data-element_type=\"section\">\n\t\t\t\t\t\t<div class=\"elementor-container elementor-column-gap-default\">\n\t\t\t\t\t<div class=\"elementor-column elementor-col-100 elementor-top-column elementor-element elementor-element-023e8e1\" data-id=\"023e8e1\" data-element_type=\"column\">\n\t\t\t<div class=\"elementor-widget-wrap elementor-element-populated\">\n\t\t\t\t\t\t<div class=\"elementor-element elementor-element-1a2bad7 elementor-widget elementor-widget-spacer\" data-id=\"1a2bad7\" data-element_type=\"widget\" data-widget_type=\"spacer.default\">\n\t\t\t\t<div class=\"elementor-widget-container\">\n\t\t\t\t\t<div class=\"elementor-spacer\">\n\t\t\t<div class=\"elementor-spacer-inner\"><\/div>\n\t\t<\/div>\n\t\t\t\t<\/div>\n\t\t\t\t<\/div>\n\t\t\t\t<div class=\"elementor-element elementor-element-ef6c1d9 elementor-widget elementor-widget-text-editor\" data-id=\"ef6c1d9\" data-element_type=\"widget\" data-widget_type=\"text-editor.default\">\n\t\t\t\t<div class=\"elementor-widget-container\">\n\t\t\t\t\t\t\t<h2><span style=\"color: #ffffff;\">blue Cinema Rewards Nutzungsbeding<\/span><span style=\"color: #ffffff;\">ungen<\/span><\/h2><p>\u00a0<\/p><p>Durch den Zugriff auf oder die Teilnahme am blue Cinema Rewards Programm erkl\u00e4rst du dich mit diesen Bedingungen und allen hierhin durch Verweis miteinbezogenen Bedingungen einverstanden.<\/p><p>\u00a0<\/p><h5><strong>Zus\u00e4tzliche Bedingungen<\/strong><\/h5><p>\u00a0<\/p><p>Diese Nutzungsbedingungen gelten f\u00fcr Deinen Zugriff auf das und Teilnahme am blue Cinema Rewards Programm (&#8220;Rewards&#8221;), das von blue Cinema (&#8220;blue Cinema&#8221;) betrieben wird. Sie erg\u00e4nzen und beziehen die Allgemeinen Gesch\u00e4ftsbedingungen, die Du mit blue Cinema f\u00fcr andere Produkte oder Dienstleistungen getroffen hast, durch Verweis mit ein und \u00e4ndern sie in keiner Weise. Im Falle eines Widerspruchs zwischen den Allgemeinen Gesch\u00e4ftsbedingungen blue Cinema und diesen Nutzungsbedingungen haben die Allgemeinen Gesch\u00e4ftsbedingungen zur blue Cinema Vorrang.<\/p><p>\u00a0<\/p><h5><strong>\u00c4nderungen der Bedingungen<\/strong><\/h5><p>\u00a0<\/p><p>blue Cinema beh\u00e4lt sich das Recht vor, diese Nutzungsbedingungen oder jegliche Richtlinien, FAQ oder Leitf\u00e4den, die Rewards betreffen, jederzeit und nach eigenem Ermessen ganz oder teilweise zu \u00e4ndern oder zu modifizieren. Alle \u00c4nderungen oder Modifikationen treten sofort in Kraft und werden unter bluecinema.ch ver\u00f6ffentlicht. Wir werden Dir die Bedingungen der ge\u00e4nderten Vereinbarung in geeigneter Form zur Kenntnis bringen. Durch Deinen fortgesetzten Zugriff auf oder Deine Teilnahme an Rewards stimmst Du solchen \u00c4nderungen oder Modifikationen zu. Wenn Du mit diesen Nutzungsbedingungen nicht einverstanden bist, musst Du den Zugriff auf und die Teilnahme an Rewards beenden.<\/p><p>\u00a0<\/p><h5><strong>Pers\u00f6nliche Nutzung<\/strong><\/h5><p>\u00a0<\/p><p>Rewards ist nur f\u00fcr die pers\u00f6nliche Nutzung bestimmt. Rewards richtet sich nicht an Personen unter 16 Jahren und ist auch nicht f\u00fcr eine Nutzung durch Personen unter 16 Jahren vorgesehen. Wenn Du unter 16 Jahre alt bist, darfst Du Rewards nur unter Aufsicht eines Elternteils oder Erziehungsberechtigten nutzen, der sich mit diesen Nutzungsbedingungen einverstanden erkl\u00e4rt.<\/p><p>Unsere Datenschutzerkl\u00e4rung ist Bestandteil dieser Nutzungsbedingungen und gilt auch f\u00fcr die Teilnahme an Rewards. Bitte lies die Datenschutzerkl\u00e4rung sorgf\u00e4ltig durch, um zu verstehen, wie blue Cinema Informationen \u00fcber Kunden sammelt, verwendet und offenlegt, wie Du Deine pers\u00f6nlichen Informationen aktualisieren oder \u00e4ndern kannst und wie wir mit Dir kommunizieren.<\/p><p>\u00a0<\/p><h5><strong>\u00dcber blue Cinema Rewards<\/strong><\/h5><p>\u00a0<\/p><p>Rewards ist eine M\u00f6glichkeit, mit der blue Cinema sich bei Kunden f\u00fcr ihre Treue zu unserem Gesch\u00e4ft und den Kauf von blue Cinema Produkten bedanken m\u00f6chte. Rewards Mitglieder k\u00f6nnen &#8220;Punkte&#8221; (Points) verdienen und sammeln, die online im Pr\u00e4mienshop oder in den Shops von blue Cinema Kinos gegen blue Cinema Rewards-Vorteile (&#8220;Pr\u00e4mien&#8221;) eingel\u00f6st werden k\u00f6nnen.<\/p><p>\u00a0<\/p><h5><strong>Teilnahme an blue Cinema Rewards<\/strong><\/h5><p>\u00a0<\/p><p>Um Rewards beizutreten, geh auf bluecinema.ch (&#8220;Website&#8221;) oder in die blue Cinema Mobile App (&#8220;App&#8221;) und folge den Anweisungen, um ein Kunden Account zu erstellen. Dazu musst Du die folgenden Informationen angeben:<\/p><ol><li>Vor- und Nachname, E-Mail-Adresse, Geburtsdatum und Passwort.<\/li><li>Die Mobile-Nummer ist optional.<\/li><\/ol><p>Nach dem Erstellen des Kunden Accounts musst du deine E-Mail-Adresse mittels zugesendetem Link best\u00e4tigen, um deine Registration abzuschliessen.<\/p><p>Dein pers\u00f6nlicher Rewards-QR gilt als Ausweis f\u00fcr die Erkennung in den Kinos. Der Code ist gleich nach erfolgter Registration im Kunden Account hinterlegt<\/p><p>\u00a0<\/p><h5><strong>Punkte sammeln<\/strong><\/h5><p>\u00a0<\/p><p>Die Pr\u00e4mien, die Dir \u00fcber Rewards zur Verf\u00fcgung stehen, basieren auf der Anzahl Punkte, die Du sammelst. Du kannst Punkte sammeln, indem Du \u00fcber die Website, App (\u00fcber Login) oder in unseren Kinos (\u00fcber Scannen deines Mitglieds-QR-Codes in der App) Kinotickets oder Kioskprodukte kaufst. Pro CHF 1.- den du ausgibst, gibt es 1 Punkt gutgeschrieben. Rewards Mitglieder, die zus\u00e4tzlich \u00fcber eine aktive Mitgliedschaft im blue Cinema Club verf\u00fcgen, k\u00f6nnen \u00fcber eine andere Anzahl Punkte pro CHF 1.- erhalten. Der genaue Faktor ist auf der Website und in der App ersichtlich.<\/p><p>\u00a0<\/p><h5><strong>Verkaufsf\u00f6rdernde Bonus-Punkte-Angebote<\/strong><\/h5><p>\u00a0<\/p><p>Von Zeit zu Zeit k\u00f6nnen wir oder andere, die mit unserer Erlaubnis handeln, Dir die M\u00f6glichkeit bieten, durch spezielle Werbeaktionen zus\u00e4tzliche Bonus-Punkte zu sammeln. Diese verkaufsf\u00f6rdernden Bonus-Punkte werden wie in dem entsprechenden Werbeangebot beschrieben vergeben und unterliegen allen zus\u00e4tzlichen Bedingungen, die in einem solchen Werbeangebot festgelegt sind.<\/p><p>\u00a0<\/p><h5><strong>Zus\u00e4tzliche Informationen zum Sammeln von Punkten<\/strong><\/h5><p>\u00a0<\/p><p>Punkte werden auf zwei Dezimalstellen berechnet und vergeben, um sicherzustellen, dass der volle Wert Deiner Transaktion erkannt und Deinem blue Cinema Rewards Konto gutgeschrieben wird. Du kannst Dein vollst\u00e4ndiges und aktuelles Punkte-Guthaben einsehen, indem Du Dich hier in Dein blue Cinema Account einloggst.<\/p><p>Es gibt keine Obergrenze f\u00fcr die Anzahl der Punkte, die Du sammeln kannst. blue Cinema beh\u00e4lt sich jedoch das Recht vor, nach eigenem Ermessen eine Obergrenze f\u00fcr das Sammeln von Punkten festzulegen, wenn blue Cinema dies f\u00fcr notwendig erachtet.<\/p><p>Wenn Du einen oder mehrere Punkte als Teil einer Pr\u00e4mie einl\u00f6st, wird blue Cinema diese Punkte automatisch einl\u00f6sen und von Deinem blue Cinema Account abziehen, indem der oder die Punkte mit dem k\u00fcrzesten verbleibenden Zeitraum bis zu dessen\/deren Verfall zuerst verwendet wird\/werden.<\/p><p>blue Cinema beh\u00e4lt sich das Recht vor, Dein Punkte-Guthaben jederzeit zu berichtigen, wenn blue Cinema einen Grund hat, betr\u00fcgerische Aktivit\u00e4ten zu vermuten.<\/p><p>Wird eine Kauf-Transaktion storniert, so werden automatisch, die daf\u00fcr gesammelten Punkte wieder dem Punkte-Guthaben abgezogen. Im Falle, dass die Punkte bereits eingel\u00f6st wurden, so wird das Guthaben auf null reduziert. Die fehlenden abzuziehenden Punkte verfallen mit Abschluss der Transaktionsstornierung.<\/p><p>\u00a0<\/p><h5><strong>Ausschluss vom Sammeln von Punkten<\/strong><\/h5><p>\u00a0<\/p><p>Du kannst beim Kauf von Geschenkkarten keine Punkte sammeln. K\u00e4ufe in den zu blue Cinema geh\u00f6renden Bowlings, Sportsbars und Game Zones sind ebenfalls ausgeschlossen und nicht zum Sammeln von Punkten geeignet.<\/p><p>\u00a0<\/p><h5><strong>Verfall von Punkten<\/strong><\/h5><p>\u00a0<\/p><p>Sofern nicht anders angegeben ist, werden Deinem Konto innerhalb von vierundzwanzig (24) Stunden nach Deinem zum Sammeln von Punkten berechtigten Kauf automatisch Punkte hinzugef\u00fcgt und verfallen zw\u00f6lf (12) Monate nach dem Kalendermonat, in dem diese Punkte gesammelt wurden. Die \u00e4ltesten gesammelten Punkte werden jeweils zuerst eingel\u00f6st. Du kannst Dein Guthaben an Punkten und Deine verf\u00fcgbaren Pr\u00e4mien sowie alle zus\u00e4tzlichen Vorteile, f\u00fcr die Du als blue Cinema Rewards Mitglied berechtigt bist, auf der Website oder \u00fcber die App einsehen und verfolgen.<\/p><p>\u00a0<\/p><h5><strong>Punkte f\u00fcr Pr\u00e4mien einl\u00f6sen<\/strong><\/h5><p>\u00a0<\/p><p>Es gibt zwei M\u00f6glichkeiten, Punkte f\u00fcr Rewards Pr\u00e4mien zu nutzen. Zum einen k\u00f6nnen die Punkte im Pr\u00e4mienshop auf der Website oder in der App in Gutscheine oder direkt an der Kasse des Shops oder Kiosks der blue Cinema Kinos f\u00fcr das jeweils ausgew\u00e4hlte Produkt eingel\u00f6st werden.<\/p><p>Bei einem Umtausch der Punkte \u00fcber den Pr\u00e4mienshop, wird nach der Transaktion ein entsprechender Gutschein im Kunden Account hinterlegt. Dieser kann anschliessend f\u00fcr den Kauf des entsprechenden Produkts unter Betracht der separat definierten Nutzungsbedingungen eingesetzt werden. Die Gutscheine sind dreissig (30) Tage nach der Ausstellung g\u00fcltig.<\/p><p>\u00a0<\/p><h5><strong>Andere wichtige Informationen<\/strong><\/h5><p>\u00a0<\/p><p>Mit Rewards sind keine Teilnahme- oder Mitgliedschaftsgeb\u00fchren verbunden. Die im Zusammenhang mit Rewards gesammelten Punkte dienen der Verkaufsf\u00f6rderung, haben keinen Barwert und k\u00f6nnen nicht gegen Bargeld getauscht werden. Dar\u00fcber hinaus kannst Du die im Zusammenhang mit Rewards gesammelten Punkte nicht mit anderen Angeboten oder Rabatten kombinieren, es sei denn, blue Cinema gibt ausdr\u00fccklich etwas Anderes an.<\/p><p>Deine Punkte, und Rewards Mitgliedschaft sind pers\u00f6nlich und d\u00fcrfen nicht verkauft, \u00fcbertragen oder an Familie, Freunde sowie andere weitergegeben. Sie d\u00fcrfen auch nicht von Dir f\u00fcr kommerzielle Zwecke genutzt werden.<\/p><p>blue Cinema beh\u00e4lt sich das Recht vor, ohne Vorank\u00fcndigung die auf deinem Kunden Account registrierte Rewards Mitgliedschaft zu sperren und\/oder Dein Konto und\/oder Deine Teilnahme an Rewards zu k\u00fcndigen, wenn blue Cinema nach eigenem Ermessen feststellt, dass Du gegen diese Nutzungsbedingungen verstossen hast oder die Nutzung Deines Rewards-Kontos unbefugt, t\u00e4uschend, betr\u00fcgerisch oder anderweitig rechtswidrig ist. Blue Cinema kann nach eigenem Ermessen Rewards Konten l\u00f6schen. Im Falle der Beendigung deiner Teilnahme an Rewards verfallen alle angesammelten Punkte auf Deinem Konto.<\/p><p>Blue Cinema beh\u00e4lt sich das Recht vor, Rewards oder Teile des Rewards Programms jederzeit und nach eigenem Ermessen zu \u00e4ndern, zu modifizieren, abzubrechen oder zu streichen, ohne Dich davon in Kenntnis zu setzen.<\/p><p>\u00a0<\/p><p>Datum des Inkrafttretens: 01.05.2022<\/p>\t\t\t\t\t\t<\/div>\n\t\t\t\t<\/div>\n\t\t\t\t<div class=\"elementor-element elementor-element-a3f3f29 elementor-widget elementor-widget-spacer\" data-id=\"a3f3f29\" data-element_type=\"widget\" data-widget_type=\"spacer.default\">\n\t\t\t\t<div class=\"elementor-widget-container\">\n\t\t\t\t\t<div class=\"elementor-spacer\">\n\t\t\t<div class=\"elementor-spacer-inner\"><\/div>\n\t\t<\/div>\n\t\t\t\t<\/div>\n\t\t\t\t<\/div>\n\t\t\t\t\t<\/div>\n\t\t<\/div>\n\t\t\t\t\t<\/div>\n\t\t<\/section>\n\t\t\t\t<\/div>\n\t\t","protected":false},"excerpt":{"rendered":"<p>blue Cinema Rewards Nutzungsbedingungen \u00a0 Durch den Zugriff auf oder die Teilnahme am blue Cinema Rewards Programm erkl\u00e4rst du dich mit diesen Bedingungen und allen hierhin durch Verweis miteinbezogenen Bedingungen einverstanden. \u00a0 Zus\u00e4tzliche Bedingungen \u00a0 Diese Nutzungsbedingungen gelten f\u00fcr Deinen Zugriff auf das und Teilnahme am blue Cinema Rewards Programm (&#8220;Rewards&#8221;), das von blue Cinema [&hellip;]<\/p>\n","protected":false},"author":3,"featured_media":0,"parent":0,"menu_order":0,"comment_status":"closed","ping_status":"closed","template":"template-parts\/template-page-untitled-canvas.php","meta":{"_acf_changed":false,"footnotes":""},"acf":[],"yoast_head":"<!-- This site is optimized with the Yoast SEO Premium plugin v20.11 (Yoast SEO v20.12) - https:\/\/yoast.com\/wordpress\/plugins\/seo\/ -->\r\n<title>rewards-terms-of-use-EN - blue Cinema<\/title>\r\n<meta name=\"robots\" content=\"index, follow, max-snippet:-1, max-image-preview:large, max-video-preview:-1\" \/>\r\n<link rel=\"canonical\" href=\"https:\/\/wp-prod.bluecinema.ch\/en\/rewards-terms-of-use-en\/\" \/>\r\n<meta property=\"og:locale\" content=\"en_GB\" \/>\r\n<meta property=\"og:type\" content=\"article\" \/>\r\n<meta property=\"og:title\" content=\"rewards-terms-of-use-EN - blue Cinema\" \/>\r\n<meta property=\"og:description\" content=\"blue Cinema Rewards Nutzungsbedingungen \u00a0 Durch den Zugriff auf oder die Teilnahme am blue Cinema Rewards Programm erkl\u00e4rst du dich mit diesen Bedingungen und allen hierhin durch Verweis miteinbezogenen Bedingungen einverstanden. \u00a0 Zus\u00e4tzliche Bedingungen \u00a0 Diese Nutzungsbedingungen gelten f\u00fcr Deinen Zugriff auf das und Teilnahme am blue Cinema Rewards Programm (&#8220;Rewards&#8221;), das von blue Cinema [&hellip;]\" \/>\r\n<meta property=\"og:url\" content=\"https:\/\/wp-prod.bluecinema.ch\/en\/rewards-terms-of-use-en\/\" \/>\r\n<meta property=\"og:site_name\" content=\"blue Cinema\" \/>\r\n<meta property=\"article:modified_time\" content=\"2022-05-12T08:06:11+00:00\" \/>\r\n<meta name=\"twitter:card\" content=\"summary_large_image\" \/>\r\n<meta name=\"twitter:label1\" content=\"Est. reading time\" \/>\n\t<meta name=\"twitter:data1\" content=\"7 minutes\" \/>\r\n<script type=\"application\/ld+json\" class=\"yoast-schema-graph\">{\"@context\":\"https:\/\/schema.org\",\"@graph\":[{\"@type\":\"WebPage\",\"@id\":\"https:\/\/wp-prod.bluecinema.ch\/en\/rewards-terms-of-use-en\/\",\"url\":\"https:\/\/wp-prod.bluecinema.ch\/en\/rewards-terms-of-use-en\/\",\"name\":\"rewards-terms-of-use-EN - blue Cinema\",\"isPartOf\":{\"@id\":\"https:\/\/wp-prod.bluecinema.ch\/en\/#website\"},\"datePublished\":\"2022-05-11T13:49:35+00:00\",\"dateModified\":\"2022-05-12T08:06:11+00:00\",\"inLanguage\":\"en-GB\",\"potentialAction\":[{\"@type\":\"ReadAction\",\"target\":[\"https:\/\/wp-prod.bluecinema.ch\/en\/rewards-terms-of-use-en\/\"]}]},{\"@type\":\"WebSite\",\"@id\":\"https:\/\/wp-prod.bluecinema.ch\/en\/#website\",\"url\":\"https:\/\/wp-prod.bluecinema.ch\/en\/\",\"name\":\"blue Cinema\",\"description\":\"\",\"potentialAction\":[{\"@type\":\"SearchAction\",\"target\":{\"@type\":\"EntryPoint\",\"urlTemplate\":\"https:\/\/wp-prod.bluecinema.ch\/en\/?s={search_term_string}\"},\"query-input\":\"required name=search_term_string\"}],\"inLanguage\":\"en-GB\"}]}<\/script>\r\n<!-- \/ Yoast SEO Premium plugin. -->","yoast_head_json":{"title":"rewards-terms-of-use-EN - blue Cinema","robots":{"index":"index","follow":"follow","max-snippet":"max-snippet:-1","max-image-preview":"max-image-preview:large","max-video-preview":"max-video-preview:-1"},"canonical":"https:\/\/wp-prod.bluecinema.ch\/en\/rewards-terms-of-use-en\/","og_locale":"en_GB","og_type":"article","og_title":"rewards-terms-of-use-EN - blue Cinema","og_description":"blue Cinema Rewards Nutzungsbedingungen \u00a0 Durch den Zugriff auf oder die Teilnahme am blue Cinema Rewards Programm erkl\u00e4rst du dich mit diesen Bedingungen und allen hierhin durch Verweis miteinbezogenen Bedingungen einverstanden. \u00a0 Zus\u00e4tzliche Bedingungen \u00a0 Diese Nutzungsbedingungen gelten f\u00fcr Deinen Zugriff auf das und Teilnahme am blue Cinema Rewards Programm (&#8220;Rewards&#8221;), das von blue Cinema [&hellip;]","og_url":"https:\/\/wp-prod.bluecinema.ch\/en\/rewards-terms-of-use-en\/","og_site_name":"blue Cinema","article_modified_time":"2022-05-12T08:06:11+00:00","twitter_card":"summary_large_image","twitter_misc":{"Est. reading time":"7 minutes"},"schema":{"@context":"https:\/\/schema.org","@graph":[{"@type":"WebPage","@id":"https:\/\/wp-prod.bluecinema.ch\/en\/rewards-terms-of-use-en\/","url":"https:\/\/wp-prod.bluecinema.ch\/en\/rewards-terms-of-use-en\/","name":"rewards-terms-of-use-EN - blue Cinema","isPartOf":{"@id":"https:\/\/wp-prod.bluecinema.ch\/en\/#website"},"datePublished":"2022-05-11T13:49:35+00:00","dateModified":"2022-05-12T08:06:11+00:00","inLanguage":"en-GB","potentialAction":[{"@type":"ReadAction","target":["https:\/\/wp-prod.bluecinema.ch\/en\/rewards-terms-of-use-en\/"]}]},{"@type":"WebSite","@id":"https:\/\/wp-prod.bluecinema.ch\/en\/#website","url":"https:\/\/wp-prod.bluecinema.ch\/en\/","name":"blue Cinema","description":"","potentialAction":[{"@type":"SearchAction","target":{"@type":"EntryPoint","urlTemplate":"https:\/\/wp-prod.bluecinema.ch\/en\/?s={search_term_string}"},"query-input":"required name=search_term_string"}],"inLanguage":"en-GB"}]}},"_links":{"self":[{"href":"https:\/\/wp-prod.bluecinema.ch\/en\/wp-json\/wp\/v2\/pages\/15603"}],"collection":[{"href":"https:\/\/wp-prod.bluecinema.ch\/en\/wp-json\/wp\/v2\/pages"}],"about":[{"href":"https:\/\/wp-prod.bluecinema.ch\/en\/wp-json\/wp\/v2\/types\/page"}],"author":[{"embeddable":true,"href":"https:\/\/wp-prod.bluecinema.ch\/en\/wp-json\/wp\/v2\/users\/3"}],"replies":[{"embeddable":true,"href":"https:\/\/wp-prod.bluecinema.ch\/en\/wp-json\/wp\/v2\/comments?post=15603"}],"version-history":[{"count":0,"href":"https:\/\/wp-prod.bluecinema.ch\/en\/wp-json\/wp\/v2\/pages\/15603\/revisions"}],"wp:attachment":[{"href":"https:\/\/wp-prod.bluecinema.ch\/en\/wp-json\/wp\/v2\/media?parent=15603"}],"curies":[{"name":"wp","href":"https:\/\/api.w.org\/{rel}","templated":true}]}}