{"id":10348,"date":"2022-02-04T10:43:08","date_gmt":"2022-02-04T10:43:08","guid":{"rendered":"https:\/\/wp-prod.bluecinema.ch\/?page_id=10348"},"modified":"2024-12-03T17:58:15","modified_gmt":"2024-12-03T17:58:15","slug":"membership","status":"publish","type":"page","link":"https:\/\/wp-prod.bluecinema.ch\/fr\/membership\/","title":{"rendered":"blue-cinema-club-fr"},"content":{"rendered":"\t\t<div data-elementor-type=\"wp-page\" data-elementor-id=\"10348\" class=\"elementor elementor-10348\" data-elementor-post-type=\"page\">\n\t\t\t\t\t\t<section class=\"elementor-section elementor-top-section elementor-element elementor-element-4fe7c7c elementor-section-height-min-height elementor-section-items-stretch elementor-section-stretched elementor-section-content-middle elementor-reverse-mobile elementor-section-boxed elementor-section-height-default\" data-id=\"4fe7c7c\" data-element_type=\"section\" data-settings=\"{&quot;stretch_section&quot;:&quot;section-stretched&quot;,&quot;background_background&quot;:&quot;classic&quot;}\">\n\t\t\t\t\t\t<div class=\"elementor-container elementor-column-gap-default\">\n\t\t\t\t\t<div class=\"elementor-column elementor-col-50 elementor-top-column elementor-element elementor-element-07c3451\" data-id=\"07c3451\" data-element_type=\"column\">\n\t\t\t<div class=\"elementor-widget-wrap elementor-element-populated\">\n\t\t\t\t\t<div class=\"elementor-background-overlay\"><\/div>\n\t\t\t\t\t\t<div class=\"elementor-element elementor-element-7172be2 elementor-widget elementor-widget-shortcode\" data-id=\"7172be2\" data-element_type=\"widget\" data-widget_type=\"shortcode.default\">\n\t\t\t\t<div class=\"elementor-widget-container\">\n\t\t\t\t\t<div class=\"elementor-shortcode\"><\/div>\n\t\t\t\t<\/div>\n\t\t\t\t<\/div>\n\t\t\t\t<div class=\"elementor-element elementor-element-172f634 elementor-widget__width-inherit elementor-widget elementor-widget-text-editor\" data-id=\"172f634\" data-element_type=\"widget\" data-widget_type=\"text-editor.default\">\n\t\t\t\t<div class=\"elementor-widget-container\">\n\t\t\t\t\t\t\t<h1>blue Cinema Club<\/h1><h3>Des avantages uniques pour les vrais cin\u00e9philes.<\/h3>\t\t\t\t\t\t<\/div>\n\t\t\t\t<\/div>\n\t\t\t\t\t<\/div>\n\t\t<\/div>\n\t\t\t\t<div class=\"elementor-column elementor-col-50 elementor-top-column elementor-element elementor-element-1d66cb7\" data-id=\"1d66cb7\" data-element_type=\"column\">\n\t\t\t<div class=\"elementor-widget-wrap elementor-element-populated\">\n\t\t\t\t\t\t<div class=\"elementor-element elementor-element-f01e77f elementor-widget elementor-widget-image\" data-id=\"f01e77f\" data-element_type=\"widget\" data-widget_type=\"image.default\">\n\t\t\t\t<div class=\"elementor-widget-container\">\n\t\t\t\t\t\t\t\t\t\t\t\t\t<img fetchpriority=\"high\" decoding=\"async\" width=\"1800\" height=\"1125\" src=\"https:\/\/wp-prod.bluecinema.ch\/app\/uploads\/2024\/02\/blueCinema-Club-2.png\" class=\"attachment-full size-full wp-image-45274\" alt=\"Application blue Cinema Club sur un smartphone, aper\u00e7u de l&#039;adh\u00e9sion\" srcset=\"https:\/\/wp-prod.bluecinema.ch\/app\/uploads\/2024\/02\/blueCinema-Club-2.png 1800w, https:\/\/wp-prod.bluecinema.ch\/app\/uploads\/2024\/02\/blueCinema-Club-2-300x188.png 300w, https:\/\/wp-prod.bluecinema.ch\/app\/uploads\/2024\/02\/blueCinema-Club-2-1024x640.png 1024w, https:\/\/wp-prod.bluecinema.ch\/app\/uploads\/2024\/02\/blueCinema-Club-2-768x480.png 768w, https:\/\/wp-prod.bluecinema.ch\/app\/uploads\/2024\/02\/blueCinema-Club-2-1536x960.png 1536w, https:\/\/wp-prod.bluecinema.ch\/app\/uploads\/2024\/02\/blueCinema-Club-2-460x288.png 460w\" sizes=\"(max-width: 1800px) 100vw, 1800px\" \/>\t\t\t\t\t\t\t\t\t\t\t\t\t<\/div>\n\t\t\t\t<\/div>\n\t\t\t\t\t<\/div>\n\t\t<\/div>\n\t\t\t\t\t<\/div>\n\t\t<\/section>\n\t\t\t\t<section class=\"elementor-section elementor-top-section elementor-element elementor-element-8252403 elementor-section-boxed elementor-section-height-default elementor-section-height-default\" data-id=\"8252403\" data-element_type=\"section\">\n\t\t\t\t\t\t<div class=\"elementor-container elementor-column-gap-default\">\n\t\t\t\t\t<div class=\"elementor-column elementor-col-100 elementor-top-column elementor-element elementor-element-9ee0727\" data-id=\"9ee0727\" data-element_type=\"column\">\n\t\t\t<div class=\"elementor-widget-wrap elementor-element-populated\">\n\t\t\t\t\t\t<div class=\"elementor-element elementor-element-b63f0d5 elementor-widget elementor-widget-spacer\" data-id=\"b63f0d5\" data-element_type=\"widget\" data-widget_type=\"spacer.default\">\n\t\t\t\t<div class=\"elementor-widget-container\">\n\t\t\t\t\t<div class=\"elementor-spacer\">\n\t\t\t<div class=\"elementor-spacer-inner\"><\/div>\n\t\t<\/div>\n\t\t\t\t<\/div>\n\t\t\t\t<\/div>\n\t\t\t\t\t<\/div>\n\t\t<\/div>\n\t\t\t\t\t<\/div>\n\t\t<\/section>\n\t\t\t\t<section class=\"elementor-section elementor-top-section elementor-element elementor-element-902aa1d elementor-section-boxed elementor-section-height-default elementor-section-height-default\" data-id=\"902aa1d\" data-element_type=\"section\">\n\t\t\t\t\t\t<div class=\"elementor-container elementor-column-gap-default\">\n\t\t\t\t\t<div class=\"elementor-column elementor-col-50 elementor-top-column elementor-element elementor-element-4445fdb\" data-id=\"4445fdb\" data-element_type=\"column\">\n\t\t\t<div class=\"elementor-widget-wrap elementor-element-populated\">\n\t\t\t\t\t\t<div class=\"elementor-element elementor-element-c310f30 elementor-widget elementor-widget-heading\" data-id=\"c310f30\" data-element_type=\"widget\" data-widget_type=\"heading.default\">\n\t\t\t\t<div class=\"elementor-widget-container\">\n\t\t\t<h2 class=\"elementor-heading-title elementor-size-default\">Devenez membre maintenant!<\/h2>\t\t<\/div>\n\t\t\t\t<\/div>\n\t\t\t\t<div class=\"elementor-element elementor-element-9f3cc96 elementor-widget elementor-widget-heading\" data-id=\"9f3cc96\" data-element_type=\"widget\" data-widget_type=\"heading.default\">\n\t\t\t\t<div class=\"elementor-widget-container\">\n\t\t\t<p class=\"elementor-heading-title elementor-size-default\">En tant que membre du blue Cinema Club, toi et les personnes qui t'accompagnent b\u00e9n\u00e9ficiez de nombreux avantages attrayants et profitez d'exp\u00e9riences cin\u00e9matographiques inoubliables.<\/p>\t\t<\/div>\n\t\t\t\t<\/div>\n\t\t\t\t\t<\/div>\n\t\t<\/div>\n\t\t\t\t<div class=\"elementor-column elementor-col-50 elementor-top-column elementor-element elementor-element-8093be2\" data-id=\"8093be2\" data-element_type=\"column\">\n\t\t\t<div class=\"elementor-widget-wrap elementor-element-populated\">\n\t\t\t\t\t\t<div class=\"elementor-element elementor-element-f98d9de elementor-widget elementor-widget-positivecinema-price-table\" data-id=\"f98d9de\" data-element_type=\"widget\" data-widget_type=\"positivecinema-price-table.default\">\n\t\t\t\t<div class=\"elementor-widget-container\">\n\t\t\t<price-table  data-mode='render' options='{\"categoryId\": \"32\", \"orderBy\": \"name_asc\"}'><\/price-table>\t\t<script>\n\t\t(function ($) {\n\t\t\tconst pc = new PositivecinemaCore();\n\t\t\tpc.registerModals();\n\t\t\tpc.addEventListenerForForceLogin();\n\t\t})(jQuery);\n\t\t<\/script>\n\t\t\t\t<\/div>\n\t\t\t\t<\/div>\n\t\t\t\t\t<\/div>\n\t\t<\/div>\n\t\t\t\t\t<\/div>\n\t\t<\/section>\n\t\t\t\t<section class=\"elementor-section elementor-top-section elementor-element elementor-element-29795e6 elementor-section-boxed elementor-section-height-default elementor-section-height-default\" data-id=\"29795e6\" data-element_type=\"section\">\n\t\t\t\t\t\t<div class=\"elementor-container elementor-column-gap-default\">\n\t\t\t\t\t<div class=\"elementor-column elementor-col-50 elementor-top-column elementor-element elementor-element-170b3b4\" data-id=\"170b3b4\" data-element_type=\"column\">\n\t\t\t<div class=\"elementor-widget-wrap elementor-element-populated\">\n\t\t\t\t\t\t<div class=\"elementor-element elementor-element-86f3577 elementor-widget elementor-widget-image\" data-id=\"86f3577\" data-element_type=\"widget\" data-widget_type=\"image.default\">\n\t\t\t\t<div class=\"elementor-widget-container\">\n\t\t\t\t\t\t\t\t\t\t\t\t\t<img decoding=\"async\" width=\"30\" height=\"30\" src=\"https:\/\/wp-prod.bluecinema.ch\/app\/uploads\/2024\/02\/ticket_LIGHT-1-3.svg\" class=\"attachment-full size-full wp-image-45287\" alt=\"Ic\u00f4ne d&#039;un ticket\" \/>\t\t\t\t\t\t\t\t\t\t\t\t\t<\/div>\n\t\t\t\t<\/div>\n\t\t\t\t<div class=\"elementor-element elementor-element-cb096cb elementor-widget elementor-widget-text-editor\" data-id=\"cb096cb\" data-element_type=\"widget\" data-widget_type=\"text-editor.default\">\n\t\t\t\t<div class=\"elementor-widget-container\">\n\t\t\t\t\t\t\t<h3 style=\"text-align: left;\">Billets de cin\u00e9ma \u00e0 partir de CHF 15.-*<\/h3><h5>Jusqu&#8217;\u00e0 10 billets de cin\u00e9ma \u00e0 prix r\u00e9duit \u00e0 partir de CHF 15.- par s\u00e9ance.<\/h5>\t\t\t\t\t\t<\/div>\n\t\t\t\t<\/div>\n\t\t\t\t\t<\/div>\n\t\t<\/div>\n\t\t\t\t<div class=\"elementor-column elementor-col-50 elementor-top-column elementor-element elementor-element-fbe8176\" data-id=\"fbe8176\" data-element_type=\"column\">\n\t\t\t<div class=\"elementor-widget-wrap elementor-element-populated\">\n\t\t\t\t\t\t<div class=\"elementor-element elementor-element-671146a elementor-widget elementor-widget-image\" data-id=\"671146a\" data-element_type=\"widget\" data-widget_type=\"image.default\">\n\t\t\t\t<div class=\"elementor-widget-container\">\n\t\t\t\t\t\t\t\t\t\t\t\t\t<img decoding=\"async\" width=\"30\" height=\"30\" src=\"https:\/\/wp-prod.bluecinema.ch\/app\/uploads\/2024\/02\/snacks_LIGHT-4.svg\" class=\"attachment-full size-full wp-image-45296\" alt=\"Ic\u00f4ne de snacks\" \/>\t\t\t\t\t\t\t\t\t\t\t\t\t<\/div>\n\t\t\t\t<\/div>\n\t\t\t\t<div class=\"elementor-element elementor-element-5b09f18 elementor-widget elementor-widget-text-editor\" data-id=\"5b09f18\" data-element_type=\"widget\" data-widget_type=\"text-editor.default\">\n\t\t\t\t<div class=\"elementor-widget-container\">\n\t\t\t\t\t\t\t<h3>10% de r\u00e9duction dans les boutiques de cin\u00e9ma et les bars sportifs*.<\/h3><h5>Du pop-corn aux lunettes 3D, b\u00e9n\u00e9ficiez de 10% de r\u00e9duction sur tout l&#8217;assortiment dans les shops du cin\u00e9ma.<\/h5>\t\t\t\t\t\t<\/div>\n\t\t\t\t<\/div>\n\t\t\t\t\t<\/div>\n\t\t<\/div>\n\t\t\t\t\t<\/div>\n\t\t<\/section>\n\t\t\t\t<section class=\"elementor-section elementor-top-section elementor-element elementor-element-9736556 elementor-section-boxed elementor-section-height-default elementor-section-height-default\" data-id=\"9736556\" data-element_type=\"section\">\n\t\t\t\t\t\t<div class=\"elementor-container elementor-column-gap-default\">\n\t\t\t\t\t<div class=\"elementor-column elementor-col-50 elementor-top-column elementor-element elementor-element-ced5f8c\" data-id=\"ced5f8c\" data-element_type=\"column\">\n\t\t\t<div class=\"elementor-widget-wrap elementor-element-populated\">\n\t\t\t\t\t\t<div class=\"elementor-element elementor-element-6b591e6 elementor-widget elementor-widget-image\" data-id=\"6b591e6\" data-element_type=\"widget\" data-widget_type=\"image.default\">\n\t\t\t\t<div class=\"elementor-widget-container\">\n\t\t\t\t\t\t\t\t\t\t\t\t\t<img loading=\"lazy\" decoding=\"async\" width=\"30\" height=\"30\" src=\"https:\/\/wp-prod.bluecinema.ch\/app\/uploads\/2024\/02\/coins_LIGHT-4.svg\" class=\"attachment-full size-full wp-image-45305\" alt=\"Ic\u00f4ne de pi\u00e8ces de monnaie\" \/>\t\t\t\t\t\t\t\t\t\t\t\t\t<\/div>\n\t\t\t\t<\/div>\n\t\t\t\t<div class=\"elementor-element elementor-element-62c4f78 elementor-widget elementor-widget-text-editor\" data-id=\"62c4f78\" data-element_type=\"widget\" data-widget_type=\"text-editor.default\">\n\t\t\t\t<div class=\"elementor-widget-container\">\n\t\t\t\t\t\t\t<h3 style=\"text-align: left;\">1.5 x points Rewards<\/h3><h5>Soyez r\u00e9compens\u00e9 plus rapidement par des primes Rewards, gr\u00e2ce \u00e0 1,5 point par franc d\u00e9pens\u00e9.<\/h5>\t\t\t\t\t\t<\/div>\n\t\t\t\t<\/div>\n\t\t\t\t\t<\/div>\n\t\t<\/div>\n\t\t\t\t<div class=\"elementor-column elementor-col-50 elementor-top-column elementor-element elementor-element-226391f\" data-id=\"226391f\" data-element_type=\"column\">\n\t\t\t<div class=\"elementor-widget-wrap elementor-element-populated\">\n\t\t\t\t\t\t<div class=\"elementor-element elementor-element-4811bda elementor-widget elementor-widget-image\" data-id=\"4811bda\" data-element_type=\"widget\" data-widget_type=\"image.default\">\n\t\t\t\t<div class=\"elementor-widget-container\">\n\t\t\t\t\t\t\t\t\t\t\t\t\t<img loading=\"lazy\" decoding=\"async\" width=\"30\" height=\"30\" src=\"https:\/\/wp-prod.bluecinema.ch\/app\/uploads\/2024\/02\/Bowling_LIGHT-4.svg\" class=\"attachment-full size-full wp-image-45323\" alt=\"Ic\u00f4ne d&#039;une quille de bowling avec une boule\" \/>\t\t\t\t\t\t\t\t\t\t\t\t\t<\/div>\n\t\t\t\t<\/div>\n\t\t\t\t<div class=\"elementor-element elementor-element-90ab29f elementor-widget elementor-widget-text-editor\" data-id=\"90ab29f\" data-element_type=\"widget\" data-widget_type=\"text-editor.default\">\n\t\t\t\t<div class=\"elementor-widget-container\">\n\t\t\t\t\t\t\t<h3>10% de r\u00e9duction sur les jeux de bowling, de lasertag et de r\u00e9alit\u00e9 virtuelle.<\/h3><h5>Qu&#8217;il s&#8217;agisse de bowling, de Lasertag, de la Virtual Game Arena ou de billard, les membres b\u00e9n\u00e9ficient toujours d&#8217;une r\u00e9duction de 10%<\/h5>\t\t\t\t\t\t<\/div>\n\t\t\t\t<\/div>\n\t\t\t\t\t<\/div>\n\t\t<\/div>\n\t\t\t\t\t<\/div>\n\t\t<\/section>\n\t\t\t\t<section class=\"elementor-section elementor-top-section elementor-element elementor-element-b8a5aa8 elementor-section-boxed elementor-section-height-default elementor-section-height-default\" data-id=\"b8a5aa8\" data-element_type=\"section\">\n\t\t\t\t\t\t<div class=\"elementor-container elementor-column-gap-default\">\n\t\t\t\t\t<div class=\"elementor-column elementor-col-50 elementor-top-column elementor-element elementor-element-2049e05\" data-id=\"2049e05\" data-element_type=\"column\">\n\t\t\t<div class=\"elementor-widget-wrap elementor-element-populated\">\n\t\t\t\t\t\t<div class=\"elementor-element elementor-element-358720e elementor-widget elementor-widget-image\" data-id=\"358720e\" data-element_type=\"widget\" data-widget_type=\"image.default\">\n\t\t\t\t<div class=\"elementor-widget-container\">\n\t\t\t\t\t\t\t\t\t\t\t\t\t<img loading=\"lazy\" decoding=\"async\" width=\"30\" height=\"30\" src=\"https:\/\/wp-prod.bluecinema.ch\/app\/uploads\/2024\/02\/calendar_LIGHT-4.svg\" class=\"attachment-full size-full wp-image-45314\" alt=\"Ic\u00f4ne d&#039;un calendrier&quot;\" \/>\t\t\t\t\t\t\t\t\t\t\t\t\t<\/div>\n\t\t\t\t<\/div>\n\t\t\t\t<div class=\"elementor-element elementor-element-4e3ea0b elementor-widget elementor-widget-text-editor\" data-id=\"4e3ea0b\" data-element_type=\"widget\" data-widget_type=\"text-editor.default\">\n\t\t\t\t<div class=\"elementor-widget-container\">\n\t\t\t\t\t\t\t<h3>R\u00e9servations<\/h3><h5>Gr\u00e2ce \u00e0 la r\u00e9servation en ligne et au d\u00e9lai de r\u00e9servation plus long de 20 minutes avant le film, allez au cin\u00e9ma sans stress.<\/h5>\t\t\t\t\t\t<\/div>\n\t\t\t\t<\/div>\n\t\t\t\t\t<\/div>\n\t\t<\/div>\n\t\t\t\t<div class=\"elementor-column elementor-col-50 elementor-top-column elementor-element elementor-element-e608ec7 elementor-hidden-tablet elementor-hidden-mobile\" data-id=\"e608ec7\" data-element_type=\"column\">\n\t\t\t<div class=\"elementor-widget-wrap\">\n\t\t\t\t\t\t\t<\/div>\n\t\t<\/div>\n\t\t\t\t\t<\/div>\n\t\t<\/section>\n\t\t\t\t<section class=\"elementor-section elementor-top-section elementor-element elementor-element-450e592 elementor-section-boxed elementor-section-height-default elementor-section-height-default\" data-id=\"450e592\" data-element_type=\"section\">\n\t\t\t\t\t\t<div class=\"elementor-container elementor-column-gap-default\">\n\t\t\t\t\t<div class=\"elementor-column elementor-col-100 elementor-top-column elementor-element elementor-element-695ea0a\" data-id=\"695ea0a\" data-element_type=\"column\">\n\t\t\t<div class=\"elementor-widget-wrap elementor-element-populated\">\n\t\t\t\t\t\t<div class=\"elementor-element elementor-element-3f93562 elementor-widget elementor-widget-heading\" data-id=\"3f93562\" data-element_type=\"widget\" data-widget_type=\"heading.default\">\n\t\t\t\t<div class=\"elementor-widget-container\">\n\t\t\t<p class=\"elementor-heading-title elementor-size-default\">*Les r\u00e9ductions sur les billets et les remises au kiosque\/boutique ne sont valables que si l'abonnement est activ\u00e9. Pour les s\u00e9ances de cin\u00e9ma en 4DX, IMAX et les si\u00e8ges avec services suppl\u00e9mentaires, un suppl\u00e9ment est appliqu\u00e9 par billet. Les combinaisons de produits et les cartes-cadeaux sont exclues de la r\u00e9duction.<\/p>\t\t<\/div>\n\t\t\t\t<\/div>\n\t\t\t\t\t<\/div>\n\t\t<\/div>\n\t\t\t\t\t<\/div>\n\t\t<\/section>\n\t\t\t\t<section class=\"elementor-section elementor-top-section elementor-element elementor-element-be038fe elementor-section-boxed elementor-section-height-default elementor-section-height-default\" data-id=\"be038fe\" data-element_type=\"section\">\n\t\t\t\t\t\t<div class=\"elementor-container elementor-column-gap-default\">\n\t\t\t\t\t<div class=\"elementor-column elementor-col-100 elementor-top-column elementor-element elementor-element-6b32668\" data-id=\"6b32668\" data-element_type=\"column\">\n\t\t\t<div class=\"elementor-widget-wrap elementor-element-populated\">\n\t\t\t\t\t\t<div class=\"elementor-element elementor-element-647c056 elementor-widget elementor-widget-spacer\" data-id=\"647c056\" data-element_type=\"widget\" data-widget_type=\"spacer.default\">\n\t\t\t\t<div class=\"elementor-widget-container\">\n\t\t\t\t\t<div class=\"elementor-spacer\">\n\t\t\t<div class=\"elementor-spacer-inner\"><\/div>\n\t\t<\/div>\n\t\t\t\t<\/div>\n\t\t\t\t<\/div>\n\t\t\t\t\t<\/div>\n\t\t<\/div>\n\t\t\t\t\t<\/div>\n\t\t<\/section>\n\t\t\t\t<section class=\"elementor-section elementor-top-section elementor-element elementor-element-d1af900 elementor-section-boxed elementor-section-height-default elementor-section-height-default\" data-id=\"d1af900\" data-element_type=\"section\">\n\t\t\t\t\t\t<div class=\"elementor-container elementor-column-gap-default\">\n\t\t\t\t\t<div class=\"elementor-column elementor-col-100 elementor-top-column elementor-element elementor-element-fa895a3\" data-id=\"fa895a3\" data-element_type=\"column\">\n\t\t\t<div class=\"elementor-widget-wrap\">\n\t\t\t\t\t\t\t<\/div>\n\t\t<\/div>\n\t\t\t\t\t<\/div>\n\t\t<\/section>\n\t\t\t\t<\/div>\n\t\t","protected":false},"excerpt":{"rendered":"<p>blue Cinema Club Des avantages uniques pour les vrais cin\u00e9philes. Devenez membre maintenant! En tant que membre du blue Cinema Club, toi et les personnes qui t&#8217;accompagnent b\u00e9n\u00e9ficiez de nombreux avantages attrayants et profitez d&#8217;exp\u00e9riences cin\u00e9matographiques inoubliables. Billets de cin\u00e9ma \u00e0 partir de CHF 15.-* Jusqu&#8217;\u00e0 10 billets de cin\u00e9ma \u00e0 prix r\u00e9duit \u00e0 partir [&hellip;]<\/p>\n","protected":false},"author":3,"featured_media":0,"parent":0,"menu_order":0,"comment_status":"closed","ping_status":"closed","template":"template-parts\/template-page-untitled-canvas.php","meta":{"_acf_changed":false,"footnotes":""},"acf":[],"yoast_head":"<!-- This site is optimized with the Yoast SEO Premium plugin v20.11 (Yoast SEO v20.12) - https:\/\/yoast.com\/wordpress\/plugins\/seo\/ -->\r\n<title>Devenez membre de blue cinema | blue cinema<\/title>\r\n<meta name=\"description\" content=\"D\u00e9couvre les avantages du blue Cinema Club - des r\u00e9ductions sur l&#039;achat de billets et au kiosque et plus de points Rewards. Ach\u00e8te maintenant!\" \/>\r\n<meta name=\"robots\" content=\"index, follow, max-snippet:-1, max-image-preview:large, max-video-preview:-1\" \/>\r\n<link rel=\"canonical\" href=\"https:\/\/wp-prod.bluecinema.ch\/en\/membership\/\" \/>\r\n<meta property=\"og:locale\" content=\"fr_FR\" \/>\r\n<meta property=\"og:type\" content=\"article\" \/>\r\n<meta property=\"og:title\" content=\"Devenez membre de blue cinema | blue cinema\" \/>\r\n<meta property=\"og:description\" content=\"D\u00e9couvre les avantages du blue Cinema Club - des r\u00e9ductions sur l&#039;achat de billets et au kiosque et plus de points Rewards. Ach\u00e8te maintenant!\" \/>\r\n<meta property=\"og:url\" content=\"https:\/\/wp-prod.bluecinema.ch\/en\/membership\/\" \/>\r\n<meta property=\"og:site_name\" content=\"blue Cinema\" \/>\r\n<meta property=\"article:modified_time\" content=\"2024-12-03T17:58:15+00:00\" \/>\r\n<meta property=\"og:image\" content=\"https:\/\/wp-prod.bluecinema.ch\/app\/uploads\/2024\/02\/blueCinema-Club-2.png\" \/>\r\n<meta name=\"twitter:card\" content=\"summary_large_image\" \/>\r\n<meta name=\"twitter:label1\" content=\"Est. reading time\" \/>\n\t<meta name=\"twitter:data1\" content=\"3 minutes\" \/>\r\n<script type=\"application\/ld+json\" class=\"yoast-schema-graph\">{\"@context\":\"https:\/\/schema.org\",\"@graph\":[{\"@type\":\"WebPage\",\"@id\":\"https:\/\/wp-prod.bluecinema.ch\/en\/membership\/\",\"url\":\"https:\/\/wp-prod.bluecinema.ch\/en\/membership\/\",\"name\":\"Devenez membre de blue cinema | blue cinema\",\"isPartOf\":{\"@id\":\"https:\/\/wp-prod.bluecinema.ch\/en\/#website\"},\"datePublished\":\"2022-02-04T10:43:08+00:00\",\"dateModified\":\"2024-12-03T17:58:15+00:00\",\"description\":\"D\u00e9couvre les avantages du blue Cinema Club - des r\u00e9ductions sur l'achat de billets et au kiosque et plus de points Rewards. Ach\u00e8te maintenant!\",\"inLanguage\":\"fr-CH\",\"potentialAction\":[{\"@type\":\"ReadAction\",\"target\":[\"https:\/\/wp-prod.bluecinema.ch\/en\/membership\/\"]}]},{\"@type\":\"WebSite\",\"@id\":\"https:\/\/wp-prod.bluecinema.ch\/en\/#website\",\"url\":\"https:\/\/wp-prod.bluecinema.ch\/en\/\",\"name\":\"blue Cinema\",\"description\":\"\",\"potentialAction\":[{\"@type\":\"SearchAction\",\"target\":{\"@type\":\"EntryPoint\",\"urlTemplate\":\"https:\/\/wp-prod.bluecinema.ch\/en\/?s={search_term_string}\"},\"query-input\":\"required name=search_term_string\"}],\"inLanguage\":\"fr-CH\"}]}<\/script>\r\n<!-- \/ Yoast SEO Premium plugin. -->","yoast_head_json":{"title":"Devenez membre de blue cinema | blue cinema","description":"D\u00e9couvre les avantages du blue Cinema Club - des r\u00e9ductions sur l'achat de billets et au kiosque et plus de points Rewards. Ach\u00e8te maintenant!","robots":{"index":"index","follow":"follow","max-snippet":"max-snippet:-1","max-image-preview":"max-image-preview:large","max-video-preview":"max-video-preview:-1"},"canonical":"https:\/\/wp-prod.bluecinema.ch\/en\/membership\/","og_locale":"fr_FR","og_type":"article","og_title":"Devenez membre de blue cinema | blue cinema","og_description":"D\u00e9couvre les avantages du blue Cinema Club - des r\u00e9ductions sur l'achat de billets et au kiosque et plus de points Rewards. Ach\u00e8te maintenant!","og_url":"https:\/\/wp-prod.bluecinema.ch\/en\/membership\/","og_site_name":"blue Cinema","article_modified_time":"2024-12-03T17:58:15+00:00","og_image":[{"url":"https:\/\/wp-prod.bluecinema.ch\/app\/uploads\/2024\/02\/blueCinema-Club-2.png"}],"twitter_card":"summary_large_image","twitter_misc":{"Est. reading time":"3 minutes"},"schema":{"@context":"https:\/\/schema.org","@graph":[{"@type":"WebPage","@id":"https:\/\/wp-prod.bluecinema.ch\/en\/membership\/","url":"https:\/\/wp-prod.bluecinema.ch\/en\/membership\/","name":"Devenez membre de blue cinema | blue cinema","isPartOf":{"@id":"https:\/\/wp-prod.bluecinema.ch\/en\/#website"},"datePublished":"2022-02-04T10:43:08+00:00","dateModified":"2024-12-03T17:58:15+00:00","description":"D\u00e9couvre les avantages du blue Cinema Club - des r\u00e9ductions sur l'achat de billets et au kiosque et plus de points Rewards. Ach\u00e8te maintenant!","inLanguage":"fr-CH","potentialAction":[{"@type":"ReadAction","target":["https:\/\/wp-prod.bluecinema.ch\/en\/membership\/"]}]},{"@type":"WebSite","@id":"https:\/\/wp-prod.bluecinema.ch\/en\/#website","url":"https:\/\/wp-prod.bluecinema.ch\/en\/","name":"blue Cinema","description":"","potentialAction":[{"@type":"SearchAction","target":{"@type":"EntryPoint","urlTemplate":"https:\/\/wp-prod.bluecinema.ch\/en\/?s={search_term_string}"},"query-input":"required name=search_term_string"}],"inLanguage":"fr-CH"}]}},"_links":{"self":[{"href":"https:\/\/wp-prod.bluecinema.ch\/fr\/wp-json\/wp\/v2\/pages\/10348"}],"collection":[{"href":"https:\/\/wp-prod.bluecinema.ch\/fr\/wp-json\/wp\/v2\/pages"}],"about":[{"href":"https:\/\/wp-prod.bluecinema.ch\/fr\/wp-json\/wp\/v2\/types\/page"}],"author":[{"embeddable":true,"href":"https:\/\/wp-prod.bluecinema.ch\/fr\/wp-json\/wp\/v2\/users\/3"}],"replies":[{"embeddable":true,"href":"https:\/\/wp-prod.bluecinema.ch\/fr\/wp-json\/wp\/v2\/comments?post=10348"}],"version-history":[{"count":31,"href":"https:\/\/wp-prod.bluecinema.ch\/fr\/wp-json\/wp\/v2\/pages\/10348\/revisions"}],"predecessor-version":[{"id":60523,"href":"https:\/\/wp-prod.bluecinema.ch\/fr\/wp-json\/wp\/v2\/pages\/10348\/revisions\/60523"}],"wp:attachment":[{"href":"https:\/\/wp-prod.bluecinema.ch\/fr\/wp-json\/wp\/v2\/media?parent=10348"}],"curies":[{"name":"wp","href":"https:\/\/api.w.org\/{rel}","templated":true}]}}