{"id":12900,"date":"2022-04-19T12:08:31","date_gmt":"2022-04-19T12:08:31","guid":{"rendered":"https:\/\/wp-prod.bluecinema.ch\/premium-seats\/"},"modified":"2024-02-21T07:50:29","modified_gmt":"2024-02-21T07:50:29","slug":"premium-seats-fr","status":"publish","type":"page","link":"https:\/\/wp-prod.bluecinema.ch\/fr\/premium-seats-fr\/","title":{"rendered":"premium seats-fr"},"content":{"rendered":"\t\t<div data-elementor-type=\"wp-page\" data-elementor-id=\"12900\" class=\"elementor elementor-12900 elementor-9535\" data-elementor-post-type=\"page\">\n\t\t\t\t\t\t<section class=\"elementor-section elementor-top-section elementor-element elementor-element-ed7e886 elementor-section-full_width elementor-section-height-default elementor-section-height-default\" data-id=\"ed7e886\" data-element_type=\"section\">\n\t\t\t\t\t\t<div class=\"elementor-container elementor-column-gap-no\">\n\t\t\t\t\t<div class=\"elementor-column elementor-col-100 elementor-top-column elementor-element elementor-element-d4eee9c\" data-id=\"d4eee9c\" data-element_type=\"column\">\n\t\t\t<div class=\"elementor-widget-wrap elementor-element-populated\">\n\t\t\t\t\t\t<div class=\"elementor-element elementor-element-0977f86 elementor-widget elementor-widget-image\" data-id=\"0977f86\" data-element_type=\"widget\" data-widget_type=\"image.default\">\n\t\t\t\t<div class=\"elementor-widget-container\">\n\t\t\t\t\t\t\t\t\t\t\t\t\t<img fetchpriority=\"high\" decoding=\"async\" width=\"2000\" height=\"800\" src=\"https:\/\/wp-prod.bluecinema.ch\/app\/uploads\/2024\/02\/Premium_Seats-2.jpg\" class=\"attachment-full size-full wp-image-43998\" alt=\"Si\u00e8ges de cin\u00e9ma premium de blue Cinema avec des accents bleus pour une exp\u00e9rience de visionnage exclusive.\" srcset=\"https:\/\/wp-prod.bluecinema.ch\/app\/uploads\/2024\/02\/Premium_Seats-2.jpg 2000w, https:\/\/wp-prod.bluecinema.ch\/app\/uploads\/2024\/02\/Premium_Seats-2-300x120.jpg 300w, https:\/\/wp-prod.bluecinema.ch\/app\/uploads\/2024\/02\/Premium_Seats-2-1024x410.jpg 1024w, https:\/\/wp-prod.bluecinema.ch\/app\/uploads\/2024\/02\/Premium_Seats-2-768x307.jpg 768w, https:\/\/wp-prod.bluecinema.ch\/app\/uploads\/2024\/02\/Premium_Seats-2-1536x614.jpg 1536w, https:\/\/wp-prod.bluecinema.ch\/app\/uploads\/2024\/02\/Premium_Seats-2-460x184.jpg 460w, https:\/\/wp-prod.bluecinema.ch\/app\/uploads\/2024\/02\/Premium_Seats-2-1600x640.jpg 1600w\" sizes=\"(max-width: 2000px) 100vw, 2000px\" \/>\t\t\t\t\t\t\t\t\t\t\t\t\t<\/div>\n\t\t\t\t<\/div>\n\t\t\t\t\t<\/div>\n\t\t<\/div>\n\t\t\t\t\t<\/div>\n\t\t<\/section>\n\t\t\t\t<section class=\"elementor-section elementor-top-section elementor-element elementor-element-4ff3ec1 elementor-section-boxed elementor-section-height-default elementor-section-height-default\" data-id=\"4ff3ec1\" data-element_type=\"section\">\n\t\t\t\t\t\t<div class=\"elementor-container elementor-column-gap-default\">\n\t\t\t\t\t<div class=\"elementor-column elementor-col-100 elementor-top-column elementor-element elementor-element-7d246a9\" data-id=\"7d246a9\" data-element_type=\"column\" data-settings=\"{&quot;background_background&quot;:&quot;classic&quot;}\">\n\t\t\t<div class=\"elementor-widget-wrap elementor-element-populated\">\n\t\t\t\t\t\t<div class=\"elementor-element elementor-element-6f66beb elementor-widget elementor-widget-text-editor\" data-id=\"6f66beb\" data-element_type=\"widget\" data-widget_type=\"text-editor.default\">\n\t\t\t\t<div class=\"elementor-widget-container\">\n\t\t\t\t\t\t\t<h1 style=\"text-align: center;\">Premium Seats<\/h1><h4 style=\"text-align: center;\">L&#8217;exp\u00e9rience cin\u00e9matographique avec un petit plus<\/h4>\t\t\t\t\t\t<\/div>\n\t\t\t\t<\/div>\n\t\t\t\t<div class=\"elementor-element elementor-element-49d2f71 elementor-widget elementor-widget-text-editor\" data-id=\"49d2f71\" data-element_type=\"widget\" data-widget_type=\"text-editor.default\">\n\t\t\t\t<div class=\"elementor-widget-container\">\n\t\t\t\t\t\t\t<h5>Les Premium Seats sont synonymes de grand cin\u00e9ma avec snacks et boissons au choix dans des si\u00e8ges super confortables. En tant que membre du blue Cinema Club, profitez \u00e0 partir de CHF 29.90 d&#8217;une exp\u00e9rience cin\u00e9matographique \u00e0 deux avec plus d&#8217;espace pour les jambes et une meilleure visibilit\u00e9 dans certains cin\u00e9mas blue Cinema (except\u00e9 Capitol Lucerne). M\u00eame sans \u00eatre membre du blue Club, vous pouvez profiter d&#8217;une exp\u00e9rience cin\u00e9matographique avec un petit plus \u00e0 partir de CHF 36.90, y compris deux produits de kiosque au choix.<\/h5>\t\t\t\t\t\t<\/div>\n\t\t\t\t<\/div>\n\t\t\t\t<div class=\"elementor-element elementor-element-cc7dc7e elementor-align-center elementor-widget elementor-widget-button\" data-id=\"cc7dc7e\" data-element_type=\"widget\" data-widget_type=\"button.default\">\n\t\t\t\t<div class=\"elementor-widget-container\">\n\t\t\t\t\t<div class=\"elementor-button-wrapper\">\n\t\t\t<a class=\"elementor-button elementor-button-link elementor-size-sm\" href=\"https:\/\/wp-prod.bluecinema.ch\/fr\/daily-program\/#\/\">\n\t\t\t\t\t\t<span class=\"elementor-button-content-wrapper\">\n\t\t\t\t\t\t\t\t\t<span class=\"elementor-button-text\">Films<\/span>\n\t\t\t\t\t<\/span>\n\t\t\t\t\t<\/a>\n\t\t<\/div>\n\t\t\t\t<\/div>\n\t\t\t\t<\/div>\n\t\t\t\t\t<\/div>\n\t\t<\/div>\n\t\t\t\t\t<\/div>\n\t\t<\/section>\n\t\t\t\t<section class=\"elementor-section elementor-top-section elementor-element elementor-element-9bff7f0 elementor-section-boxed elementor-section-height-default elementor-section-height-default\" data-id=\"9bff7f0\" data-element_type=\"section\">\n\t\t\t\t\t\t<div class=\"elementor-container elementor-column-gap-default\">\n\t\t\t\t\t<div class=\"elementor-column elementor-col-100 elementor-top-column elementor-element elementor-element-e3cb79a\" data-id=\"e3cb79a\" data-element_type=\"column\">\n\t\t\t<div class=\"elementor-widget-wrap elementor-element-populated\">\n\t\t\t\t\t\t<div class=\"elementor-element elementor-element-b3ab618 elementor-widget__width-inherit elementor-widget elementor-widget-spacer\" data-id=\"b3ab618\" data-element_type=\"widget\" data-widget_type=\"spacer.default\">\n\t\t\t\t<div class=\"elementor-widget-container\">\n\t\t\t\t\t<div class=\"elementor-spacer\">\n\t\t\t<div class=\"elementor-spacer-inner\"><\/div>\n\t\t<\/div>\n\t\t\t\t<\/div>\n\t\t\t\t<\/div>\n\t\t\t\t\t<\/div>\n\t\t<\/div>\n\t\t\t\t\t<\/div>\n\t\t<\/section>\n\t\t\t\t<section class=\"elementor-section elementor-top-section elementor-element elementor-element-cabeacf elementor-hidden-mobile elementor-section-boxed elementor-section-height-default elementor-section-height-default\" data-id=\"cabeacf\" data-element_type=\"section\" data-settings=\"{&quot;background_background&quot;:&quot;classic&quot;}\">\n\t\t\t\t\t\t<div class=\"elementor-container elementor-column-gap-default\">\n\t\t\t\t\t<div class=\"elementor-column elementor-col-50 elementor-top-column elementor-element elementor-element-82f1c26\" data-id=\"82f1c26\" data-element_type=\"column\">\n\t\t\t<div class=\"elementor-widget-wrap elementor-element-populated\">\n\t\t\t\t\t\t<div class=\"elementor-element elementor-element-ada607c elementor-widget elementor-widget-text-editor\" data-id=\"ada607c\" data-element_type=\"widget\" data-widget_type=\"text-editor.default\">\n\t\t\t\t<div class=\"elementor-widget-container\">\n\t\t\t\t\t\t\t<h1><span style=\"color: #000000;\">Programme, billets, club et Rewards-Toujours avec toi.<\/span><\/h1><h3><span style=\"color: #000000;\">T\u00e9l\u00e9charge l&#8217;application maintenant et commence \u00e0 jouer!<\/span><\/h3>\t\t\t\t\t\t<\/div>\n\t\t\t\t<\/div>\n\t\t\t\t<section class=\"elementor-section elementor-inner-section elementor-element elementor-element-f70d37b elementor-section-boxed elementor-section-height-default elementor-section-height-default\" data-id=\"f70d37b\" data-element_type=\"section\">\n\t\t\t\t\t\t<div class=\"elementor-container elementor-column-gap-default\">\n\t\t\t\t\t<div class=\"elementor-column elementor-col-50 elementor-inner-column elementor-element elementor-element-af7417e\" data-id=\"af7417e\" data-element_type=\"column\">\n\t\t\t<div class=\"elementor-widget-wrap elementor-element-populated\">\n\t\t\t\t\t\t<div class=\"elementor-element elementor-element-3b1db2c elementor-widget elementor-widget-image\" data-id=\"3b1db2c\" data-element_type=\"widget\" data-widget_type=\"image.default\">\n\t\t\t\t<div class=\"elementor-widget-container\">\n\t\t\t\t\t\t\t\t\t\t\t\t\t\t<a href=\"https:\/\/apps.apple.com\/ch\/app\/swisscom-blue-cinema\/id1112927541\" target=\"_blank\">\n\t\t\t\t\t\t\t<img decoding=\"async\" src=\"https:\/\/wp-prod.bluecinema.ch\/app\/uploads\/2022\/05\/Download_on_the_App_Store_Badge_US-UK_RGB_blk_092917-150x50.png\" title=\"Download_on_the_App_Store_Badge_US-UK_RGB_blk_092917\" alt=\"Download_on_the_App_Store_Badge_US-UK_RGB_blk_092917\" loading=\"lazy\" \/>\t\t\t\t\t\t\t\t<\/a>\n\t\t\t\t\t\t\t\t\t\t\t\t\t<\/div>\n\t\t\t\t<\/div>\n\t\t\t\t\t<\/div>\n\t\t<\/div>\n\t\t\t\t<div class=\"elementor-column elementor-col-50 elementor-inner-column elementor-element elementor-element-e251e8e\" data-id=\"e251e8e\" data-element_type=\"column\">\n\t\t\t<div class=\"elementor-widget-wrap elementor-element-populated\">\n\t\t\t\t\t\t<div class=\"elementor-element elementor-element-338d5fd elementor-widget elementor-widget-image\" data-id=\"338d5fd\" data-element_type=\"widget\" data-widget_type=\"image.default\">\n\t\t\t\t<div class=\"elementor-widget-container\">\n\t\t\t\t\t\t\t\t\t\t\t\t\t\t<a href=\"https:\/\/play.google.com\/store\/apps\/details?id=com.edge5.nativeMenuKitag&#038;hl=de_CH&#038;gl=US\">\n\t\t\t\t\t\t\t<img decoding=\"async\" src=\"https:\/\/wp-prod.bluecinema.ch\/app\/uploads\/2022\/05\/toppng.com-android-app-store-app-store-and-android-icons-2145x1493-1-150x50.png\" title=\"toppng.com-android-app-store-app-store-and-android-icons-2145&#215;1493-1\" alt=\"toppng.com-android-app-store-app-store-and-android-icons-2145x1493-1\" loading=\"lazy\" \/>\t\t\t\t\t\t\t\t<\/a>\n\t\t\t\t\t\t\t\t\t\t\t\t\t<\/div>\n\t\t\t\t<\/div>\n\t\t\t\t\t<\/div>\n\t\t<\/div>\n\t\t\t\t\t<\/div>\n\t\t<\/section>\n\t\t\t\t\t<\/div>\n\t\t<\/div>\n\t\t\t\t<div class=\"elementor-column elementor-col-50 elementor-top-column elementor-element elementor-element-e3b6ac6\" data-id=\"e3b6ac6\" data-element_type=\"column\">\n\t\t\t<div class=\"elementor-widget-wrap elementor-element-populated\">\n\t\t\t\t\t\t<div class=\"elementor-element elementor-element-3d8871d elementor-widget elementor-widget-image\" data-id=\"3d8871d\" data-element_type=\"widget\" data-widget_type=\"image.default\">\n\t\t\t\t<div class=\"elementor-widget-container\">\n\t\t\t\t\t\t\t\t\t\t\t\t\t<img decoding=\"async\" src=\"https:\/\/production-livingdocs-bluewin-ch.imgix.net\/2022\/05\/12\/60754661-f50f-4f70-9038-f93ca1708790.png\" title=\"\" alt=\"\" loading=\"lazy\" \/>\t\t\t\t\t\t\t\t\t\t\t\t\t<\/div>\n\t\t\t\t<\/div>\n\t\t\t\t\t<\/div>\n\t\t<\/div>\n\t\t\t\t\t<\/div>\n\t\t<\/section>\n\t\t\t\t<section class=\"elementor-section elementor-top-section elementor-element elementor-element-c9f1bcd elementor-section-stretched elementor-hidden-desktop elementor-hidden-tablet elementor-section-boxed elementor-section-height-default elementor-section-height-default\" data-id=\"c9f1bcd\" data-element_type=\"section\" data-settings=\"{&quot;background_background&quot;:&quot;classic&quot;,&quot;stretch_section&quot;:&quot;section-stretched&quot;}\">\n\t\t\t\t\t\t<div class=\"elementor-container elementor-column-gap-default\">\n\t\t\t\t\t<div class=\"elementor-column elementor-col-50 elementor-top-column elementor-element elementor-element-57a3040\" data-id=\"57a3040\" data-element_type=\"column\">\n\t\t\t<div class=\"elementor-widget-wrap elementor-element-populated\">\n\t\t\t\t\t\t<div class=\"elementor-element elementor-element-c8f3a2a elementor-widget elementor-widget-image\" data-id=\"c8f3a2a\" data-element_type=\"widget\" data-widget_type=\"image.default\">\n\t\t\t\t<div class=\"elementor-widget-container\">\n\t\t\t\t\t\t\t\t\t\t\t\t\t<img decoding=\"async\" src=\"https:\/\/production-livingdocs-bluewin-ch.imgix.net\/2022\/05\/12\/60754661-f50f-4f70-9038-f93ca1708790.png\" title=\"\" alt=\"\" loading=\"lazy\" \/>\t\t\t\t\t\t\t\t\t\t\t\t\t<\/div>\n\t\t\t\t<\/div>\n\t\t\t\t\t<\/div>\n\t\t<\/div>\n\t\t\t\t<div class=\"elementor-column elementor-col-50 elementor-top-column elementor-element elementor-element-b621185\" data-id=\"b621185\" data-element_type=\"column\">\n\t\t\t<div class=\"elementor-widget-wrap elementor-element-populated\">\n\t\t\t\t\t\t<div class=\"elementor-element elementor-element-5848ac4 elementor-widget elementor-widget-text-editor\" data-id=\"5848ac4\" data-element_type=\"widget\" data-widget_type=\"text-editor.default\">\n\t\t\t\t<div class=\"elementor-widget-container\">\n\t\t\t\t\t\t\t<h1><span style=\"color: #000000;\">Programme, billets, club et Rewards-Toujours avec toi.<\/span><\/h1><h3><span style=\"color: #000000;\">T\u00e9l\u00e9charge l&#8217;application maintenant et commence \u00e0 jouer!<\/span><\/h3>\t\t\t\t\t\t<\/div>\n\t\t\t\t<\/div>\n\t\t\t\t<section class=\"elementor-section elementor-inner-section elementor-element elementor-element-5a3f816 elementor-section-boxed elementor-section-height-default elementor-section-height-default\" data-id=\"5a3f816\" data-element_type=\"section\">\n\t\t\t\t\t\t<div class=\"elementor-container elementor-column-gap-default\">\n\t\t\t\t\t<div class=\"elementor-column elementor-col-50 elementor-inner-column elementor-element elementor-element-23f07e0\" data-id=\"23f07e0\" data-element_type=\"column\">\n\t\t\t<div class=\"elementor-widget-wrap elementor-element-populated\">\n\t\t\t\t\t\t<div class=\"elementor-element elementor-element-867a2f5 elementor-widget elementor-widget-image\" data-id=\"867a2f5\" data-element_type=\"widget\" data-widget_type=\"image.default\">\n\t\t\t\t<div class=\"elementor-widget-container\">\n\t\t\t\t\t\t\t\t\t\t\t\t\t\t<a href=\"https:\/\/apps.apple.com\/ch\/app\/swisscom-blue-cinema\/id1112927541\" target=\"_blank\">\n\t\t\t\t\t\t\t<img decoding=\"async\" src=\"https:\/\/wp-prod.bluecinema.ch\/app\/uploads\/2022\/05\/Download_on_the_App_Store_Badge_US-UK_RGB_blk_092917-150x50.png\" title=\"Download_on_the_App_Store_Badge_US-UK_RGB_blk_092917\" alt=\"Download_on_the_App_Store_Badge_US-UK_RGB_blk_092917\" loading=\"lazy\" \/>\t\t\t\t\t\t\t\t<\/a>\n\t\t\t\t\t\t\t\t\t\t\t\t\t<\/div>\n\t\t\t\t<\/div>\n\t\t\t\t\t<\/div>\n\t\t<\/div>\n\t\t\t\t<div class=\"elementor-column elementor-col-50 elementor-inner-column elementor-element elementor-element-250dd10\" data-id=\"250dd10\" data-element_type=\"column\">\n\t\t\t<div class=\"elementor-widget-wrap elementor-element-populated\">\n\t\t\t\t\t\t<div class=\"elementor-element elementor-element-56652be elementor-widget elementor-widget-image\" data-id=\"56652be\" data-element_type=\"widget\" data-widget_type=\"image.default\">\n\t\t\t\t<div class=\"elementor-widget-container\">\n\t\t\t\t\t\t\t\t\t\t\t\t\t\t<a href=\"https:\/\/play.google.com\/store\/apps\/details?id=com.edge5.nativeMenuKitag&#038;hl=de_CH&#038;gl=US\">\n\t\t\t\t\t\t\t<img decoding=\"async\" src=\"https:\/\/wp-prod.bluecinema.ch\/app\/uploads\/2022\/05\/toppng.com-android-app-store-app-store-and-android-icons-2145x1493-1-150x50.png\" title=\"toppng.com-android-app-store-app-store-and-android-icons-2145&#215;1493-1\" alt=\"toppng.com-android-app-store-app-store-and-android-icons-2145x1493-1\" loading=\"lazy\" \/>\t\t\t\t\t\t\t\t<\/a>\n\t\t\t\t\t\t\t\t\t\t\t\t\t<\/div>\n\t\t\t\t<\/div>\n\t\t\t\t\t<\/div>\n\t\t<\/div>\n\t\t\t\t\t<\/div>\n\t\t<\/section>\n\t\t\t\t\t<\/div>\n\t\t<\/div>\n\t\t\t\t\t<\/div>\n\t\t<\/section>\n\t\t\t\t<section class=\"elementor-section elementor-top-section elementor-element elementor-element-09fa958 elementor-section-boxed elementor-section-height-default elementor-section-height-default\" data-id=\"09fa958\" data-element_type=\"section\">\n\t\t\t\t\t\t<div class=\"elementor-container elementor-column-gap-default\">\n\t\t\t\t\t<div class=\"elementor-column elementor-col-100 elementor-top-column elementor-element elementor-element-8db2e1d\" data-id=\"8db2e1d\" data-element_type=\"column\">\n\t\t\t<div class=\"elementor-widget-wrap elementor-element-populated\">\n\t\t\t\t\t\t<div class=\"elementor-element elementor-element-280d22a elementor-widget elementor-widget-spacer\" data-id=\"280d22a\" data-element_type=\"widget\" data-widget_type=\"spacer.default\">\n\t\t\t\t<div class=\"elementor-widget-container\">\n\t\t\t\t\t<div class=\"elementor-spacer\">\n\t\t\t<div class=\"elementor-spacer-inner\"><\/div>\n\t\t<\/div>\n\t\t\t\t<\/div>\n\t\t\t\t<\/div>\n\t\t\t\t\t<\/div>\n\t\t<\/div>\n\t\t\t\t\t<\/div>\n\t\t<\/section>\n\t\t\t\t<section class=\"elementor-section elementor-top-section elementor-element elementor-element-3c9e1c7 elementor-section-boxed elementor-section-height-default elementor-section-height-default\" data-id=\"3c9e1c7\" data-element_type=\"section\">\n\t\t\t\t\t\t<div class=\"elementor-container elementor-column-gap-default\">\n\t\t\t\t\t<div class=\"elementor-column elementor-col-100 elementor-top-column elementor-element elementor-element-a1afe5c\" data-id=\"a1afe5c\" data-element_type=\"column\">\n\t\t\t<div class=\"elementor-widget-wrap elementor-element-populated\">\n\t\t\t\t\t\t<div class=\"elementor-element elementor-element-1e404f0 elementor-widget elementor-widget-spacer\" data-id=\"1e404f0\" data-element_type=\"widget\" data-widget_type=\"spacer.default\">\n\t\t\t\t<div class=\"elementor-widget-container\">\n\t\t\t\t\t<div class=\"elementor-spacer\">\n\t\t\t<div class=\"elementor-spacer-inner\"><\/div>\n\t\t<\/div>\n\t\t\t\t<\/div>\n\t\t\t\t<\/div>\n\t\t\t\t\t<\/div>\n\t\t<\/div>\n\t\t\t\t\t<\/div>\n\t\t<\/section>\n\t\t\t\t<\/div>\n\t\t","protected":false},"excerpt":{"rendered":"<p>Premium Seats L&#8217;exp\u00e9rience cin\u00e9matographique avec un petit plus Les Premium Seats sont synonymes de grand cin\u00e9ma avec snacks et boissons au choix dans des si\u00e8ges super confortables. En tant que membre du blue Cinema Club, profitez \u00e0 partir de CHF 29.90 d&#8217;une exp\u00e9rience cin\u00e9matographique \u00e0 deux avec plus d&#8217;espace pour les jambes et une meilleure [&hellip;]<\/p>\n","protected":false},"author":3,"featured_media":0,"parent":0,"menu_order":0,"comment_status":"closed","ping_status":"closed","template":"template-parts\/template-page-untitled-canvas.php","meta":{"_acf_changed":false,"footnotes":""},"acf":[],"yoast_head":"<!-- This site is optimized with the Yoast SEO Premium plugin v20.11 (Yoast SEO v20.12) - https:\/\/yoast.com\/wordpress\/plugins\/seo\/ -->\r\n<title>Confort optimal avec les si\u00e8ges Premium de blue cinema<\/title>\r\n<meta name=\"description\" content=\"Le cin\u00e9ma avec un petit plus. Des si\u00e8ges de cin\u00e9ma super confortables pour deux, avec plus d&#039;espace pour les jambes et une meilleure visibilit\u00e9. Dans tous les cin\u00e9mas blue Cinema. Acheter maintenant des billets.\" \/>\r\n<meta name=\"robots\" content=\"index, follow, max-snippet:-1, max-image-preview:large, max-video-preview:-1\" \/>\r\n<link rel=\"canonical\" href=\"https:\/\/wp-prod.bluecinema.ch\/en\/premium-seats-en\/\" \/>\r\n<meta property=\"og:locale\" content=\"fr_FR\" \/>\r\n<meta property=\"og:type\" content=\"article\" \/>\r\n<meta property=\"og:title\" content=\"Confort optimal avec les si\u00e8ges Premium de blue cinema\" \/>\r\n<meta property=\"og:description\" content=\"Le cin\u00e9ma avec un petit plus. Des si\u00e8ges de cin\u00e9ma super confortables pour deux, avec plus d&#039;espace pour les jambes et une meilleure visibilit\u00e9. Dans tous les cin\u00e9mas blue Cinema. Acheter maintenant des billets.\" \/>\r\n<meta property=\"og:url\" content=\"https:\/\/wp-prod.bluecinema.ch\/en\/premium-seats-en\/\" \/>\r\n<meta property=\"og:site_name\" content=\"blue Cinema\" \/>\r\n<meta property=\"article:modified_time\" content=\"2024-02-21T07:50:29+00:00\" \/>\r\n<meta property=\"og:image\" content=\"https:\/\/wp-prod.bluecinema.ch\/app\/uploads\/2024\/02\/Premium_Seats-2.jpg\" \/>\r\n<meta name=\"twitter:card\" content=\"summary_large_image\" \/>\r\n<meta name=\"twitter:label1\" content=\"Est. reading time\" \/>\n\t<meta name=\"twitter:data1\" content=\"3 minutes\" \/>\r\n<script type=\"application\/ld+json\" class=\"yoast-schema-graph\">{\"@context\":\"https:\/\/schema.org\",\"@graph\":[{\"@type\":\"WebPage\",\"@id\":\"https:\/\/wp-prod.bluecinema.ch\/en\/premium-seats-en\/\",\"url\":\"https:\/\/wp-prod.bluecinema.ch\/en\/premium-seats-en\/\",\"name\":\"Confort optimal avec les si\u00e8ges Premium de blue cinema\",\"isPartOf\":{\"@id\":\"https:\/\/wp-prod.bluecinema.ch\/en\/#website\"},\"datePublished\":\"2022-04-19T12:08:31+00:00\",\"dateModified\":\"2024-02-21T07:50:29+00:00\",\"description\":\"Le cin\u00e9ma avec un petit plus. Des si\u00e8ges de cin\u00e9ma super confortables pour deux, avec plus d'espace pour les jambes et une meilleure visibilit\u00e9. Dans tous les cin\u00e9mas blue Cinema. Acheter maintenant des billets.\",\"inLanguage\":\"fr-CH\",\"potentialAction\":[{\"@type\":\"ReadAction\",\"target\":[\"https:\/\/wp-prod.bluecinema.ch\/en\/premium-seats-en\/\"]}]},{\"@type\":\"WebSite\",\"@id\":\"https:\/\/wp-prod.bluecinema.ch\/en\/#website\",\"url\":\"https:\/\/wp-prod.bluecinema.ch\/en\/\",\"name\":\"blue Cinema\",\"description\":\"\",\"potentialAction\":[{\"@type\":\"SearchAction\",\"target\":{\"@type\":\"EntryPoint\",\"urlTemplate\":\"https:\/\/wp-prod.bluecinema.ch\/en\/?s={search_term_string}\"},\"query-input\":\"required name=search_term_string\"}],\"inLanguage\":\"fr-CH\"}]}<\/script>\r\n<!-- \/ Yoast SEO Premium plugin. -->","yoast_head_json":{"title":"Confort optimal avec les si\u00e8ges Premium de blue cinema","description":"Le cin\u00e9ma avec un petit plus. Des si\u00e8ges de cin\u00e9ma super confortables pour deux, avec plus d'espace pour les jambes et une meilleure visibilit\u00e9. Dans tous les cin\u00e9mas blue Cinema. Acheter maintenant des billets.","robots":{"index":"index","follow":"follow","max-snippet":"max-snippet:-1","max-image-preview":"max-image-preview:large","max-video-preview":"max-video-preview:-1"},"canonical":"https:\/\/wp-prod.bluecinema.ch\/en\/premium-seats-en\/","og_locale":"fr_FR","og_type":"article","og_title":"Confort optimal avec les si\u00e8ges Premium de blue cinema","og_description":"Le cin\u00e9ma avec un petit plus. Des si\u00e8ges de cin\u00e9ma super confortables pour deux, avec plus d'espace pour les jambes et une meilleure visibilit\u00e9. Dans tous les cin\u00e9mas blue Cinema. Acheter maintenant des billets.","og_url":"https:\/\/wp-prod.bluecinema.ch\/en\/premium-seats-en\/","og_site_name":"blue Cinema","article_modified_time":"2024-02-21T07:50:29+00:00","og_image":[{"url":"https:\/\/wp-prod.bluecinema.ch\/app\/uploads\/2024\/02\/Premium_Seats-2.jpg"}],"twitter_card":"summary_large_image","twitter_misc":{"Est. reading time":"3 minutes"},"schema":{"@context":"https:\/\/schema.org","@graph":[{"@type":"WebPage","@id":"https:\/\/wp-prod.bluecinema.ch\/en\/premium-seats-en\/","url":"https:\/\/wp-prod.bluecinema.ch\/en\/premium-seats-en\/","name":"Confort optimal avec les si\u00e8ges Premium de blue cinema","isPartOf":{"@id":"https:\/\/wp-prod.bluecinema.ch\/en\/#website"},"datePublished":"2022-04-19T12:08:31+00:00","dateModified":"2024-02-21T07:50:29+00:00","description":"Le cin\u00e9ma avec un petit plus. Des si\u00e8ges de cin\u00e9ma super confortables pour deux, avec plus d'espace pour les jambes et une meilleure visibilit\u00e9. Dans tous les cin\u00e9mas blue Cinema. Acheter maintenant des billets.","inLanguage":"fr-CH","potentialAction":[{"@type":"ReadAction","target":["https:\/\/wp-prod.bluecinema.ch\/en\/premium-seats-en\/"]}]},{"@type":"WebSite","@id":"https:\/\/wp-prod.bluecinema.ch\/en\/#website","url":"https:\/\/wp-prod.bluecinema.ch\/en\/","name":"blue Cinema","description":"","potentialAction":[{"@type":"SearchAction","target":{"@type":"EntryPoint","urlTemplate":"https:\/\/wp-prod.bluecinema.ch\/en\/?s={search_term_string}"},"query-input":"required name=search_term_string"}],"inLanguage":"fr-CH"}]}},"_links":{"self":[{"href":"https:\/\/wp-prod.bluecinema.ch\/fr\/wp-json\/wp\/v2\/pages\/12900"}],"collection":[{"href":"https:\/\/wp-prod.bluecinema.ch\/fr\/wp-json\/wp\/v2\/pages"}],"about":[{"href":"https:\/\/wp-prod.bluecinema.ch\/fr\/wp-json\/wp\/v2\/types\/page"}],"author":[{"embeddable":true,"href":"https:\/\/wp-prod.bluecinema.ch\/fr\/wp-json\/wp\/v2\/users\/3"}],"replies":[{"embeddable":true,"href":"https:\/\/wp-prod.bluecinema.ch\/fr\/wp-json\/wp\/v2\/comments?post=12900"}],"version-history":[{"count":10,"href":"https:\/\/wp-prod.bluecinema.ch\/fr\/wp-json\/wp\/v2\/pages\/12900\/revisions"}],"predecessor-version":[{"id":45054,"href":"https:\/\/wp-prod.bluecinema.ch\/fr\/wp-json\/wp\/v2\/pages\/12900\/revisions\/45054"}],"wp:attachment":[{"href":"https:\/\/wp-prod.bluecinema.ch\/fr\/wp-json\/wp\/v2\/media?parent=12900"}],"curies":[{"name":"wp","href":"https:\/\/api.w.org\/{rel}","templated":true}]}}