{"id":14580,"date":"2022-05-08T07:09:26","date_gmt":"2022-05-08T07:09:26","guid":{"rendered":"https:\/\/wp-prod.bluecinema.ch\/?page_id=14580"},"modified":"2024-02-08T12:24:42","modified_gmt":"2024-02-08T12:24:42","slug":"imprint","status":"publish","type":"page","link":"https:\/\/wp-prod.bluecinema.ch\/fr\/imprint\/","title":{"rendered":"Imprint Web FR"},"content":{"rendered":"\t\t<div data-elementor-type=\"wp-page\" data-elementor-id=\"14580\" class=\"elementor elementor-14580\" data-elementor-post-type=\"page\">\n\t\t\t\t\t\t<section class=\"elementor-section elementor-top-section elementor-element elementor-element-036c4bd elementor-section-full_width elementor-section-height-default elementor-section-height-default\" data-id=\"036c4bd\" data-element_type=\"section\">\n\t\t\t\t\t\t<div class=\"elementor-container elementor-column-gap-default\">\n\t\t\t\t\t<div class=\"elementor-column elementor-col-100 elementor-top-column elementor-element elementor-element-bb0a3a3\" data-id=\"bb0a3a3\" data-element_type=\"column\" data-settings=\"{&quot;background_background&quot;:&quot;classic&quot;}\">\n\t\t\t<div class=\"elementor-widget-wrap elementor-element-populated\">\n\t\t\t\t\t\t<div class=\"elementor-element elementor-element-10daa35 elementor-widget elementor-widget-text-editor\" data-id=\"10daa35\" data-element_type=\"widget\" data-widget_type=\"text-editor.default\">\n\t\t\t\t<div class=\"elementor-widget-container\">\n\t\t\t\t\t\t\t<h1>Mention l\u00e9gale\u200b<\/h1>\t\t\t\t\t\t<\/div>\n\t\t\t\t<\/div>\n\t\t\t\t<div class=\"elementor-element elementor-element-6b4fc70 elementor-widget elementor-widget-text-editor\" data-id=\"6b4fc70\" data-element_type=\"widget\" data-widget_type=\"text-editor.default\">\n\t\t\t\t<div class=\"elementor-widget-container\">\n\t\t\t\t\t\t\t<p>blue Entertainment AG<br>Maschinenstrasse 10<br>PO Box<br>8021 Z\u00fcrich<\/p>\t\t\t\t\t\t<\/div>\n\t\t\t\t<\/div>\n\t\t\t\t\t<\/div>\n\t\t<\/div>\n\t\t\t\t\t<\/div>\n\t\t<\/section>\n\t\t\t\t<\/div>\n\t\t","protected":false},"excerpt":{"rendered":"<p>Mention l\u00e9gale\u200b blue Entertainment AGMaschinenstrasse 10PO Box8021 Z\u00fcrich<\/p>\n","protected":false},"author":3,"featured_media":0,"parent":0,"menu_order":0,"comment_status":"closed","ping_status":"closed","template":"template-parts\/template-page-untitled-canvas.php","meta":{"_acf_changed":false,"footnotes":""},"acf":[],"yoast_head":"<!-- This site is optimized with the Yoast SEO Premium plugin v20.11 (Yoast SEO v20.12) - https:\/\/yoast.com\/wordpress\/plugins\/seo\/ -->\r\n<title>Mentions l\u00e9gales - Informations de contact de blue Cinema<\/title>\r\n<meta name=\"description\" content=\"Voici les mentions l\u00e9gales de blue cinema avec toutes les coordonn\u00e9es pertinentes. Apprenez-en plus sur les responsables de votre exp\u00e9rience cin\u00e9matographique et comment vous pouvez nous contacter.\" \/>\r\n<meta name=\"robots\" content=\"index, follow, max-snippet:-1, max-image-preview:large, max-video-preview:-1\" \/>\r\n<link rel=\"canonical\" href=\"https:\/\/wp-prod.bluecinema.ch\/fr\/imprint\/\" \/>\r\n<meta property=\"og:locale\" content=\"fr_FR\" \/>\r\n<meta property=\"og:type\" content=\"article\" \/>\r\n<meta property=\"og:title\" content=\"Mentions l\u00e9gales - Informations de contact de blue Cinema\" \/>\r\n<meta property=\"og:description\" content=\"Voici les mentions l\u00e9gales de blue cinema avec toutes les coordonn\u00e9es pertinentes. Apprenez-en plus sur les responsables de votre exp\u00e9rience cin\u00e9matographique et comment vous pouvez nous contacter.\" \/>\r\n<meta property=\"og:url\" content=\"https:\/\/wp-prod.bluecinema.ch\/fr\/imprint\/\" \/>\r\n<meta property=\"og:site_name\" content=\"blue Cinema\" \/>\r\n<meta property=\"article:modified_time\" content=\"2024-02-08T12:24:42+00:00\" \/>\r\n<meta name=\"twitter:card\" content=\"summary_large_image\" \/>\r\n<meta name=\"twitter:label1\" content=\"Est. reading time\" \/>\n\t<meta name=\"twitter:data1\" content=\"1 minute\" \/>\r\n<script type=\"application\/ld+json\" class=\"yoast-schema-graph\">{\"@context\":\"https:\/\/schema.org\",\"@graph\":[{\"@type\":\"WebPage\",\"@id\":\"https:\/\/wp-prod.bluecinema.ch\/fr\/imprint\/\",\"url\":\"https:\/\/wp-prod.bluecinema.ch\/fr\/imprint\/\",\"name\":\"Mentions l\u00e9gales - Informations de contact de blue Cinema\",\"isPartOf\":{\"@id\":\"https:\/\/wp-prod.bluecinema.ch\/en\/#website\"},\"datePublished\":\"2022-05-08T07:09:26+00:00\",\"dateModified\":\"2024-02-08T12:24:42+00:00\",\"description\":\"Voici les mentions l\u00e9gales de blue cinema avec toutes les coordonn\u00e9es pertinentes. Apprenez-en plus sur les responsables de votre exp\u00e9rience cin\u00e9matographique et comment vous pouvez nous contacter.\",\"inLanguage\":\"fr-CH\",\"potentialAction\":[{\"@type\":\"ReadAction\",\"target\":[\"https:\/\/wp-prod.bluecinema.ch\/fr\/imprint\/\"]}]},{\"@type\":\"WebSite\",\"@id\":\"https:\/\/wp-prod.bluecinema.ch\/en\/#website\",\"url\":\"https:\/\/wp-prod.bluecinema.ch\/en\/\",\"name\":\"blue Cinema\",\"description\":\"\",\"potentialAction\":[{\"@type\":\"SearchAction\",\"target\":{\"@type\":\"EntryPoint\",\"urlTemplate\":\"https:\/\/wp-prod.bluecinema.ch\/en\/?s={search_term_string}\"},\"query-input\":\"required name=search_term_string\"}],\"inLanguage\":\"fr-CH\"}]}<\/script>\r\n<!-- \/ Yoast SEO Premium plugin. -->","yoast_head_json":{"title":"Mentions l\u00e9gales - Informations de contact de blue Cinema","description":"Voici les mentions l\u00e9gales de blue cinema avec toutes les coordonn\u00e9es pertinentes. Apprenez-en plus sur les responsables de votre exp\u00e9rience cin\u00e9matographique et comment vous pouvez nous contacter.","robots":{"index":"index","follow":"follow","max-snippet":"max-snippet:-1","max-image-preview":"max-image-preview:large","max-video-preview":"max-video-preview:-1"},"canonical":"https:\/\/wp-prod.bluecinema.ch\/fr\/imprint\/","og_locale":"fr_FR","og_type":"article","og_title":"Mentions l\u00e9gales - Informations de contact de blue Cinema","og_description":"Voici les mentions l\u00e9gales de blue cinema avec toutes les coordonn\u00e9es pertinentes. Apprenez-en plus sur les responsables de votre exp\u00e9rience cin\u00e9matographique et comment vous pouvez nous contacter.","og_url":"https:\/\/wp-prod.bluecinema.ch\/fr\/imprint\/","og_site_name":"blue Cinema","article_modified_time":"2024-02-08T12:24:42+00:00","twitter_card":"summary_large_image","twitter_misc":{"Est. reading time":"1 minute"},"schema":{"@context":"https:\/\/schema.org","@graph":[{"@type":"WebPage","@id":"https:\/\/wp-prod.bluecinema.ch\/fr\/imprint\/","url":"https:\/\/wp-prod.bluecinema.ch\/fr\/imprint\/","name":"Mentions l\u00e9gales - Informations de contact de blue Cinema","isPartOf":{"@id":"https:\/\/wp-prod.bluecinema.ch\/en\/#website"},"datePublished":"2022-05-08T07:09:26+00:00","dateModified":"2024-02-08T12:24:42+00:00","description":"Voici les mentions l\u00e9gales de blue cinema avec toutes les coordonn\u00e9es pertinentes. Apprenez-en plus sur les responsables de votre exp\u00e9rience cin\u00e9matographique et comment vous pouvez nous contacter.","inLanguage":"fr-CH","potentialAction":[{"@type":"ReadAction","target":["https:\/\/wp-prod.bluecinema.ch\/fr\/imprint\/"]}]},{"@type":"WebSite","@id":"https:\/\/wp-prod.bluecinema.ch\/en\/#website","url":"https:\/\/wp-prod.bluecinema.ch\/en\/","name":"blue Cinema","description":"","potentialAction":[{"@type":"SearchAction","target":{"@type":"EntryPoint","urlTemplate":"https:\/\/wp-prod.bluecinema.ch\/en\/?s={search_term_string}"},"query-input":"required name=search_term_string"}],"inLanguage":"fr-CH"}]}},"_links":{"self":[{"href":"https:\/\/wp-prod.bluecinema.ch\/fr\/wp-json\/wp\/v2\/pages\/14580"}],"collection":[{"href":"https:\/\/wp-prod.bluecinema.ch\/fr\/wp-json\/wp\/v2\/pages"}],"about":[{"href":"https:\/\/wp-prod.bluecinema.ch\/fr\/wp-json\/wp\/v2\/types\/page"}],"author":[{"embeddable":true,"href":"https:\/\/wp-prod.bluecinema.ch\/fr\/wp-json\/wp\/v2\/users\/3"}],"replies":[{"embeddable":true,"href":"https:\/\/wp-prod.bluecinema.ch\/fr\/wp-json\/wp\/v2\/comments?post=14580"}],"version-history":[{"count":7,"href":"https:\/\/wp-prod.bluecinema.ch\/fr\/wp-json\/wp\/v2\/pages\/14580\/revisions"}],"predecessor-version":[{"id":42474,"href":"https:\/\/wp-prod.bluecinema.ch\/fr\/wp-json\/wp\/v2\/pages\/14580\/revisions\/42474"}],"wp:attachment":[{"href":"https:\/\/wp-prod.bluecinema.ch\/fr\/wp-json\/wp\/v2\/media?parent=14580"}],"curies":[{"name":"wp","href":"https:\/\/api.w.org\/{rel}","templated":true}]}}