{"id":16708,"date":"2022-06-21T14:34:26","date_gmt":"2022-06-21T14:34:26","guid":{"rendered":"https:\/\/wp-prod.bluecinema.ch\/sicherheitshinweise-en\/"},"modified":"2024-02-20T15:39:40","modified_gmt":"2024-02-20T15:39:40","slug":"sicherheitshinweise-fr","status":"publish","type":"page","link":"https:\/\/wp-prod.bluecinema.ch\/fr\/sicherheitshinweise-fr\/","title":{"rendered":"Sicherheitshinweise FR"},"content":{"rendered":"\t\t<div data-elementor-type=\"wp-page\" data-elementor-id=\"16708\" class=\"elementor elementor-16708 elementor-16690\" data-elementor-post-type=\"page\">\n\t\t\t\t\t\t<section class=\"elementor-section elementor-top-section elementor-element elementor-element-0db25b3 elementor-section-boxed elementor-section-height-default elementor-section-height-default\" data-id=\"0db25b3\" data-element_type=\"section\">\n\t\t\t\t\t\t<div class=\"elementor-container elementor-column-gap-default\">\n\t\t\t\t\t<div class=\"elementor-column elementor-col-100 elementor-top-column elementor-element elementor-element-2300dae\" data-id=\"2300dae\" data-element_type=\"column\">\n\t\t\t<div class=\"elementor-widget-wrap elementor-element-populated\">\n\t\t\t\t\t\t<div class=\"elementor-element elementor-element-03f0525 elementor-widget elementor-widget-spacer\" data-id=\"03f0525\" data-element_type=\"widget\" data-widget_type=\"spacer.default\">\n\t\t\t\t<div class=\"elementor-widget-container\">\n\t\t\t\t\t<div class=\"elementor-spacer\">\n\t\t\t<div class=\"elementor-spacer-inner\"><\/div>\n\t\t<\/div>\n\t\t\t\t<\/div>\n\t\t\t\t<\/div>\n\t\t\t\t<div class=\"elementor-element elementor-element-2b8ee9d elementor-widget elementor-widget-text-editor\" data-id=\"2b8ee9d\" data-element_type=\"widget\" data-widget_type=\"text-editor.default\">\n\t\t\t\t<div class=\"elementor-widget-container\">\n\t\t\t\t\t\t\t<h1>R\u00e8gles de visite pour le cin\u00e9ma 4DX<\/h1><p><br \/><a class=\" \" href=\"https:\/\/wp-prod.bluecinema.ch\/app\/uploads\/2023\/11\/2311074DxGenerischSicherheitshinweise210X297MmFr-1_compressed.pdf\" target=\"_blank\" rel=\"noopener\">R\u00e8gles de visite pour le Cin\u00e9ma 4DX (PDF)<\/a><\/p><p><br \/>Pour une exp\u00e9rience agr\u00e9able et en toute s\u00e9curit\u00e9 du cin\u00e9ma 4DX, nous vous prions de lire attentivement et respecter nos consignes de s\u00e9curit\u00e9. En achetant votre billet 4DX, vous reconnaissez avoir pris connaissance de ces r\u00e8gles, les avoir comprises, et acceptez de les respecter.<\/p><h4>\u00a0<\/h4><h2>Dispositions G\u00e9n\u00e9rales<\/h2><p>1. Le cin\u00e9ma 4DX combine les mouvements de si\u00e8ge avec les effets environnementaux sp\u00e9ciaux. Tous les effets sont indiqu\u00e9s ci-dessous et sont accompagn\u00e9s de pictogrammes.<\/p><p>2. Les effets arrivent de mani\u00e8re inattendue et peuvent \u00eatre intenses.<\/p><p>3. En cas de probl\u00e8mes de sant\u00e9, m\u00eame mineurs, il est recommand\u00e9 de consulter votre m\u00e9decin avant la projection. Afin d\u2019assurer votre s\u00e9curit\u00e9 et \u00e9viter toute cons\u00e9quence ind\u00e9sirable, l\u2019exp\u00e9rience 4DX est d\u00e9conseill\u00e9e aux personnes ayant les probl\u00e8mes suivants :<\/p><ul><li>\u00e9pilepsie<\/li><li>hypertension<\/li><li>probl\u00e8mes cardiovasculaires<\/li><li>probl\u00e8mes de dos ou de nuque<\/li><li>probl\u00e8mes orthop\u00e9diques<\/li><li>naupathie<\/li><li>probl\u00e8mes respiratoires ou allergies<\/li><li>d\u2019autres probl\u00e8mes graves de sant\u00e9 physiques ou psychologiques<\/li><\/ul><p>4. Pour votre s\u00e9curit\u00e9, elle est \u00e9galement d\u00e9conseill\u00e9e aux personnes suivantes :<\/p><ul><li>femmes enceintes<\/li><li>personnes \u00e2g\u00e9es \u00e0 mobilit\u00e9 r\u00e9duite<\/li><li>personnes sous m\u00e9dicaments, sous l\u2019influence d\u2019alcool ou de drogue<\/li><li>personnes de taille inf\u00e9rieure \u00e0 100 cm<\/li><li>personnes en dessus de 120 kg<\/li><\/ul><p>5. L&#8217;acc\u00e8s est interdit aux enfants de moins de 6 ans ou d\u2019une taille inf\u00e9rieure \u00e0 100 cm. Les enfants de moins de 8 ans ou d\u2019une taille inf\u00e9rieure \u00e0 120 cm doivent \u00eatre accompagn\u00e9s d&#8217;un adulte.<br \/>6. En r\u00e8gle g\u00e9n\u00e9rale, la classification d&#8217;\u00e2ge officielle du canton respectif s&#8217;applique \u00e0 chaque projection.<\/p><h2>\u00a0<\/h2><h2>Consignes de S\u00e9curit\u00e9 en salle<\/h2><p>1. Installez-vous confortablement en gardant bien vos pieds sur les repose-pieds.<\/p><p>2. L\u2019espace devant votre si\u00e8ge doit \u00eatre lib\u00e9r\u00e9 de tout article encombrant.<\/p><p>3. Evitez les v\u00eatements d\u00e9licats ou tout autre article susceptible d\u2019\u00eatre d\u00e9favorablement affect\u00e9 par les effets 4DX. Veillez \u00e0 prot\u00e9ger les v\u00eatements contre le vent, l\u2019eau, les bulles et les forts parfums.<\/p><p>4. Si vous ne souhaitez pas les effets d\u2019eau, vous pouvez en tout temps r\u00e9gler le mode sur l\u2019accoudoir droit de votre si\u00e8ge.<\/p><p>5. Pour votre s\u00e9curit\u00e9 ainsi que celle des autres spectateurs, il est hautement d\u00e9conseill\u00e9 de vous lever ou partir en pleine projection alors que les si\u00e8ges sont en mouvement. Si vous devez vous d\u00e9placer, veillez \u00e0 ne pas marcher sur les repose-pieds.<\/p><p>6. Les boissons sont admises uniquement en bouteille ou ferm\u00e9es au moyen d\u2019un couvercle. Les boissons chaudes sont interdites dans l\u2019auditorium en tout temps. Elles pourraient causer des dommages ou pannes des si\u00e8ges 4DX.<\/p><p>7. Les sacs fragiles et autres effets personnels doivent \u00eatre surveill\u00e9s et prot\u00e9g\u00e9s par vos soins. Nous ne sommes pas responsables des pertes ou dommages d\u2019\u00e9l\u00e9ments mal entrepos\u00e9s.<\/p><p>8. Ne vous approchez pas des buses de pulv\u00e9risation, surtout vos yeux, et \u00e9vitez \u00e9galement d\u2019y approcher vos effets personnels, car cela pourrait causer des blessures ou des dommages.<\/p><p>9. blue Cinema d\u00e9cline toute responsabilit\u00e9 en cas de blessures, probl\u00e8mes de sant\u00e9, pertes ou dommages caus\u00e9s par le non-respect des pr\u00e9sentes r\u00e8gles de visite.<\/p>\t\t\t\t\t\t<\/div>\n\t\t\t\t<\/div>\n\t\t\t\t\t<\/div>\n\t\t<\/div>\n\t\t\t\t\t<\/div>\n\t\t<\/section>\n\t\t\t\t<section class=\"elementor-section elementor-top-section elementor-element elementor-element-9b0c3d6 elementor-section-boxed elementor-section-height-default elementor-section-height-default\" data-id=\"9b0c3d6\" data-element_type=\"section\">\n\t\t\t\t\t\t<div class=\"elementor-container elementor-column-gap-default\">\n\t\t\t\t\t<div class=\"elementor-column elementor-col-100 elementor-top-column elementor-element elementor-element-e53ba1a\" data-id=\"e53ba1a\" data-element_type=\"column\">\n\t\t\t<div class=\"elementor-widget-wrap elementor-element-populated\">\n\t\t\t\t\t\t<div class=\"elementor-element elementor-element-5821304 elementor-widget elementor-widget-spacer\" data-id=\"5821304\" data-element_type=\"widget\" data-widget_type=\"spacer.default\">\n\t\t\t\t<div class=\"elementor-widget-container\">\n\t\t\t\t\t<div class=\"elementor-spacer\">\n\t\t\t<div class=\"elementor-spacer-inner\"><\/div>\n\t\t<\/div>\n\t\t\t\t<\/div>\n\t\t\t\t<\/div>\n\t\t\t\t\t<\/div>\n\t\t<\/div>\n\t\t\t\t\t<\/div>\n\t\t<\/section>\n\t\t\t\t<\/div>\n\t\t","protected":false},"excerpt":{"rendered":"<p>R\u00e8gles de visite pour le cin\u00e9ma 4DX R\u00e8gles de visite pour le Cin\u00e9ma 4DX (PDF) Pour une exp\u00e9rience agr\u00e9able et en toute s\u00e9curit\u00e9 du cin\u00e9ma 4DX, nous vous prions de lire attentivement et respecter nos consignes de s\u00e9curit\u00e9. En achetant votre billet 4DX, vous reconnaissez avoir pris connaissance de ces r\u00e8gles, les avoir comprises, et [&hellip;]<\/p>\n","protected":false},"author":3,"featured_media":0,"parent":0,"menu_order":0,"comment_status":"closed","ping_status":"closed","template":"template-parts\/template-page-untitled-canvas.php","meta":{"_acf_changed":false,"footnotes":""},"acf":[],"yoast_head":"<!-- This site is optimized with the Yoast SEO Premium plugin v20.11 (Yoast SEO v20.12) - https:\/\/yoast.com\/wordpress\/plugins\/seo\/ -->\r\n<title>S\u00e9curit\u00e9 en 4DX: Consignes \u00e0 suivre | blue cinema<\/title>\r\n<meta name=\"description\" content=\"Suivez nos conseils de s\u00e9curit\u00e9 chez blue Cinema pour une exp\u00e9rience cin\u00e9matographique s\u00fbre et agr\u00e9able pour tous les spectateurs.\" \/>\r\n<meta name=\"robots\" content=\"index, follow, max-snippet:-1, max-image-preview:large, max-video-preview:-1\" \/>\r\n<link rel=\"canonical\" href=\"https:\/\/wp-prod.bluecinema.ch\/fr\/sicherheitshinweise-fr\/\" \/>\r\n<meta property=\"og:locale\" content=\"fr_FR\" \/>\r\n<meta property=\"og:type\" content=\"article\" \/>\r\n<meta property=\"og:title\" content=\"S\u00e9curit\u00e9 en 4DX: Consignes \u00e0 suivre | blue cinema\" \/>\r\n<meta property=\"og:description\" content=\"Suivez nos conseils de s\u00e9curit\u00e9 chez blue Cinema pour une exp\u00e9rience cin\u00e9matographique s\u00fbre et agr\u00e9able pour tous les spectateurs.\" \/>\r\n<meta property=\"og:url\" content=\"https:\/\/wp-prod.bluecinema.ch\/fr\/sicherheitshinweise-fr\/\" \/>\r\n<meta property=\"og:site_name\" content=\"blue Cinema\" \/>\r\n<meta property=\"article:modified_time\" content=\"2024-02-20T15:39:40+00:00\" \/>\r\n<meta name=\"twitter:card\" content=\"summary_large_image\" \/>\r\n<meta name=\"twitter:label1\" content=\"Est. reading time\" \/>\n\t<meta name=\"twitter:data1\" content=\"3 minutes\" \/>\r\n<script type=\"application\/ld+json\" class=\"yoast-schema-graph\">{\"@context\":\"https:\/\/schema.org\",\"@graph\":[{\"@type\":\"WebPage\",\"@id\":\"https:\/\/wp-prod.bluecinema.ch\/fr\/sicherheitshinweise-fr\/\",\"url\":\"https:\/\/wp-prod.bluecinema.ch\/fr\/sicherheitshinweise-fr\/\",\"name\":\"S\u00e9curit\u00e9 en 4DX: Consignes \u00e0 suivre | blue cinema\",\"isPartOf\":{\"@id\":\"https:\/\/wp-prod.bluecinema.ch\/en\/#website\"},\"datePublished\":\"2022-06-21T14:34:26+00:00\",\"dateModified\":\"2024-02-20T15:39:40+00:00\",\"description\":\"Suivez nos conseils de s\u00e9curit\u00e9 chez blue Cinema pour une exp\u00e9rience cin\u00e9matographique s\u00fbre et agr\u00e9able pour tous les spectateurs.\",\"inLanguage\":\"fr-CH\",\"potentialAction\":[{\"@type\":\"ReadAction\",\"target\":[\"https:\/\/wp-prod.bluecinema.ch\/fr\/sicherheitshinweise-fr\/\"]}]},{\"@type\":\"WebSite\",\"@id\":\"https:\/\/wp-prod.bluecinema.ch\/en\/#website\",\"url\":\"https:\/\/wp-prod.bluecinema.ch\/en\/\",\"name\":\"blue Cinema\",\"description\":\"\",\"potentialAction\":[{\"@type\":\"SearchAction\",\"target\":{\"@type\":\"EntryPoint\",\"urlTemplate\":\"https:\/\/wp-prod.bluecinema.ch\/en\/?s={search_term_string}\"},\"query-input\":\"required name=search_term_string\"}],\"inLanguage\":\"fr-CH\"}]}<\/script>\r\n<!-- \/ Yoast SEO Premium plugin. -->","yoast_head_json":{"title":"S\u00e9curit\u00e9 en 4DX: Consignes \u00e0 suivre | blue cinema","description":"Suivez nos conseils de s\u00e9curit\u00e9 chez blue Cinema pour une exp\u00e9rience cin\u00e9matographique s\u00fbre et agr\u00e9able pour tous les spectateurs.","robots":{"index":"index","follow":"follow","max-snippet":"max-snippet:-1","max-image-preview":"max-image-preview:large","max-video-preview":"max-video-preview:-1"},"canonical":"https:\/\/wp-prod.bluecinema.ch\/fr\/sicherheitshinweise-fr\/","og_locale":"fr_FR","og_type":"article","og_title":"S\u00e9curit\u00e9 en 4DX: Consignes \u00e0 suivre | blue cinema","og_description":"Suivez nos conseils de s\u00e9curit\u00e9 chez blue Cinema pour une exp\u00e9rience cin\u00e9matographique s\u00fbre et agr\u00e9able pour tous les spectateurs.","og_url":"https:\/\/wp-prod.bluecinema.ch\/fr\/sicherheitshinweise-fr\/","og_site_name":"blue Cinema","article_modified_time":"2024-02-20T15:39:40+00:00","twitter_card":"summary_large_image","twitter_misc":{"Est. reading time":"3 minutes"},"schema":{"@context":"https:\/\/schema.org","@graph":[{"@type":"WebPage","@id":"https:\/\/wp-prod.bluecinema.ch\/fr\/sicherheitshinweise-fr\/","url":"https:\/\/wp-prod.bluecinema.ch\/fr\/sicherheitshinweise-fr\/","name":"S\u00e9curit\u00e9 en 4DX: Consignes \u00e0 suivre | blue cinema","isPartOf":{"@id":"https:\/\/wp-prod.bluecinema.ch\/en\/#website"},"datePublished":"2022-06-21T14:34:26+00:00","dateModified":"2024-02-20T15:39:40+00:00","description":"Suivez nos conseils de s\u00e9curit\u00e9 chez blue Cinema pour une exp\u00e9rience cin\u00e9matographique s\u00fbre et agr\u00e9able pour tous les spectateurs.","inLanguage":"fr-CH","potentialAction":[{"@type":"ReadAction","target":["https:\/\/wp-prod.bluecinema.ch\/fr\/sicherheitshinweise-fr\/"]}]},{"@type":"WebSite","@id":"https:\/\/wp-prod.bluecinema.ch\/en\/#website","url":"https:\/\/wp-prod.bluecinema.ch\/en\/","name":"blue Cinema","description":"","potentialAction":[{"@type":"SearchAction","target":{"@type":"EntryPoint","urlTemplate":"https:\/\/wp-prod.bluecinema.ch\/en\/?s={search_term_string}"},"query-input":"required name=search_term_string"}],"inLanguage":"fr-CH"}]}},"_links":{"self":[{"href":"https:\/\/wp-prod.bluecinema.ch\/fr\/wp-json\/wp\/v2\/pages\/16708"}],"collection":[{"href":"https:\/\/wp-prod.bluecinema.ch\/fr\/wp-json\/wp\/v2\/pages"}],"about":[{"href":"https:\/\/wp-prod.bluecinema.ch\/fr\/wp-json\/wp\/v2\/types\/page"}],"author":[{"embeddable":true,"href":"https:\/\/wp-prod.bluecinema.ch\/fr\/wp-json\/wp\/v2\/users\/3"}],"replies":[{"embeddable":true,"href":"https:\/\/wp-prod.bluecinema.ch\/fr\/wp-json\/wp\/v2\/comments?post=16708"}],"version-history":[{"count":3,"href":"https:\/\/wp-prod.bluecinema.ch\/fr\/wp-json\/wp\/v2\/pages\/16708\/revisions"}],"predecessor-version":[{"id":37508,"href":"https:\/\/wp-prod.bluecinema.ch\/fr\/wp-json\/wp\/v2\/pages\/16708\/revisions\/37508"}],"wp:attachment":[{"href":"https:\/\/wp-prod.bluecinema.ch\/fr\/wp-json\/wp\/v2\/media?parent=16708"}],"curies":[{"name":"wp","href":"https:\/\/api.w.org\/{rel}","templated":true}]}}