{"id":3880,"date":"2021-02-15T10:41:37","date_gmt":"2021-02-15T10:41:37","guid":{"rendered":"https:\/\/wp-prod.bluecinema.ch\/daily-program\/"},"modified":"2024-12-03T02:30:49","modified_gmt":"2024-12-03T02:30:49","slug":"daily-program","status":"publish","type":"page","link":"https:\/\/wp-prod.bluecinema.ch\/fr\/daily-program\/","title":{"rendered":"Programme quotidien"},"content":{"rendered":"\t\t<div data-elementor-type=\"wp-page\" data-elementor-id=\"3880\" class=\"elementor elementor-3880 elementor-15\" data-elementor-post-type=\"page\">\n\t\t\t\t\t\t<section class=\"elementor-section elementor-top-section elementor-element elementor-element-025f062 elementor-section-full_width elementor-section-height-default elementor-section-height-default\" data-id=\"025f062\" data-element_type=\"section\" data-settings=\"{&quot;background_background&quot;:&quot;classic&quot;}\">\n\t\t\t\t\t\t<div class=\"elementor-container elementor-column-gap-default\">\n\t\t\t\t\t<div class=\"elementor-column elementor-col-100 elementor-top-column elementor-element elementor-element-6ab0bd8\" data-id=\"6ab0bd8\" data-element_type=\"column\">\n\t\t\t<div class=\"elementor-widget-wrap elementor-element-populated\">\n\t\t\t\t\t\t<div class=\"elementor-element elementor-element-fc58652 elementor-widget elementor-widget-text-editor\" data-id=\"fc58652\" data-element_type=\"widget\" data-widget_type=\"text-editor.default\">\n\t\t\t\t<div class=\"elementor-widget-container\">\n\t\t\t\t\t\t\t<h1>Programme de la journ\u00e9e<\/h1>\t\t\t\t\t\t<\/div>\n\t\t\t\t<\/div>\n\t\t\t\t\t<\/div>\n\t\t<\/div>\n\t\t\t\t\t<\/div>\n\t\t<\/section>\n\t\t\t\t<section class=\"elementor-section elementor-top-section elementor-element elementor-element-eff3274 elementor-section-full_width elementor-section-height-default elementor-section-height-default\" data-id=\"eff3274\" data-element_type=\"section\" data-settings=\"{&quot;background_background&quot;:&quot;classic&quot;,&quot;sticky&quot;:&quot;top&quot;,&quot;sticky_on&quot;:[&quot;desktop&quot;,&quot;tablet&quot;,&quot;mobile&quot;],&quot;sticky_offset&quot;:0,&quot;sticky_effects_offset&quot;:0}\">\n\t\t\t\t\t\t<div class=\"elementor-container elementor-column-gap-default\">\n\t\t\t\t\t<div class=\"elementor-column elementor-col-100 elementor-top-column elementor-element elementor-element-c8bc039\" data-id=\"c8bc039\" data-element_type=\"column\" data-settings=\"{&quot;background_background&quot;:&quot;classic&quot;,&quot;background_motion_fx_motion_fx_scrolling&quot;:&quot;yes&quot;,&quot;background_motion_fx_opacity_effect&quot;:&quot;yes&quot;,&quot;background_motion_fx_opacity_range&quot;:{&quot;unit&quot;:&quot;%&quot;,&quot;size&quot;:&quot;&quot;,&quot;sizes&quot;:{&quot;start&quot;:1,&quot;end&quot;:2}},&quot;background_motion_fx_opacity_direction&quot;:&quot;out-in&quot;,&quot;background_motion_fx_opacity_level&quot;:{&quot;unit&quot;:&quot;px&quot;,&quot;size&quot;:10,&quot;sizes&quot;:[]},&quot;background_motion_fx_devices&quot;:[&quot;desktop&quot;,&quot;tablet&quot;,&quot;mobile&quot;]}\">\n\t\t\t<div class=\"elementor-widget-wrap elementor-element-populated\">\n\t\t\t\t\t\t<div class=\"elementor-element elementor-element-db0f1df elementor-widget elementor-widget-html\" data-id=\"db0f1df\" data-element_type=\"widget\" data-widget_type=\"html.default\">\n\t\t\t\t<div class=\"elementor-widget-container\">\n\t\t\t<style>\n .button-container {\n   text-align: left; \/* \u00c4nderung f\u00fcr die linksb\u00fcndige Ausrichtung *\/\n   \n }\n .btn {\n   display: inline-block;\n   padding: 4px 24px; \/* Etwas kleineres Padding *\/\n   margin: 4px; \/* Kleinerer Margin *\/\n   border: 1px solid transparent;\n   border-radius: 3px;\n   transition: background-color 0.3s, border-color 0.3s, color 0.3s;\n   text-decoration: none;\n   color: inherit;\n   font-size: 16px; \/* Angepasste Schriftgr\u00f6\u00dfe *\/\n }\n .btn:hover {\n   background-color: #0A71E9;\n   color: white;\n      border-color: #0A71E9;\n }\n .btn-blue {\n   background-color: #0A71E9;\n   color: white;\n   border-color: #0A71E9;\n }\n .btn-outline {\n   border-color: white;\n }\n @media (max-width: 600px) {\n   .btn {\n     padding: 2px 12px; \/* Noch kleineres Padding f\u00fcr Mobilger\u00e4te *\/\n     font-size: 14px; \/* Kleinere Schriftgr\u00f6\u00dfe f\u00fcr Mobilger\u00e4te *\/\n   }\n }\n<\/style>\n<div class=\"button-container\">\n<a href=\"https:\/\/wp-prod.bluecinema.ch\/fr\/daily-program\/\"style=\"color: white\" class=\"btn btn-blue\">Aujourd\u2019hui<\/a>\n<a href=\"https:\/\/wp-prod.bluecinema.ch\/fr\/programme-de-la-semaine\/\"style=\"color: white\"  class=\"btn btn-outline\">Cette semaine<\/a>\n<a href=\"https:\/\/wp-prod.bluecinema.ch\/fr\/coming-soon\/\" class=\"btn btn-outline\"style=\"color: white\" >Prochainement<\/a>\n<\/div>\t\t<\/div>\n\t\t\t\t<\/div>\n\t\t\t\t\t<\/div>\n\t\t<\/div>\n\t\t\t\t\t<\/div>\n\t\t<\/section>\n\t\t\t\t<section class=\"elementor-section elementor-top-section elementor-element elementor-element-793ba9a1 elementor-section-full_width elementor-section-height-default elementor-section-height-default\" data-id=\"793ba9a1\" data-element_type=\"section\">\n\t\t\t\t\t\t<div class=\"elementor-container elementor-column-gap-default\">\n\t\t\t\t\t<div class=\"elementor-column elementor-col-100 elementor-top-column elementor-element elementor-element-4d6da02d\" data-id=\"4d6da02d\" data-element_type=\"column\">\n\t\t\t<div class=\"elementor-widget-wrap elementor-element-populated\">\n\t\t\t\t\t\t<div class=\"elementor-element elementor-element-5cba478 elementor-widget elementor-widget-daily-program\" data-id=\"5cba478\" data-element_type=\"widget\" data-widget_type=\"daily-program.default\">\n\t\t\t\t<div class=\"elementor-widget-container\">\n\t\t\t<pc-size-detector><\/pc-size-detector><daily-program class=\"loading-component\" categories=\"\" shuffle=\"prepend\" options='{\"showFilters\": true, \"showScreenFeature\": true, \"showAgeRating\": true, \"showAgeRatingAsIcon\": false, \"showDescription\": false, \"showCast\": false, \"showDuration\": false, \"multipleDays\": false, \"multipleDaysQuantity\": 0, \"showMultipleDaysDateRange\": false, \"showTags\": false, \"tagsToShow\": [], \"filterOptions\": {\"showDatePanel\": true,\"showDateNavigation\": true,\"showMoreFilters\": true,\"showQuickFilters\": true,\"showLanguages\": true,\"showCinemas\": true,\"showGenres\": true,\"defaultCinemas\": [],\"defaultGenres\": [],\"availableQuickFilters\": [],\"defaultQuickFilters\": [],\"quickFiltersMode\": \"sum\",\"dynamicQuickFilters\": false,\"defaultTagGroups\": [],\"defaultTags\": [],\"availableTagGroups\": [],\"content\": \"all\",\"isTimeRange\": false,\"timeFrom\": \"\",\"timeTo\": \"\"},\"layout\":{\"mobile\":\"col2\",\"tablet\":\"col2\",\"desktop\":\"col2\"},\"groupingOrder\": [],\"screeningsGroupingLayout\": \"standard\", \"cardOptions\": {\"direction\": \"row\", \"imageToDisplay\": \"first\"}}'><\/daily-program>\t\t<\/div>\n\t\t\t\t<\/div>\n\t\t\t\t\t<\/div>\n\t\t<\/div>\n\t\t\t\t\t<\/div>\n\t\t<\/section>\n\t\t\t\t<section class=\"elementor-section elementor-top-section elementor-element elementor-element-e6812fb elementor-section-boxed elementor-section-height-default elementor-section-height-default\" data-id=\"e6812fb\" data-element_type=\"section\">\n\t\t\t\t\t\t<div class=\"elementor-container elementor-column-gap-default\">\n\t\t\t\t\t<div class=\"elementor-column elementor-col-100 elementor-top-column elementor-element elementor-element-e9a087e\" data-id=\"e9a087e\" data-element_type=\"column\">\n\t\t\t<div class=\"elementor-widget-wrap elementor-element-populated\">\n\t\t\t\t\t\t<div class=\"elementor-element elementor-element-93cb9d3 elementor-widget elementor-widget-html\" data-id=\"93cb9d3\" data-element_type=\"widget\" data-widget_type=\"html.default\">\n\t\t\t\t<div class=\"elementor-widget-container\">\n\t\t\t<script data-cfasync=\"false\">\n(function(W,i,s,e,P,o,p){W['WisePopsObject']=P;W[P]=W[P]||function(){(W[P].q=W[P].q||[]).push(arguments)},W[P].l=1*new Date();o=i.createElement(s),p=i.getElementsByTagName(s)[0];o.defer=1;o.src=e;p.parentNode.insertBefore(o,p)})(window,document,'script','\/\/loader.wisepops.com\/get-loader.js?v=1&site=E39Jw7vRAX','wisepops');\n<\/script>\t\t<\/div>\n\t\t\t\t<\/div>\n\t\t\t\t\t<\/div>\n\t\t<\/div>\n\t\t\t\t\t<\/div>\n\t\t<\/section>\n\t\t\t\t<\/div>\n\t\t","protected":false},"excerpt":{"rendered":"<p>Programme de la journ\u00e9e Aujourd\u2019hui Cette semaine Prochainement<\/p>\n","protected":false},"author":1,"featured_media":0,"parent":0,"menu_order":0,"comment_status":"closed","ping_status":"closed","template":"template-parts\/template-page-untitled-full.php","meta":{"_acf_changed":false,"footnotes":""},"acf":[],"yoast_head":"<!-- This site is optimized with the Yoast SEO Premium plugin v20.11 (Yoast SEO v20.12) - https:\/\/yoast.com\/wordpress\/plugins\/seo\/ -->\r\n<title>Le programme de cin\u00e9ma du jour | blue Cinema<\/title>\r\n<meta name=\"description\" content=\"Le programme de cin\u00e9ma actuel dans ton cin\u00e9ma blue Cinema. Action, drame, com\u00e9die et film d&#039;amour t&#039;attendent. Achetez vos billets en ligne d\u00e8s maintenant!\" \/>\r\n<meta name=\"robots\" content=\"index, follow, max-snippet:-1, max-image-preview:large, max-video-preview:-1\" \/>\r\n<link rel=\"canonical\" href=\"https:\/\/wp-prod.bluecinema.ch\/de\/daily-program\/\" \/>\r\n<meta property=\"og:locale\" content=\"fr_FR\" \/>\r\n<meta property=\"og:type\" content=\"article\" \/>\r\n<meta property=\"og:title\" content=\"Le programme de cin\u00e9ma du jour | blue Cinema\" \/>\r\n<meta property=\"og:description\" content=\"Le programme de cin\u00e9ma actuel dans ton cin\u00e9ma blue Cinema. Action, drame, com\u00e9die et film d&#039;amour t&#039;attendent. Achetez vos billets en ligne d\u00e8s maintenant!\" \/>\r\n<meta property=\"og:url\" content=\"https:\/\/wp-prod.bluecinema.ch\/de\/daily-program\/\" \/>\r\n<meta property=\"og:site_name\" content=\"blue Cinema\" \/>\r\n<meta property=\"article:modified_time\" content=\"2024-12-03T02:30:49+00:00\" \/>\r\n<meta name=\"twitter:card\" content=\"summary_large_image\" \/>\r\n<meta name=\"twitter:label1\" content=\"Est. reading time\" \/>\n\t<meta name=\"twitter:data1\" content=\"1 minute\" \/>\r\n<script type=\"application\/ld+json\" class=\"yoast-schema-graph\">{\"@context\":\"https:\/\/schema.org\",\"@graph\":[{\"@type\":\"WebPage\",\"@id\":\"https:\/\/wp-prod.bluecinema.ch\/de\/daily-program\/\",\"url\":\"https:\/\/wp-prod.bluecinema.ch\/de\/daily-program\/\",\"name\":\"Le programme de cin\u00e9ma du jour | blue Cinema\",\"isPartOf\":{\"@id\":\"https:\/\/wp-prod.bluecinema.ch\/en\/#website\"},\"datePublished\":\"2021-02-15T10:41:37+00:00\",\"dateModified\":\"2024-12-03T02:30:49+00:00\",\"description\":\"Le programme de cin\u00e9ma actuel dans ton cin\u00e9ma blue Cinema. Action, drame, com\u00e9die et film d'amour t'attendent. Achetez vos billets en ligne d\u00e8s maintenant!\",\"inLanguage\":\"fr-CH\",\"potentialAction\":[{\"@type\":\"ReadAction\",\"target\":[\"https:\/\/wp-prod.bluecinema.ch\/de\/daily-program\/\"]}]},{\"@type\":\"WebSite\",\"@id\":\"https:\/\/wp-prod.bluecinema.ch\/en\/#website\",\"url\":\"https:\/\/wp-prod.bluecinema.ch\/en\/\",\"name\":\"blue Cinema\",\"description\":\"\",\"potentialAction\":[{\"@type\":\"SearchAction\",\"target\":{\"@type\":\"EntryPoint\",\"urlTemplate\":\"https:\/\/wp-prod.bluecinema.ch\/en\/?s={search_term_string}\"},\"query-input\":\"required name=search_term_string\"}],\"inLanguage\":\"fr-CH\"}]}<\/script>\r\n<!-- \/ Yoast SEO Premium plugin. -->","yoast_head_json":{"title":"Le programme de cin\u00e9ma du jour | blue Cinema","description":"Le programme de cin\u00e9ma actuel dans ton cin\u00e9ma blue Cinema. Action, drame, com\u00e9die et film d'amour t'attendent. Achetez vos billets en ligne d\u00e8s maintenant!","robots":{"index":"index","follow":"follow","max-snippet":"max-snippet:-1","max-image-preview":"max-image-preview:large","max-video-preview":"max-video-preview:-1"},"canonical":"https:\/\/wp-prod.bluecinema.ch\/de\/daily-program\/","og_locale":"fr_FR","og_type":"article","og_title":"Le programme de cin\u00e9ma du jour | blue Cinema","og_description":"Le programme de cin\u00e9ma actuel dans ton cin\u00e9ma blue Cinema. Action, drame, com\u00e9die et film d'amour t'attendent. Achetez vos billets en ligne d\u00e8s maintenant!","og_url":"https:\/\/wp-prod.bluecinema.ch\/de\/daily-program\/","og_site_name":"blue Cinema","article_modified_time":"2024-12-03T02:30:49+00:00","twitter_card":"summary_large_image","twitter_misc":{"Est. reading time":"1 minute"},"schema":{"@context":"https:\/\/schema.org","@graph":[{"@type":"WebPage","@id":"https:\/\/wp-prod.bluecinema.ch\/de\/daily-program\/","url":"https:\/\/wp-prod.bluecinema.ch\/de\/daily-program\/","name":"Le programme de cin\u00e9ma du jour | blue Cinema","isPartOf":{"@id":"https:\/\/wp-prod.bluecinema.ch\/en\/#website"},"datePublished":"2021-02-15T10:41:37+00:00","dateModified":"2024-12-03T02:30:49+00:00","description":"Le programme de cin\u00e9ma actuel dans ton cin\u00e9ma blue Cinema. Action, drame, com\u00e9die et film d'amour t'attendent. Achetez vos billets en ligne d\u00e8s maintenant!","inLanguage":"fr-CH","potentialAction":[{"@type":"ReadAction","target":["https:\/\/wp-prod.bluecinema.ch\/de\/daily-program\/"]}]},{"@type":"WebSite","@id":"https:\/\/wp-prod.bluecinema.ch\/en\/#website","url":"https:\/\/wp-prod.bluecinema.ch\/en\/","name":"blue Cinema","description":"","potentialAction":[{"@type":"SearchAction","target":{"@type":"EntryPoint","urlTemplate":"https:\/\/wp-prod.bluecinema.ch\/en\/?s={search_term_string}"},"query-input":"required name=search_term_string"}],"inLanguage":"fr-CH"}]}},"_links":{"self":[{"href":"https:\/\/wp-prod.bluecinema.ch\/fr\/wp-json\/wp\/v2\/pages\/3880"}],"collection":[{"href":"https:\/\/wp-prod.bluecinema.ch\/fr\/wp-json\/wp\/v2\/pages"}],"about":[{"href":"https:\/\/wp-prod.bluecinema.ch\/fr\/wp-json\/wp\/v2\/types\/page"}],"author":[{"embeddable":true,"href":"https:\/\/wp-prod.bluecinema.ch\/fr\/wp-json\/wp\/v2\/users\/1"}],"replies":[{"embeddable":true,"href":"https:\/\/wp-prod.bluecinema.ch\/fr\/wp-json\/wp\/v2\/comments?post=3880"}],"version-history":[{"count":9,"href":"https:\/\/wp-prod.bluecinema.ch\/fr\/wp-json\/wp\/v2\/pages\/3880\/revisions"}],"predecessor-version":[{"id":59925,"href":"https:\/\/wp-prod.bluecinema.ch\/fr\/wp-json\/wp\/v2\/pages\/3880\/revisions\/59925"}],"wp:attachment":[{"href":"https:\/\/wp-prod.bluecinema.ch\/fr\/wp-json\/wp\/v2\/media?parent=3880"}],"curies":[{"name":"wp","href":"https:\/\/api.w.org\/{rel}","templated":true}]}}