{"id":41539,"date":"2024-01-26T15:30:29","date_gmt":"2024-01-26T15:30:29","guid":{"rendered":"https:\/\/wp-prod.bluecinema.ch\/emplois-chez-blue-cinema\/"},"modified":"2024-02-27T09:12:38","modified_gmt":"2024-02-27T09:12:38","slug":"emplois-chez-blue-cinema","status":"publish","type":"page","link":"https:\/\/wp-prod.bluecinema.ch\/fr\/emplois-chez-blue-cinema\/","title":{"rendered":"Emplois chez blue Cinema"},"content":{"rendered":"\t\t<div data-elementor-type=\"wp-page\" data-elementor-id=\"41539\" class=\"elementor elementor-41539 elementor-19231\" data-elementor-post-type=\"page\">\n\t\t\t\t\t\t<section class=\"elementor-section elementor-top-section elementor-element elementor-element-054d194 elementor-section-height-min-height elementor-section-items-stretch elementor-section-stretched elementor-section-content-middle elementor-reverse-mobile elementor-section-boxed elementor-section-height-default\" data-id=\"054d194\" data-element_type=\"section\" data-settings=\"{&quot;stretch_section&quot;:&quot;section-stretched&quot;,&quot;background_background&quot;:&quot;classic&quot;}\">\n\t\t\t\t\t\t\t<div class=\"elementor-background-overlay\"><\/div>\n\t\t\t\t\t\t\t<div class=\"elementor-container elementor-column-gap-no\">\n\t\t\t\t\t<div class=\"elementor-column elementor-col-100 elementor-top-column elementor-element elementor-element-0a58bfc\" data-id=\"0a58bfc\" data-element_type=\"column\">\n\t\t\t<div class=\"elementor-widget-wrap elementor-element-populated\">\n\t\t\t\t\t\t<div class=\"elementor-element elementor-element-d19c37b elementor-widget__width-initial elementor-widget elementor-widget-image\" data-id=\"d19c37b\" data-element_type=\"widget\" data-widget_type=\"image.default\">\n\t\t\t\t<div class=\"elementor-widget-container\">\n\t\t\t\t\t\t\t\t\t\t\t\t\t<img fetchpriority=\"high\" decoding=\"async\" width=\"2080\" height=\"800\" src=\"https:\/\/wp-prod.bluecinema.ch\/app\/uploads\/2024\/02\/Kinomitarbeiter_Daumen_Hoch-2.png\" class=\"attachment-full size-full wp-image-42942\" alt=\"Deux employ\u00e9s du blue cinema donnent un signe positif avec les pouces lev\u00e9s.\" srcset=\"https:\/\/wp-prod.bluecinema.ch\/app\/uploads\/2024\/02\/Kinomitarbeiter_Daumen_Hoch-2.png 2080w, https:\/\/wp-prod.bluecinema.ch\/app\/uploads\/2024\/02\/Kinomitarbeiter_Daumen_Hoch-2-300x115.png 300w, https:\/\/wp-prod.bluecinema.ch\/app\/uploads\/2024\/02\/Kinomitarbeiter_Daumen_Hoch-2-1024x394.png 1024w, https:\/\/wp-prod.bluecinema.ch\/app\/uploads\/2024\/02\/Kinomitarbeiter_Daumen_Hoch-2-768x295.png 768w, https:\/\/wp-prod.bluecinema.ch\/app\/uploads\/2024\/02\/Kinomitarbeiter_Daumen_Hoch-2-1536x591.png 1536w, https:\/\/wp-prod.bluecinema.ch\/app\/uploads\/2024\/02\/Kinomitarbeiter_Daumen_Hoch-2-2048x788.png 2048w, https:\/\/wp-prod.bluecinema.ch\/app\/uploads\/2024\/02\/Kinomitarbeiter_Daumen_Hoch-2-460x177.png 460w, https:\/\/wp-prod.bluecinema.ch\/app\/uploads\/2024\/02\/Kinomitarbeiter_Daumen_Hoch-2-1664x640.png 1664w\" sizes=\"(max-width: 2080px) 100vw, 2080px\" \/>\t\t\t\t\t\t\t\t\t\t\t\t\t<\/div>\n\t\t\t\t<\/div>\n\t\t\t\t\t<\/div>\n\t\t<\/div>\n\t\t\t\t\t<\/div>\n\t\t<\/section>\n\t\t\t\t<section class=\"elementor-section elementor-top-section elementor-element elementor-element-27b75cf elementor-section-boxed elementor-section-height-default elementor-section-height-default\" data-id=\"27b75cf\" data-element_type=\"section\">\n\t\t\t\t\t\t<div class=\"elementor-container elementor-column-gap-default\">\n\t\t\t\t\t<div class=\"elementor-column elementor-col-100 elementor-top-column elementor-element elementor-element-6703051\" data-id=\"6703051\" data-element_type=\"column\">\n\t\t\t<div class=\"elementor-widget-wrap elementor-element-populated\">\n\t\t\t\t\t\t<div class=\"elementor-element elementor-element-6133f04 elementor-widget__width-inherit elementor-widget elementor-widget-text-editor\" data-id=\"6133f04\" data-element_type=\"widget\" data-widget_type=\"text-editor.default\">\n\t\t\t\t<div class=\"elementor-widget-container\">\n\t\t\t\t\t\t\t<h1 style=\"text-align: center;\">Emplois chez blue Cinema<\/h1><h4 style=\"text-align: center;\">Nous te cherchons<\/h4>\t\t\t\t\t\t<\/div>\n\t\t\t\t<\/div>\n\t\t\t\t<div class=\"elementor-element elementor-element-4260908 elementor-widget elementor-widget-text-editor\" data-id=\"4260908\" data-element_type=\"widget\" data-widget_type=\"text-editor.default\">\n\t\t\t\t<div class=\"elementor-widget-container\">\n\t\t\t\t\t\t\t<h3 style=\"text-align: center;\">Tu es un fan de cin\u00e9ma ?<\/h3><h5 style=\"text-align: center;\">Alors tu es au bon endroit dans le monde du cin\u00e9ma chez blue Cinema. Chaque jour, tu es proche des gens qui vont au cin\u00e9ma &#8211; et des meilleurs films. Notre objectif est d&#8217;offrir aux spectateurs un service de qualit\u00e9.<\/h5><h5 style=\"text-align: center;\">Nos \u00e9quipes dans les salles de cin\u00e9ma et les technologies les plus r\u00e9centes garantissent des exp\u00e9riences cin\u00e9matographiques exceptionnelles. Et tu peux rendre cela possible en faisant partie de notre \u00e9quipe. Nous t&#8217;offrons un travail vari\u00e9 et de bonnes possibilit\u00e9s de d\u00e9veloppement.<\/h5>\t\t\t\t\t\t<\/div>\n\t\t\t\t<\/div>\n\t\t\t\t<div class=\"elementor-element elementor-element-daa290d elementor-align-left elementor-widget__width-auto elementor-mobile-align-justify elementor-widget-mobile__width-inherit elementor-widget elementor-widget-button\" data-id=\"daa290d\" data-element_type=\"widget\" data-widget_type=\"button.default\">\n\t\t\t\t<div class=\"elementor-widget-container\">\n\t\t\t\t\t<div class=\"elementor-button-wrapper\">\n\t\t\t<a class=\"elementor-button elementor-button-link elementor-size-sm\" href=\"https:\/\/www.blueplus.ch\/de\/jobs\">\n\t\t\t\t\t\t<span class=\"elementor-button-content-wrapper\">\n\t\t\t\t\t\t\t\t\t<span class=\"elementor-button-text\">Vers les postes vacants<\/span>\n\t\t\t\t\t<\/span>\n\t\t\t\t\t<\/a>\n\t\t<\/div>\n\t\t\t\t<\/div>\n\t\t\t\t<\/div>\n\t\t\t\t\t<\/div>\n\t\t<\/div>\n\t\t\t\t\t<\/div>\n\t\t<\/section>\n\t\t\t\t<section class=\"elementor-section elementor-top-section elementor-element elementor-element-c1b6cc8 elementor-section-boxed elementor-section-height-default elementor-section-height-default\" data-id=\"c1b6cc8\" data-element_type=\"section\">\n\t\t\t\t\t\t<div class=\"elementor-container elementor-column-gap-default\">\n\t\t\t\t\t<div class=\"elementor-column elementor-col-100 elementor-top-column elementor-element elementor-element-59dd35b\" data-id=\"59dd35b\" data-element_type=\"column\">\n\t\t\t<div class=\"elementor-widget-wrap elementor-element-populated\">\n\t\t\t\t\t\t<div class=\"elementor-element elementor-element-e72eeaf elementor-widget-divider--view-line elementor-widget elementor-widget-divider\" data-id=\"e72eeaf\" data-element_type=\"widget\" data-widget_type=\"divider.default\">\n\t\t\t\t<div class=\"elementor-widget-container\">\n\t\t\t\t\t<div class=\"elementor-divider\">\n\t\t\t<span class=\"elementor-divider-separator\">\n\t\t\t\t\t\t<\/span>\n\t\t<\/div>\n\t\t\t\t<\/div>\n\t\t\t\t<\/div>\n\t\t\t\t<div class=\"elementor-element elementor-element-54e45fd elementor-widget elementor-widget-text-editor\" data-id=\"54e45fd\" data-element_type=\"widget\" data-widget_type=\"text-editor.default\">\n\t\t\t\t<div class=\"elementor-widget-container\">\n\t\t\t\t\t\t\t<p>Ce qui t&#8217;attend chez nous en tant que polyvalent* et dans le domaine du bar et du bowling<\/p>\t\t\t\t\t\t<\/div>\n\t\t\t\t<\/div>\n\t\t\t\t\t<\/div>\n\t\t<\/div>\n\t\t\t\t\t<\/div>\n\t\t<\/section>\n\t\t\t\t<section class=\"elementor-section elementor-top-section elementor-element elementor-element-702455c elementor-section-boxed elementor-section-height-default elementor-section-height-default\" data-id=\"702455c\" data-element_type=\"section\" data-settings=\"{&quot;background_background&quot;:&quot;classic&quot;}\">\n\t\t\t\t\t\t<div class=\"elementor-container elementor-column-gap-default\">\n\t\t\t\t\t<div class=\"elementor-column elementor-col-50 elementor-top-column elementor-element elementor-element-5008d1e\" data-id=\"5008d1e\" data-element_type=\"column\">\n\t\t\t<div class=\"elementor-widget-wrap elementor-element-populated\">\n\t\t\t\t\t\t<div class=\"elementor-element elementor-element-c42d2e7 elementor-widget__width-auto elementor-widget elementor-widget-image\" data-id=\"c42d2e7\" data-element_type=\"widget\" data-widget_type=\"image.default\">\n\t\t\t\t<div class=\"elementor-widget-container\">\n\t\t\t\t\t\t\t\t\t\t\t\t\t<img decoding=\"async\" width=\"1000\" height=\"1000\" src=\"https:\/\/wp-prod.bluecinema.ch\/app\/uploads\/2024\/02\/Kinomitarbeiter_Popcorn-2.jpg\" class=\"attachment-full size-full wp-image-42960\" alt=\"Un employ\u00e9 souriant du blue cinema tient un plateau avec du popcorn.\" srcset=\"https:\/\/wp-prod.bluecinema.ch\/app\/uploads\/2024\/02\/Kinomitarbeiter_Popcorn-2.jpg 1000w, https:\/\/wp-prod.bluecinema.ch\/app\/uploads\/2024\/02\/Kinomitarbeiter_Popcorn-2-300x300.jpg 300w, https:\/\/wp-prod.bluecinema.ch\/app\/uploads\/2024\/02\/Kinomitarbeiter_Popcorn-2-150x150.jpg 150w, https:\/\/wp-prod.bluecinema.ch\/app\/uploads\/2024\/02\/Kinomitarbeiter_Popcorn-2-768x768.jpg 768w, https:\/\/wp-prod.bluecinema.ch\/app\/uploads\/2024\/02\/Kinomitarbeiter_Popcorn-2-460x460.jpg 460w, https:\/\/wp-prod.bluecinema.ch\/app\/uploads\/2024\/02\/Kinomitarbeiter_Popcorn-2-640x640.jpg 640w\" sizes=\"(max-width: 1000px) 100vw, 1000px\" \/>\t\t\t\t\t\t\t\t\t\t\t\t\t<\/div>\n\t\t\t\t<\/div>\n\t\t\t\t\t<\/div>\n\t\t<\/div>\n\t\t\t\t<div class=\"elementor-column elementor-col-50 elementor-top-column elementor-element elementor-element-17a4629\" data-id=\"17a4629\" data-element_type=\"column\">\n\t\t\t<div class=\"elementor-widget-wrap elementor-element-populated\">\n\t\t\t\t\t\t<div class=\"elementor-element elementor-element-393a1b7 elementor-widget elementor-widget-text-editor\" data-id=\"393a1b7\" data-element_type=\"widget\" data-widget_type=\"text-editor.default\">\n\t\t\t\t<div class=\"elementor-widget-container\">\n\t\t\t\t\t\t\t<h2><span style=\"color: #ffffff; letter-spacing: -0.6px;\">Allrounder <\/span><\/h2><p style=\"color: #d6d6d6; font-weight: var( --e-global-typography-de51592-font-weight ); line-height: var( --e-global-typography-de51592-line-height ); font-size: var( --e-global-typography-de51592-font-size ); letter-spacing: var( --e-global-typography-de51592-letter-spacing );\"><span style=\"color: #999999;\">Action, suspense et plaisir ? Un nouveau blockbuster ? Ce qui ressemble \u00e0 un film de cin\u00e9ma est en fait une journ\u00e9e tout \u00e0 fait normale dans ton activit\u00e9 de polyvalent* dans nos cin\u00e9mas blue Cinema. <\/span><\/p>\t\t\t\t\t\t<\/div>\n\t\t\t\t<\/div>\n\t\t\t\t<div class=\"elementor-element elementor-element-0962065 elementor-widget elementor-widget-text-editor\" data-id=\"0962065\" data-element_type=\"widget\" data-widget_type=\"text-editor.default\">\n\t\t\t\t<div class=\"elementor-widget-container\">\n\t\t\t\t\t\t\t<h3><span style=\"color: #ffffff;\"><span style=\"font-size: 18px; letter-spacing: -0.1px;\">Voici tes activit\u00e9s<\/span><\/span><\/h3><p style=\"font-weight: var( --e-global-typography-de51592-font-weight ); line-height: var( --e-global-typography-de51592-line-height ); font-size: var( --e-global-typography-de51592-font-size ); letter-spacing: var( --e-global-typography-de51592-letter-spacing ); font-family: TheSans, TheSans; word-spacing: 0px;\"><span style=\"color: #999999; font-size: var( --e-global-typography-de51592-font-size ); font-weight: var( --e-global-typography-de51592-font-weight ); letter-spacing: var( --e-global-typography-de51592-letter-spacing ); font-style: var( --e-global-typography-6d7606e-font-style ); text-transform: var( --e-global-typography-6d7606e-text-transform );\">Tu conseilles nos clients de mani\u00e8re comp\u00e9tente sur toutes les questions relatives au cin\u00e9ma et tu leur vends des billets, des abonnements blue Cinema Club, du bowling, des bons et des articles de kiosque via notre syst\u00e8me de caisse moderne. <\/span><\/p><p style=\"font-weight: var( --e-global-typography-de51592-font-weight ); line-height: var( --e-global-typography-de51592-line-height ); font-size: var( --e-global-typography-de51592-font-size ); letter-spacing: var( --e-global-typography-de51592-letter-spacing ); font-family: TheSans, TheSans; word-spacing: 0px;\"><span style=\"color: #999999;\">A l&#8217;entr\u00e9e de la salle, tu contr\u00f4les les billets des visiteurs et les diriges vers leurs places. <\/span><span style=\"color: #999999; font-size: var( --e-global-typography-de51592-font-size ); font-style: var( --e-global-typography-6d7606e-font-style ); font-weight: var( --e-global-typography-de51592-font-weight ); letter-spacing: var( --e-global-typography-de51592-letter-spacing ); text-transform: var( --e-global-typography-6d7606e-text-transform );\">Entre les repr\u00e9sentations, tu veilles \u00e0 ce que les prochains visiteurs trouvent un foyer et des salles de cin\u00e9ma propres. <\/span><\/p>\t\t\t\t\t\t<\/div>\n\t\t\t\t<\/div>\n\t\t\t\t\t<\/div>\n\t\t<\/div>\n\t\t\t\t\t<\/div>\n\t\t<\/section>\n\t\t\t\t<section class=\"elementor-section elementor-top-section elementor-element elementor-element-a8573b3 elementor-section-boxed elementor-section-height-default elementor-section-height-default\" data-id=\"a8573b3\" data-element_type=\"section\">\n\t\t\t\t\t\t<div class=\"elementor-container elementor-column-gap-default\">\n\t\t\t\t\t<div class=\"elementor-column elementor-col-100 elementor-top-column elementor-element elementor-element-11f3f1e\" data-id=\"11f3f1e\" data-element_type=\"column\">\n\t\t\t<div class=\"elementor-widget-wrap elementor-element-populated\">\n\t\t\t\t\t\t<div class=\"elementor-element elementor-element-39ec250 elementor-widget-divider--view-line elementor-widget elementor-widget-divider\" data-id=\"39ec250\" data-element_type=\"widget\" data-widget_type=\"divider.default\">\n\t\t\t\t<div class=\"elementor-widget-container\">\n\t\t\t\t\t<div class=\"elementor-divider\">\n\t\t\t<span class=\"elementor-divider-separator\">\n\t\t\t\t\t\t<\/span>\n\t\t<\/div>\n\t\t\t\t<\/div>\n\t\t\t\t<\/div>\n\t\t\t\t\t<\/div>\n\t\t<\/div>\n\t\t\t\t\t<\/div>\n\t\t<\/section>\n\t\t\t\t<section class=\"elementor-section elementor-top-section elementor-element elementor-element-787ab02 elementor-section-boxed elementor-section-height-default elementor-section-height-default\" data-id=\"787ab02\" data-element_type=\"section\" data-settings=\"{&quot;background_background&quot;:&quot;classic&quot;}\">\n\t\t\t\t\t\t<div class=\"elementor-container elementor-column-gap-default\">\n\t\t\t\t\t<div class=\"elementor-column elementor-col-50 elementor-top-column elementor-element elementor-element-eebcfc3\" data-id=\"eebcfc3\" data-element_type=\"column\">\n\t\t\t<div class=\"elementor-widget-wrap elementor-element-populated\">\n\t\t\t\t\t\t<div class=\"elementor-element elementor-element-0e44181 elementor-widget elementor-widget-text-editor\" data-id=\"0e44181\" data-element_type=\"widget\" data-widget_type=\"text-editor.default\">\n\t\t\t\t<div class=\"elementor-widget-container\">\n\t\t\t\t\t\t\t<h2><span style=\"color: #ffffff; letter-spacing: -0.6px;\">Collaborateur* bowling et bar<\/span><\/h2><p style=\"color: #d6d6d6; font-weight: var( --e-global-typography-de51592-font-weight ); line-height: var( --e-global-typography-de51592-line-height ); font-size: var( --e-global-typography-de51592-font-size ); letter-spacing: var( --e-global-typography-de51592-letter-spacing );\"><span style=\"color: #999999;\">Les strikes et les boissons, c&#8217;est ton truc ? <\/span><span style=\"color: #999999; font-size: var( --e-global-typography-de51592-font-size ); font-style: var( --e-global-typography-6d7606e-font-style ); font-weight: var( --e-global-typography-de51592-font-weight ); letter-spacing: var( --e-global-typography-de51592-letter-spacing ); text-transform: var( --e-global-typography-6d7606e-text-transform ); word-spacing: var( --e-global-typography-6d7606e-word-spacing );\">Alors viens soutenir notre \u00e9quipe au bar et au bowling.<\/span><\/p>\t\t\t\t\t\t<\/div>\n\t\t\t\t<\/div>\n\t\t\t\t<div class=\"elementor-element elementor-element-919a3c9 elementor-widget elementor-widget-text-editor\" data-id=\"919a3c9\" data-element_type=\"widget\" data-widget_type=\"text-editor.default\">\n\t\t\t\t<div class=\"elementor-widget-container\">\n\t\t\t\t\t\t\t<h3><span style=\"color: #ffffff;\"><span style=\"font-size: 18px; letter-spacing: -0.1px;\">Ce qui t&#8217;attend<\/span><\/span><\/h3><h5><span style=\"color: #999999;\">Tu es responsable de la vente de bowling , de bons, de snacks et de boissons. Tu veilles \u00e0 ce que nos produits soient pr\u00e9sent\u00e9s de mani\u00e8re attrayante et tu t&#8217;y connais en gestion des marchandises.<\/span><\/h5><h5><span style=\"color: #999999;\">Une exp\u00e9rience professionnelle dans le domaine du bar est un avantage &#8211; tu sais comment pr\u00e9parer les cocktails et les boissons. Et nos clients ressentent ta passion de barman*.<\/span><\/h5><h5><span style=\"color: #999999;\">Pr\u00eat \u00e0 rejoindre notre \u00e9quipe ? <\/span><span style=\"color: #999999;\">Alors, pose ta candidature d\u00e8s maintenant !<\/span><\/h5>\t\t\t\t\t\t<\/div>\n\t\t\t\t<\/div>\n\t\t\t\t\t<\/div>\n\t\t<\/div>\n\t\t\t\t<div class=\"elementor-column elementor-col-50 elementor-top-column elementor-element elementor-element-7789bdb\" data-id=\"7789bdb\" data-element_type=\"column\">\n\t\t\t<div class=\"elementor-widget-wrap elementor-element-populated\">\n\t\t\t\t\t\t<div class=\"elementor-element elementor-element-7807a95 elementor-widget__width-auto elementor-widget elementor-widget-image\" data-id=\"7807a95\" data-element_type=\"widget\" data-widget_type=\"image.default\">\n\t\t\t\t<div class=\"elementor-widget-container\">\n\t\t\t\t\t\t\t\t\t\t\t\t\t<img decoding=\"async\" width=\"1000\" height=\"1000\" src=\"https:\/\/wp-prod.bluecinema.ch\/app\/uploads\/2024\/02\/Kinomitarbeiterin-5.jpg\" class=\"attachment-large size-large wp-image-45738\" alt=\"Un membre de l&#039;\u00e9quipe du blue cinema enregistre une r\u00e9servation au comptoir d&#039;accueil.\" srcset=\"https:\/\/wp-prod.bluecinema.ch\/app\/uploads\/2024\/02\/Kinomitarbeiterin-5.jpg 1000w, https:\/\/wp-prod.bluecinema.ch\/app\/uploads\/2024\/02\/Kinomitarbeiterin-5-300x300.jpg 300w, https:\/\/wp-prod.bluecinema.ch\/app\/uploads\/2024\/02\/Kinomitarbeiterin-5-150x150.jpg 150w, https:\/\/wp-prod.bluecinema.ch\/app\/uploads\/2024\/02\/Kinomitarbeiterin-5-768x768.jpg 768w, https:\/\/wp-prod.bluecinema.ch\/app\/uploads\/2024\/02\/Kinomitarbeiterin-5-460x460.jpg 460w, https:\/\/wp-prod.bluecinema.ch\/app\/uploads\/2024\/02\/Kinomitarbeiterin-5-640x640.jpg 640w\" sizes=\"(max-width: 1000px) 100vw, 1000px\" \/>\t\t\t\t\t\t\t\t\t\t\t\t\t<\/div>\n\t\t\t\t<\/div>\n\t\t\t\t\t<\/div>\n\t\t<\/div>\n\t\t\t\t\t<\/div>\n\t\t<\/section>\n\t\t\t\t<section class=\"elementor-section elementor-top-section elementor-element elementor-element-55acfd3 elementor-section-boxed elementor-section-height-default elementor-section-height-default\" data-id=\"55acfd3\" data-element_type=\"section\">\n\t\t\t\t\t\t<div class=\"elementor-container elementor-column-gap-default\">\n\t\t\t\t\t<div class=\"elementor-column elementor-col-100 elementor-top-column elementor-element elementor-element-549bc97\" data-id=\"549bc97\" data-element_type=\"column\">\n\t\t\t<div class=\"elementor-widget-wrap elementor-element-populated\">\n\t\t\t\t\t\t<div class=\"elementor-element elementor-element-b4d4d96 elementor-widget elementor-widget-spacer\" data-id=\"b4d4d96\" data-element_type=\"widget\" data-widget_type=\"spacer.default\">\n\t\t\t\t<div class=\"elementor-widget-container\">\n\t\t\t\t\t<div class=\"elementor-spacer\">\n\t\t\t<div class=\"elementor-spacer-inner\"><\/div>\n\t\t<\/div>\n\t\t\t\t<\/div>\n\t\t\t\t<\/div>\n\t\t\t\t\t<\/div>\n\t\t<\/div>\n\t\t\t\t\t<\/div>\n\t\t<\/section>\n\t\t\t\t<\/div>\n\t\t","protected":false},"excerpt":{"rendered":"<p>Emplois chez blue Cinema Nous te cherchons Tu es un fan de cin\u00e9ma ? Alors tu es au bon endroit dans le monde du cin\u00e9ma chez blue Cinema. Chaque jour, tu es proche des gens qui vont au cin\u00e9ma &#8211; et des meilleurs films. Notre objectif est d&#8217;offrir aux spectateurs un service de qualit\u00e9. Nos [&hellip;]<\/p>\n","protected":false},"author":3,"featured_media":0,"parent":0,"menu_order":0,"comment_status":"closed","ping_status":"closed","template":"template-parts\/template-page-untitled-canvas.php","meta":{"_acf_changed":false,"footnotes":""},"acf":[],"yoast_head":"<!-- This site is optimized with the Yoast SEO Premium plugin v20.11 (Yoast SEO v20.12) - https:\/\/yoast.com\/wordpress\/plugins\/seo\/ -->\r\n<title>Carri\u00e8res chez blue cinema: Rejoignez-nous<\/title>\r\n<meta name=\"description\" content=\"D\u00e9couvre les possibilit\u00e9s de carri\u00e8re chez nous. Rejoins notre \u00e9quipe et contribue \u00e0 fa\u00e7onner l&#039;avenir de blue Cinema. Postulez maintenant !\" \/>\r\n<meta name=\"robots\" content=\"index, follow, max-snippet:-1, max-image-preview:large, max-video-preview:-1\" \/>\r\n<link rel=\"canonical\" href=\"https:\/\/wp-prod.bluecinema.ch\/fr\/emplois-chez-blue-cinema\/\" \/>\r\n<meta property=\"og:locale\" content=\"fr_FR\" \/>\r\n<meta property=\"og:type\" content=\"article\" \/>\r\n<meta property=\"og:title\" content=\"Carri\u00e8res chez blue cinema: Rejoignez-nous\" \/>\r\n<meta property=\"og:description\" content=\"D\u00e9couvre les possibilit\u00e9s de carri\u00e8re chez nous. Rejoins notre \u00e9quipe et contribue \u00e0 fa\u00e7onner l&#039;avenir de blue Cinema. Postulez maintenant !\" \/>\r\n<meta property=\"og:url\" content=\"https:\/\/wp-prod.bluecinema.ch\/fr\/emplois-chez-blue-cinema\/\" \/>\r\n<meta property=\"og:site_name\" content=\"blue Cinema\" \/>\r\n<meta property=\"article:modified_time\" content=\"2024-02-27T09:12:38+00:00\" \/>\r\n<meta property=\"og:image\" content=\"https:\/\/wp-prod.bluecinema.ch\/app\/uploads\/2024\/02\/Kinomitarbeiter_Daumen_Hoch-2.png\" \/>\r\n<meta name=\"twitter:card\" content=\"summary_large_image\" \/>\r\n<meta name=\"twitter:label1\" content=\"Est. reading time\" \/>\n\t<meta name=\"twitter:data1\" content=\"3 minutes\" \/>\r\n<script type=\"application\/ld+json\" class=\"yoast-schema-graph\">{\"@context\":\"https:\/\/schema.org\",\"@graph\":[{\"@type\":\"WebPage\",\"@id\":\"https:\/\/wp-prod.bluecinema.ch\/fr\/emplois-chez-blue-cinema\/\",\"url\":\"https:\/\/wp-prod.bluecinema.ch\/fr\/emplois-chez-blue-cinema\/\",\"name\":\"Carri\u00e8res chez blue cinema: Rejoignez-nous\",\"isPartOf\":{\"@id\":\"https:\/\/wp-prod.bluecinema.ch\/en\/#website\"},\"datePublished\":\"2024-01-26T15:30:29+00:00\",\"dateModified\":\"2024-02-27T09:12:38+00:00\",\"description\":\"D\u00e9couvre les possibilit\u00e9s de carri\u00e8re chez nous. Rejoins notre \u00e9quipe et contribue \u00e0 fa\u00e7onner l'avenir de blue Cinema. Postulez maintenant !\",\"inLanguage\":\"fr-CH\",\"potentialAction\":[{\"@type\":\"ReadAction\",\"target\":[\"https:\/\/wp-prod.bluecinema.ch\/fr\/emplois-chez-blue-cinema\/\"]}]},{\"@type\":\"WebSite\",\"@id\":\"https:\/\/wp-prod.bluecinema.ch\/en\/#website\",\"url\":\"https:\/\/wp-prod.bluecinema.ch\/en\/\",\"name\":\"blue Cinema\",\"description\":\"\",\"potentialAction\":[{\"@type\":\"SearchAction\",\"target\":{\"@type\":\"EntryPoint\",\"urlTemplate\":\"https:\/\/wp-prod.bluecinema.ch\/en\/?s={search_term_string}\"},\"query-input\":\"required name=search_term_string\"}],\"inLanguage\":\"fr-CH\"}]}<\/script>\r\n<!-- \/ Yoast SEO Premium plugin. -->","yoast_head_json":{"title":"Carri\u00e8res chez blue cinema: Rejoignez-nous","description":"D\u00e9couvre les possibilit\u00e9s de carri\u00e8re chez nous. Rejoins notre \u00e9quipe et contribue \u00e0 fa\u00e7onner l'avenir de blue Cinema. Postulez maintenant !","robots":{"index":"index","follow":"follow","max-snippet":"max-snippet:-1","max-image-preview":"max-image-preview:large","max-video-preview":"max-video-preview:-1"},"canonical":"https:\/\/wp-prod.bluecinema.ch\/fr\/emplois-chez-blue-cinema\/","og_locale":"fr_FR","og_type":"article","og_title":"Carri\u00e8res chez blue cinema: Rejoignez-nous","og_description":"D\u00e9couvre les possibilit\u00e9s de carri\u00e8re chez nous. Rejoins notre \u00e9quipe et contribue \u00e0 fa\u00e7onner l'avenir de blue Cinema. Postulez maintenant !","og_url":"https:\/\/wp-prod.bluecinema.ch\/fr\/emplois-chez-blue-cinema\/","og_site_name":"blue Cinema","article_modified_time":"2024-02-27T09:12:38+00:00","og_image":[{"url":"https:\/\/wp-prod.bluecinema.ch\/app\/uploads\/2024\/02\/Kinomitarbeiter_Daumen_Hoch-2.png"}],"twitter_card":"summary_large_image","twitter_misc":{"Est. reading time":"3 minutes"},"schema":{"@context":"https:\/\/schema.org","@graph":[{"@type":"WebPage","@id":"https:\/\/wp-prod.bluecinema.ch\/fr\/emplois-chez-blue-cinema\/","url":"https:\/\/wp-prod.bluecinema.ch\/fr\/emplois-chez-blue-cinema\/","name":"Carri\u00e8res chez blue cinema: Rejoignez-nous","isPartOf":{"@id":"https:\/\/wp-prod.bluecinema.ch\/en\/#website"},"datePublished":"2024-01-26T15:30:29+00:00","dateModified":"2024-02-27T09:12:38+00:00","description":"D\u00e9couvre les possibilit\u00e9s de carri\u00e8re chez nous. Rejoins notre \u00e9quipe et contribue \u00e0 fa\u00e7onner l'avenir de blue Cinema. Postulez maintenant !","inLanguage":"fr-CH","potentialAction":[{"@type":"ReadAction","target":["https:\/\/wp-prod.bluecinema.ch\/fr\/emplois-chez-blue-cinema\/"]}]},{"@type":"WebSite","@id":"https:\/\/wp-prod.bluecinema.ch\/en\/#website","url":"https:\/\/wp-prod.bluecinema.ch\/en\/","name":"blue Cinema","description":"","potentialAction":[{"@type":"SearchAction","target":{"@type":"EntryPoint","urlTemplate":"https:\/\/wp-prod.bluecinema.ch\/en\/?s={search_term_string}"},"query-input":"required name=search_term_string"}],"inLanguage":"fr-CH"}]}},"_links":{"self":[{"href":"https:\/\/wp-prod.bluecinema.ch\/fr\/wp-json\/wp\/v2\/pages\/41539"}],"collection":[{"href":"https:\/\/wp-prod.bluecinema.ch\/fr\/wp-json\/wp\/v2\/pages"}],"about":[{"href":"https:\/\/wp-prod.bluecinema.ch\/fr\/wp-json\/wp\/v2\/types\/page"}],"author":[{"embeddable":true,"href":"https:\/\/wp-prod.bluecinema.ch\/fr\/wp-json\/wp\/v2\/users\/3"}],"replies":[{"embeddable":true,"href":"https:\/\/wp-prod.bluecinema.ch\/fr\/wp-json\/wp\/v2\/comments?post=41539"}],"version-history":[{"count":10,"href":"https:\/\/wp-prod.bluecinema.ch\/fr\/wp-json\/wp\/v2\/pages\/41539\/revisions"}],"predecessor-version":[{"id":45750,"href":"https:\/\/wp-prod.bluecinema.ch\/fr\/wp-json\/wp\/v2\/pages\/41539\/revisions\/45750"}],"wp:attachment":[{"href":"https:\/\/wp-prod.bluecinema.ch\/fr\/wp-json\/wp\/v2\/media?parent=41539"}],"curies":[{"name":"wp","href":"https:\/\/api.w.org\/{rel}","templated":true}]}}