{"id":45620,"date":"2024-02-23T13:43:33","date_gmt":"2024-02-23T13:43:33","guid":{"rendered":"https:\/\/wp-prod.bluecinema.ch\/club-rewards\/"},"modified":"2024-02-23T14:17:35","modified_gmt":"2024-02-23T14:17:35","slug":"club-rewards","status":"publish","type":"page","link":"https:\/\/wp-prod.bluecinema.ch\/fr\/club-rewards\/","title":{"rendered":"Club &amp; Rewards"},"content":{"rendered":"\t\t<div data-elementor-type=\"wp-page\" data-elementor-id=\"45620\" class=\"elementor elementor-45620 elementor-41632\" data-elementor-post-type=\"page\">\n\t\t\t\t\t\t<section class=\"elementor-section elementor-top-section elementor-element elementor-element-17e2f07 elementor-section-boxed elementor-section-height-default elementor-section-height-default\" data-id=\"17e2f07\" data-element_type=\"section\">\n\t\t\t\t\t\t<div class=\"elementor-container elementor-column-gap-no\">\n\t\t\t\t\t<div class=\"elementor-column elementor-col-100 elementor-top-column elementor-element elementor-element-8b68583\" data-id=\"8b68583\" data-element_type=\"column\">\n\t\t\t<div class=\"elementor-widget-wrap elementor-element-populated\">\n\t\t\t\t\t\t<div class=\"elementor-element elementor-element-fdb96cc elementor-widget-divider--view-line elementor-widget elementor-widget-divider\" data-id=\"fdb96cc\" data-element_type=\"widget\" data-widget_type=\"divider.default\">\n\t\t\t\t<div class=\"elementor-widget-container\">\n\t\t\t\t\t<div class=\"elementor-divider\">\n\t\t\t<span class=\"elementor-divider-separator\">\n\t\t\t\t\t\t<\/span>\n\t\t<\/div>\n\t\t\t\t<\/div>\n\t\t\t\t<\/div>\n\t\t\t\t<div class=\"elementor-element elementor-element-6fe27b4 elementor-widget elementor-widget-heading\" data-id=\"6fe27b4\" data-element_type=\"widget\" data-widget_type=\"heading.default\">\n\t\t\t\t<div class=\"elementor-widget-container\">\n\t\t\t<h1 class=\"elementor-heading-title elementor-size-default\">Club &amp; Rewards<\/h1>\t\t<\/div>\n\t\t\t\t<\/div>\n\t\t\t\t\t<\/div>\n\t\t<\/div>\n\t\t\t\t\t<\/div>\n\t\t<\/section>\n\t\t\t\t<section class=\"elementor-section elementor-top-section elementor-element elementor-element-19fe97b elementor-section-height-min-height elementor-section-items-stretch elementor-section-boxed elementor-section-height-default\" data-id=\"19fe97b\" data-element_type=\"section\" data-settings=\"{&quot;background_background&quot;:&quot;classic&quot;}\">\n\t\t\t\t\t\t<div class=\"elementor-container elementor-column-gap-no\">\n\t\t\t\t\t<div class=\"elementor-column elementor-col-50 elementor-top-column elementor-element elementor-element-0af4ce1\" data-id=\"0af4ce1\" data-element_type=\"column\" data-settings=\"{&quot;background_background&quot;:&quot;classic&quot;}\">\n\t\t\t<div class=\"elementor-widget-wrap elementor-element-populated\">\n\t\t\t\t\t\t<div class=\"elementor-element elementor-element-5028caa elementor-widget elementor-widget-image\" data-id=\"5028caa\" data-element_type=\"widget\" data-widget_type=\"image.default\">\n\t\t\t\t<div class=\"elementor-widget-container\">\n\t\t\t\t\t\t\t\t\t\t\t\t\t<img fetchpriority=\"high\" decoding=\"async\" width=\"1800\" height=\"1125\" src=\"https:\/\/wp-prod.bluecinema.ch\/app\/uploads\/2024\/02\/blueCinema-Club-2.png\" class=\"attachment-full size-full wp-image-45274\" alt=\"Application blue Cinema Club sur un smartphone, aper\u00e7u de l&#039;adh\u00e9sion\" srcset=\"https:\/\/wp-prod.bluecinema.ch\/app\/uploads\/2024\/02\/blueCinema-Club-2.png 1800w, https:\/\/wp-prod.bluecinema.ch\/app\/uploads\/2024\/02\/blueCinema-Club-2-300x188.png 300w, https:\/\/wp-prod.bluecinema.ch\/app\/uploads\/2024\/02\/blueCinema-Club-2-1024x640.png 1024w, https:\/\/wp-prod.bluecinema.ch\/app\/uploads\/2024\/02\/blueCinema-Club-2-768x480.png 768w, https:\/\/wp-prod.bluecinema.ch\/app\/uploads\/2024\/02\/blueCinema-Club-2-1536x960.png 1536w, https:\/\/wp-prod.bluecinema.ch\/app\/uploads\/2024\/02\/blueCinema-Club-2-460x288.png 460w\" sizes=\"(max-width: 1800px) 100vw, 1800px\" \/>\t\t\t\t\t\t\t\t\t\t\t\t\t<\/div>\n\t\t\t\t<\/div>\n\t\t\t\t\t<\/div>\n\t\t<\/div>\n\t\t\t\t<div class=\"elementor-column elementor-col-50 elementor-top-column elementor-element elementor-element-89ff927\" data-id=\"89ff927\" data-element_type=\"column\" data-settings=\"{&quot;background_background&quot;:&quot;classic&quot;}\">\n\t\t\t<div class=\"elementor-widget-wrap elementor-element-populated\">\n\t\t\t\t\t\t<div class=\"elementor-element elementor-element-2dcd5e3 elementor-widget elementor-widget-text-editor\" data-id=\"2dcd5e3\" data-element_type=\"widget\" data-widget_type=\"text-editor.default\">\n\t\t\t\t<div class=\"elementor-widget-container\">\n\t\t\t\t\t\t\t<h2><span style=\"color: #ffffff;\">blue Cinema Club<\/span><\/h2>\n\t\t\t\t\t\t<\/div>\n\t\t\t\t<\/div>\n\t\t\t\t<div class=\"elementor-element elementor-element-30df332 elementor-widget elementor-widget-text-editor\" data-id=\"30df332\" data-element_type=\"widget\" data-widget_type=\"text-editor.default\">\n\t\t\t\t<div class=\"elementor-widget-container\">\n\t\t\t\t\t\t\t<p>Des avantages uniques pour les vrais cin\u00e9philes.<\/p>\t\t\t\t\t\t<\/div>\n\t\t\t\t<\/div>\n\t\t\t\t<div class=\"elementor-element elementor-element-2ae9aa6 elementor-widget elementor-widget-text-editor\" data-id=\"2ae9aa6\" data-element_type=\"widget\" data-widget_type=\"text-editor.default\">\n\t\t\t\t<div class=\"elementor-widget-container\">\n\t\t\t\t\t\t\t<p>En tant que membre du blue Cinema Club, toi et les personnes qui t&#8217;accompagnent b\u00e9n\u00e9ficiez de nombreux avantages attrayants et profitez d&#8217;exp\u00e9riences cin\u00e9matographiques inoubliables.<\/p>\t\t\t\t\t\t<\/div>\n\t\t\t\t<\/div>\n\t\t\t\t<div class=\"elementor-element elementor-element-2a24906 elementor-align-justify elementor-mobile-align-justify elementor-widget__width-auto elementor-widget-tablet__width-initial elementor-widget-mobile__width-inherit elementor-widget elementor-widget-button\" data-id=\"2a24906\" data-element_type=\"widget\" data-widget_type=\"button.default\">\n\t\t\t\t<div class=\"elementor-widget-container\">\n\t\t\t\t\t<div class=\"elementor-button-wrapper\">\n\t\t\t<a class=\"elementor-button elementor-button-link elementor-size-md\" href=\"https:\/\/wp-prod.bluecinema.ch\/fr\/membership\/\">\n\t\t\t\t\t\t<span class=\"elementor-button-content-wrapper\">\n\t\t\t\t\t\t\t\t\t<span class=\"elementor-button-text\">En savoir plus<\/span>\n\t\t\t\t\t<\/span>\n\t\t\t\t\t<\/a>\n\t\t<\/div>\n\t\t\t\t<\/div>\n\t\t\t\t<\/div>\n\t\t\t\t\t<\/div>\n\t\t<\/div>\n\t\t\t\t\t<\/div>\n\t\t<\/section>\n\t\t\t\t<section class=\"elementor-section elementor-top-section elementor-element elementor-element-51ba1da elementor-section-height-min-height elementor-section-items-stretch elementor-section-boxed elementor-section-height-default\" data-id=\"51ba1da\" data-element_type=\"section\" data-settings=\"{&quot;background_background&quot;:&quot;classic&quot;}\">\n\t\t\t\t\t\t<div class=\"elementor-container elementor-column-gap-no\">\n\t\t\t\t\t<div class=\"elementor-column elementor-col-50 elementor-top-column elementor-element elementor-element-027ea4f\" data-id=\"027ea4f\" data-element_type=\"column\" data-settings=\"{&quot;background_background&quot;:&quot;classic&quot;}\">\n\t\t\t<div class=\"elementor-widget-wrap elementor-element-populated\">\n\t\t\t\t\t\t<div class=\"elementor-element elementor-element-c00e622 elementor-widget elementor-widget-image\" data-id=\"c00e622\" data-element_type=\"widget\" data-widget_type=\"image.default\">\n\t\t\t\t<div class=\"elementor-widget-container\">\n\t\t\t\t\t\t\t\t\t\t\t\t\t<img decoding=\"async\" width=\"923\" height=\"740\" src=\"https:\/\/wp-prod.bluecinema.ch\/app\/uploads\/2024\/02\/Rewards_Phone-2.jpg\" class=\"attachment-full size-full wp-image-45632\" alt=\"Application pour smartphone avec code QR et snacks de cin\u00e9ma tels que popcorn, glace et boissons\" srcset=\"https:\/\/wp-prod.bluecinema.ch\/app\/uploads\/2024\/02\/Rewards_Phone-2.jpg 923w, https:\/\/wp-prod.bluecinema.ch\/app\/uploads\/2024\/02\/Rewards_Phone-2-300x241.jpg 300w, https:\/\/wp-prod.bluecinema.ch\/app\/uploads\/2024\/02\/Rewards_Phone-2-768x616.jpg 768w, https:\/\/wp-prod.bluecinema.ch\/app\/uploads\/2024\/02\/Rewards_Phone-2-460x369.jpg 460w, https:\/\/wp-prod.bluecinema.ch\/app\/uploads\/2024\/02\/Rewards_Phone-2-798x640.jpg 798w\" sizes=\"(max-width: 923px) 100vw, 923px\" \/>\t\t\t\t\t\t\t\t\t\t\t\t\t<\/div>\n\t\t\t\t<\/div>\n\t\t\t\t\t<\/div>\n\t\t<\/div>\n\t\t\t\t<div class=\"elementor-column elementor-col-50 elementor-top-column elementor-element elementor-element-326faa1\" data-id=\"326faa1\" data-element_type=\"column\" data-settings=\"{&quot;background_background&quot;:&quot;classic&quot;}\">\n\t\t\t<div class=\"elementor-widget-wrap elementor-element-populated\">\n\t\t\t\t\t\t<div class=\"elementor-element elementor-element-83ab00c elementor-widget elementor-widget-text-editor\" data-id=\"83ab00c\" data-element_type=\"widget\" data-widget_type=\"text-editor.default\">\n\t\t\t\t<div class=\"elementor-widget-container\">\n\t\t\t\t\t\t\t<h2><span style=\"color: #0f0f0f;\">blue Cinema Rewards<\/span><\/h2>\n\t\t\t\t\t\t<\/div>\n\t\t\t\t<\/div>\n\t\t\t\t<div class=\"elementor-element elementor-element-12bfdc9 elementor-widget elementor-widget-text-editor\" data-id=\"12bfdc9\" data-element_type=\"widget\" data-widget_type=\"text-editor.default\">\n\t\t\t\t<div class=\"elementor-widget-container\">\n\t\t\t\t\t\t\t<p><span class=\"ui-provider ed bft bfu bfv bfw bfx bfy bfz bga bgb bgc bgd bge bgf bgg bgh bgi bgj bgk bgl bgm bgn bgo bgp bgq bgr bgs bgt bgu bgv bgw bgx bgy bgz bha\" dir=\"ltr\">Le programme de points pour les cin\u00e9philes<\/span><\/p>\t\t\t\t\t\t<\/div>\n\t\t\t\t<\/div>\n\t\t\t\t<div class=\"elementor-element elementor-element-29c4cc3 elementor-widget elementor-widget-text-editor\" data-id=\"29c4cc3\" data-element_type=\"widget\" data-widget_type=\"text-editor.default\">\n\t\t\t\t<div class=\"elementor-widget-container\">\n\t\t\t\t\t\t\t<p><span dir=\"ltr\"><span class=\"ui-provider ed bft bfu bfv bfw bfx bfy bfz bga bgb bgc bgd bge bgf bgg bgh bgi bgj bgk bgl bgm bgn bgo bgp bgq bgr bgs bgt bgu bgv bgw bgx bgy bgz bha\" dir=\"ltr\">Collectez des points Rewards \u00e0 chaque achat et \u00e9changez-les contre de d\u00e9licieux snacks au cin\u00e9ma.<br \/><\/span><\/span><\/p><p><span style=\"font-style: var( --e-global-typography-6d7606e-font-style ); letter-spacing: var( --e-global-typography-6d7606e-letter-spacing ); text-transform: var( --e-global-typography-6d7606e-text-transform ); word-spacing: var( --e-global-typography-6d7606e-word-spacing );\">\u00a0<\/span><\/p><p><span class=\"ui-provider ed bft bfu bfv bfw bfx bfy bfz bga bgb bgc bgd bge bgf bgg bgh bgi bgj bgk bgl bgm bgn bgo bgp bgq bgr bgs bgt bgu bgv bgw bgx bgy bgz bha\" dir=\"ltr\">Votre fid\u00e9lit\u00e9 est r\u00e9compens\u00e9e &#8211; profitez-en !<\/span><\/p>\t\t\t\t\t\t<\/div>\n\t\t\t\t<\/div>\n\t\t\t\t<div class=\"elementor-element elementor-element-a047454 elementor-align-justify elementor-mobile-align-justify elementor-widget__width-auto elementor-widget-tablet__width-initial elementor-widget-mobile__width-inherit elementor-widget elementor-widget-button\" data-id=\"a047454\" data-element_type=\"widget\" data-widget_type=\"button.default\">\n\t\t\t\t<div class=\"elementor-widget-container\">\n\t\t\t\t\t<div class=\"elementor-button-wrapper\">\n\t\t\t<a class=\"elementor-button elementor-button-link elementor-size-md\" href=\"https:\/\/wp-prod.bluecinema.ch\/fr\/blue-cinema-rewards-fr\/\">\n\t\t\t\t\t\t<span class=\"elementor-button-content-wrapper\">\n\t\t\t\t\t\t\t\t\t<span class=\"elementor-button-text\">En savoir plus<\/span>\n\t\t\t\t\t<\/span>\n\t\t\t\t\t<\/a>\n\t\t<\/div>\n\t\t\t\t<\/div>\n\t\t\t\t<\/div>\n\t\t\t\t\t<\/div>\n\t\t<\/div>\n\t\t\t\t\t<\/div>\n\t\t<\/section>\n\t\t\t\t<\/div>\n\t\t","protected":false},"excerpt":{"rendered":"<p>Club &amp; Rewards blue Cinema Club Des avantages uniques pour les vrais cin\u00e9philes. En tant que membre du blue Cinema Club, toi et les personnes qui t&#8217;accompagnent b\u00e9n\u00e9ficiez de nombreux avantages attrayants et profitez d&#8217;exp\u00e9riences cin\u00e9matographiques inoubliables. En savoir plus blue Cinema Rewards Le programme de points pour les cin\u00e9philes Collectez des points Rewards \u00e0 [&hellip;]<\/p>\n","protected":false},"author":3,"featured_media":0,"parent":0,"menu_order":0,"comment_status":"closed","ping_status":"closed","template":"template-parts\/template-page-untitled-canvas.php","meta":{"_acf_changed":false,"footnotes":""},"acf":[],"yoast_head":"<!-- This site is optimized with the Yoast SEO Premium plugin v20.11 (Yoast SEO v20.12) - https:\/\/yoast.com\/wordpress\/plugins\/seo\/ -->\r\n<title>Club &amp; Avantages chez blue Cinema - Vos Privileges<\/title>\r\n<meta name=\"description\" content=\"Rejoignez le Club blue Cinema et b\u00e9n\u00e9ficiez de privil\u00e8ges exclusifs. Accumulez des points pour des snacks et plus \u00e0 chaque visite.\" \/>\r\n<meta name=\"robots\" content=\"index, follow, max-snippet:-1, max-image-preview:large, max-video-preview:-1\" \/>\r\n<link rel=\"canonical\" href=\"https:\/\/wp-prod.bluecinema.ch\/fr\/club-rewards\/\" \/>\r\n<meta property=\"og:locale\" content=\"fr_FR\" \/>\r\n<meta property=\"og:type\" content=\"article\" \/>\r\n<meta property=\"og:title\" content=\"Club &amp; Avantages chez blue Cinema - Vos Privileges\" \/>\r\n<meta property=\"og:description\" content=\"Rejoignez le Club blue Cinema et b\u00e9n\u00e9ficiez de privil\u00e8ges exclusifs. Accumulez des points pour des snacks et plus \u00e0 chaque visite.\" \/>\r\n<meta property=\"og:url\" content=\"https:\/\/wp-prod.bluecinema.ch\/fr\/club-rewards\/\" \/>\r\n<meta property=\"og:site_name\" content=\"blue Cinema\" \/>\r\n<meta property=\"article:modified_time\" content=\"2024-02-23T14:17:35+00:00\" \/>\r\n<meta property=\"og:image\" content=\"https:\/\/wp-prod.bluecinema.ch\/app\/uploads\/2024\/02\/blueCinema-Club-2.png\" \/>\r\n<meta name=\"twitter:card\" content=\"summary_large_image\" \/>\r\n<meta name=\"twitter:label1\" content=\"Est. reading time\" \/>\n\t<meta name=\"twitter:data1\" content=\"1 minute\" \/>\r\n<script type=\"application\/ld+json\" class=\"yoast-schema-graph\">{\"@context\":\"https:\/\/schema.org\",\"@graph\":[{\"@type\":\"WebPage\",\"@id\":\"https:\/\/wp-prod.bluecinema.ch\/fr\/club-rewards\/\",\"url\":\"https:\/\/wp-prod.bluecinema.ch\/fr\/club-rewards\/\",\"name\":\"Club & Avantages chez blue Cinema - Vos Privileges\",\"isPartOf\":{\"@id\":\"https:\/\/wp-prod.bluecinema.ch\/en\/#website\"},\"datePublished\":\"2024-02-23T13:43:33+00:00\",\"dateModified\":\"2024-02-23T14:17:35+00:00\",\"description\":\"Rejoignez le Club blue Cinema et b\u00e9n\u00e9ficiez de privil\u00e8ges exclusifs. Accumulez des points pour des snacks et plus \u00e0 chaque visite.\",\"inLanguage\":\"fr-CH\",\"potentialAction\":[{\"@type\":\"ReadAction\",\"target\":[\"https:\/\/wp-prod.bluecinema.ch\/fr\/club-rewards\/\"]}]},{\"@type\":\"WebSite\",\"@id\":\"https:\/\/wp-prod.bluecinema.ch\/en\/#website\",\"url\":\"https:\/\/wp-prod.bluecinema.ch\/en\/\",\"name\":\"blue Cinema\",\"description\":\"\",\"potentialAction\":[{\"@type\":\"SearchAction\",\"target\":{\"@type\":\"EntryPoint\",\"urlTemplate\":\"https:\/\/wp-prod.bluecinema.ch\/en\/?s={search_term_string}\"},\"query-input\":\"required name=search_term_string\"}],\"inLanguage\":\"fr-CH\"}]}<\/script>\r\n<!-- \/ Yoast SEO Premium plugin. -->","yoast_head_json":{"title":"Club & Avantages chez blue Cinema - Vos Privileges","description":"Rejoignez le Club blue Cinema et b\u00e9n\u00e9ficiez de privil\u00e8ges exclusifs. Accumulez des points pour des snacks et plus \u00e0 chaque visite.","robots":{"index":"index","follow":"follow","max-snippet":"max-snippet:-1","max-image-preview":"max-image-preview:large","max-video-preview":"max-video-preview:-1"},"canonical":"https:\/\/wp-prod.bluecinema.ch\/fr\/club-rewards\/","og_locale":"fr_FR","og_type":"article","og_title":"Club & Avantages chez blue Cinema - Vos Privileges","og_description":"Rejoignez le Club blue Cinema et b\u00e9n\u00e9ficiez de privil\u00e8ges exclusifs. Accumulez des points pour des snacks et plus \u00e0 chaque visite.","og_url":"https:\/\/wp-prod.bluecinema.ch\/fr\/club-rewards\/","og_site_name":"blue Cinema","article_modified_time":"2024-02-23T14:17:35+00:00","og_image":[{"url":"https:\/\/wp-prod.bluecinema.ch\/app\/uploads\/2024\/02\/blueCinema-Club-2.png"}],"twitter_card":"summary_large_image","twitter_misc":{"Est. reading time":"1 minute"},"schema":{"@context":"https:\/\/schema.org","@graph":[{"@type":"WebPage","@id":"https:\/\/wp-prod.bluecinema.ch\/fr\/club-rewards\/","url":"https:\/\/wp-prod.bluecinema.ch\/fr\/club-rewards\/","name":"Club & Avantages chez blue Cinema - Vos Privileges","isPartOf":{"@id":"https:\/\/wp-prod.bluecinema.ch\/en\/#website"},"datePublished":"2024-02-23T13:43:33+00:00","dateModified":"2024-02-23T14:17:35+00:00","description":"Rejoignez le Club blue Cinema et b\u00e9n\u00e9ficiez de privil\u00e8ges exclusifs. Accumulez des points pour des snacks et plus \u00e0 chaque visite.","inLanguage":"fr-CH","potentialAction":[{"@type":"ReadAction","target":["https:\/\/wp-prod.bluecinema.ch\/fr\/club-rewards\/"]}]},{"@type":"WebSite","@id":"https:\/\/wp-prod.bluecinema.ch\/en\/#website","url":"https:\/\/wp-prod.bluecinema.ch\/en\/","name":"blue Cinema","description":"","potentialAction":[{"@type":"SearchAction","target":{"@type":"EntryPoint","urlTemplate":"https:\/\/wp-prod.bluecinema.ch\/en\/?s={search_term_string}"},"query-input":"required name=search_term_string"}],"inLanguage":"fr-CH"}]}},"_links":{"self":[{"href":"https:\/\/wp-prod.bluecinema.ch\/fr\/wp-json\/wp\/v2\/pages\/45620"}],"collection":[{"href":"https:\/\/wp-prod.bluecinema.ch\/fr\/wp-json\/wp\/v2\/pages"}],"about":[{"href":"https:\/\/wp-prod.bluecinema.ch\/fr\/wp-json\/wp\/v2\/types\/page"}],"author":[{"embeddable":true,"href":"https:\/\/wp-prod.bluecinema.ch\/fr\/wp-json\/wp\/v2\/users\/3"}],"replies":[{"embeddable":true,"href":"https:\/\/wp-prod.bluecinema.ch\/fr\/wp-json\/wp\/v2\/comments?post=45620"}],"version-history":[{"count":7,"href":"https:\/\/wp-prod.bluecinema.ch\/fr\/wp-json\/wp\/v2\/pages\/45620\/revisions"}],"predecessor-version":[{"id":45638,"href":"https:\/\/wp-prod.bluecinema.ch\/fr\/wp-json\/wp\/v2\/pages\/45620\/revisions\/45638"}],"wp:attachment":[{"href":"https:\/\/wp-prod.bluecinema.ch\/fr\/wp-json\/wp\/v2\/media?parent=45620"}],"curies":[{"name":"wp","href":"https:\/\/api.w.org\/{rel}","templated":true}]}}