{"id":49481,"date":"2024-04-17T11:55:00","date_gmt":"2024-04-17T11:55:00","guid":{"rendered":"https:\/\/wp-prod.bluecinema.ch\/kino-gutscheine-fuer-firmen\/"},"modified":"2025-01-21T15:24:21","modified_gmt":"2025-01-21T15:24:21","slug":"kino-gutscheine-fuer-firmen","status":"publish","type":"page","link":"https:\/\/wp-prod.bluecinema.ch\/fr\/kino-gutscheine-fuer-firmen\/","title":{"rendered":"Kino-Gutscheine f\u00fcr Firmen\ufffc"},"content":{"rendered":"\t\t<div data-elementor-type=\"wp-page\" data-elementor-id=\"49481\" class=\"elementor elementor-49481 elementor-27985\" data-elementor-post-type=\"page\">\n\t\t\t\t\t\t<section class=\"elementor-section elementor-top-section elementor-element elementor-element-c5c60e7 elementor-section-height-min-height elementor-section-stretched elementor-section-items-bottom elementor-hidden-tablet elementor-hidden-mobile elementor-section-boxed elementor-section-height-default\" data-id=\"c5c60e7\" data-element_type=\"section\" data-settings=\"{&quot;stretch_section&quot;:&quot;section-stretched&quot;,&quot;background_background&quot;:&quot;classic&quot;}\">\n\t\t\t\t\t\t\t<div class=\"elementor-background-overlay\"><\/div>\n\t\t\t\t\t\t\t<div class=\"elementor-container elementor-column-gap-default\">\n\t\t\t\t\t<div class=\"elementor-column elementor-col-100 elementor-top-column elementor-element elementor-element-8c941ee\" data-id=\"8c941ee\" data-element_type=\"column\">\n\t\t\t<div class=\"elementor-widget-wrap elementor-element-populated\">\n\t\t\t\t\t\t<div class=\"elementor-element elementor-element-50d2b83 elementor-widget elementor-widget-heading\" data-id=\"50d2b83\" data-element_type=\"widget\" data-widget_type=\"heading.default\">\n\t\t\t\t<div class=\"elementor-widget-container\">\n\t\t\t<h1 class=\"elementor-heading-title elementor-size-default\">Bons de cin\u00e9ma pour entreprises<\/h1>\t\t<\/div>\n\t\t\t\t<\/div>\n\t\t\t\t<div class=\"elementor-element elementor-element-3a7181c elementor-widget elementor-widget-text-editor\" data-id=\"3a7181c\" data-element_type=\"widget\" data-widget_type=\"text-editor.default\">\n\t\t\t\t<div class=\"elementor-widget-container\">\n\t\t\t\t\t\t\t<p><span class=\"TextRun SCXW33688952 BCX8\" lang=\"FR-CH\" xml:lang=\"FR-CH\" data-contrast=\"auto\"><span class=\"NormalTextRun SCXW33688952 BCX8\" data-ccp-parastyle=\"Normal (Web)\">Offrez \u00e0 vos collaborateurs, partenaires commerciaux ou clients une exp\u00e9rience cin\u00e9matographique particuli\u00e8re dans les cin\u00e9mas blue Cinema. Qu&#8217;il s&#8217;agisse d&#8217;un <\/span><span class=\"NormalTextRun SpellingErrorV2Themed SCXW33688952 BCX8\" data-ccp-parastyle=\"Normal (Web)\">incentive<\/span><span class=\"NormalTextRun SCXW33688952 BCX8\" data-ccp-parastyle=\"Normal (Web)\">, d&#8217;un remerciement ou d&#8217;une partie de votre programme de fid\u00e9lit\u00e9, notre large choix de bons de cin\u00e9ma est un excellent moyen de montrer votre reconnaissance.<\/span><\/span><span class=\"EOP SCXW33688952 BCX8\" data-ccp-props=\"{&quot;134233117&quot;:true,&quot;134233118&quot;:true,&quot;201341983&quot;:0,&quot;335559739&quot;:160,&quot;335559740&quot;:240}\">\u00a0<\/span><\/p>\t\t\t\t\t\t<\/div>\n\t\t\t\t<\/div>\n\t\t\t\t<div class=\"elementor-element elementor-element-1ffa4cc elementor-widget elementor-widget-text-editor\" data-id=\"1ffa4cc\" data-element_type=\"widget\" data-widget_type=\"text-editor.default\">\n\t\t\t\t<div class=\"elementor-widget-container\">\n\t\t\t\t\t\t\t<p><span class=\"TextRun SCXW20011575 BCX8\" lang=\"FR-CH\" xml:lang=\"FR-CH\" data-contrast=\"auto\"><span class=\"NormalTextRun SCXW20011575 BCX8\" data-ccp-parastyle=\"Normal (Web)\">Les bons peuvent \u00eatre \u00e9mis au choix avec une somme d&#8217;argent ou des entr\u00e9es de cin\u00e9ma et vous sont fournis sous forme de cartes cadeaux physiques ou de codes de bons \u00e9lectroniques.<\/span><\/span><span class=\"EOP SCXW20011575 BCX8\" data-ccp-props=\"{&quot;134233117&quot;:true,&quot;134233118&quot;:true,&quot;201341983&quot;:0,&quot;335559739&quot;:160,&quot;335559740&quot;:240}\">\u00a0<\/span><\/p><p>\u00a0<\/p>\t\t\t\t\t\t<\/div>\n\t\t\t\t<\/div>\n\t\t\t\t\t<\/div>\n\t\t<\/div>\n\t\t\t\t\t<\/div>\n\t\t<\/section>\n\t\t\t\t<section class=\"elementor-section elementor-top-section elementor-element elementor-element-8568853 elementor-section-full_width elementor-hidden-desktop elementor-section-height-default elementor-section-height-default\" data-id=\"8568853\" data-element_type=\"section\" data-settings=\"{&quot;background_background&quot;:&quot;classic&quot;}\">\n\t\t\t\t\t\t\t<div class=\"elementor-background-overlay\"><\/div>\n\t\t\t\t\t\t\t<div class=\"elementor-container elementor-column-gap-default\">\n\t\t\t\t\t<div class=\"elementor-column elementor-col-100 elementor-top-column elementor-element elementor-element-7f6dbec\" data-id=\"7f6dbec\" data-element_type=\"column\">\n\t\t\t<div class=\"elementor-widget-wrap elementor-element-populated\">\n\t\t\t\t\t\t<div class=\"elementor-element elementor-element-b15f689 elementor-widget elementor-widget-spacer\" data-id=\"b15f689\" data-element_type=\"widget\" data-widget_type=\"spacer.default\">\n\t\t\t\t<div class=\"elementor-widget-container\">\n\t\t\t\t\t<div class=\"elementor-spacer\">\n\t\t\t<div class=\"elementor-spacer-inner\"><\/div>\n\t\t<\/div>\n\t\t\t\t<\/div>\n\t\t\t\t<\/div>\n\t\t\t\t<div class=\"elementor-element elementor-element-87135e9 elementor-widget elementor-widget-heading\" data-id=\"87135e9\" data-element_type=\"widget\" data-widget_type=\"heading.default\">\n\t\t\t\t<div class=\"elementor-widget-container\">\n\t\t\t<h1 class=\"elementor-heading-title elementor-size-default\">Bons de cin\u00e9ma pour entreprises<\/h1>\t\t<\/div>\n\t\t\t\t<\/div>\n\t\t\t\t<div class=\"elementor-element elementor-element-fca5879 elementor-widget elementor-widget-text-editor\" data-id=\"fca5879\" data-element_type=\"widget\" data-widget_type=\"text-editor.default\">\n\t\t\t\t<div class=\"elementor-widget-container\">\n\t\t\t\t\t\t\t<p><span data-contrast=\"auto\">Offrez \u00e0 vos collaborateurs, partenaires commerciaux ou clients une exp\u00e9rience cin\u00e9matographique particuli\u00e8re dans les cin\u00e9mas blue Cinema. Qu&#8217;il s&#8217;agisse d&#8217;un incentive, d&#8217;un remerciement ou d&#8217;une partie de votre programme de fid\u00e9lit\u00e9, notre large choix de bons de cin\u00e9ma est un excellent moyen de montrer votre reconnaissance.<\/span><span data-ccp-props=\"{&quot;134233117&quot;:true,&quot;134233118&quot;:true,&quot;201341983&quot;:0,&quot;335559739&quot;:160,&quot;335559740&quot;:240}\">\u00a0<\/span><\/p><p>\u00a0<\/p><p><span data-contrast=\"auto\">Les bons peuvent \u00eatre \u00e9mis au choix avec une somme d&#8217;argent ou des entr\u00e9es de cin\u00e9ma et vous sont fournis sous forme de cartes cadeaux physiques ou de codes de bons \u00e9lectroniques.<\/span><span data-ccp-props=\"{&quot;134233117&quot;:true,&quot;134233118&quot;:true,&quot;201341983&quot;:0,&quot;335559739&quot;:160,&quot;335559740&quot;:240}\">\u00a0<\/span><\/p>\t\t\t\t\t\t<\/div>\n\t\t\t\t<\/div>\n\t\t\t\t\t<\/div>\n\t\t<\/div>\n\t\t\t\t\t<\/div>\n\t\t<\/section>\n\t\t\t\t<section class=\"elementor-section elementor-top-section elementor-element elementor-element-c11b0df elementor-section-boxed elementor-section-height-default elementor-section-height-default\" data-id=\"c11b0df\" data-element_type=\"section\">\n\t\t\t\t\t\t<div class=\"elementor-container elementor-column-gap-default\">\n\t\t\t\t\t<div class=\"elementor-column elementor-col-50 elementor-top-column elementor-element elementor-element-3398956\" data-id=\"3398956\" data-element_type=\"column\" data-settings=\"{&quot;background_background&quot;:&quot;classic&quot;}\">\n\t\t\t<div class=\"elementor-widget-wrap elementor-element-populated\">\n\t\t\t\t\t\t<div class=\"elementor-element elementor-element-a23dc2a elementor-widget elementor-widget-heading\" data-id=\"a23dc2a\" data-element_type=\"widget\" data-widget_type=\"heading.default\">\n\t\t\t\t<div class=\"elementor-widget-container\">\n\t\t\t<h2 class=\"elementor-heading-title elementor-size-default\">Bons d'achat avec montant en argent<\/h2>\t\t<\/div>\n\t\t\t\t<\/div>\n\t\t\t\t<div class=\"elementor-element elementor-element-27e5296 elementor-widget elementor-widget-text-editor\" data-id=\"27e5296\" data-element_type=\"widget\" data-widget_type=\"text-editor.default\">\n\t\t\t\t<div class=\"elementor-widget-container\">\n\t\t\t\t\t\t\t<ul><li><span class=\"TextRun SCXW237746267 BCX8\" lang=\"FR-CH\" xml:lang=\"FR-CH\" data-contrast=\"auto\"><span class=\"NormalTextRun SCXW237746267 BCX8\">Commandes \u00e0 partir de 20 pi\u00e8ces<\/span><\/span><\/li><li><span class=\"TextRun SCXW18085618 BCX8\" lang=\"FR-CH\" xml:lang=\"FR-CH\" data-contrast=\"auto\"><span class=\"NormalTextRun SCXW18085618 BCX8\">Chargement de la carte entre CHF 17.- et CHF 250.-<\/span><\/span><span class=\"EOP SCXW18085618 BCX8\" data-ccp-props=\"{&quot;201341983&quot;:0,&quot;335559739&quot;:0,&quot;335559740&quot;:240}\">\u00a0<\/span><\/li><li><span class=\"TextRun SCXW192291975 BCX8\" lang=\"FR-CH\" xml:lang=\"FR-CH\" data-contrast=\"auto\"><span class=\"NormalTextRun SCXW192291975 BCX8\">Sous forme de carte cadeau physique ou de code \u00e9lectronique<\/span><\/span><span class=\"EOP SCXW192291975 BCX8\" data-ccp-props=\"{&quot;201341983&quot;:0,&quot;335559739&quot;:0,&quot;335559740&quot;:240}\">\u00a0<\/span><\/li><li><span class=\"ui-provider a b c d e f g h i j k l m n o p q r s t u v w x y z ab ac ae af ag ah ai aj ak\" dir=\"ltr\">Porte-cartes gratuites de votre choix<\/span><\/li><li><span class=\"TextRun SCXW47827237 BCX8\" lang=\"DE-CH\" xml:lang=\"DE-CH\" data-contrast=\"auto\"><span class=\"NormalTextRun SCXW47827237 BCX8\">Frais <\/span><span class=\"NormalTextRun SpellingErrorV2Themed SCXW47827237 BCX8\">d&#8217;envoi<\/span><span class=\"NormalTextRun SCXW47827237 BCX8\"> (cartes physiques) CHF 11.50<\/span><\/span><span class=\"EOP SCXW47827237 BCX8\" data-ccp-props=\"{&quot;201341983&quot;:0,&quot;335559739&quot;:0,&quot;335559740&quot;:240}\">\u00a0<\/span><\/li><li><span class=\"NormalTextRun SpellingErrorV2Themed SCXW198851685 BCX8\">Paiement<\/span> <span class=\"NormalTextRun SpellingErrorV2Themed SCXW198851685 BCX8\">sur<\/span> <span class=\"NormalTextRun SpellingErrorV2Themed SCXW198851685 BCX8\">facture<\/span><\/li><\/ul>\t\t\t\t\t\t<\/div>\n\t\t\t\t<\/div>\n\t\t\t\t<div class=\"elementor-element elementor-element-1a66533 elementor-align-left elementor-widget__width-inherit elementor-widget-mobile__width-inherit elementor-mobile-align-justify elementor-widget elementor-widget-button\" data-id=\"1a66533\" data-element_type=\"widget\" data-widget_type=\"button.default\">\n\t\t\t\t<div class=\"elementor-widget-container\">\n\t\t\t\t\t<div class=\"elementor-button-wrapper\">\n\t\t\t<a class=\"elementor-button elementor-button-link elementor-size-md\" href=\"https:\/\/form.typeform.com\/to\/bbns7VX9?typeform-source=bluecinema.ch\" target=\"_blank\">\n\t\t\t\t\t\t<span class=\"elementor-button-content-wrapper\">\n\t\t\t\t\t\t\t\t\t<span class=\"elementor-button-text\">Acheter<\/span>\n\t\t\t\t\t<\/span>\n\t\t\t\t\t<\/a>\n\t\t<\/div>\n\t\t\t\t<\/div>\n\t\t\t\t<\/div>\n\t\t\t\t\t<\/div>\n\t\t<\/div>\n\t\t\t\t<div class=\"elementor-column elementor-col-50 elementor-top-column elementor-element elementor-element-f91e878\" data-id=\"f91e878\" data-element_type=\"column\" data-settings=\"{&quot;background_background&quot;:&quot;classic&quot;}\">\n\t\t\t<div class=\"elementor-widget-wrap elementor-element-populated\">\n\t\t\t\t\t\t<div class=\"elementor-element elementor-element-0ec361d elementor-widget elementor-widget-heading\" data-id=\"0ec361d\" data-element_type=\"widget\" data-widget_type=\"heading.default\">\n\t\t\t\t<div class=\"elementor-widget-container\">\n\t\t\t<h2 class=\"elementor-heading-title elementor-size-default\">Gutscheine mit Kinoeintritt(en)* <\/h2>\t\t<\/div>\n\t\t\t\t<\/div>\n\t\t\t\t<div class=\"elementor-element elementor-element-2ade79b elementor-widget elementor-widget-text-editor\" data-id=\"2ade79b\" data-element_type=\"widget\" data-widget_type=\"text-editor.default\">\n\t\t\t\t<div class=\"elementor-widget-container\">\n\t\t\t\t\t\t\t<ul><li><span class=\"TextRun SCXW255945270 BCX8\" lang=\"FR-CH\" xml:lang=\"FR-CH\" data-contrast=\"auto\"><span class=\"NormalTextRun SCXW255945270 BCX8\">Commande \u00e0 partir de 100 pi\u00e8ces<\/span><\/span><span class=\"EOP SCXW255945270 BCX8\" data-ccp-props=\"{&quot;201341983&quot;:0,&quot;335559739&quot;:0,&quot;335559740&quot;:240}\">\u00a0<\/span><\/li><li><span class=\"TextRun SCXW170963103 BCX8\" lang=\"FR-CH\" xml:lang=\"FR-CH\" data-contrast=\"auto\"><span class=\"NormalTextRun SCXW170963103 BCX8\">Une ou plusieurs entr\u00e9es de cin\u00e9ma par ch\u00e8que-cadeau<\/span><\/span><span class=\"EOP SCXW170963103 BCX8\" data-ccp-props=\"{&quot;201341983&quot;:0,&quot;335559739&quot;:0,&quot;335559740&quot;:240}\">\u00a0<\/span><\/li><li><span class=\"TextRun SCXW205417719 BCX8\" lang=\"FR-CH\" xml:lang=\"FR-CH\" data-contrast=\"auto\"><span class=\"NormalTextRun SCXW205417719 BCX8\">Sous forme de carte cadeau physique ou de code \u00e9lectronique<\/span><\/span><span class=\"EOP SCXW205417719 BCX8\" data-ccp-props=\"{&quot;201341983&quot;:0,&quot;335559739&quot;:0,&quot;335559740&quot;:240}\">\u00a0<\/span><\/li><li><span class=\"ui-provider a b c d e f g h i j k l m n o p q r s t u v w x y z ab ac ae af ag ah ai aj ak\" dir=\"ltr\">Porte-cartes gratuites de votre choix<\/span><\/li><li><span class=\"TextRun SCXW46056068 BCX8\" lang=\"FR-CH\" xml:lang=\"FR-CH\" data-contrast=\"auto\"><span class=\"NormalTextRun SCXW46056068 BCX8\">Frais d&#8217;envoi (cartes physiques) CHF 11.50<\/span><\/span><span class=\"EOP SCXW46056068 BCX8\" data-ccp-props=\"{&quot;201341983&quot;:0,&quot;335559739&quot;:0,&quot;335559740&quot;:240}\">\u00a0<\/span><\/li><li><span class=\"TextRun SCXW163628065 BCX8\" lang=\"DE-CH\" xml:lang=\"DE-CH\" data-contrast=\"auto\"><span class=\"NormalTextRun SpellingErrorV2Themed SCXW163628065 BCX8\">Paiement<\/span> <span class=\"NormalTextRun SpellingErrorV2Themed SCXW163628065 BCX8\">sur<\/span> <span class=\"NormalTextRun SpellingErrorV2Themed SCXW163628065 BCX8\">facture<\/span><\/span><span class=\"EOP SCXW163628065 BCX8\" data-ccp-props=\"{&quot;201341983&quot;:0,&quot;335559740&quot;:259}\">\u00a0<\/span><\/li><\/ul>\t\t\t\t\t\t<\/div>\n\t\t\t\t<\/div>\n\t\t\t\t<div class=\"elementor-element elementor-element-50493ce elementor-widget elementor-widget-text-editor\" data-id=\"50493ce\" data-element_type=\"widget\" data-widget_type=\"text-editor.default\">\n\t\t\t\t<div class=\"elementor-widget-container\">\n\t\t\t\t\t\t\t<p><strong>Co\u00fbt par entr\u00e9e de cin\u00e9ma<\/strong><\/p>\t\t\t\t\t\t<\/div>\n\t\t\t\t<\/div>\n\t\t\t\t<div class=\"elementor-element elementor-element-56cf0e5 elementor-widget elementor-widget-text-editor\" data-id=\"56cf0e5\" data-element_type=\"widget\" data-widget_type=\"text-editor.default\">\n\t\t\t\t<div class=\"elementor-widget-container\">\n\t\t\t\t\t\t\t<p><span class=\"TextRun SCXW16793281 BCX8\" lang=\"FR-CH\" xml:lang=\"FR-CH\" data-contrast=\"auto\"><span class=\"NormalTextRun SCXW16793281 BCX8\">100 \u00e0 299 entr\u00e9es : CHF 18.<\/span><span class=\"NormalTextRun SCXW16793281 BCX8\">&#8211;<\/span><\/span><span class=\"EOP SCXW16793281 BCX8\" data-ccp-props=\"{&quot;201341983&quot;:0,&quot;335559739&quot;:0,&quot;335559740&quot;:240}\">\u00a0<\/span><\/p><p><span class=\"TextRun SCXW256597640 BCX8\" lang=\"FR-CH\" xml:lang=\"FR-CH\" data-contrast=\"auto\"><span class=\"NormalTextRun SCXW256597640 BCX8\">De 300 \u00e0 499 entr\u00e9es : CHF 17.<\/span><span class=\"NormalTextRun SCXW256597640 BCX8\">&#8211;<\/span><\/span><span class=\"EOP SCXW256597640 BCX8\" data-ccp-props=\"{&quot;201341983&quot;:0,&quot;335559739&quot;:0,&quot;335559740&quot;:240}\">\u00a0<\/span><\/p><p><span class=\"TextRun SCXW43004804 BCX8\" lang=\"FR-CH\" xml:lang=\"FR-CH\" data-contrast=\"auto\"><span class=\"NormalTextRun SCXW43004804 BCX8\">A partir de 500 entr\u00e9es : CHF 16.<\/span><span class=\"NormalTextRun SCXW43004804 BCX8\">\u2013<\/span><\/span><span class=\"EOP SCXW43004804 BCX8\" data-ccp-props=\"{&quot;201341983&quot;:0,&quot;335559740&quot;:259}\">\u00a0<\/span><\/p>\t\t\t\t\t\t<\/div>\n\t\t\t\t<\/div>\n\t\t\t\t<div class=\"elementor-element elementor-element-aa0f295 elementor-align-left elementor-widget__width-inherit elementor-widget-mobile__width-inherit elementor-mobile-align-justify elementor-widget elementor-widget-button\" data-id=\"aa0f295\" data-element_type=\"widget\" data-widget_type=\"button.default\">\n\t\t\t\t<div class=\"elementor-widget-container\">\n\t\t\t\t\t<div class=\"elementor-button-wrapper\">\n\t\t\t<a class=\"elementor-button elementor-button-link elementor-size-md\" href=\"https:\/\/form.typeform.com\/to\/bbns7VX9?typeform-source=bluecinema.ch\" target=\"_blank\">\n\t\t\t\t\t\t<span class=\"elementor-button-content-wrapper\">\n\t\t\t\t\t\t\t\t\t<span class=\"elementor-button-text\">Acheter<\/span>\n\t\t\t\t\t<\/span>\n\t\t\t\t\t<\/a>\n\t\t<\/div>\n\t\t\t\t<\/div>\n\t\t\t\t<\/div>\n\t\t\t\t\t<\/div>\n\t\t<\/div>\n\t\t\t\t\t<\/div>\n\t\t<\/section>\n\t\t\t\t<section class=\"elementor-section elementor-top-section elementor-element elementor-element-a58eb9a elementor-section-boxed elementor-section-height-default elementor-section-height-default\" data-id=\"a58eb9a\" data-element_type=\"section\">\n\t\t\t\t\t\t<div class=\"elementor-container elementor-column-gap-default\">\n\t\t\t\t\t<div class=\"elementor-column elementor-col-100 elementor-top-column elementor-element elementor-element-0dd5fb8\" data-id=\"0dd5fb8\" data-element_type=\"column\">\n\t\t\t<div class=\"elementor-widget-wrap elementor-element-populated\">\n\t\t\t\t\t\t<div class=\"elementor-element elementor-element-d7f156f elementor-widget elementor-widget-text-editor\" data-id=\"d7f156f\" data-element_type=\"widget\" data-widget_type=\"text-editor.default\">\n\t\t\t\t<div class=\"elementor-widget-container\">\n\t\t\t\t\t\t\t<p><span class=\"TextRun SCXW231074186 BCX8\" lang=\"FR-CH\" xml:lang=\"FR-CH\" data-contrast=\"auto\"><span class=\"NormalTextRun SCXW231074186 BCX8\">D\u00e9lai de livraison env. 10 jours ouvrables<\/span><\/span><\/p>\t\t\t\t\t\t<\/div>\n\t\t\t\t<\/div>\n\t\t\t\t<div class=\"elementor-element elementor-element-994cfe8 elementor-widget elementor-widget-text-editor\" data-id=\"994cfe8\" data-element_type=\"widget\" data-widget_type=\"text-editor.default\">\n\t\t\t\t<div class=\"elementor-widget-container\">\n\t\t\t\t\t\t\t<p><span class=\"TextRun SCXW145914233 BCX8\" lang=\"FR-CH\" xml:lang=\"FR-CH\" data-contrast=\"auto\"><span class=\"NormalTextRun SCXW145914233 BCX8\">* Valable pour un ou plusieurs billet(s) de cin\u00e9ma dans tous les cin\u00e9mas blue Cinema, sur bluecinema.ch et dans l&#8217;application blue Cinema pour des s\u00e9ances r\u00e9guli\u00e8res en 2D, 3D ou IMAX et dans la limite des places disponibles. Les formats sp\u00e9ciaux ainsi que les si\u00e8ges avec prestations suppl\u00e9mentaires sont exclus. Pas de remboursement en esp\u00e8ces ou de remplacement en cas de perte, de vol ou de d\u00e9t\u00e9rioration de la carte. <\/span><\/span><span class=\"TextRun SCXW145914233 BCX8\" lang=\"DE-CH\" xml:lang=\"DE-CH\" data-contrast=\"auto\"><span class=\"NormalTextRun SCXW145914233 BCX8\">Valable 10 ans \u00e0 <\/span><span class=\"NormalTextRun SpellingErrorV2Themed SCXW145914233 BCX8\">partir<\/span><span class=\"NormalTextRun SCXW145914233 BCX8\"> de la date <\/span><span class=\"NormalTextRun SpellingErrorV2Themed SCXW145914233 BCX8\">d&#8217;\u00e9mission<\/span><span class=\"NormalTextRun SCXW145914233 BCX8\">.<\/span><\/span><span class=\"EOP SCXW145914233 BCX8\" data-ccp-props=\"{&quot;201341983&quot;:0,&quot;335559739&quot;:160,&quot;335559740&quot;:259}\">\u00a0<\/span><\/p>\t\t\t\t\t\t<\/div>\n\t\t\t\t<\/div>\n\t\t\t\t\t<\/div>\n\t\t<\/div>\n\t\t\t\t\t<\/div>\n\t\t<\/section>\n\t\t\t\t<\/div>\n\t\t","protected":false},"excerpt":{"rendered":"<p>Bons de cin\u00e9ma pour entreprises Offrez \u00e0 vos collaborateurs, partenaires commerciaux ou clients une exp\u00e9rience cin\u00e9matographique particuli\u00e8re dans les cin\u00e9mas blue Cinema. Qu&#8217;il s&#8217;agisse d&#8217;un incentive, d&#8217;un remerciement ou d&#8217;une partie de votre programme de fid\u00e9lit\u00e9, notre large choix de bons de cin\u00e9ma est un excellent moyen de montrer votre reconnaissance.\u00a0 Les bons peuvent \u00eatre [&hellip;]<\/p>\n","protected":false},"author":3,"featured_media":0,"parent":0,"menu_order":0,"comment_status":"closed","ping_status":"closed","template":"template-parts\/template-page-untitled-canvas.php","meta":{"_acf_changed":false,"footnotes":""},"acf":[],"yoast_head":"<!-- This site is optimized with the Yoast SEO Premium plugin v20.11 (Yoast SEO v20.12) - https:\/\/yoast.com\/wordpress\/plugins\/seo\/ -->\r\n<title>Firmengutscheine: Kino als Teamerlebnis | blue cinema<\/title>\r\n<meta name=\"description\" content=\"Steiger die Motivation und Zufriedenheit deiner Mitarbeiter mit personalisierten Kinogutscheinen von blue Cinema \u2013 ideal f\u00fcr Pr\u00e4mien und Geschenke.\" \/>\r\n<meta name=\"robots\" content=\"index, follow, max-snippet:-1, max-image-preview:large, max-video-preview:-1\" \/>\r\n<link rel=\"canonical\" href=\"https:\/\/wp-prod.bluecinema.ch\/fr\/kino-gutscheine-fuer-firmen\/\" \/>\r\n<meta property=\"og:locale\" content=\"fr_FR\" \/>\r\n<meta property=\"og:type\" content=\"article\" \/>\r\n<meta property=\"og:title\" content=\"Firmengutscheine: Kino als Teamerlebnis | blue cinema\" \/>\r\n<meta property=\"og:description\" content=\"Steiger die Motivation und Zufriedenheit deiner Mitarbeiter mit personalisierten Kinogutscheinen von blue Cinema \u2013 ideal f\u00fcr Pr\u00e4mien und Geschenke.\" \/>\r\n<meta property=\"og:url\" content=\"https:\/\/wp-prod.bluecinema.ch\/fr\/kino-gutscheine-fuer-firmen\/\" \/>\r\n<meta property=\"og:site_name\" content=\"blue Cinema\" \/>\r\n<meta property=\"article:modified_time\" content=\"2025-01-21T15:24:21+00:00\" \/>\r\n<meta name=\"twitter:card\" content=\"summary_large_image\" \/>\r\n<meta name=\"twitter:label1\" content=\"Est. reading time\" \/>\n\t<meta name=\"twitter:data1\" content=\"2 minutes\" \/>\r\n<script type=\"application\/ld+json\" class=\"yoast-schema-graph\">{\"@context\":\"https:\/\/schema.org\",\"@graph\":[{\"@type\":\"WebPage\",\"@id\":\"https:\/\/wp-prod.bluecinema.ch\/fr\/kino-gutscheine-fuer-firmen\/\",\"url\":\"https:\/\/wp-prod.bluecinema.ch\/fr\/kino-gutscheine-fuer-firmen\/\",\"name\":\"Firmengutscheine: Kino als Teamerlebnis | blue cinema\",\"isPartOf\":{\"@id\":\"https:\/\/wp-prod.bluecinema.ch\/en\/#website\"},\"datePublished\":\"2024-04-17T11:55:00+00:00\",\"dateModified\":\"2025-01-21T15:24:21+00:00\",\"description\":\"Steiger die Motivation und Zufriedenheit deiner Mitarbeiter mit personalisierten Kinogutscheinen von blue Cinema \u2013 ideal f\u00fcr Pr\u00e4mien und Geschenke.\",\"inLanguage\":\"fr-CH\",\"potentialAction\":[{\"@type\":\"ReadAction\",\"target\":[\"https:\/\/wp-prod.bluecinema.ch\/fr\/kino-gutscheine-fuer-firmen\/\"]}]},{\"@type\":\"WebSite\",\"@id\":\"https:\/\/wp-prod.bluecinema.ch\/en\/#website\",\"url\":\"https:\/\/wp-prod.bluecinema.ch\/en\/\",\"name\":\"blue Cinema\",\"description\":\"\",\"potentialAction\":[{\"@type\":\"SearchAction\",\"target\":{\"@type\":\"EntryPoint\",\"urlTemplate\":\"https:\/\/wp-prod.bluecinema.ch\/en\/?s={search_term_string}\"},\"query-input\":\"required name=search_term_string\"}],\"inLanguage\":\"fr-CH\"}]}<\/script>\r\n<!-- \/ Yoast SEO Premium plugin. -->","yoast_head_json":{"title":"Firmengutscheine: Kino als Teamerlebnis | blue cinema","description":"Steiger die Motivation und Zufriedenheit deiner Mitarbeiter mit personalisierten Kinogutscheinen von blue Cinema \u2013 ideal f\u00fcr Pr\u00e4mien und Geschenke.","robots":{"index":"index","follow":"follow","max-snippet":"max-snippet:-1","max-image-preview":"max-image-preview:large","max-video-preview":"max-video-preview:-1"},"canonical":"https:\/\/wp-prod.bluecinema.ch\/fr\/kino-gutscheine-fuer-firmen\/","og_locale":"fr_FR","og_type":"article","og_title":"Firmengutscheine: Kino als Teamerlebnis | blue cinema","og_description":"Steiger die Motivation und Zufriedenheit deiner Mitarbeiter mit personalisierten Kinogutscheinen von blue Cinema \u2013 ideal f\u00fcr Pr\u00e4mien und Geschenke.","og_url":"https:\/\/wp-prod.bluecinema.ch\/fr\/kino-gutscheine-fuer-firmen\/","og_site_name":"blue Cinema","article_modified_time":"2025-01-21T15:24:21+00:00","twitter_card":"summary_large_image","twitter_misc":{"Est. reading time":"2 minutes"},"schema":{"@context":"https:\/\/schema.org","@graph":[{"@type":"WebPage","@id":"https:\/\/wp-prod.bluecinema.ch\/fr\/kino-gutscheine-fuer-firmen\/","url":"https:\/\/wp-prod.bluecinema.ch\/fr\/kino-gutscheine-fuer-firmen\/","name":"Firmengutscheine: Kino als Teamerlebnis | blue cinema","isPartOf":{"@id":"https:\/\/wp-prod.bluecinema.ch\/en\/#website"},"datePublished":"2024-04-17T11:55:00+00:00","dateModified":"2025-01-21T15:24:21+00:00","description":"Steiger die Motivation und Zufriedenheit deiner Mitarbeiter mit personalisierten Kinogutscheinen von blue Cinema \u2013 ideal f\u00fcr Pr\u00e4mien und Geschenke.","inLanguage":"fr-CH","potentialAction":[{"@type":"ReadAction","target":["https:\/\/wp-prod.bluecinema.ch\/fr\/kino-gutscheine-fuer-firmen\/"]}]},{"@type":"WebSite","@id":"https:\/\/wp-prod.bluecinema.ch\/en\/#website","url":"https:\/\/wp-prod.bluecinema.ch\/en\/","name":"blue Cinema","description":"","potentialAction":[{"@type":"SearchAction","target":{"@type":"EntryPoint","urlTemplate":"https:\/\/wp-prod.bluecinema.ch\/en\/?s={search_term_string}"},"query-input":"required name=search_term_string"}],"inLanguage":"fr-CH"}]}},"_links":{"self":[{"href":"https:\/\/wp-prod.bluecinema.ch\/fr\/wp-json\/wp\/v2\/pages\/49481"}],"collection":[{"href":"https:\/\/wp-prod.bluecinema.ch\/fr\/wp-json\/wp\/v2\/pages"}],"about":[{"href":"https:\/\/wp-prod.bluecinema.ch\/fr\/wp-json\/wp\/v2\/types\/page"}],"author":[{"embeddable":true,"href":"https:\/\/wp-prod.bluecinema.ch\/fr\/wp-json\/wp\/v2\/users\/3"}],"replies":[{"embeddable":true,"href":"https:\/\/wp-prod.bluecinema.ch\/fr\/wp-json\/wp\/v2\/comments?post=49481"}],"version-history":[{"count":13,"href":"https:\/\/wp-prod.bluecinema.ch\/fr\/wp-json\/wp\/v2\/pages\/49481\/revisions"}],"predecessor-version":[{"id":61685,"href":"https:\/\/wp-prod.bluecinema.ch\/fr\/wp-json\/wp\/v2\/pages\/49481\/revisions\/61685"}],"wp:attachment":[{"href":"https:\/\/wp-prod.bluecinema.ch\/fr\/wp-json\/wp\/v2\/media?parent=49481"}],"curies":[{"name":"wp","href":"https:\/\/api.w.org\/{rel}","templated":true}]}}