{"id":52944,"date":"2024-06-11T07:22:56","date_gmt":"2024-06-11T07:22:56","guid":{"rendered":"https:\/\/wp-prod.bluecinema.ch\/vr-abtwil\/"},"modified":"2024-10-29T13:59:41","modified_gmt":"2024-10-29T13:59:41","slug":"vr-abtwil","status":"publish","type":"page","link":"https:\/\/wp-prod.bluecinema.ch\/fr\/vr-abtwil\/","title":{"rendered":"VR Abtwil"},"content":{"rendered":"\t\t<div data-elementor-type=\"wp-page\" data-elementor-id=\"52944\" class=\"elementor elementor-52944 elementor-52403\" data-elementor-post-type=\"page\">\n\t\t\t\t\t\t<section class=\"elementor-section elementor-top-section elementor-element elementor-element-6cd9833 elementor-section-height-min-height elementor-section-stretched elementor-reverse-mobile elementor-section-boxed elementor-section-height-default elementor-section-items-middle\" data-id=\"6cd9833\" data-element_type=\"section\" data-settings=\"{&quot;stretch_section&quot;:&quot;section-stretched&quot;,&quot;background_background&quot;:&quot;classic&quot;}\">\n\t\t\t\t\t\t\t<div class=\"elementor-background-overlay\"><\/div>\n\t\t\t\t\t\t\t<div class=\"elementor-container elementor-column-gap-default\">\n\t\t\t\t\t<div class=\"elementor-column elementor-col-100 elementor-top-column elementor-element elementor-element-c38630d\" data-id=\"c38630d\" data-element_type=\"column\">\n\t\t\t<div class=\"elementor-widget-wrap elementor-element-populated\">\n\t\t\t\t\t\t<section class=\"elementor-section elementor-inner-section elementor-element elementor-element-e99d748 elementor-reverse-mobile elementor-section-boxed elementor-section-height-default elementor-section-height-default\" data-id=\"e99d748\" data-element_type=\"section\">\n\t\t\t\t\t\t<div class=\"elementor-container elementor-column-gap-no\">\n\t\t\t\t\t<div class=\"elementor-column elementor-col-50 elementor-inner-column elementor-element elementor-element-da1783e\" data-id=\"da1783e\" data-element_type=\"column\">\n\t\t\t<div class=\"elementor-widget-wrap elementor-element-populated\">\n\t\t\t\t\t\t<div class=\"elementor-element elementor-element-b0403b0 elementor-widget elementor-widget-heading\" data-id=\"b0403b0\" data-element_type=\"widget\" data-widget_type=\"heading.default\">\n\t\t\t\t<div class=\"elementor-widget-container\">\n\t\t\t<h2 class=\"elementor-heading-title elementor-size-default\">Abtwil <\/h2>\t\t<\/div>\n\t\t\t\t<\/div>\n\t\t\t\t<div class=\"elementor-element elementor-element-ab6c358 elementor-widget elementor-widget-heading\" data-id=\"ab6c358\" data-element_type=\"widget\" data-widget_type=\"heading.default\">\n\t\t\t\t<div class=\"elementor-widget-container\">\n\t\t\t<h2 class=\"elementor-heading-title elementor-size-default\">R\u00e9servez votre session<\/h2>\t\t<\/div>\n\t\t\t\t<\/div>\n\t\t\t\t<div class=\"elementor-element elementor-element-0575263 elementor-align-left elementor-widget__width-auto elementor-mobile-align-justify elementor-widget-mobile__width-inherit elementor-widget elementor-widget-button\" data-id=\"0575263\" data-element_type=\"widget\" data-widget_type=\"button.default\">\n\t\t\t\t<div class=\"elementor-widget-container\">\n\t\t\t\t\t<div class=\"elementor-button-wrapper\">\n\t\t\t<a class=\"elementor-button elementor-button-link elementor-size-sm\" href=\"https:\/\/secure.meriq.com\/vr-abtwil\/?language=fr\" target=\"_blank\">\n\t\t\t\t\t\t<span class=\"elementor-button-content-wrapper\">\n\t\t\t\t\t\t\t\t\t<span class=\"elementor-button-text\">R\u00e9server en ligne<\/span>\n\t\t\t\t\t<\/span>\n\t\t\t\t\t<\/a>\n\t\t<\/div>\n\t\t\t\t<\/div>\n\t\t\t\t<\/div>\n\t\t\t\t<div class=\"elementor-element elementor-element-40d9d1d elementor-mobile-align-justify elementor-widget__width-auto elementor-widget-mobile__width-inherit elementor-widget elementor-widget-button\" data-id=\"40d9d1d\" data-element_type=\"widget\" data-widget_type=\"button.default\">\n\t\t\t\t<div class=\"elementor-widget-container\">\n\t\t\t\t\t<div class=\"elementor-button-wrapper\">\n\t\t\t<a class=\"elementor-button elementor-button-link elementor-size-sm\" href=\"#elementor-action%3Aaction%3Dpopup%3Aopen%26settings%3DeyJpZCI6NTMwMjYsInRvZ2dsZSI6ZmFsc2V9\">\n\t\t\t\t\t\t<span class=\"elementor-button-content-wrapper\">\n\t\t\t\t\t\t\t\t\t<span class=\"elementor-button-text\">Jeux<\/span>\n\t\t\t\t\t<\/span>\n\t\t\t\t\t<\/a>\n\t\t<\/div>\n\t\t\t\t<\/div>\n\t\t\t\t<\/div>\n\t\t\t\t<div class=\"elementor-element elementor-element-13ab56a elementor-mobile-align-justify elementor-widget__width-auto elementor-widget-mobile__width-inherit elementor-widget elementor-widget-button\" data-id=\"13ab56a\" data-element_type=\"widget\" data-widget_type=\"button.default\">\n\t\t\t\t<div class=\"elementor-widget-container\">\n\t\t\t\t\t<div class=\"elementor-button-wrapper\">\n\t\t\t<a class=\"elementor-button elementor-button-link elementor-size-sm\" href=\"#elementor-action%3Aaction%3Dpopup%3Aopen%26settings%3DeyJpZCI6NTMxMTcsInRvZ2dsZSI6ZmFsc2V9\">\n\t\t\t\t\t\t<span class=\"elementor-button-content-wrapper\">\n\t\t\t\t\t\t\t\t\t<span class=\"elementor-button-text\">Voici comment cela fonctionne<\/span>\n\t\t\t\t\t<\/span>\n\t\t\t\t\t<\/a>\n\t\t<\/div>\n\t\t\t\t<\/div>\n\t\t\t\t<\/div>\n\t\t\t\t\t<\/div>\n\t\t<\/div>\n\t\t\t\t<div class=\"elementor-column elementor-col-50 elementor-inner-column elementor-element elementor-element-ab35a1f\" data-id=\"ab35a1f\" data-element_type=\"column\">\n\t\t\t<div class=\"elementor-widget-wrap elementor-element-populated\">\n\t\t\t\t\t\t<div class=\"elementor-element elementor-element-43c99df elementor-widget elementor-widget-image\" data-id=\"43c99df\" data-element_type=\"widget\" data-widget_type=\"image.default\">\n\t\t\t\t<div class=\"elementor-widget-container\">\n\t\t\t\t\t\t\t\t\t\t\t\t\t<img fetchpriority=\"high\" decoding=\"async\" width=\"1000\" height=\"667\" src=\"https:\/\/wp-prod.bluecinema.ch\/app\/uploads\/2024\/04\/Multitainment-1.png\" class=\"attachment-full size-full wp-image-48579\" alt=\"Des personnes dans une ar\u00e8ne de jeu en r\u00e9alit\u00e9 virtuelle vivant une aventure interactive ensemble.\" srcset=\"https:\/\/wp-prod.bluecinema.ch\/app\/uploads\/2024\/04\/Multitainment-1.png 1000w, https:\/\/wp-prod.bluecinema.ch\/app\/uploads\/2024\/04\/Multitainment-1-300x200.png 300w, https:\/\/wp-prod.bluecinema.ch\/app\/uploads\/2024\/04\/Multitainment-1-768x512.png 768w, https:\/\/wp-prod.bluecinema.ch\/app\/uploads\/2024\/04\/Multitainment-1-460x307.png 460w, https:\/\/wp-prod.bluecinema.ch\/app\/uploads\/2024\/04\/Multitainment-1-960x640.png 960w\" sizes=\"(max-width: 1000px) 100vw, 1000px\" \/>\t\t\t\t\t\t\t\t\t\t\t\t\t<\/div>\n\t\t\t\t<\/div>\n\t\t\t\t\t<\/div>\n\t\t<\/div>\n\t\t\t\t\t<\/div>\n\t\t<\/section>\n\t\t\t\t\t<\/div>\n\t\t<\/div>\n\t\t\t\t\t<\/div>\n\t\t<\/section>\n\t\t\t\t<section class=\"elementor-section elementor-top-section elementor-element elementor-element-9fb7873 elementor-section-boxed elementor-section-height-default elementor-section-height-default\" data-id=\"9fb7873\" data-element_type=\"section\">\n\t\t\t\t\t\t<div class=\"elementor-container elementor-column-gap-default\">\n\t\t\t\t\t<div class=\"elementor-column elementor-col-100 elementor-top-column elementor-element elementor-element-c806462\" data-id=\"c806462\" data-element_type=\"column\">\n\t\t\t<div class=\"elementor-widget-wrap elementor-element-populated\">\n\t\t\t\t\t\t<div class=\"elementor-element elementor-element-40b5e73 elementor-widget elementor-widget-heading\" data-id=\"40b5e73\" data-element_type=\"widget\" data-widget_type=\"heading.default\">\n\t\t\t\t<div class=\"elementor-widget-container\">\n\t\t\t<h1 class=\"elementor-heading-title elementor-size-default\">D\u00e9couvrez les joies du jeu virtuel \u00e0 la Virtual Game Arena d'Abtwil !<\/h1>\t\t<\/div>\n\t\t\t\t<\/div>\n\t\t\t\t<div class=\"elementor-element elementor-element-94bc450 elementor-widget elementor-widget-heading\" data-id=\"94bc450\" data-element_type=\"widget\" data-widget_type=\"heading.default\">\n\t\t\t\t<div class=\"elementor-widget-container\">\n\t\t\t<h2 class=\"elementor-heading-title elementor-size-default\">Dans la nouvelle Virtual Game Arena d'Abtwil, des jeux vari\u00e9s vous attendent, des jeux de tir bourr\u00e9s d'action aux aventures \u00e0 \u00e9nigmes difficiles - plaisir garanti pour petits et grands.<\/h2>\t\t<\/div>\n\t\t\t\t<\/div>\n\t\t\t\t<div class=\"elementor-element elementor-element-c3fb773 elementor-align-justify elementor-mobile-align-justify elementor-widget__width-auto elementor-widget-tablet__width-initial elementor-widget-mobile__width-inherit elementor-widget elementor-widget-button\" data-id=\"c3fb773\" data-element_type=\"widget\" data-widget_type=\"button.default\">\n\t\t\t\t<div class=\"elementor-widget-container\">\n\t\t\t\t\t<div class=\"elementor-button-wrapper\">\n\t\t\t<a class=\"elementor-button elementor-button-link elementor-size-md\" href=\"https:\/\/secure.meriq.com\/vr-abtwil\/?language=fr\">\n\t\t\t\t\t\t<span class=\"elementor-button-content-wrapper\">\n\t\t\t\t\t\t\t\t\t<span class=\"elementor-button-text\">R\u00e9servez votre session d\u00e8s maintenant<\/span>\n\t\t\t\t\t<\/span>\n\t\t\t\t\t<\/a>\n\t\t<\/div>\n\t\t\t\t<\/div>\n\t\t\t\t<\/div>\n\t\t\t\t\t<\/div>\n\t\t<\/div>\n\t\t\t\t\t<\/div>\n\t\t<\/section>\n\t\t\t\t<section class=\"elementor-section elementor-top-section elementor-element elementor-element-a2e1887 elementor-section-full_width elementor-section-height-default elementor-section-height-default\" data-id=\"a2e1887\" data-element_type=\"section\">\n\t\t\t\t\t\t<div class=\"elementor-container elementor-column-gap-default\">\n\t\t\t\t\t<div class=\"elementor-column elementor-col-100 elementor-top-column elementor-element elementor-element-6a5cd1a\" data-id=\"6a5cd1a\" data-element_type=\"column\">\n\t\t\t<div class=\"elementor-widget-wrap elementor-element-populated\">\n\t\t\t\t\t\t<div class=\"elementor-element elementor-element-63a3a95 elementor-widget elementor-widget-heading\" data-id=\"63a3a95\" data-element_type=\"widget\" data-widget_type=\"heading.default\">\n\t\t\t\t<div class=\"elementor-widget-container\">\n\t\t\t<h3 class=\"elementor-heading-title elementor-size-default\">Heures d'ouverture & Prix<\/h3>\t\t<\/div>\n\t\t\t\t<\/div>\n\t\t\t\t\t<\/div>\n\t\t<\/div>\n\t\t\t\t\t<\/div>\n\t\t<\/section>\n\t\t\t\t<section class=\"elementor-section elementor-top-section elementor-element elementor-element-6d33dcf elementor-section-boxed elementor-section-height-default elementor-section-height-default\" data-id=\"6d33dcf\" data-element_type=\"section\">\n\t\t\t\t\t\t<div class=\"elementor-container elementor-column-gap-default\">\n\t\t\t\t\t<div class=\"elementor-column elementor-col-50 elementor-top-column elementor-element elementor-element-91dec1a\" data-id=\"91dec1a\" data-element_type=\"column\" data-settings=\"{&quot;background_background&quot;:&quot;classic&quot;}\">\n\t\t\t<div class=\"elementor-widget-wrap elementor-element-populated\">\n\t\t\t\t\t\t<div class=\"elementor-element elementor-element-2dd4046 elementor-widget elementor-widget-html\" data-id=\"2dd4046\" data-element_type=\"widget\" data-widget_type=\"html.default\">\n\t\t\t\t<div class=\"elementor-widget-container\">\n\t\t\t<script src=\"https:\/\/static.elfsight.com\/platform\/platform.js\" data-use-service-core defer><\/script>\n<div class=\"elfsight-app-58b3c1be-97fa-4e62-91e5-577014871c2e\" data-elfsight-app-lazy><\/div>\t\t<\/div>\n\t\t\t\t<\/div>\n\t\t\t\t\t<\/div>\n\t\t<\/div>\n\t\t\t\t<div class=\"elementor-column elementor-col-50 elementor-top-column elementor-element elementor-element-b31eca2\" data-id=\"b31eca2\" data-element_type=\"column\" data-settings=\"{&quot;background_background&quot;:&quot;classic&quot;}\">\n\t\t\t<div class=\"elementor-widget-wrap elementor-element-populated\">\n\t\t\t\t\t\t<div class=\"elementor-element elementor-element-eae20ee elementor-widget elementor-widget-text-editor\" data-id=\"eae20ee\" data-element_type=\"widget\" data-widget_type=\"text-editor.default\">\n\t\t\t\t<div class=\"elementor-widget-container\">\n\t\t\t\t\t\t\t<p>Choisissez votre session de 30 minutes : soit une exp\u00e9rience VR exclusive (uniquement pour votre groupe), soit une aventure multijoueur (avec d&#8217;autres joueurs).<\/p>\t\t\t\t\t\t<\/div>\n\t\t\t\t<\/div>\n\t\t\t\t<div class=\"elementor-element elementor-element-13ec087 elementor-widget elementor-widget-heading\" data-id=\"13ec087\" data-element_type=\"widget\" data-widget_type=\"heading.default\">\n\t\t\t\t<div class=\"elementor-widget-container\">\n\t\t\t<h3 class=\"elementor-heading-title elementor-size-default\">Exp\u00e9rience VR exclusive<\/h3>\t\t<\/div>\n\t\t\t\t<\/div>\n\t\t\t\t<div class=\"elementor-element elementor-element-80f0011 elementor-widget elementor-widget-html\" data-id=\"80f0011\" data-element_type=\"widget\" data-widget_type=\"html.default\">\n\t\t\t\t<div class=\"elementor-widget-container\">\n\t\t\t<style>\ntable, th, td {\n  table-layout: auto;\n  width: 100%;\n  padding: 5px; \/* General padding *\/\n  border-spacing: 1px;\n  border-collapse: collapse;\n  text-align: left;\n}\ntable {\n  margin-left: 0;\n  margin-right: auto; \/* Align table to the left *\/\n}\ntd:nth-child(2), th:nth-child(3) {\n  padding-right: 50px; \/* Add space between the second and third column *\/\n}\ntd, th {\n  overflow: hidden;\n  white-space: nowrap;\n\n}\n<\/style>\n\n<table>\n  <tr>\n    <th><\/th>\n    <th>1. Session<\/th>\n    <th>Par session suppl\u00e9mentaire<\/th>\n  <\/tr>\n  <tr>\n    <td>2 pers.<\/td>\n    <td>CHF 99.90<\/td>\n    <td>CHF 89.90<\/td>\n  <\/tr>\n  <tr>\n    <td>3-4 pers.<\/td>\n    <td>CHF 119.90<\/td>\n    <td>CHF 109.90<\/td>\n  <\/tr>\n  <tr>\n    <td>5-6 pers.<\/td>\n    <td>CHF 139.90<\/td>\n    <td>CHF 129.90<\/td>\n  <\/tr>\n  <tr>\n    <td>7-8 pers.<\/td>\n    <td>CHF 159.90<\/td>\n    <td>CHF 149.90<\/td>\n  <\/tr>\n<\/table>\n\t\t<\/div>\n\t\t\t\t<\/div>\n\t\t\t\t<div class=\"elementor-element elementor-element-8a5466e elementor-widget__width-auto elementor-widget elementor-widget-text-editor\" data-id=\"8a5466e\" data-element_type=\"widget\" data-widget_type=\"text-editor.default\">\n\t\t\t\t<div class=\"elementor-widget-container\">\n\t\t\t\t\t\t\t<p style=\"font-weight: 400;\"><strong>Jusqu&#8217;au 31.12.2024, la premi\u00e8re session multijoueur pour seulement CHF 19.90 au lieu de CHF 29.90.<\/strong><\/p>\t\t\t\t\t\t<\/div>\n\t\t\t\t<\/div>\n\t\t\t\t<div class=\"elementor-element elementor-element-d43405f elementor-widget elementor-widget-text-editor\" data-id=\"d43405f\" data-element_type=\"widget\" data-widget_type=\"text-editor.default\">\n\t\t\t\t<div class=\"elementor-widget-container\">\n\t\t\t\t\t\t\t<p>Les prix s&#8217;entendent par personne et par session. Sous r\u00e9serve de modifications.<\/p>\t\t\t\t\t\t<\/div>\n\t\t\t\t<\/div>\n\t\t\t\t<div class=\"elementor-element elementor-element-b9b3b83 elementor-widget elementor-widget-heading\" data-id=\"b9b3b83\" data-element_type=\"widget\" data-widget_type=\"heading.default\">\n\t\t\t\t<div class=\"elementor-widget-container\">\n\t\t\t<h3 class=\"elementor-heading-title elementor-size-default\">Aventure multijoueur<\/h3>\t\t<\/div>\n\t\t\t\t<\/div>\n\t\t\t\t<div class=\"elementor-element elementor-element-370d433 elementor-widget elementor-widget-html\" data-id=\"370d433\" data-element_type=\"widget\" data-widget_type=\"html.default\">\n\t\t\t\t<div class=\"elementor-widget-container\">\n\t\t\t<style>\ntable, th, td {\n  table-layout: auto;\n  width: 100%;\n  padding: 5px; \/* General padding *\/\n  border-spacing: 1px;\n  border-collapse: collapse;\n  text-align: left;\n}\ntable {\n  margin-left: 0;\n  margin-right: auto; \/* Align table to the left *\/\n}\ntd:nth-child(2), th:nth-child(3) {\n  padding-right: 50px; \/* Add space between the second and third column *\/\n}\ntd, th {\n  overflow: hidden;\n  white-space: nowrap;\n\n}\n<\/style>\n\n<table>\n  <tr>\n    <th><\/th>\n    <th>1. Session<\/th>\n    <th>Par session suppl\u00e9mentaire<\/th>\n  <\/tr>\n  <tr>\n    <td>Me. & Je.<\/td>\n    <td>CHF 24.90<\/td>\n    <td>CHF 19.90<\/td>\n  <\/tr>\n  <tr>\n    <td>Ve. - Di.<\/td>\n    <td>CHF 29.90<\/td>\n    <td>CHF 24.90<\/td>\n  <\/tr>\n\n\n<\/table>\n\t\t<\/div>\n\t\t\t\t<\/div>\n\t\t\t\t<div class=\"elementor-element elementor-element-14853b6 elementor-widget elementor-widget-text-editor\" data-id=\"14853b6\" data-element_type=\"widget\" data-widget_type=\"text-editor.default\">\n\t\t\t\t<div class=\"elementor-widget-container\">\n\t\t\t\t\t\t\t<p>Les prix s&#8217;entendent par session. Sous r\u00e9serve de modifications.<\/p>\t\t\t\t\t\t<\/div>\n\t\t\t\t<\/div>\n\t\t\t\t\t<\/div>\n\t\t<\/div>\n\t\t\t\t\t<\/div>\n\t\t<\/section>\n\t\t\t\t<section class=\"elementor-section elementor-top-section elementor-element elementor-element-2cd4252 elementor-section-full_width elementor-section-stretched elementor-section-height-default elementor-section-height-default\" data-id=\"2cd4252\" data-element_type=\"section\" data-settings=\"{&quot;stretch_section&quot;:&quot;section-stretched&quot;}\">\n\t\t\t\t\t\t<div class=\"elementor-container elementor-column-gap-default\">\n\t\t\t\t\t<div class=\"elementor-column elementor-col-100 elementor-top-column elementor-element elementor-element-2ecc0d1\" data-id=\"2ecc0d1\" data-element_type=\"column\">\n\t\t\t<div class=\"elementor-widget-wrap elementor-element-populated\">\n\t\t\t\t\t\t<div class=\"elementor-element elementor-element-3148266 elementor-widget elementor-widget-heading\" data-id=\"3148266\" data-element_type=\"widget\" data-widget_type=\"heading.default\">\n\t\t\t\t<div class=\"elementor-widget-container\">\n\t\t\t<h3 class=\"elementor-heading-title elementor-size-default\">Nous sommes ici<\/h3>\t\t<\/div>\n\t\t\t\t<\/div>\n\t\t\t\t\t<\/div>\n\t\t<\/div>\n\t\t\t\t\t<\/div>\n\t\t<\/section>\n\t\t\t\t<section class=\"elementor-section elementor-top-section elementor-element elementor-element-169a199 elementor-section-height-min-height elementor-section-items-stretch elementor-section-boxed elementor-section-height-default\" data-id=\"169a199\" data-element_type=\"section\">\n\t\t\t\t\t\t<div class=\"elementor-container elementor-column-gap-no\">\n\t\t\t\t\t<div class=\"elementor-column elementor-col-50 elementor-top-column elementor-element elementor-element-3a977d8\" data-id=\"3a977d8\" data-element_type=\"column\" data-settings=\"{&quot;background_background&quot;:&quot;classic&quot;}\">\n\t\t\t<div class=\"elementor-widget-wrap elementor-element-populated\">\n\t\t\t\t\t<div class=\"elementor-background-overlay\"><\/div>\n\t\t\t\t\t\t<div class=\"elementor-element elementor-element-ae45fd0 elementor-widget elementor-widget-text-editor\" data-id=\"ae45fd0\" data-element_type=\"widget\" data-widget_type=\"text-editor.default\">\n\t\t\t\t<div class=\"elementor-widget-container\">\n\t\t\t\t\t\t\t<h3>Cinedome Abtwil (SG)<\/h3>\n\t\t\t\t\t\t<\/div>\n\t\t\t\t<\/div>\n\t\t\t\t<div class=\"elementor-element elementor-element-996dec1 elementor-widget elementor-widget-text-editor\" data-id=\"996dec1\" data-element_type=\"widget\" data-widget_type=\"text-editor.default\">\n\t\t\t\t<div class=\"elementor-widget-container\">\n\t\t\t\t\t\t\t<h5>Bildstrasse 1, 9030 Abtwil<\/h5>\n\t\t\t\t\t\t<\/div>\n\t\t\t\t<\/div>\n\t\t\t\t\t<\/div>\n\t\t<\/div>\n\t\t\t\t<div class=\"elementor-column elementor-col-50 elementor-top-column elementor-element elementor-element-f0eaf58\" data-id=\"f0eaf58\" data-element_type=\"column\">\n\t\t\t<div class=\"elementor-widget-wrap elementor-element-populated\">\n\t\t\t\t\t\t<div class=\"elementor-element elementor-element-17d030f elementor-widget elementor-widget-google_maps\" data-id=\"17d030f\" data-element_type=\"widget\" data-widget_type=\"google_maps.default\">\n\t\t\t\t<div class=\"elementor-widget-container\">\n\t\t\t\t\t<div class=\"elementor-custom-embed\">\n\t\t\t<iframe loading=\"lazy\"\n\t\t\t\t\tsrc=\"https:\/\/maps.google.com\/maps?q=blue%20cinema%20abtwil&#038;t=m&#038;z=14&#038;output=embed&#038;iwloc=near\"\n\t\t\t\t\ttitle=\"blue cinema abtwil\"\n\t\t\t\t\taria-label=\"blue cinema abtwil\"\n\t\t\t><\/iframe>\n\t\t<\/div>\n\t\t\t\t<\/div>\n\t\t\t\t<\/div>\n\t\t\t\t\t<\/div>\n\t\t<\/div>\n\t\t\t\t\t<\/div>\n\t\t<\/section>\n\t\t\t\t<\/div>\n\t\t","protected":false},"excerpt":{"rendered":"<p>Abtwil R\u00e9servez votre session R\u00e9server en ligne Jeux Voici comment cela fonctionne D\u00e9couvrez les joies du jeu virtuel \u00e0 la Virtual Game Arena d&#8217;Abtwil ! Dans la nouvelle Virtual Game Arena d&#8217;Abtwil, des jeux vari\u00e9s vous attendent, des jeux de tir bourr\u00e9s d&#8217;action aux aventures \u00e0 \u00e9nigmes difficiles &#8211; plaisir garanti pour petits et grands. [&hellip;]<\/p>\n","protected":false},"author":3,"featured_media":0,"parent":0,"menu_order":0,"comment_status":"closed","ping_status":"closed","template":"template-parts\/template-page-untitled-canvas.php","meta":{"_acf_changed":false,"footnotes":""},"acf":[],"yoast_head":"<!-- This site is optimized with the Yoast SEO Premium plugin v20.11 (Yoast SEO v20.12) - https:\/\/yoast.com\/wordpress\/plugins\/seo\/ -->\r\n<title>Virtual Game Arena Abtwil - D\u00e9couvrez les jeux VR chez blue Cinema<\/title>\r\n<meta name=\"description\" content=\"D\u00e9couvrez la Virtual Game Arena \u00e0 Abtwil chez blue Cinema! Profitez d&#039;une vari\u00e9t\u00e9 de jeux VR, des shooters pleins d&#039;action aux aventures de casse-t\u00eates complexes. R\u00e9servez maintenant et vivez des moments de plaisir pour tous.\" \/>\r\n<meta name=\"robots\" content=\"index, follow, max-snippet:-1, max-image-preview:large, max-video-preview:-1\" \/>\r\n<link rel=\"canonical\" href=\"https:\/\/wp-prod.bluecinema.ch\/fr\/vr-abtwil\/\" \/>\r\n<meta property=\"og:locale\" content=\"fr_FR\" \/>\r\n<meta property=\"og:type\" content=\"article\" \/>\r\n<meta property=\"og:title\" content=\"Virtual Game Arena Abtwil - D\u00e9couvrez les jeux VR chez blue Cinema\" \/>\r\n<meta property=\"og:description\" content=\"D\u00e9couvrez la Virtual Game Arena \u00e0 Abtwil chez blue Cinema! Profitez d&#039;une vari\u00e9t\u00e9 de jeux VR, des shooters pleins d&#039;action aux aventures de casse-t\u00eates complexes. R\u00e9servez maintenant et vivez des moments de plaisir pour tous.\" \/>\r\n<meta property=\"og:url\" content=\"https:\/\/wp-prod.bluecinema.ch\/fr\/vr-abtwil\/\" \/>\r\n<meta property=\"og:site_name\" content=\"blue Cinema\" \/>\r\n<meta property=\"article:modified_time\" content=\"2024-10-29T13:59:41+00:00\" \/>\r\n<meta property=\"og:image\" content=\"https:\/\/wp-prod.bluecinema.ch\/app\/uploads\/2024\/04\/Multitainment-1.png\" \/>\r\n<meta name=\"twitter:card\" content=\"summary_large_image\" \/>\r\n<meta name=\"twitter:label1\" content=\"Est. reading time\" \/>\n\t<meta name=\"twitter:data1\" content=\"1 minute\" \/>\r\n<script type=\"application\/ld+json\" class=\"yoast-schema-graph\">{\"@context\":\"https:\/\/schema.org\",\"@graph\":[{\"@type\":\"WebPage\",\"@id\":\"https:\/\/wp-prod.bluecinema.ch\/fr\/vr-abtwil\/\",\"url\":\"https:\/\/wp-prod.bluecinema.ch\/fr\/vr-abtwil\/\",\"name\":\"Virtual Game Arena Abtwil - D\u00e9couvrez les jeux VR chez blue Cinema\",\"isPartOf\":{\"@id\":\"https:\/\/wp-prod.bluecinema.ch\/en\/#website\"},\"datePublished\":\"2024-06-11T07:22:56+00:00\",\"dateModified\":\"2024-10-29T13:59:41+00:00\",\"description\":\"D\u00e9couvrez la Virtual Game Arena \u00e0 Abtwil chez blue Cinema! Profitez d'une vari\u00e9t\u00e9 de jeux VR, des shooters pleins d'action aux aventures de casse-t\u00eates complexes. R\u00e9servez maintenant et vivez des moments de plaisir pour tous.\",\"inLanguage\":\"fr-CH\",\"potentialAction\":[{\"@type\":\"ReadAction\",\"target\":[\"https:\/\/wp-prod.bluecinema.ch\/fr\/vr-abtwil\/\"]}]},{\"@type\":\"WebSite\",\"@id\":\"https:\/\/wp-prod.bluecinema.ch\/en\/#website\",\"url\":\"https:\/\/wp-prod.bluecinema.ch\/en\/\",\"name\":\"blue Cinema\",\"description\":\"\",\"potentialAction\":[{\"@type\":\"SearchAction\",\"target\":{\"@type\":\"EntryPoint\",\"urlTemplate\":\"https:\/\/wp-prod.bluecinema.ch\/en\/?s={search_term_string}\"},\"query-input\":\"required name=search_term_string\"}],\"inLanguage\":\"fr-CH\"}]}<\/script>\r\n<!-- \/ Yoast SEO Premium plugin. -->","yoast_head_json":{"title":"Virtual Game Arena Abtwil - D\u00e9couvrez les jeux VR chez blue Cinema","description":"D\u00e9couvrez la Virtual Game Arena \u00e0 Abtwil chez blue Cinema! Profitez d'une vari\u00e9t\u00e9 de jeux VR, des shooters pleins d'action aux aventures de casse-t\u00eates complexes. R\u00e9servez maintenant et vivez des moments de plaisir pour tous.","robots":{"index":"index","follow":"follow","max-snippet":"max-snippet:-1","max-image-preview":"max-image-preview:large","max-video-preview":"max-video-preview:-1"},"canonical":"https:\/\/wp-prod.bluecinema.ch\/fr\/vr-abtwil\/","og_locale":"fr_FR","og_type":"article","og_title":"Virtual Game Arena Abtwil - D\u00e9couvrez les jeux VR chez blue Cinema","og_description":"D\u00e9couvrez la Virtual Game Arena \u00e0 Abtwil chez blue Cinema! Profitez d'une vari\u00e9t\u00e9 de jeux VR, des shooters pleins d'action aux aventures de casse-t\u00eates complexes. R\u00e9servez maintenant et vivez des moments de plaisir pour tous.","og_url":"https:\/\/wp-prod.bluecinema.ch\/fr\/vr-abtwil\/","og_site_name":"blue Cinema","article_modified_time":"2024-10-29T13:59:41+00:00","og_image":[{"url":"https:\/\/wp-prod.bluecinema.ch\/app\/uploads\/2024\/04\/Multitainment-1.png"}],"twitter_card":"summary_large_image","twitter_misc":{"Est. reading time":"1 minute"},"schema":{"@context":"https:\/\/schema.org","@graph":[{"@type":"WebPage","@id":"https:\/\/wp-prod.bluecinema.ch\/fr\/vr-abtwil\/","url":"https:\/\/wp-prod.bluecinema.ch\/fr\/vr-abtwil\/","name":"Virtual Game Arena Abtwil - D\u00e9couvrez les jeux VR chez blue Cinema","isPartOf":{"@id":"https:\/\/wp-prod.bluecinema.ch\/en\/#website"},"datePublished":"2024-06-11T07:22:56+00:00","dateModified":"2024-10-29T13:59:41+00:00","description":"D\u00e9couvrez la Virtual Game Arena \u00e0 Abtwil chez blue Cinema! Profitez d'une vari\u00e9t\u00e9 de jeux VR, des shooters pleins d'action aux aventures de casse-t\u00eates complexes. R\u00e9servez maintenant et vivez des moments de plaisir pour tous.","inLanguage":"fr-CH","potentialAction":[{"@type":"ReadAction","target":["https:\/\/wp-prod.bluecinema.ch\/fr\/vr-abtwil\/"]}]},{"@type":"WebSite","@id":"https:\/\/wp-prod.bluecinema.ch\/en\/#website","url":"https:\/\/wp-prod.bluecinema.ch\/en\/","name":"blue Cinema","description":"","potentialAction":[{"@type":"SearchAction","target":{"@type":"EntryPoint","urlTemplate":"https:\/\/wp-prod.bluecinema.ch\/en\/?s={search_term_string}"},"query-input":"required name=search_term_string"}],"inLanguage":"fr-CH"}]}},"_links":{"self":[{"href":"https:\/\/wp-prod.bluecinema.ch\/fr\/wp-json\/wp\/v2\/pages\/52944"}],"collection":[{"href":"https:\/\/wp-prod.bluecinema.ch\/fr\/wp-json\/wp\/v2\/pages"}],"about":[{"href":"https:\/\/wp-prod.bluecinema.ch\/fr\/wp-json\/wp\/v2\/types\/page"}],"author":[{"embeddable":true,"href":"https:\/\/wp-prod.bluecinema.ch\/fr\/wp-json\/wp\/v2\/users\/3"}],"replies":[{"embeddable":true,"href":"https:\/\/wp-prod.bluecinema.ch\/fr\/wp-json\/wp\/v2\/comments?post=52944"}],"version-history":[{"count":34,"href":"https:\/\/wp-prod.bluecinema.ch\/fr\/wp-json\/wp\/v2\/pages\/52944\/revisions"}],"predecessor-version":[{"id":59137,"href":"https:\/\/wp-prod.bluecinema.ch\/fr\/wp-json\/wp\/v2\/pages\/52944\/revisions\/59137"}],"wp:attachment":[{"href":"https:\/\/wp-prod.bluecinema.ch\/fr\/wp-json\/wp\/v2\/media?parent=52944"}],"curies":[{"name":"wp","href":"https:\/\/api.w.org\/{rel}","templated":true}]}}