{"id":56902,"date":"2024-09-12T09:45:27","date_gmt":"2024-09-12T09:45:27","guid":{"rendered":"https:\/\/wp-prod.bluecinema.ch\/vr-luzern\/"},"modified":"2024-10-29T13:53:31","modified_gmt":"2024-10-29T13:53:31","slug":"vr-luzern","status":"publish","type":"page","link":"https:\/\/wp-prod.bluecinema.ch\/fr\/vr-luzern\/","title":{"rendered":"VR Luzern"},"content":{"rendered":"\t\t<div data-elementor-type=\"wp-page\" data-elementor-id=\"56902\" class=\"elementor elementor-56902 elementor-56811\" data-elementor-post-type=\"page\">\n\t\t\t\t\t\t<section class=\"elementor-section elementor-top-section elementor-element elementor-element-2b9d658 elementor-section-height-min-height elementor-section-stretched elementor-reverse-mobile elementor-section-boxed elementor-section-height-default elementor-section-items-middle\" data-id=\"2b9d658\" data-element_type=\"section\" data-settings=\"{&quot;stretch_section&quot;:&quot;section-stretched&quot;,&quot;background_background&quot;:&quot;classic&quot;}\">\n\t\t\t\t\t\t\t<div class=\"elementor-background-overlay\"><\/div>\n\t\t\t\t\t\t\t<div class=\"elementor-container elementor-column-gap-default\">\n\t\t\t\t\t<div class=\"elementor-column elementor-col-100 elementor-top-column elementor-element elementor-element-84807b4\" data-id=\"84807b4\" data-element_type=\"column\">\n\t\t\t<div class=\"elementor-widget-wrap elementor-element-populated\">\n\t\t\t\t\t\t<section class=\"elementor-section elementor-inner-section elementor-element elementor-element-81401a5 elementor-reverse-mobile elementor-section-boxed elementor-section-height-default elementor-section-height-default\" data-id=\"81401a5\" data-element_type=\"section\">\n\t\t\t\t\t\t<div class=\"elementor-container elementor-column-gap-no\">\n\t\t\t\t\t<div class=\"elementor-column elementor-col-50 elementor-inner-column elementor-element elementor-element-f37a6de\" data-id=\"f37a6de\" data-element_type=\"column\">\n\t\t\t<div class=\"elementor-widget-wrap elementor-element-populated\">\n\t\t\t\t\t\t<div class=\"elementor-element elementor-element-b1fa1bf elementor-widget elementor-widget-heading\" data-id=\"b1fa1bf\" data-element_type=\"widget\" data-widget_type=\"heading.default\">\n\t\t\t\t<div class=\"elementor-widget-container\">\n\t\t\t<h2 class=\"elementor-heading-title elementor-size-default\">Lucerne<\/h2>\t\t<\/div>\n\t\t\t\t<\/div>\n\t\t\t\t<div class=\"elementor-element elementor-element-a16ef46 elementor-widget elementor-widget-heading\" data-id=\"a16ef46\" data-element_type=\"widget\" data-widget_type=\"heading.default\">\n\t\t\t\t<div class=\"elementor-widget-container\">\n\t\t\t<h2 class=\"elementor-heading-title elementor-size-default\">R\u00e9servez votre session<\/h2>\t\t<\/div>\n\t\t\t\t<\/div>\n\t\t\t\t<div class=\"elementor-element elementor-element-04b4258 elementor-align-left elementor-widget__width-auto elementor-mobile-align-justify elementor-widget-mobile__width-inherit elementor-widget elementor-widget-button\" data-id=\"04b4258\" data-element_type=\"widget\" data-widget_type=\"button.default\">\n\t\t\t\t<div class=\"elementor-widget-container\">\n\t\t\t\t\t<div class=\"elementor-button-wrapper\">\n\t\t\t<a class=\"elementor-button elementor-button-link elementor-size-sm\" href=\"https:\/\/secure.meriq.com\/vr-maxxluzern\/?language=fr\" target=\"_blank\">\n\t\t\t\t\t\t<span class=\"elementor-button-content-wrapper\">\n\t\t\t\t\t\t\t\t\t<span class=\"elementor-button-text\">R\u00e9server en ligne<\/span>\n\t\t\t\t\t<\/span>\n\t\t\t\t\t<\/a>\n\t\t<\/div>\n\t\t\t\t<\/div>\n\t\t\t\t<\/div>\n\t\t\t\t<div class=\"elementor-element elementor-element-ab14661 elementor-mobile-align-justify elementor-widget__width-auto elementor-widget-mobile__width-inherit elementor-widget elementor-widget-button\" data-id=\"ab14661\" data-element_type=\"widget\" data-widget_type=\"button.default\">\n\t\t\t\t<div class=\"elementor-widget-container\">\n\t\t\t\t\t<div class=\"elementor-button-wrapper\">\n\t\t\t<a class=\"elementor-button elementor-button-link elementor-size-sm\" href=\"#elementor-action%3Aaction%3Dpopup%3Aopen%26settings%3DeyJpZCI6NTMwMjYsInRvZ2dsZSI6ZmFsc2V9\">\n\t\t\t\t\t\t<span class=\"elementor-button-content-wrapper\">\n\t\t\t\t\t\t\t\t\t<span class=\"elementor-button-text\">Jeux<\/span>\n\t\t\t\t\t<\/span>\n\t\t\t\t\t<\/a>\n\t\t<\/div>\n\t\t\t\t<\/div>\n\t\t\t\t<\/div>\n\t\t\t\t<div class=\"elementor-element elementor-element-41b02dd elementor-mobile-align-justify elementor-widget__width-auto elementor-widget-mobile__width-inherit elementor-widget elementor-widget-button\" data-id=\"41b02dd\" data-element_type=\"widget\" data-widget_type=\"button.default\">\n\t\t\t\t<div class=\"elementor-widget-container\">\n\t\t\t\t\t<div class=\"elementor-button-wrapper\">\n\t\t\t<a class=\"elementor-button elementor-button-link elementor-size-sm\" href=\"#elementor-action%3Aaction%3Dpopup%3Aopen%26settings%3DeyJpZCI6NTczNTksInRvZ2dsZSI6ZmFsc2V9\">\n\t\t\t\t\t\t<span class=\"elementor-button-content-wrapper\">\n\t\t\t\t\t\t\t\t\t<span class=\"elementor-button-text\">Voici comment cela fonctionne<\/span>\n\t\t\t\t\t<\/span>\n\t\t\t\t\t<\/a>\n\t\t<\/div>\n\t\t\t\t<\/div>\n\t\t\t\t<\/div>\n\t\t\t\t\t<\/div>\n\t\t<\/div>\n\t\t\t\t<div class=\"elementor-column elementor-col-50 elementor-inner-column elementor-element elementor-element-5fef876\" data-id=\"5fef876\" data-element_type=\"column\">\n\t\t\t<div class=\"elementor-widget-wrap elementor-element-populated\">\n\t\t\t\t\t\t<div class=\"elementor-element elementor-element-f7ad1c5 elementor-widget elementor-widget-image\" data-id=\"f7ad1c5\" data-element_type=\"widget\" data-widget_type=\"image.default\">\n\t\t\t\t<div class=\"elementor-widget-container\">\n\t\t\t\t\t\t\t\t\t\t\t\t\t<img fetchpriority=\"high\" decoding=\"async\" width=\"2560\" height=\"1707\" src=\"https:\/\/wp-prod.bluecinema.ch\/app\/uploads\/2024\/10\/color5-Photo-PRINT-Insta-27-min-scaled-1.jpg\" class=\"attachment-full size-full wp-image-58416\" alt=\"\" srcset=\"https:\/\/wp-prod.bluecinema.ch\/app\/uploads\/2024\/10\/color5-Photo-PRINT-Insta-27-min-scaled-1.jpg 2560w, https:\/\/wp-prod.bluecinema.ch\/app\/uploads\/2024\/10\/color5-Photo-PRINT-Insta-27-min-scaled-1-300x200.jpg 300w, https:\/\/wp-prod.bluecinema.ch\/app\/uploads\/2024\/10\/color5-Photo-PRINT-Insta-27-min-scaled-1-1024x683.jpg 1024w, https:\/\/wp-prod.bluecinema.ch\/app\/uploads\/2024\/10\/color5-Photo-PRINT-Insta-27-min-scaled-1-768x512.jpg 768w, https:\/\/wp-prod.bluecinema.ch\/app\/uploads\/2024\/10\/color5-Photo-PRINT-Insta-27-min-scaled-1-1536x1024.jpg 1536w, https:\/\/wp-prod.bluecinema.ch\/app\/uploads\/2024\/10\/color5-Photo-PRINT-Insta-27-min-scaled-1-2048x1366.jpg 2048w, https:\/\/wp-prod.bluecinema.ch\/app\/uploads\/2024\/10\/color5-Photo-PRINT-Insta-27-min-scaled-1-460x307.jpg 460w, https:\/\/wp-prod.bluecinema.ch\/app\/uploads\/2024\/10\/color5-Photo-PRINT-Insta-27-min-scaled-1-960x640.jpg 960w\" sizes=\"(max-width: 2560px) 100vw, 2560px\" \/>\t\t\t\t\t\t\t\t\t\t\t\t\t<\/div>\n\t\t\t\t<\/div>\n\t\t\t\t\t<\/div>\n\t\t<\/div>\n\t\t\t\t\t<\/div>\n\t\t<\/section>\n\t\t\t\t\t<\/div>\n\t\t<\/div>\n\t\t\t\t\t<\/div>\n\t\t<\/section>\n\t\t\t\t<section class=\"elementor-section elementor-top-section elementor-element elementor-element-5ce1fad elementor-section-full_width elementor-section-height-default elementor-section-height-default\" data-id=\"5ce1fad\" data-element_type=\"section\">\n\t\t\t\t\t\t<div class=\"elementor-container elementor-column-gap-default\">\n\t\t\t\t\t<div class=\"elementor-column elementor-col-100 elementor-top-column elementor-element elementor-element-33bccf9\" data-id=\"33bccf9\" data-element_type=\"column\">\n\t\t\t<div class=\"elementor-widget-wrap elementor-element-populated\">\n\t\t\t\t\t\t<div class=\"elementor-element elementor-element-ac7f3eb elementor-widget elementor-widget-heading\" data-id=\"ac7f3eb\" data-element_type=\"widget\" data-widget_type=\"heading.default\">\n\t\t\t\t<div class=\"elementor-widget-container\">\n\t\t\t<h3 class=\"elementor-heading-title elementor-size-default\">Heures d'ouverture & Prix<\/h3>\t\t<\/div>\n\t\t\t\t<\/div>\n\t\t\t\t\t<\/div>\n\t\t<\/div>\n\t\t\t\t\t<\/div>\n\t\t<\/section>\n\t\t\t\t<section class=\"elementor-section elementor-top-section elementor-element elementor-element-54b894e elementor-section-boxed elementor-section-height-default elementor-section-height-default\" data-id=\"54b894e\" data-element_type=\"section\">\n\t\t\t\t\t\t<div class=\"elementor-container elementor-column-gap-default\">\n\t\t\t\t\t<div class=\"elementor-column elementor-col-50 elementor-top-column elementor-element elementor-element-4289c37\" data-id=\"4289c37\" data-element_type=\"column\" data-settings=\"{&quot;background_background&quot;:&quot;classic&quot;}\">\n\t\t\t<div class=\"elementor-widget-wrap elementor-element-populated\">\n\t\t\t\t\t\t<div class=\"elementor-element elementor-element-e6929fe elementor-widget elementor-widget-html\" data-id=\"e6929fe\" data-element_type=\"widget\" data-widget_type=\"html.default\">\n\t\t\t\t<div class=\"elementor-widget-container\">\n\t\t\t<script src=\"https:\/\/static.elfsight.com\/platform\/platform.js\" data-use-service-core defer><\/script>\n<div class=\"elfsight-app-fa048f4b-80c9-4d75-9986-cacb8517d569\" data-elfsight-app-lazy><\/div>\t\t<\/div>\n\t\t\t\t<\/div>\n\t\t\t\t\t<\/div>\n\t\t<\/div>\n\t\t\t\t<div class=\"elementor-column elementor-col-50 elementor-top-column elementor-element elementor-element-806cb24\" data-id=\"806cb24\" data-element_type=\"column\" data-settings=\"{&quot;background_background&quot;:&quot;classic&quot;}\">\n\t\t\t<div class=\"elementor-widget-wrap elementor-element-populated\">\n\t\t\t\t\t\t<div class=\"elementor-element elementor-element-2794ca8 elementor-widget elementor-widget-text-editor\" data-id=\"2794ca8\" data-element_type=\"widget\" data-widget_type=\"text-editor.default\">\n\t\t\t\t<div class=\"elementor-widget-container\">\n\t\t\t\t\t\t\t<p>Choisissez votre session de 30 minutes : soit une exp\u00e9rience VR exclusive (uniquement pour votre groupe), soit une aventure multijoueur (avec d&#8217;autres joueurs).<\/p>\t\t\t\t\t\t<\/div>\n\t\t\t\t<\/div>\n\t\t\t\t<div class=\"elementor-element elementor-element-24ed150 elementor-widget elementor-widget-heading\" data-id=\"24ed150\" data-element_type=\"widget\" data-widget_type=\"heading.default\">\n\t\t\t\t<div class=\"elementor-widget-container\">\n\t\t\t<h3 class=\"elementor-heading-title elementor-size-default\">Exp\u00e9rience VR exclusive<\/h3>\t\t<\/div>\n\t\t\t\t<\/div>\n\t\t\t\t<div class=\"elementor-element elementor-element-483b1a9 elementor-widget elementor-widget-html\" data-id=\"483b1a9\" data-element_type=\"widget\" data-widget_type=\"html.default\">\n\t\t\t\t<div class=\"elementor-widget-container\">\n\t\t\t<style>\ntable, th, td {\n  table-layout: auto;\n  width: 100%;\n  padding: 5px; \/* General padding *\/\n  border-spacing: 1px;\n  border-collapse: collapse;\n  text-align: left;\n}\ntable {\n  margin-left: 0;\n  margin-right: auto; \/* Align table to the left *\/\n}\ntd:nth-child(2), th:nth-child(3) {\n  padding-right: 50px; \/* Add space between the second and third column *\/\n}\ntd, th {\n  overflow: hidden;\n  white-space: nowrap;\n\n}\n<\/style>\n\n<table>\n  <tr>\n    <th><\/th>\n    <th>1. Session<\/th>\n    <th>Par session suppl\u00e9mentaire<\/th>\n  <\/tr>\n  <tr>\n    <td>2 pers.<\/td>\n    <td>CHF 99.90<\/td>\n    <td>CHF 89.90<\/td>\n  <\/tr>\n  <tr>\n    <td>3-4 pers.<\/td>\n    <td>CHF 119.90<\/td>\n    <td>CHF 109.90<\/td>\n  <\/tr>\n  <tr>\n    <td>5-6 pers.<\/td>\n    <td>CHF 139.90<\/td>\n    <td>CHF 129.90<\/td>\n  <\/tr>\n\n<\/table>\n\t\t<\/div>\n\t\t\t\t<\/div>\n\t\t\t\t<div class=\"elementor-element elementor-element-d93bfb3 elementor-widget__width-auto elementor-widget elementor-widget-text-editor\" data-id=\"d93bfb3\" data-element_type=\"widget\" data-widget_type=\"text-editor.default\">\n\t\t\t\t<div class=\"elementor-widget-container\">\n\t\t\t\t\t\t\t<p style=\"font-weight: 400;\"><strong>Jusqu&#8217;au 31.12.2024, la premi\u00e8re session multijoueur pour seulement CHF 19.90 au lieu de CHF 29.90.<\/strong><\/p>\t\t\t\t\t\t<\/div>\n\t\t\t\t<\/div>\n\t\t\t\t<div class=\"elementor-element elementor-element-49ff5a4 elementor-widget elementor-widget-text-editor\" data-id=\"49ff5a4\" data-element_type=\"widget\" data-widget_type=\"text-editor.default\">\n\t\t\t\t<div class=\"elementor-widget-container\">\n\t\t\t\t\t\t\t<p>Les prix s&#8217;entendent par personne et par session. Sous r\u00e9serve de modifications.<\/p>\t\t\t\t\t\t<\/div>\n\t\t\t\t<\/div>\n\t\t\t\t<div class=\"elementor-element elementor-element-a014474 elementor-widget elementor-widget-heading\" data-id=\"a014474\" data-element_type=\"widget\" data-widget_type=\"heading.default\">\n\t\t\t\t<div class=\"elementor-widget-container\">\n\t\t\t<h3 class=\"elementor-heading-title elementor-size-default\">Aventure multijoueur<\/h3>\t\t<\/div>\n\t\t\t\t<\/div>\n\t\t\t\t<div class=\"elementor-element elementor-element-99f570e elementor-widget elementor-widget-html\" data-id=\"99f570e\" data-element_type=\"widget\" data-widget_type=\"html.default\">\n\t\t\t\t<div class=\"elementor-widget-container\">\n\t\t\t<style>\ntable, th, td {\n  table-layout: auto;\n  width: 100%;\n  padding: 5px; \/* General padding *\/\n  border-spacing: 1px;\n  border-collapse: collapse;\n  text-align: left;\n}\ntable {\n  margin-left: 0;\n  margin-right: auto; \/* Align table to the left *\/\n}\ntd:nth-child(2), th:nth-child(3) {\n  padding-right: 50px; \/* Add space between the second and third column *\/\n}\ntd, th {\n  overflow: hidden;\n  white-space: nowrap;\n\n}\n<\/style>\n\n<table>\n  <tr>\n    <th><\/th>\n    <th>1. Session<\/th>\n    <th>Par session suppl\u00e9mentaire<\/th>\n  <\/tr>\n  <tr>\n    <td>Me. & Je.<\/td>\n    <td>CHF 24.90<\/td>\n    <td>CHF 19.90<\/td>\n  <\/tr>\n  <tr>\n    <td>Ve. - Di.<\/td>\n    <td>CHF 29.90<\/td>\n    <td>CHF 24.90<\/td>\n  <\/tr>\n\n\n<\/table>\n\t\t<\/div>\n\t\t\t\t<\/div>\n\t\t\t\t<div class=\"elementor-element elementor-element-0e68066 elementor-widget elementor-widget-text-editor\" data-id=\"0e68066\" data-element_type=\"widget\" data-widget_type=\"text-editor.default\">\n\t\t\t\t<div class=\"elementor-widget-container\">\n\t\t\t\t\t\t\t<p>Les prix s&#8217;entendent par session. Sous r\u00e9serve de modifications.<\/p>\t\t\t\t\t\t<\/div>\n\t\t\t\t<\/div>\n\t\t\t\t\t<\/div>\n\t\t<\/div>\n\t\t\t\t\t<\/div>\n\t\t<\/section>\n\t\t\t\t<section class=\"elementor-section elementor-top-section elementor-element elementor-element-1f915e2 elementor-section-full_width elementor-section-stretched elementor-section-height-default elementor-section-height-default\" data-id=\"1f915e2\" data-element_type=\"section\" data-settings=\"{&quot;stretch_section&quot;:&quot;section-stretched&quot;}\">\n\t\t\t\t\t\t<div class=\"elementor-container elementor-column-gap-default\">\n\t\t\t\t\t<div class=\"elementor-column elementor-col-100 elementor-top-column elementor-element elementor-element-a872a47\" data-id=\"a872a47\" data-element_type=\"column\">\n\t\t\t<div class=\"elementor-widget-wrap elementor-element-populated\">\n\t\t\t\t\t\t<div class=\"elementor-element elementor-element-35308f3 elementor-widget elementor-widget-heading\" data-id=\"35308f3\" data-element_type=\"widget\" data-widget_type=\"heading.default\">\n\t\t\t\t<div class=\"elementor-widget-container\">\n\t\t\t<h3 class=\"elementor-heading-title elementor-size-default\">Nous sommes ici<\/h3>\t\t<\/div>\n\t\t\t\t<\/div>\n\t\t\t\t\t<\/div>\n\t\t<\/div>\n\t\t\t\t\t<\/div>\n\t\t<\/section>\n\t\t\t\t<section class=\"elementor-section elementor-top-section elementor-element elementor-element-379eb70 elementor-section-height-min-height elementor-section-items-stretch elementor-section-boxed elementor-section-height-default\" data-id=\"379eb70\" data-element_type=\"section\">\n\t\t\t\t\t\t<div class=\"elementor-container elementor-column-gap-no\">\n\t\t\t\t\t<div class=\"elementor-column elementor-col-50 elementor-top-column elementor-element elementor-element-b31fbb1\" data-id=\"b31fbb1\" data-element_type=\"column\" data-settings=\"{&quot;background_background&quot;:&quot;classic&quot;}\">\n\t\t\t<div class=\"elementor-widget-wrap elementor-element-populated\">\n\t\t\t\t\t<div class=\"elementor-background-overlay\"><\/div>\n\t\t\t\t\t\t<div class=\"elementor-element elementor-element-c017e08 elementor-widget elementor-widget-text-editor\" data-id=\"c017e08\" data-element_type=\"widget\" data-widget_type=\"text-editor.default\">\n\t\t\t\t<div class=\"elementor-widget-container\">\n\t\t\t\t\t\t\t<h3>blue Cinema Maxx Luzern<\/h3>\n\t\t\t\t\t\t<\/div>\n\t\t\t\t<\/div>\n\t\t\t\t<div class=\"elementor-element elementor-element-a3e037a elementor-widget elementor-widget-text-editor\" data-id=\"a3e037a\" data-element_type=\"widget\" data-widget_type=\"text-editor.default\">\n\t\t\t\t<div class=\"elementor-widget-container\">\n\t\t\t\t\t\t\t<h5>Seetalplatz 1, 6020 Emmenbr\u00fccke<\/h5>\n\t\t\t\t\t\t<\/div>\n\t\t\t\t<\/div>\n\t\t\t\t\t<\/div>\n\t\t<\/div>\n\t\t\t\t<div class=\"elementor-column elementor-col-50 elementor-top-column elementor-element elementor-element-a77c258\" data-id=\"a77c258\" data-element_type=\"column\">\n\t\t\t<div class=\"elementor-widget-wrap elementor-element-populated\">\n\t\t\t\t\t\t<div class=\"elementor-element elementor-element-e61b11c elementor-widget elementor-widget-google_maps\" data-id=\"e61b11c\" data-element_type=\"widget\" data-widget_type=\"google_maps.default\">\n\t\t\t\t<div class=\"elementor-widget-container\">\n\t\t\t\t\t<div class=\"elementor-custom-embed\">\n\t\t\t<iframe loading=\"lazy\"\n\t\t\t\t\tsrc=\"https:\/\/maps.google.com\/maps?q=blue%20cinema%20maxx&#038;t=m&#038;z=14&#038;output=embed&#038;iwloc=near\"\n\t\t\t\t\ttitle=\"blue cinema maxx\"\n\t\t\t\t\taria-label=\"blue cinema maxx\"\n\t\t\t><\/iframe>\n\t\t<\/div>\n\t\t\t\t<\/div>\n\t\t\t\t<\/div>\n\t\t\t\t\t<\/div>\n\t\t<\/div>\n\t\t\t\t\t<\/div>\n\t\t<\/section>\n\t\t\t\t<\/div>\n\t\t","protected":false},"excerpt":{"rendered":"<p>Lucerne R\u00e9servez votre session R\u00e9server en ligne Jeux Voici comment cela fonctionne Heures d&#8217;ouverture &#038; Prix Choisissez votre session de 30 minutes : soit une exp\u00e9rience VR exclusive (uniquement pour votre groupe), soit une aventure multijoueur (avec d&#8217;autres joueurs). Exp\u00e9rience VR exclusive 1. Session Par session suppl\u00e9mentaire 2 pers. CHF 99.90 CHF 89.90 3-4 pers. [&hellip;]<\/p>\n","protected":false},"author":3,"featured_media":0,"parent":0,"menu_order":0,"comment_status":"closed","ping_status":"closed","template":"template-parts\/template-page-untitled-canvas.php","meta":{"_acf_changed":false,"footnotes":""},"acf":[],"yoast_head":"<!-- This site is optimized with the Yoast SEO Premium plugin v20.11 (Yoast SEO v20.12) - https:\/\/yoast.com\/wordpress\/plugins\/seo\/ -->\r\n<title>VR Luzern - blue Cinema<\/title>\r\n<meta name=\"robots\" content=\"index, follow, max-snippet:-1, max-image-preview:large, max-video-preview:-1\" \/>\r\n<link rel=\"canonical\" href=\"https:\/\/wp-prod.bluecinema.ch\/fr\/vr-luzern\/\" \/>\r\n<meta property=\"og:locale\" content=\"fr_FR\" \/>\r\n<meta property=\"og:type\" content=\"article\" \/>\r\n<meta property=\"og:title\" content=\"VR Luzern - blue Cinema\" \/>\r\n<meta property=\"og:description\" content=\"Lucerne R\u00e9servez votre session R\u00e9server en ligne Jeux Voici comment cela fonctionne Heures d&#8217;ouverture &#038; Prix Choisissez votre session de 30 minutes : soit une exp\u00e9rience VR exclusive (uniquement pour votre groupe), soit une aventure multijoueur (avec d&#8217;autres joueurs). Exp\u00e9rience VR exclusive 1. Session Par session suppl\u00e9mentaire 2 pers. CHF 99.90 CHF 89.90 3-4 pers. [&hellip;]\" \/>\r\n<meta property=\"og:url\" content=\"https:\/\/wp-prod.bluecinema.ch\/fr\/vr-luzern\/\" \/>\r\n<meta property=\"og:site_name\" content=\"blue Cinema\" \/>\r\n<meta property=\"article:modified_time\" content=\"2024-10-29T13:53:31+00:00\" \/>\r\n<meta property=\"og:image\" content=\"https:\/\/wp-prod.bluecinema.ch\/app\/uploads\/2024\/10\/color5-Photo-PRINT-Insta-27-min-scaled-1.jpg\" \/>\r\n<meta name=\"twitter:card\" content=\"summary_large_image\" \/>\r\n<meta name=\"twitter:label1\" content=\"Est. reading time\" \/>\n\t<meta name=\"twitter:data1\" content=\"1 minute\" \/>\r\n<script type=\"application\/ld+json\" class=\"yoast-schema-graph\">{\"@context\":\"https:\/\/schema.org\",\"@graph\":[{\"@type\":\"WebPage\",\"@id\":\"https:\/\/wp-prod.bluecinema.ch\/fr\/vr-luzern\/\",\"url\":\"https:\/\/wp-prod.bluecinema.ch\/fr\/vr-luzern\/\",\"name\":\"VR Luzern - blue Cinema\",\"isPartOf\":{\"@id\":\"https:\/\/wp-prod.bluecinema.ch\/en\/#website\"},\"datePublished\":\"2024-09-12T09:45:27+00:00\",\"dateModified\":\"2024-10-29T13:53:31+00:00\",\"inLanguage\":\"fr-CH\",\"potentialAction\":[{\"@type\":\"ReadAction\",\"target\":[\"https:\/\/wp-prod.bluecinema.ch\/fr\/vr-luzern\/\"]}]},{\"@type\":\"WebSite\",\"@id\":\"https:\/\/wp-prod.bluecinema.ch\/en\/#website\",\"url\":\"https:\/\/wp-prod.bluecinema.ch\/en\/\",\"name\":\"blue Cinema\",\"description\":\"\",\"potentialAction\":[{\"@type\":\"SearchAction\",\"target\":{\"@type\":\"EntryPoint\",\"urlTemplate\":\"https:\/\/wp-prod.bluecinema.ch\/en\/?s={search_term_string}\"},\"query-input\":\"required name=search_term_string\"}],\"inLanguage\":\"fr-CH\"}]}<\/script>\r\n<!-- \/ Yoast SEO Premium plugin. -->","yoast_head_json":{"title":"VR Luzern - blue Cinema","robots":{"index":"index","follow":"follow","max-snippet":"max-snippet:-1","max-image-preview":"max-image-preview:large","max-video-preview":"max-video-preview:-1"},"canonical":"https:\/\/wp-prod.bluecinema.ch\/fr\/vr-luzern\/","og_locale":"fr_FR","og_type":"article","og_title":"VR Luzern - blue Cinema","og_description":"Lucerne R\u00e9servez votre session R\u00e9server en ligne Jeux Voici comment cela fonctionne Heures d&#8217;ouverture &#038; Prix Choisissez votre session de 30 minutes : soit une exp\u00e9rience VR exclusive (uniquement pour votre groupe), soit une aventure multijoueur (avec d&#8217;autres joueurs). Exp\u00e9rience VR exclusive 1. Session Par session suppl\u00e9mentaire 2 pers. CHF 99.90 CHF 89.90 3-4 pers. [&hellip;]","og_url":"https:\/\/wp-prod.bluecinema.ch\/fr\/vr-luzern\/","og_site_name":"blue Cinema","article_modified_time":"2024-10-29T13:53:31+00:00","og_image":[{"url":"https:\/\/wp-prod.bluecinema.ch\/app\/uploads\/2024\/10\/color5-Photo-PRINT-Insta-27-min-scaled-1.jpg"}],"twitter_card":"summary_large_image","twitter_misc":{"Est. reading time":"1 minute"},"schema":{"@context":"https:\/\/schema.org","@graph":[{"@type":"WebPage","@id":"https:\/\/wp-prod.bluecinema.ch\/fr\/vr-luzern\/","url":"https:\/\/wp-prod.bluecinema.ch\/fr\/vr-luzern\/","name":"VR Luzern - blue Cinema","isPartOf":{"@id":"https:\/\/wp-prod.bluecinema.ch\/en\/#website"},"datePublished":"2024-09-12T09:45:27+00:00","dateModified":"2024-10-29T13:53:31+00:00","inLanguage":"fr-CH","potentialAction":[{"@type":"ReadAction","target":["https:\/\/wp-prod.bluecinema.ch\/fr\/vr-luzern\/"]}]},{"@type":"WebSite","@id":"https:\/\/wp-prod.bluecinema.ch\/en\/#website","url":"https:\/\/wp-prod.bluecinema.ch\/en\/","name":"blue Cinema","description":"","potentialAction":[{"@type":"SearchAction","target":{"@type":"EntryPoint","urlTemplate":"https:\/\/wp-prod.bluecinema.ch\/en\/?s={search_term_string}"},"query-input":"required name=search_term_string"}],"inLanguage":"fr-CH"}]}},"_links":{"self":[{"href":"https:\/\/wp-prod.bluecinema.ch\/fr\/wp-json\/wp\/v2\/pages\/56902"}],"collection":[{"href":"https:\/\/wp-prod.bluecinema.ch\/fr\/wp-json\/wp\/v2\/pages"}],"about":[{"href":"https:\/\/wp-prod.bluecinema.ch\/fr\/wp-json\/wp\/v2\/types\/page"}],"author":[{"embeddable":true,"href":"https:\/\/wp-prod.bluecinema.ch\/fr\/wp-json\/wp\/v2\/users\/3"}],"replies":[{"embeddable":true,"href":"https:\/\/wp-prod.bluecinema.ch\/fr\/wp-json\/wp\/v2\/comments?post=56902"}],"version-history":[{"count":49,"href":"https:\/\/wp-prod.bluecinema.ch\/fr\/wp-json\/wp\/v2\/pages\/56902\/revisions"}],"predecessor-version":[{"id":59113,"href":"https:\/\/wp-prod.bluecinema.ch\/fr\/wp-json\/wp\/v2\/pages\/56902\/revisions\/59113"}],"wp:attachment":[{"href":"https:\/\/wp-prod.bluecinema.ch\/fr\/wp-json\/wp\/v2\/media?parent=56902"}],"curies":[{"name":"wp","href":"https:\/\/api.w.org\/{rel}","templated":true}]}}