{"id":5996,"date":"2021-08-24T07:05:41","date_gmt":"2021-08-24T07:05:41","guid":{"rendered":"https:\/\/wp-prod.bluecinema.ch\/?page_id=5996"},"modified":"2024-08-19T12:46:53","modified_gmt":"2024-08-19T12:46:53","slug":"lu-capitol","status":"publish","type":"page","link":"https:\/\/wp-prod.bluecinema.ch\/fr\/cinemas-fr\/lu-capitol\/","title":{"rendered":"Lucerne Capitol"},"content":{"rendered":"\t\t<div data-elementor-type=\"wp-page\" data-elementor-id=\"5996\" class=\"elementor elementor-5996\" data-elementor-post-type=\"page\">\n\t\t\t\t\t\t<section class=\"elementor-section elementor-top-section elementor-element elementor-element-ceb1ba9 elementor-section-height-min-height elementor-section-stretched elementor-section-items-stretch elementor-section-content-middle elementor-section-boxed elementor-section-height-default\" data-id=\"ceb1ba9\" data-element_type=\"section\" data-settings=\"{&quot;stretch_section&quot;:&quot;section-stretched&quot;,&quot;background_background&quot;:&quot;classic&quot;}\">\n\t\t\t\t\t\t\t<div class=\"elementor-background-overlay\"><\/div>\n\t\t\t\t\t\t\t<div class=\"elementor-container elementor-column-gap-default\">\n\t\t\t\t\t<div class=\"elementor-column elementor-col-100 elementor-top-column elementor-element elementor-element-502c76e\" data-id=\"502c76e\" data-element_type=\"column\">\n\t\t\t<div class=\"elementor-widget-wrap\">\n\t\t\t\t\t\t\t<\/div>\n\t\t<\/div>\n\t\t\t\t\t<\/div>\n\t\t<\/section>\n\t\t\t\t<section class=\"elementor-section elementor-top-section elementor-element elementor-element-56a158e elementor-section-boxed elementor-section-height-default elementor-section-height-default\" data-id=\"56a158e\" data-element_type=\"section\">\n\t\t\t\t\t\t<div class=\"elementor-container elementor-column-gap-default\">\n\t\t\t\t\t<div class=\"elementor-column elementor-col-100 elementor-top-column elementor-element elementor-element-c356894\" data-id=\"c356894\" data-element_type=\"column\">\n\t\t\t<div class=\"elementor-widget-wrap elementor-element-populated\">\n\t\t\t\t\t\t<div class=\"elementor-element elementor-element-5bf3bf9 elementor-widget elementor-widget-spacer\" data-id=\"5bf3bf9\" data-element_type=\"widget\" data-widget_type=\"spacer.default\">\n\t\t\t\t<div class=\"elementor-widget-container\">\n\t\t\t\t\t<div class=\"elementor-spacer\">\n\t\t\t<div class=\"elementor-spacer-inner\"><\/div>\n\t\t<\/div>\n\t\t\t\t<\/div>\n\t\t\t\t<\/div>\n\t\t\t\t<div class=\"elementor-element elementor-element-d82aca5 elementor-widget elementor-widget-text-editor\" data-id=\"d82aca5\" data-element_type=\"widget\" data-widget_type=\"text-editor.default\">\n\t\t\t\t<div class=\"elementor-widget-container\">\n\t\t\t\t\t\t\t<h1>Capitol Lucerne<\/h1>\t\t\t\t\t\t<\/div>\n\t\t\t\t<\/div>\n\t\t\t\t\t<\/div>\n\t\t<\/div>\n\t\t\t\t\t<\/div>\n\t\t<\/section>\n\t\t\t\t<section class=\"elementor-section elementor-top-section elementor-element elementor-element-0cce906 elementor-section-boxed elementor-section-height-default elementor-section-height-default\" data-id=\"0cce906\" data-element_type=\"section\">\n\t\t\t\t\t\t<div class=\"elementor-container elementor-column-gap-default\">\n\t\t\t\t\t<div class=\"elementor-column elementor-col-50 elementor-top-column elementor-element elementor-element-c7e4854\" data-id=\"c7e4854\" data-element_type=\"column\">\n\t\t\t<div class=\"elementor-widget-wrap elementor-element-populated\">\n\t\t\t\t\t\t<div class=\"elementor-element elementor-element-ad9ec4c elementor-widget elementor-widget-text-editor\" data-id=\"ad9ec4c\" data-element_type=\"widget\" data-widget_type=\"text-editor.default\">\n\t\t\t\t<div class=\"elementor-widget-container\">\n\t\t\t\t\t\t\t<p>Le cin\u00e9ma Capitol a ouvert ses portes en 1932 et fait aujourd&#8217;hui partie, avec le Moderne, des salles traditionnelles de la ville de Lucerne. Depuis 2008, le Capitol, avec ses 6 salles et ses 865 places, fait partie du groupe blue Cinema et est \u00e9quip\u00e9 de la technologie num\u00e9rique et 3D.<\/p>\t\t\t\t\t\t<\/div>\n\t\t\t\t<\/div>\n\t\t\t\t<div class=\"elementor-element elementor-element-ae608fe elementor-align-left elementor-icon-list--layout-traditional elementor-list-item-link-full_width elementor-widget elementor-widget-icon-list\" data-id=\"ae608fe\" data-element_type=\"widget\" data-widget_type=\"icon-list.default\">\n\t\t\t\t<div class=\"elementor-widget-container\">\n\t\t\t\t\t<ul class=\"elementor-icon-list-items\">\n\t\t\t\t\t\t\t<li class=\"elementor-icon-list-item\">\n\t\t\t\t\t\t\t\t\t\t\t<a href=\"#elementor-action%3Aaction%3Dpopup%3Aopen%26settings%3DeyJpZCI6MzM2MjEsInRvZ2dsZSI6ZmFsc2V9\">\n\n\t\t\t\t\t\t\t\t\t\t\t\t<span class=\"elementor-icon-list-icon\">\n\t\t\t\t\t\t\t<svg xmlns=\"http:\/\/www.w3.org\/2000\/svg\" viewBox=\"0 0 30 30\"><g fill=\"#333\"><path d=\"M8 19c-.6 0-1 .4-1 1v2c0 .6.4 1 1 1s1-.4 1-1v-2c0-.6-.4-1-1-1zM12 20h8.5c.6 0 1-.4 1-1s-.4-1-1-1H12c-.6 0-1 .4-1 1s.4 1 1 1zM19.5 22c-.6 0-1 .4-1 1s.4 1 1 1H21c.6 0 1-.4 1-1s-.4-1-1-1h-1.5zM16 22h-.5c-.6 0-1 .4-1 1s.4 1 1 1h.5c.6 0 1-.4 1-1s-.4-1-1-1zM11.9 13.4c.1 0 .3 0 .4-.1L20 9.7c.5-.2.7-.8.5-1.3s-.8-.7-1.3-.5l-7.7 3.6c-.5.2-.7.8-.5 1.3.1.3.5.6.9.6zM19.5 13.2c.2.4.5.6.9.6.1 0 .3 0 .4-.1l1.4-.6c.5-.2.7-.8.5-1.3s-.8-.7-1.3-.5l-1.4.6c-.6.2-.8.8-.5 1.3z\" style=\"fill: #ffffff;\"><\/path><path d=\"M27.9 13.7L22.8 2.8c-.2-.5-.8-.7-1.3-.5L3 11c-.2.1-.4.3-.5.6-.1.2-.1.5 0 .8l.8 1.6H3c-.6 0-1 .4-1 1v12c0 .6.4 1 1 1h22c.6 0 1-.4 1-1V15.7l1.4-.7c.2-.1.4-.3.5-.6.1-.2.1-.5 0-.7zM4.7 12.4l1.8-.9.3.5c.2.4.5.6.9.6.1 0 .3 0 .4-.1.5-.2.7-.8.5-1.3l-.2-.5 13.1-6.1 4.2 9.1-.8.3h-6.7v-.1c-.2-.5-.8-.7-1.3-.5l-.5.2c-.2.1-.3.2-.4.4H9.8c-.3-.3-.7-.4-1.1-.2-.1 0-.2.1-.3.2h-3l-.7-1.6zM24 26H9v-.5c0-.6-.4-1-1-1s-1 .4-1 1v.5H4V16h3v.5c0 .6.4 1 1 1s1-.4 1-1V16h15v10z\" style=\"fill: #ffffff;\"><\/path><\/g><\/svg>\t\t\t\t\t\t<\/span>\n\t\t\t\t\t\t\t\t\t\t<span class=\"elementor-icon-list-text\">Prix<\/span>\n\t\t\t\t\t\t\t\t\t\t\t<\/a>\n\t\t\t\t\t\t\t\t\t<\/li>\n\t\t\t\t\t\t<\/ul>\n\t\t\t\t<\/div>\n\t\t\t\t<\/div>\n\t\t\t\t\t<\/div>\n\t\t<\/div>\n\t\t\t\t<div class=\"elementor-column elementor-col-50 elementor-top-column elementor-element elementor-element-edbd3d0\" data-id=\"edbd3d0\" data-element_type=\"column\">\n\t\t\t<div class=\"elementor-widget-wrap\">\n\t\t\t\t\t\t\t<\/div>\n\t\t<\/div>\n\t\t\t\t\t<\/div>\n\t\t<\/section>\n\t\t\t\t<section class=\"elementor-section elementor-top-section elementor-element elementor-element-46d684b elementor-section-boxed elementor-section-height-default elementor-section-height-default\" data-id=\"46d684b\" data-element_type=\"section\">\n\t\t\t\t\t\t<div class=\"elementor-container elementor-column-gap-default\">\n\t\t\t\t\t<div class=\"elementor-column elementor-col-100 elementor-top-column elementor-element elementor-element-90ec310\" data-id=\"90ec310\" data-element_type=\"column\">\n\t\t\t<div class=\"elementor-widget-wrap elementor-element-populated\">\n\t\t\t\t\t\t<div class=\"elementor-element elementor-element-3f8b3fe elementor-widget-divider--view-line elementor-widget elementor-widget-divider\" data-id=\"3f8b3fe\" data-element_type=\"widget\" data-widget_type=\"divider.default\">\n\t\t\t\t<div class=\"elementor-widget-container\">\n\t\t\t\t\t<div class=\"elementor-divider\">\n\t\t\t<span class=\"elementor-divider-separator\">\n\t\t\t\t\t\t<\/span>\n\t\t<\/div>\n\t\t\t\t<\/div>\n\t\t\t\t<\/div>\n\t\t\t\t<div class=\"elementor-element elementor-element-ceefac3 elementor-icon-list--layout-inline elementor-align-left elementor-hidden-mobile elementor-list-item-link-full_width elementor-widget elementor-widget-icon-list\" data-id=\"ceefac3\" data-element_type=\"widget\" data-widget_type=\"icon-list.default\">\n\t\t\t\t<div class=\"elementor-widget-container\">\n\t\t\t\t\t<ul class=\"elementor-icon-list-items elementor-inline-items\">\n\t\t\t\t\t\t\t<li class=\"elementor-icon-list-item elementor-inline-item\">\n\t\t\t\t\t\t\t\t\t\t\t<span class=\"elementor-icon-list-icon\">\n\t\t\t\t\t\t\t<i aria-hidden=\"true\" class=\"far fa-building\"><\/i>\t\t\t\t\t\t<\/span>\n\t\t\t\t\t\t\t\t\t\t<span class=\"elementor-icon-list-text\">6 Salles<\/span>\n\t\t\t\t\t\t\t\t\t<\/li>\n\t\t\t\t\t\t\t\t<li class=\"elementor-icon-list-item elementor-inline-item\">\n\t\t\t\t\t\t\t\t\t\t\t<span class=\"elementor-icon-list-icon\">\n\t\t\t\t\t\t\t<i aria-hidden=\"true\" class=\"fas fa-user-friends\"><\/i>\t\t\t\t\t\t<\/span>\n\t\t\t\t\t\t\t\t\t\t<span class=\"elementor-icon-list-text\">861 Places assises<\/span>\n\t\t\t\t\t\t\t\t\t<\/li>\n\t\t\t\t\t\t\t\t<li class=\"elementor-icon-list-item elementor-inline-item\">\n\t\t\t\t\t\t\t\t\t\t\t<span class=\"elementor-icon-list-icon\">\n\t\t\t\t\t\t\t<i aria-hidden=\"true\" class=\"fas fa-parking\"><\/i>\t\t\t\t\t\t<\/span>\n\t\t\t\t\t\t\t\t\t\t<span class=\"elementor-icon-list-text\">Parkings couverts<\/span>\n\t\t\t\t\t\t\t\t\t<\/li>\n\t\t\t\t\t\t\t\t<li class=\"elementor-icon-list-item elementor-inline-item\">\n\t\t\t\t\t\t\t\t\t\t\t<span class=\"elementor-icon-list-icon\">\n\t\t\t\t\t\t\t<i aria-hidden=\"true\" class=\"fas fa-wheelchair\"><\/i>\t\t\t\t\t\t<\/span>\n\t\t\t\t\t\t\t\t\t\t<span class=\"elementor-icon-list-text\">Accessible<\/span>\n\t\t\t\t\t\t\t\t\t<\/li>\n\t\t\t\t\t\t<\/ul>\n\t\t\t\t<\/div>\n\t\t\t\t<\/div>\n\t\t\t\t<div class=\"elementor-element elementor-element-1a89e40 elementor-align-left elementor-hidden-desktop elementor-hidden-tablet elementor-icon-list--layout-traditional elementor-list-item-link-full_width elementor-widget elementor-widget-icon-list\" data-id=\"1a89e40\" data-element_type=\"widget\" data-widget_type=\"icon-list.default\">\n\t\t\t\t<div class=\"elementor-widget-container\">\n\t\t\t\t\t<ul class=\"elementor-icon-list-items\">\n\t\t\t\t\t\t\t<li class=\"elementor-icon-list-item\">\n\t\t\t\t\t\t\t\t\t\t\t<span class=\"elementor-icon-list-icon\">\n\t\t\t\t\t\t\t<i aria-hidden=\"true\" class=\"far fa-building\"><\/i>\t\t\t\t\t\t<\/span>\n\t\t\t\t\t\t\t\t\t\t<span class=\"elementor-icon-list-text\">6 Salles<\/span>\n\t\t\t\t\t\t\t\t\t<\/li>\n\t\t\t\t\t\t\t\t<li class=\"elementor-icon-list-item\">\n\t\t\t\t\t\t\t\t\t\t\t<span class=\"elementor-icon-list-icon\">\n\t\t\t\t\t\t\t<i aria-hidden=\"true\" class=\"fas fa-user-friends\"><\/i>\t\t\t\t\t\t<\/span>\n\t\t\t\t\t\t\t\t\t\t<span class=\"elementor-icon-list-text\">861 Places assises<\/span>\n\t\t\t\t\t\t\t\t\t<\/li>\n\t\t\t\t\t\t\t\t<li class=\"elementor-icon-list-item\">\n\t\t\t\t\t\t\t\t\t\t\t<span class=\"elementor-icon-list-icon\">\n\t\t\t\t\t\t\t<i aria-hidden=\"true\" class=\"fas fa-parking\"><\/i>\t\t\t\t\t\t<\/span>\n\t\t\t\t\t\t\t\t\t\t<span class=\"elementor-icon-list-text\">Parkings couverts<\/span>\n\t\t\t\t\t\t\t\t\t<\/li>\n\t\t\t\t\t\t\t\t<li class=\"elementor-icon-list-item\">\n\t\t\t\t\t\t\t\t\t\t\t<span class=\"elementor-icon-list-icon\">\n\t\t\t\t\t\t\t<i aria-hidden=\"true\" class=\"fas fa-wheelchair\"><\/i>\t\t\t\t\t\t<\/span>\n\t\t\t\t\t\t\t\t\t\t<span class=\"elementor-icon-list-text\">Accessible<\/span>\n\t\t\t\t\t\t\t\t\t<\/li>\n\t\t\t\t\t\t<\/ul>\n\t\t\t\t<\/div>\n\t\t\t\t<\/div>\n\t\t\t\t\t<\/div>\n\t\t<\/div>\n\t\t\t\t\t<\/div>\n\t\t<\/section>\n\t\t\t\t<section class=\"elementor-section elementor-top-section elementor-element elementor-element-b4850f2 elementor-section-boxed elementor-section-height-default elementor-section-height-default\" data-id=\"b4850f2\" data-element_type=\"section\">\n\t\t\t\t\t\t<div class=\"elementor-container elementor-column-gap-default\">\n\t\t\t\t\t<div class=\"elementor-column elementor-col-100 elementor-top-column elementor-element elementor-element-812b1fd\" data-id=\"812b1fd\" data-element_type=\"column\">\n\t\t\t<div class=\"elementor-widget-wrap elementor-element-populated\">\n\t\t\t\t\t\t<div class=\"elementor-element elementor-element-6cf37eb elementor-widget-divider--view-line_text elementor-widget-divider--element-align-left elementor-widget elementor-widget-divider\" data-id=\"6cf37eb\" data-element_type=\"widget\" data-widget_type=\"divider.default\">\n\t\t\t\t<div class=\"elementor-widget-container\">\n\t\t\t\t\t<div class=\"elementor-divider\">\n\t\t\t<span class=\"elementor-divider-separator\">\n\t\t\t\t\t\t\t<span class=\"elementor-divider__text elementor-divider__element\">\n\t\t\t\tTu nous trouveras ici\t\t\t\t<\/span>\n\t\t\t\t\t\t<\/span>\n\t\t<\/div>\n\t\t\t\t<\/div>\n\t\t\t\t<\/div>\n\t\t\t\t<div class=\"elementor-element elementor-element-3d19f1a elementor-widget elementor-widget-text-editor\" data-id=\"3d19f1a\" data-element_type=\"widget\" data-widget_type=\"text-editor.default\">\n\t\t\t\t<div class=\"elementor-widget-container\">\n\t\t\t\t\t\t\t<p>Zentralstrasse 45, 6003 Luzern<\/p>\t\t\t\t\t\t<\/div>\n\t\t\t\t<\/div>\n\t\t\t\t<div class=\"elementor-element elementor-element-d88b311 elementor-widget elementor-widget-google_maps\" data-id=\"d88b311\" data-element_type=\"widget\" data-widget_type=\"google_maps.default\">\n\t\t\t\t<div class=\"elementor-widget-container\">\n\t\t\t\t\t<div class=\"elementor-custom-embed\">\n\t\t\t<iframe loading=\"lazy\"\n\t\t\t\t\tsrc=\"https:\/\/maps.google.com\/maps?q=Capitol%20Luzern%20Zentralstrasse%2045%206003%20Luzern&#038;t=m&#038;z=14&#038;output=embed&#038;iwloc=near\"\n\t\t\t\t\ttitle=\"Capitol Luzern Zentralstrasse 45 6003 Luzern\"\n\t\t\t\t\taria-label=\"Capitol Luzern Zentralstrasse 45 6003 Luzern\"\n\t\t\t><\/iframe>\n\t\t<\/div>\n\t\t\t\t<\/div>\n\t\t\t\t<\/div>\n\t\t\t\t\t<\/div>\n\t\t<\/div>\n\t\t\t\t\t<\/div>\n\t\t<\/section>\n\t\t\t\t<section class=\"elementor-section elementor-top-section elementor-element elementor-element-1fd1fd8 elementor-section-boxed elementor-section-height-default elementor-section-height-default\" data-id=\"1fd1fd8\" data-element_type=\"section\">\n\t\t\t\t\t\t<div class=\"elementor-container elementor-column-gap-default\">\n\t\t\t\t\t<div class=\"elementor-column elementor-col-100 elementor-top-column elementor-element elementor-element-f29bf25\" data-id=\"f29bf25\" data-element_type=\"column\">\n\t\t\t<div class=\"elementor-widget-wrap elementor-element-populated\">\n\t\t\t\t\t\t<div class=\"elementor-element elementor-element-163c29f elementor-widget elementor-widget-spacer\" data-id=\"163c29f\" data-element_type=\"widget\" data-widget_type=\"spacer.default\">\n\t\t\t\t<div class=\"elementor-widget-container\">\n\t\t\t\t\t<div class=\"elementor-spacer\">\n\t\t\t<div class=\"elementor-spacer-inner\"><\/div>\n\t\t<\/div>\n\t\t\t\t<\/div>\n\t\t\t\t<\/div>\n\t\t\t\t\t<\/div>\n\t\t<\/div>\n\t\t\t\t\t<\/div>\n\t\t<\/section>\n\t\t\t\t<\/div>\n\t\t","protected":false},"excerpt":{"rendered":"<p>Capitol Lucerne Le cin\u00e9ma Capitol a ouvert ses portes en 1932 et fait aujourd&#8217;hui partie, avec le Moderne, des salles traditionnelles de la ville de Lucerne. Depuis 2008, le Capitol, avec ses 6 salles et ses 865 places, fait partie du groupe blue Cinema et est \u00e9quip\u00e9 de la technologie num\u00e9rique et 3D. Prix 6 [&hellip;]<\/p>\n","protected":false},"author":1,"featured_media":0,"parent":4313,"menu_order":0,"comment_status":"closed","ping_status":"closed","template":"template-parts\/template-page-untitled-full.php","meta":{"_acf_changed":false,"footnotes":""},"acf":[],"yoast_head":"<!-- This site is optimized with the Yoast SEO Premium plugin v20.11 (Yoast SEO v20.12) - https:\/\/yoast.com\/wordpress\/plugins\/seo\/ -->\r\n<title>Capitol Lucerne: Tradition &amp; Modernit\u00e9 | blue cinema<\/title>\r\n<meta name=\"description\" content=\"Le cin\u00e9ma Capitol \u00e0 Lucerne: la tradition rencontre la technologie moderne pour te faire vivre une exp\u00e9rience cin\u00e9matographique incomparable. Ach\u00e8te ton billet maintenant!\" \/>\r\n<meta name=\"robots\" content=\"index, follow, max-snippet:-1, max-image-preview:large, max-video-preview:-1\" \/>\r\n<link rel=\"canonical\" href=\"https:\/\/wp-prod.bluecinema.ch\/en\/cinemas-en\/lucerne-capitol\/\" \/>\r\n<meta property=\"og:locale\" content=\"fr_FR\" \/>\r\n<meta property=\"og:type\" content=\"article\" \/>\r\n<meta property=\"og:title\" content=\"Capitol Lucerne: Tradition &amp; Modernit\u00e9 | blue cinema\" \/>\r\n<meta property=\"og:description\" content=\"Le cin\u00e9ma Capitol \u00e0 Lucerne: la tradition rencontre la technologie moderne pour te faire vivre une exp\u00e9rience cin\u00e9matographique incomparable. Ach\u00e8te ton billet maintenant!\" \/>\r\n<meta property=\"og:url\" content=\"https:\/\/wp-prod.bluecinema.ch\/en\/cinemas-en\/lucerne-capitol\/\" \/>\r\n<meta property=\"og:site_name\" content=\"blue Cinema\" \/>\r\n<meta property=\"article:modified_time\" content=\"2024-08-19T12:46:53+00:00\" \/>\r\n<meta name=\"twitter:card\" content=\"summary_large_image\" \/>\r\n<meta name=\"twitter:label1\" content=\"Est. reading time\" \/>\n\t<meta name=\"twitter:data1\" content=\"1 minute\" \/>\r\n<script type=\"application\/ld+json\" class=\"yoast-schema-graph\">{\"@context\":\"https:\/\/schema.org\",\"@graph\":[{\"@type\":\"WebPage\",\"@id\":\"https:\/\/wp-prod.bluecinema.ch\/en\/cinemas-en\/lucerne-capitol\/\",\"url\":\"https:\/\/wp-prod.bluecinema.ch\/en\/cinemas-en\/lucerne-capitol\/\",\"name\":\"Capitol Lucerne: Tradition & Modernit\u00e9 | blue cinema\",\"isPartOf\":{\"@id\":\"https:\/\/wp-prod.bluecinema.ch\/en\/#website\"},\"datePublished\":\"2021-08-24T07:05:41+00:00\",\"dateModified\":\"2024-08-19T12:46:53+00:00\",\"description\":\"Le cin\u00e9ma Capitol \u00e0 Lucerne: la tradition rencontre la technologie moderne pour te faire vivre une exp\u00e9rience cin\u00e9matographique incomparable. Ach\u00e8te ton billet maintenant!\",\"breadcrumb\":{\"@id\":\"https:\/\/wp-prod.bluecinema.ch\/en\/cinemas-en\/lucerne-capitol\/#breadcrumb\"},\"inLanguage\":\"fr-CH\",\"potentialAction\":[{\"@type\":\"ReadAction\",\"target\":[\"https:\/\/wp-prod.bluecinema.ch\/en\/cinemas-en\/lucerne-capitol\/\"]}]},{\"@type\":\"BreadcrumbList\",\"@id\":\"https:\/\/wp-prod.bluecinema.ch\/en\/cinemas-en\/lucerne-capitol\/#breadcrumb\",\"itemListElement\":[{\"@type\":\"ListItem\",\"position\":1,\"name\":\"Cinemas-FR\",\"item\":\"https:\/\/wp-prod.bluecinema.ch\/fr\/cinemas-fr\/\"},{\"@type\":\"ListItem\",\"position\":2,\"name\":\"Lucerne Capitol\"}]},{\"@type\":\"WebSite\",\"@id\":\"https:\/\/wp-prod.bluecinema.ch\/en\/#website\",\"url\":\"https:\/\/wp-prod.bluecinema.ch\/en\/\",\"name\":\"blue Cinema\",\"description\":\"\",\"potentialAction\":[{\"@type\":\"SearchAction\",\"target\":{\"@type\":\"EntryPoint\",\"urlTemplate\":\"https:\/\/wp-prod.bluecinema.ch\/en\/?s={search_term_string}\"},\"query-input\":\"required name=search_term_string\"}],\"inLanguage\":\"fr-CH\"}]}<\/script>\r\n<!-- \/ Yoast SEO Premium plugin. -->","yoast_head_json":{"title":"Capitol Lucerne: Tradition & Modernit\u00e9 | blue cinema","description":"Le cin\u00e9ma Capitol \u00e0 Lucerne: la tradition rencontre la technologie moderne pour te faire vivre une exp\u00e9rience cin\u00e9matographique incomparable. Ach\u00e8te ton billet maintenant!","robots":{"index":"index","follow":"follow","max-snippet":"max-snippet:-1","max-image-preview":"max-image-preview:large","max-video-preview":"max-video-preview:-1"},"canonical":"https:\/\/wp-prod.bluecinema.ch\/en\/cinemas-en\/lucerne-capitol\/","og_locale":"fr_FR","og_type":"article","og_title":"Capitol Lucerne: Tradition & Modernit\u00e9 | blue cinema","og_description":"Le cin\u00e9ma Capitol \u00e0 Lucerne: la tradition rencontre la technologie moderne pour te faire vivre une exp\u00e9rience cin\u00e9matographique incomparable. Ach\u00e8te ton billet maintenant!","og_url":"https:\/\/wp-prod.bluecinema.ch\/en\/cinemas-en\/lucerne-capitol\/","og_site_name":"blue Cinema","article_modified_time":"2024-08-19T12:46:53+00:00","twitter_card":"summary_large_image","twitter_misc":{"Est. reading time":"1 minute"},"schema":{"@context":"https:\/\/schema.org","@graph":[{"@type":"WebPage","@id":"https:\/\/wp-prod.bluecinema.ch\/en\/cinemas-en\/lucerne-capitol\/","url":"https:\/\/wp-prod.bluecinema.ch\/en\/cinemas-en\/lucerne-capitol\/","name":"Capitol Lucerne: Tradition & Modernit\u00e9 | blue cinema","isPartOf":{"@id":"https:\/\/wp-prod.bluecinema.ch\/en\/#website"},"datePublished":"2021-08-24T07:05:41+00:00","dateModified":"2024-08-19T12:46:53+00:00","description":"Le cin\u00e9ma Capitol \u00e0 Lucerne: la tradition rencontre la technologie moderne pour te faire vivre une exp\u00e9rience cin\u00e9matographique incomparable. Ach\u00e8te ton billet maintenant!","breadcrumb":{"@id":"https:\/\/wp-prod.bluecinema.ch\/en\/cinemas-en\/lucerne-capitol\/#breadcrumb"},"inLanguage":"fr-CH","potentialAction":[{"@type":"ReadAction","target":["https:\/\/wp-prod.bluecinema.ch\/en\/cinemas-en\/lucerne-capitol\/"]}]},{"@type":"BreadcrumbList","@id":"https:\/\/wp-prod.bluecinema.ch\/en\/cinemas-en\/lucerne-capitol\/#breadcrumb","itemListElement":[{"@type":"ListItem","position":1,"name":"Cinemas-FR","item":"https:\/\/wp-prod.bluecinema.ch\/fr\/cinemas-fr\/"},{"@type":"ListItem","position":2,"name":"Lucerne Capitol"}]},{"@type":"WebSite","@id":"https:\/\/wp-prod.bluecinema.ch\/en\/#website","url":"https:\/\/wp-prod.bluecinema.ch\/en\/","name":"blue Cinema","description":"","potentialAction":[{"@type":"SearchAction","target":{"@type":"EntryPoint","urlTemplate":"https:\/\/wp-prod.bluecinema.ch\/en\/?s={search_term_string}"},"query-input":"required name=search_term_string"}],"inLanguage":"fr-CH"}]}},"_links":{"self":[{"href":"https:\/\/wp-prod.bluecinema.ch\/fr\/wp-json\/wp\/v2\/pages\/5996"}],"collection":[{"href":"https:\/\/wp-prod.bluecinema.ch\/fr\/wp-json\/wp\/v2\/pages"}],"about":[{"href":"https:\/\/wp-prod.bluecinema.ch\/fr\/wp-json\/wp\/v2\/types\/page"}],"author":[{"embeddable":true,"href":"https:\/\/wp-prod.bluecinema.ch\/fr\/wp-json\/wp\/v2\/users\/1"}],"replies":[{"embeddable":true,"href":"https:\/\/wp-prod.bluecinema.ch\/fr\/wp-json\/wp\/v2\/comments?post=5996"}],"version-history":[{"count":9,"href":"https:\/\/wp-prod.bluecinema.ch\/fr\/wp-json\/wp\/v2\/pages\/5996\/revisions"}],"predecessor-version":[{"id":56323,"href":"https:\/\/wp-prod.bluecinema.ch\/fr\/wp-json\/wp\/v2\/pages\/5996\/revisions\/56323"}],"up":[{"embeddable":true,"href":"https:\/\/wp-prod.bluecinema.ch\/fr\/wp-json\/wp\/v2\/pages\/4313"}],"wp:attachment":[{"href":"https:\/\/wp-prod.bluecinema.ch\/fr\/wp-json\/wp\/v2\/media?parent=5996"}],"curies":[{"name":"wp","href":"https:\/\/api.w.org\/{rel}","templated":true}]}}