{"id":6044,"date":"2021-08-24T08:14:49","date_gmt":"2021-08-24T08:14:49","guid":{"rendered":"https:\/\/wp-prod.bluecinema.ch\/programme-de-la-semaine\/"},"modified":"2024-12-03T09:52:38","modified_gmt":"2024-12-03T09:52:38","slug":"programme-de-la-semaine","status":"publish","type":"page","link":"https:\/\/wp-prod.bluecinema.ch\/fr\/programme-de-la-semaine\/","title":{"rendered":"Programme de la semaine"},"content":{"rendered":"\t\t<div data-elementor-type=\"wp-page\" data-elementor-id=\"6044\" class=\"elementor elementor-6044 elementor-17\" data-elementor-post-type=\"page\">\n\t\t\t\t\t\t<section class=\"elementor-section elementor-top-section elementor-element elementor-element-4e2357b elementor-section-full_width elementor-section-height-default elementor-section-height-default\" data-id=\"4e2357b\" data-element_type=\"section\" data-settings=\"{&quot;background_background&quot;:&quot;classic&quot;}\">\n\t\t\t\t\t\t<div class=\"elementor-container elementor-column-gap-default\">\n\t\t\t\t\t<div class=\"elementor-column elementor-col-100 elementor-top-column elementor-element elementor-element-0e6e973\" data-id=\"0e6e973\" data-element_type=\"column\">\n\t\t\t<div class=\"elementor-widget-wrap elementor-element-populated\">\n\t\t\t\t\t\t<div class=\"elementor-element elementor-element-15df1aa elementor-widget elementor-widget-text-editor\" data-id=\"15df1aa\" data-element_type=\"widget\" data-widget_type=\"text-editor.default\">\n\t\t\t\t<div class=\"elementor-widget-container\">\n\t\t\t\t\t\t\t<h1>Programme de la semaine<\/h1>\t\t\t\t\t\t<\/div>\n\t\t\t\t<\/div>\n\t\t\t\t\t<\/div>\n\t\t<\/div>\n\t\t\t\t\t<\/div>\n\t\t<\/section>\n\t\t\t\t<section class=\"elementor-section elementor-top-section elementor-element elementor-element-891e6f0 elementor-section-full_width elementor-section-height-default elementor-section-height-default\" data-id=\"891e6f0\" data-element_type=\"section\" data-settings=\"{&quot;background_background&quot;:&quot;classic&quot;,&quot;sticky&quot;:&quot;top&quot;,&quot;sticky_on&quot;:[&quot;desktop&quot;,&quot;tablet&quot;,&quot;mobile&quot;],&quot;sticky_offset&quot;:0,&quot;sticky_effects_offset&quot;:0}\">\n\t\t\t\t\t\t<div class=\"elementor-container elementor-column-gap-default\">\n\t\t\t\t\t<div class=\"elementor-column elementor-col-100 elementor-top-column elementor-element elementor-element-ce306a6\" data-id=\"ce306a6\" data-element_type=\"column\" data-settings=\"{&quot;background_background&quot;:&quot;classic&quot;,&quot;background_motion_fx_motion_fx_scrolling&quot;:&quot;yes&quot;,&quot;background_motion_fx_opacity_effect&quot;:&quot;yes&quot;,&quot;background_motion_fx_opacity_range&quot;:{&quot;unit&quot;:&quot;%&quot;,&quot;size&quot;:&quot;&quot;,&quot;sizes&quot;:{&quot;start&quot;:1,&quot;end&quot;:2}},&quot;background_motion_fx_opacity_direction&quot;:&quot;out-in&quot;,&quot;background_motion_fx_opacity_level&quot;:{&quot;unit&quot;:&quot;px&quot;,&quot;size&quot;:10,&quot;sizes&quot;:[]},&quot;background_motion_fx_devices&quot;:[&quot;desktop&quot;,&quot;tablet&quot;,&quot;mobile&quot;]}\">\n\t\t\t<div class=\"elementor-widget-wrap elementor-element-populated\">\n\t\t\t\t\t\t<div class=\"elementor-element elementor-element-7578946 elementor-widget elementor-widget-html\" data-id=\"7578946\" data-element_type=\"widget\" data-widget_type=\"html.default\">\n\t\t\t\t<div class=\"elementor-widget-container\">\n\t\t\t<style>\n .button-container {\n   text-align: left; \/* \u00c4nderung f\u00fcr die linksb\u00fcndige Ausrichtung *\/\n   \n }\n .btn {\n   display: inline-block;\n   padding: 4px 24px; \/* Etwas kleineres Padding *\/\n   margin: 4px; \/* Kleinerer Margin *\/\n   border: 1px solid transparent;\n   border-radius: 3px;\n   transition: background-color 0.3s, border-color 0.3s, color 0.3s;\n   text-decoration: none;\n   color: inherit;\n   font-size: 16px; \/* Angepasste Schriftgr\u00f6\u00dfe *\/\n }\n .btn:hover {\n   background-color: #0A71E9;\n   color: white;\n      border-color: #0A71E9;\n }\n .btn-blue {\n   background-color: #0A71E9;\n   color: white;\n   border-color: #0A71E9;\n }\n .btn-outline {\n   border-color: white;\n }\n @media (max-width: 600px) {\n   .btn {\n     padding: 2px 12px; \/* Noch kleineres Padding f\u00fcr Mobilger\u00e4te *\/\n     font-size: 14px; \/* Kleinere Schriftgr\u00f6\u00dfe f\u00fcr Mobilger\u00e4te *\/\n   }\n }\n<\/style>\n<div class=\"button-container\">\n<a href=\"https:\/\/wp-prod.bluecinema.ch\/fr\/daily-program\/\"style=\"color: white\" class=\"btn btn-outline\">Aujourd\u2019hui<\/a>\n<a href=\"https:\/\/wp-prod.bluecinema.ch\/fr\/programme-de-la-semaine\/\"style=\"color: white\"  class=\"btn btn-blue\">Cette semaine<\/a>\n<a href=\"https:\/\/wp-prod.bluecinema.ch\/fr\/coming-soon\/\" class=\"btn btn-outline\"style=\"color: white\" >Prochainement<\/a>\n<\/div>\t\t<\/div>\n\t\t\t\t<\/div>\n\t\t\t\t\t<\/div>\n\t\t<\/div>\n\t\t\t\t\t<\/div>\n\t\t<\/section>\n\t\t\t\t<section class=\"elementor-section elementor-top-section elementor-element elementor-element-3384888f elementor-section-full_width elementor-section-height-default elementor-section-height-default\" data-id=\"3384888f\" data-element_type=\"section\">\n\t\t\t\t\t\t<div class=\"elementor-container elementor-column-gap-default\">\n\t\t\t\t\t<div class=\"elementor-column elementor-col-100 elementor-top-column elementor-element elementor-element-6ff2e483\" data-id=\"6ff2e483\" data-element_type=\"column\">\n\t\t\t<div class=\"elementor-widget-wrap elementor-element-populated\">\n\t\t\t\t\t\t<div class=\"elementor-element elementor-element-7a0c27f elementor-widget elementor-widget-weekly-program\" data-id=\"7a0c27f\" data-element_type=\"widget\" data-widget_type=\"weekly-program.default\">\n\t\t\t\t<div class=\"elementor-widget-container\">\n\t\t\t<weekly-program class=\"loading-component\" options='{\"stickyHeader\": true, \"stickyHeaderTopOffset\": 1, \"showFilters\": true, \"showAgeRating\": true, \"showAgeRatingAsIcon\": false, \"showDescription\": false, \"showCast\": false, \"showDuration\": false, \"showTags\": false, \"tagsToShow\": [], \"filterOptions\": {\"showDatePanel\": true,\"showMoreFilters\": true,\"showQuickFilters\": true,\"defaultCinemas\": [],\"defaultGenres\": [],\"availableQuickFilters\": [],\"defaultQuickFilters\": [],\"quickFiltersMode\": \"\",\"dynamicQuickFilters\": false,\"defaultTagGroups\": [],\"defaultTags\": [],\"availableTagGroups\": [],\"showLanguages\": true,\"showCinemas\": true,\"showGenres\": true,\"content\": \"all\",\"isTimeRange\": false,\"timeFrom\": \"\",\"timeTo\": \"\"},\"groupingOrder\": [],\"screeningsGroupingLayout\": \"standard\",\"cardOptions\": {\"direction\": \"row\", \"imageToDisplay\": \"first\"}}'><\/weekly-program>\t\t<\/div>\n\t\t\t\t<\/div>\n\t\t\t\t\t<\/div>\n\t\t<\/div>\n\t\t\t\t\t<\/div>\n\t\t<\/section>\n\t\t\t\t<section class=\"elementor-section elementor-top-section elementor-element elementor-element-95095f0 elementor-section-boxed elementor-section-height-default elementor-section-height-default\" data-id=\"95095f0\" data-element_type=\"section\">\n\t\t\t\t\t\t<div class=\"elementor-container elementor-column-gap-default\">\n\t\t\t\t\t<div class=\"elementor-column elementor-col-100 elementor-top-column elementor-element elementor-element-48d360d\" data-id=\"48d360d\" data-element_type=\"column\">\n\t\t\t<div class=\"elementor-widget-wrap elementor-element-populated\">\n\t\t\t\t\t\t<div class=\"elementor-element elementor-element-9ae7328 elementor-widget elementor-widget-html\" data-id=\"9ae7328\" data-element_type=\"widget\" data-widget_type=\"html.default\">\n\t\t\t\t<div class=\"elementor-widget-container\">\n\t\t\t<script data-cfasync=\"false\">\n(function(W,i,s,e,P,o,p){W['WisePopsObject']=P;W[P]=W[P]||function(){(W[P].q=W[P].q||[]).push(arguments)},W[P].l=1*new Date();o=i.createElement(s),p=i.getElementsByTagName(s)[0];o.defer=1;o.src=e;p.parentNode.insertBefore(o,p)})(window,document,'script','\/\/loader.wisepops.com\/get-loader.js?v=1&site=E39Jw7vRAX','wisepops');\n<\/script>\t\t<\/div>\n\t\t\t\t<\/div>\n\t\t\t\t\t<\/div>\n\t\t<\/div>\n\t\t\t\t\t<\/div>\n\t\t<\/section>\n\t\t\t\t<\/div>\n\t\t","protected":false},"excerpt":{"rendered":"<p>Programme de la semaine Aujourd\u2019hui Cette semaine Prochainement<\/p>\n","protected":false},"author":1,"featured_media":0,"parent":0,"menu_order":0,"comment_status":"closed","ping_status":"closed","template":"template-parts\/template-page-untitled-full.php","meta":{"_acf_changed":false,"footnotes":""},"acf":[],"yoast_head":"<!-- This site is optimized with the Yoast SEO Premium plugin v20.11 (Yoast SEO v20.12) - https:\/\/yoast.com\/wordpress\/plugins\/seo\/ -->\r\n<title>Le programme de cin\u00e9ma de la semaine | blue Cinema<\/title>\r\n<meta name=\"description\" content=\"Qu&#039;est-ce qui passe au cin\u00e9ma ? L&#039;aper\u00e7u montre tous les films, les cin\u00e9mas et les horaires. Choisis un film et ach\u00e8te des billets en ligne!\" \/>\r\n<meta name=\"robots\" content=\"index, follow, max-snippet:-1, max-image-preview:large, max-video-preview:-1\" \/>\r\n<link rel=\"canonical\" href=\"https:\/\/wp-prod.bluecinema.ch\/en\/weekly-program\/\" \/>\r\n<meta property=\"og:locale\" content=\"fr_FR\" \/>\r\n<meta property=\"og:type\" content=\"article\" \/>\r\n<meta property=\"og:title\" content=\"Le programme de cin\u00e9ma de la semaine | blue Cinema\" \/>\r\n<meta property=\"og:description\" content=\"Qu&#039;est-ce qui passe au cin\u00e9ma ? L&#039;aper\u00e7u montre tous les films, les cin\u00e9mas et les horaires. Choisis un film et ach\u00e8te des billets en ligne!\" \/>\r\n<meta property=\"og:url\" content=\"https:\/\/wp-prod.bluecinema.ch\/en\/weekly-program\/\" \/>\r\n<meta property=\"og:site_name\" content=\"blue Cinema\" \/>\r\n<meta property=\"article:modified_time\" content=\"2024-12-03T09:52:38+00:00\" \/>\r\n<meta name=\"twitter:card\" content=\"summary_large_image\" \/>\r\n<meta name=\"twitter:label1\" content=\"Est. reading time\" \/>\n\t<meta name=\"twitter:data1\" content=\"1 minute\" \/>\r\n<script type=\"application\/ld+json\" class=\"yoast-schema-graph\">{\"@context\":\"https:\/\/schema.org\",\"@graph\":[{\"@type\":\"WebPage\",\"@id\":\"https:\/\/wp-prod.bluecinema.ch\/en\/weekly-program\/\",\"url\":\"https:\/\/wp-prod.bluecinema.ch\/en\/weekly-program\/\",\"name\":\"Le programme de cin\u00e9ma de la semaine | blue Cinema\",\"isPartOf\":{\"@id\":\"https:\/\/wp-prod.bluecinema.ch\/en\/#website\"},\"datePublished\":\"2021-08-24T08:14:49+00:00\",\"dateModified\":\"2024-12-03T09:52:38+00:00\",\"description\":\"Qu'est-ce qui passe au cin\u00e9ma ? L'aper\u00e7u montre tous les films, les cin\u00e9mas et les horaires. Choisis un film et ach\u00e8te des billets en ligne!\",\"inLanguage\":\"fr-CH\",\"potentialAction\":[{\"@type\":\"ReadAction\",\"target\":[\"https:\/\/wp-prod.bluecinema.ch\/en\/weekly-program\/\"]}]},{\"@type\":\"WebSite\",\"@id\":\"https:\/\/wp-prod.bluecinema.ch\/en\/#website\",\"url\":\"https:\/\/wp-prod.bluecinema.ch\/en\/\",\"name\":\"blue Cinema\",\"description\":\"\",\"potentialAction\":[{\"@type\":\"SearchAction\",\"target\":{\"@type\":\"EntryPoint\",\"urlTemplate\":\"https:\/\/wp-prod.bluecinema.ch\/en\/?s={search_term_string}\"},\"query-input\":\"required name=search_term_string\"}],\"inLanguage\":\"fr-CH\"}]}<\/script>\r\n<!-- \/ Yoast SEO Premium plugin. -->","yoast_head_json":{"title":"Le programme de cin\u00e9ma de la semaine | blue Cinema","description":"Qu'est-ce qui passe au cin\u00e9ma ? L'aper\u00e7u montre tous les films, les cin\u00e9mas et les horaires. Choisis un film et ach\u00e8te des billets en ligne!","robots":{"index":"index","follow":"follow","max-snippet":"max-snippet:-1","max-image-preview":"max-image-preview:large","max-video-preview":"max-video-preview:-1"},"canonical":"https:\/\/wp-prod.bluecinema.ch\/en\/weekly-program\/","og_locale":"fr_FR","og_type":"article","og_title":"Le programme de cin\u00e9ma de la semaine | blue Cinema","og_description":"Qu'est-ce qui passe au cin\u00e9ma ? L'aper\u00e7u montre tous les films, les cin\u00e9mas et les horaires. Choisis un film et ach\u00e8te des billets en ligne!","og_url":"https:\/\/wp-prod.bluecinema.ch\/en\/weekly-program\/","og_site_name":"blue Cinema","article_modified_time":"2024-12-03T09:52:38+00:00","twitter_card":"summary_large_image","twitter_misc":{"Est. reading time":"1 minute"},"schema":{"@context":"https:\/\/schema.org","@graph":[{"@type":"WebPage","@id":"https:\/\/wp-prod.bluecinema.ch\/en\/weekly-program\/","url":"https:\/\/wp-prod.bluecinema.ch\/en\/weekly-program\/","name":"Le programme de cin\u00e9ma de la semaine | blue Cinema","isPartOf":{"@id":"https:\/\/wp-prod.bluecinema.ch\/en\/#website"},"datePublished":"2021-08-24T08:14:49+00:00","dateModified":"2024-12-03T09:52:38+00:00","description":"Qu'est-ce qui passe au cin\u00e9ma ? L'aper\u00e7u montre tous les films, les cin\u00e9mas et les horaires. Choisis un film et ach\u00e8te des billets en ligne!","inLanguage":"fr-CH","potentialAction":[{"@type":"ReadAction","target":["https:\/\/wp-prod.bluecinema.ch\/en\/weekly-program\/"]}]},{"@type":"WebSite","@id":"https:\/\/wp-prod.bluecinema.ch\/en\/#website","url":"https:\/\/wp-prod.bluecinema.ch\/en\/","name":"blue Cinema","description":"","potentialAction":[{"@type":"SearchAction","target":{"@type":"EntryPoint","urlTemplate":"https:\/\/wp-prod.bluecinema.ch\/en\/?s={search_term_string}"},"query-input":"required name=search_term_string"}],"inLanguage":"fr-CH"}]}},"_links":{"self":[{"href":"https:\/\/wp-prod.bluecinema.ch\/fr\/wp-json\/wp\/v2\/pages\/6044"}],"collection":[{"href":"https:\/\/wp-prod.bluecinema.ch\/fr\/wp-json\/wp\/v2\/pages"}],"about":[{"href":"https:\/\/wp-prod.bluecinema.ch\/fr\/wp-json\/wp\/v2\/types\/page"}],"author":[{"embeddable":true,"href":"https:\/\/wp-prod.bluecinema.ch\/fr\/wp-json\/wp\/v2\/users\/1"}],"replies":[{"embeddable":true,"href":"https:\/\/wp-prod.bluecinema.ch\/fr\/wp-json\/wp\/v2\/comments?post=6044"}],"version-history":[{"count":15,"href":"https:\/\/wp-prod.bluecinema.ch\/fr\/wp-json\/wp\/v2\/pages\/6044\/revisions"}],"predecessor-version":[{"id":60458,"href":"https:\/\/wp-prod.bluecinema.ch\/fr\/wp-json\/wp\/v2\/pages\/6044\/revisions\/60458"}],"wp:attachment":[{"href":"https:\/\/wp-prod.bluecinema.ch\/fr\/wp-json\/wp\/v2\/media?parent=6044"}],"curies":[{"name":"wp","href":"https:\/\/api.w.org\/{rel}","templated":true}]}}