{"id":61393,"date":"2025-01-07T10:19:04","date_gmt":"2025-01-07T10:19:04","guid":{"rendered":"https:\/\/wp-prod.bluecinema.ch\/paddington\/"},"modified":"2025-01-16T18:50:33","modified_gmt":"2025-01-16T18:50:33","slug":"paddington","status":"publish","type":"page","link":"https:\/\/wp-prod.bluecinema.ch\/fr\/paddington\/","title":{"rendered":"Paddington"},"content":{"rendered":"\t\t<div data-elementor-type=\"wp-page\" data-elementor-id=\"61393\" class=\"elementor elementor-61393 elementor-61383\" data-elementor-post-type=\"page\">\n\t\t\t\t\t\t<section class=\"elementor-section elementor-top-section elementor-element elementor-element-8387701 elementor-section-full_width elementor-section-height-default elementor-section-height-default\" data-id=\"8387701\" data-element_type=\"section\">\n\t\t\t\t\t\t<div class=\"elementor-container elementor-column-gap-default\">\n\t\t\t\t\t<div class=\"elementor-column elementor-col-100 elementor-top-column elementor-element elementor-element-7e82685\" data-id=\"7e82685\" data-element_type=\"column\">\n\t\t\t<div class=\"elementor-widget-wrap elementor-element-populated\">\n\t\t\t\t\t\t<div class=\"elementor-element elementor-element-aa6d68a elementor-hidden-mobile elementor-widget elementor-widget-image\" data-id=\"aa6d68a\" data-element_type=\"widget\" data-widget_type=\"image.default\">\n\t\t\t\t<div class=\"elementor-widget-container\">\n\t\t\t\t\t\t\t\t\t\t\t\t\t<img fetchpriority=\"high\" decoding=\"async\" width=\"1920\" height=\"500\" src=\"https:\/\/wp-prod.bluecinema.ch\/app\/uploads\/2025\/01\/PIP_BlueCinema_SocialMedia_1920x500-1.jpg\" class=\"attachment-full size-full wp-image-61610\" alt=\"\" srcset=\"https:\/\/wp-prod.bluecinema.ch\/app\/uploads\/2025\/01\/PIP_BlueCinema_SocialMedia_1920x500-1.jpg 1920w, https:\/\/wp-prod.bluecinema.ch\/app\/uploads\/2025\/01\/PIP_BlueCinema_SocialMedia_1920x500-1-300x78.jpg 300w, https:\/\/wp-prod.bluecinema.ch\/app\/uploads\/2025\/01\/PIP_BlueCinema_SocialMedia_1920x500-1-1024x267.jpg 1024w, https:\/\/wp-prod.bluecinema.ch\/app\/uploads\/2025\/01\/PIP_BlueCinema_SocialMedia_1920x500-1-768x200.jpg 768w, https:\/\/wp-prod.bluecinema.ch\/app\/uploads\/2025\/01\/PIP_BlueCinema_SocialMedia_1920x500-1-1536x400.jpg 1536w, https:\/\/wp-prod.bluecinema.ch\/app\/uploads\/2025\/01\/PIP_BlueCinema_SocialMedia_1920x500-1-460x120.jpg 460w\" sizes=\"(max-width: 1920px) 100vw, 1920px\" \/>\t\t\t\t\t\t\t\t\t\t\t\t\t<\/div>\n\t\t\t\t<\/div>\n\t\t\t\t<div class=\"elementor-element elementor-element-c522122 elementor-hidden-desktop elementor-hidden-tablet elementor-widget elementor-widget-image\" data-id=\"c522122\" data-element_type=\"widget\" data-widget_type=\"image.default\">\n\t\t\t\t<div class=\"elementor-widget-container\">\n\t\t\t\t\t\t\t\t\t\t\t\t\t<img decoding=\"async\" width=\"720\" height=\"350\" src=\"https:\/\/wp-prod.bluecinema.ch\/app\/uploads\/2025\/01\/PIP_BlueCinema_SocialMedia_720x350-1.jpg\" class=\"attachment-full size-full wp-image-61613\" alt=\"\" srcset=\"https:\/\/wp-prod.bluecinema.ch\/app\/uploads\/2025\/01\/PIP_BlueCinema_SocialMedia_720x350-1.jpg 720w, https:\/\/wp-prod.bluecinema.ch\/app\/uploads\/2025\/01\/PIP_BlueCinema_SocialMedia_720x350-1-300x146.jpg 300w, https:\/\/wp-prod.bluecinema.ch\/app\/uploads\/2025\/01\/PIP_BlueCinema_SocialMedia_720x350-1-460x224.jpg 460w\" sizes=\"(max-width: 720px) 100vw, 720px\" \/>\t\t\t\t\t\t\t\t\t\t\t\t\t<\/div>\n\t\t\t\t<\/div>\n\t\t\t\t\t<\/div>\n\t\t<\/div>\n\t\t\t\t\t<\/div>\n\t\t<\/section>\n\t\t\t\t<section class=\"elementor-section elementor-top-section elementor-element elementor-element-f6fbb38 elementor-section-boxed elementor-section-height-default elementor-section-height-default\" data-id=\"f6fbb38\" data-element_type=\"section\">\n\t\t\t\t\t\t<div class=\"elementor-container elementor-column-gap-default\">\n\t\t\t\t\t<div class=\"elementor-column elementor-col-100 elementor-top-column elementor-element elementor-element-025ee9b\" data-id=\"025ee9b\" data-element_type=\"column\">\n\t\t\t<div class=\"elementor-widget-wrap elementor-element-populated\">\n\t\t\t\t\t\t<div class=\"elementor-element elementor-element-461dcb6 elementor-widget elementor-widget-text-editor\" data-id=\"461dcb6\" data-element_type=\"widget\" data-widget_type=\"text-editor.default\">\n\t\t\t\t<div class=\"elementor-widget-container\">\n\t\t\t\t\t\t\t<h1 style=\"text-align: center;\">Avant-premi\u00e8re avec Paddington au P\u00e9rou le dimanche 26 janvier <span style=\"color: #11aaff;\">avec un petit d\u00e9jeuner copieux !<\/span><\/h1><h4>Une exp\u00e9rience cin\u00e9matographique sp\u00e9ciale vous attend \u00e0 la fin du mois ! L&#8217;avant-premi\u00e8re de \u00abPaddington au P\u00e9rou\u00bb est pr\u00e9vue et promet d&#8217;\u00eatre une matin\u00e9e inoubliable.<\/h4>\t\t\t\t\t\t<\/div>\n\t\t\t\t<\/div>\n\t\t\t\t\t<\/div>\n\t\t<\/div>\n\t\t\t\t\t<\/div>\n\t\t<\/section>\n\t\t\t\t<section class=\"elementor-section elementor-top-section elementor-element elementor-element-4756e7d elementor-section-boxed elementor-section-height-default elementor-section-height-default\" data-id=\"4756e7d\" data-element_type=\"section\" data-settings=\"{&quot;background_background&quot;:&quot;classic&quot;}\">\n\t\t\t\t\t\t<div class=\"elementor-container elementor-column-gap-default\">\n\t\t\t\t\t<div class=\"elementor-column elementor-col-16 elementor-top-column elementor-element elementor-element-25d7240\" data-id=\"25d7240\" data-element_type=\"column\">\n\t\t\t<div class=\"elementor-widget-wrap\">\n\t\t\t\t\t\t\t<\/div>\n\t\t<\/div>\n\t\t\t\t<div class=\"elementor-column elementor-col-66 elementor-top-column elementor-element elementor-element-d9b59b7\" data-id=\"d9b59b7\" data-element_type=\"column\">\n\t\t\t<div class=\"elementor-widget-wrap elementor-element-populated\">\n\t\t\t\t\t\t<div class=\"elementor-element elementor-element-269b6fb elementor-widget elementor-widget-text-editor\" data-id=\"269b6fb\" data-element_type=\"widget\" data-widget_type=\"text-editor.default\">\n\t\t\t\t<div class=\"elementor-widget-container\">\n\t\t\t\t\t\t\t<p><span style=\"color: #000000;\"><strong>Qu&#8217;est-ce qui rend cette journ\u00e9e si sp\u00e9ciale ? <\/strong><\/span><br \/><span style=\"color: #000000;\">En plus de l&#8217;aventure cin\u00e9matographique enchanteresse avec notre ourson pr\u00e9f\u00e9r\u00e9 Paddington, le prix du billet comprend \u00e9galement un copieux petit d\u00e9jeuner.<\/span><\/p>\t\t\t\t\t\t<\/div>\n\t\t\t\t<\/div>\n\t\t\t\t<div class=\"elementor-element elementor-element-9489f6d elementor-widget elementor-widget-text-editor\" data-id=\"9489f6d\" data-element_type=\"widget\" data-widget_type=\"text-editor.default\">\n\t\t\t\t<div class=\"elementor-widget-container\">\n\t\t\t\t\t\t\t<p><span style=\"color: #000000;\"><strong>Date :<\/strong> Dimanche 26 janvier 2025 <\/span><br \/><span style=\"color: #000000;\"><strong>Heure :<\/strong> Petit d\u00e9jeuner de 09:45 &#8211; 10:45 <\/span><br \/><span style=\"color: #000000;\"><strong>Ouverture des portes de la salle :<\/strong> 10:45 <\/span><br \/><span style=\"color: #000000;\"><strong>Prix du billet enfants :<\/strong> CHF 19.90 <\/span><br \/><span style=\"color: #000000;\"><strong>Prix du billet adulte :<\/strong> CHF 25.90<\/span><\/p>\t\t\t\t\t\t<\/div>\n\t\t\t\t<\/div>\n\t\t\t\t<div class=\"elementor-element elementor-element-85dc7e6 elementor-widget elementor-widget-toggle\" data-id=\"85dc7e6\" data-element_type=\"widget\" data-widget_type=\"toggle.default\">\n\t\t\t\t<div class=\"elementor-widget-container\">\n\t\t\t\t\t<div class=\"elementor-toggle\">\n\t\t\t\t\t\t\t<div class=\"elementor-toggle-item\">\n\t\t\t\t\t<div id=\"elementor-tab-title-1401\" class=\"elementor-tab-title\" data-tab=\"1\" role=\"button\" aria-controls=\"elementor-tab-content-1401\" aria-expanded=\"false\">\n\t\t\t\t\t\t\t\t\t\t\t\t<span class=\"elementor-toggle-icon elementor-toggle-icon-right\" aria-hidden=\"true\">\n\t\t\t\t\t\t\t\t\t\t\t\t\t\t\t<span class=\"elementor-toggle-icon-closed\"><i class=\"fas fa-chevron-down\"><\/i><\/span>\n\t\t\t\t\t\t\t\t<span class=\"elementor-toggle-icon-opened\"><i class=\"elementor-toggle-icon-opened fas fa-chevron-up\"><\/i><\/span>\n\t\t\t\t\t\t\t\t\t\t\t\t\t<\/span>\n\t\t\t\t\t\t\t\t\t\t\t\t<a class=\"elementor-toggle-title\" tabindex=\"0\">Offre de petit-d\u00e9jeuner<\/a>\n\t\t\t\t\t<\/div>\n\n\t\t\t\t\t<div id=\"elementor-tab-content-1401\" class=\"elementor-tab-content elementor-clearfix\" data-tab=\"1\" role=\"region\" aria-labelledby=\"elementor-tab-title-1401\"><p><strong>Enfants<\/strong><br \/>Muffins au chocolat. <br \/>Cookies<br \/>Pain au Chocolat <br \/>Petits pains avec confiture <br \/>Cl\u00e9mentines <br \/>Granola<\/p><p>\u00a0<\/p><p><strong>Boissons pour enfants<\/strong><br \/>Boisson au chocolat<\/p><p>\u00a0<\/p><p><strong>Aliments pour adultes<\/strong><br \/>Croissants au beurre\/aux yeux\/au bl\u00e9 complet <br \/>Petits pains complets <br \/>Assiette de charcuterie avec fromage<br \/>Madeleines<br \/>Oranges<\/p><p>\u00a0<\/p><p><strong>Adultes Boissons<\/strong><br \/>Jus d&#8217;orange 25cl <br \/>Caf\u00e9<br \/>Th\u00e9<br \/>Eau avec<br \/>Eau sans<\/p><p>\u00a0<\/p><h6><span style=\"color: #000000;\"><em>(Donn\u00e9es sous r\u00e9serve)<\/em><\/span><\/h6><\/div>\n\t\t\t\t<\/div>\n\t\t\t\t\t\t\t\t<\/div>\n\t\t\t\t<\/div>\n\t\t\t\t<\/div>\n\t\t\t\t<div class=\"elementor-element elementor-element-5724408 elementor-widget elementor-widget-text-editor\" data-id=\"5724408\" data-element_type=\"widget\" data-widget_type=\"text-editor.default\">\n\t\t\t\t<div class=\"elementor-widget-container\">\n\t\t\t\t\t\t\t<h2 style=\"text-align: left;\"><span style=\"font-family: var( --e-global-typography-793be05-font-family ), TheSans; font-size: var( --e-global-typography-793be05-font-size ); font-weight: var( --e-global-typography-793be05-font-weight ); letter-spacing: var( --e-global-typography-793be05-letter-spacing ); font-style: var( --e-global-typography-6d7606e-font-style ); text-transform: var( --e-global-typography-6d7606e-text-transform ); color: #000000;\">R\u00e9serve tes billets maintenant !\n<\/span><\/h2>\t\t\t\t\t\t<\/div>\n\t\t\t\t<\/div>\n\t\t\t\t<div class=\"elementor-element elementor-element-038f83a elementor-widget elementor-widget-html\" data-id=\"038f83a\" data-element_type=\"widget\" data-widget_type=\"html.default\">\n\t\t\t\t<div class=\"elementor-widget-container\">\n\t\t\t<!DOCTYPE html>\n<html lang=\"de\">\n<head>\n    <meta charset=\"UTF-8\">\n    <meta name=\"viewport\" content=\"width=device-width, initial-scale=1.0\">\n    <title>Kino Dropdown<\/title>\n    <style>\n        \/* Stile f\u00fcr Dropdown und Vorstellungen *\/\n        .dropdown2 {\n            position: relative;\n            width: 100%;\n            max-width: 350px;\n            margin-bottom: 20px;\n            border-bottom: 1px solid #3A3A3A;\n            border-radius: 4px;\n        }\n        .dropdown2 select {\n            appearance: none;\n            background-color: #171717;\n            border: none;\n            color: white;\n            width: 100%;\n            padding: 10px 30px 10px 30px;\n            cursor: pointer;\n            border-radius: 4px;\n\n        }\n        .dropdown2::before, .dropdown2::after {\n            content: \"\";\n            position: absolute;\n            pointer-events: none;\n        }\n        .dropdown2::before {\n            background-image: url('data:image\/svg+xml;utf8,<svg xmlns=\"http:\/\/www.w3.org\/2000\/svg\" fill=\"%23FFFFFF\" viewBox=\"0 0 24 24\"><path d=\"M12 2C8.13 2 5 5.13 5 9c0 5.25 7 13 7 13s7-7.75 7-13c0-3.87-3.13-7-7-7zm0 9.5c-1.38 0-2.5-1.12-2.5-2.5S10.62 6.5 12 6.5s2.5 1.12 2.5 2.5S13.38 11.5 12 11.5z\"\/><\/svg>');\n            left: 5px;\n            top: 50%;\n            transform: translateY(-50%);\n            height: 20px;\n            width: 20px;\n            background-size: cover;\n        }\n        .dropdown2::after {\n            content: '\u25bc';\n            color: white;\n            right: 10px;\n            top: 50%;\n            transform: translateY(-50%);\n            font-size: 12px;\n        }\n        #vorstellungenContainer {\n            display: flex;\n            flex-wrap: wrap;\n            gap: 20px;\n            justify-content: flex-start;\n            margin-bottom: 15px;\n        }\n        .vorstellung {\n            border: 1px solid #3A3A3A;\n            padding: 10px;\n            flex: 0 1 calc(50% - 20px);\n            box-shadow: 0 2px 4px rgba(0,0,0,0.1);\n            background-color: #171717;\n            border-radius: 4px;\n            text-align: center;\n            cursor: pointer;\n            transition: background-color 0.3s, color 0.3s;\n        }\n        .vorstellung:hover {\n            background-color: #007bff;\n            color: white;\n        }\n        @media (min-width: 768px) {\n            .vorstellung {\n                flex: 0 1 calc(70% - 20px);\n            }\n        }\n    <\/style>\n<\/head>\n<body>\n<h4 style=\"color: black; font-weight: 700;\">Veuillez s\u00e9lectionner la ville de votre choix<\/h4>\n\n    <div class=\"dropdown2\">\n        <select id=\"kinoDropdown2\" onchange=\"kinoAuswahlGeaendert()\">\n            <option value=\"\">Veuillez s\u00e9lectionner...<\/option>\n            <option value=\"kino1\">Bern<\/option>\n            <option value=\"kino2\">Biel<\/option>\n            <option value=\"kino3\">Chur<\/option>\n            <option value=\"kino4\">Luzern<\/option>\n            <option value=\"kino5\">St. Gallen<\/option>\n            <option value=\"kino6\">Winterthur<\/option>\n            <option value=\"kino7\">Z\u00fcrich<\/option>\n        <\/select>\n    <\/div>\n    <div id=\"vorstellungenContainer\"><\/div>\n    <script>\n        function kinoAuswahlGeaendert() {\n            const kino = document.getElementById(\"kinoDropdown2\").value;\n            const container = document.getElementById(\"vorstellungenContainer\");\n            container.innerHTML = ''; \/\/ L\u00f6sche vorhandene Vorstellungen\n            const vorstellungen = {\n                kino1: [\n                    { film: \"Bern, Cinedome 2 (D)\", zeit: \"11:00\", url: \"https:\/\/wp-prod.bluecinema.ch\/fr\/screen\/?id=21220239-97d9-42c9-819f-0e4ef111815b&cid=231ac792-6dab-4f2e-babe-c78dd0221a18&regionId=574238ee-5307-48de-9b91-98ea604e7f93\" },\n                ],\n                kino2: [\n                    { film: \"Biel, Cinedome 1 (D)\", zeit: \"11:00\", url: \"https:\/\/wp-prod.bluecinema.ch\/fr\/screen\/?id=e3a0ba73-8672-4491-b892-d47686647e8a&cid=1254ac6a-9cd7-47dc-942f-63c56a25abee&regionId=df01589f-35ab-44c1-a48e-9c157236f1ec\" },\n                ],\n                kino3: [\n                    { film: \"Chur, Saal 2 (D)\", zeit: \"11:00\", url: \"https:\/\/wp-prod.bluecinema.ch\/fr\/screen\/?id=00a6ea4e-e224-482c-8530-b2ca5fc2e176&cid=7f9f61ea-88f6-4a62-b734-83bb782f7485&regionId=1f75d08a-1f4c-423a-b8b5-e9a7434302b9\" },\n                ],\n                kino4: [\n                    { film: \"Luzern, Maxx 3 (D)\", zeit: \"11:00\", url: \"https:\/\/wp-prod.bluecinema.ch\/fr\/screen\/?id=99fb780e-d031-44d1-bb78-50b63be9f32f&cid=d19670fb-336d-400f-9030-2b9e085f369f&regionId=0a3c7847-c511-4aa3-a9bf-9e921516fd81\" },\n                ],\n                kino5: [\n                    { film: \"St. Gallen, Cinedome 1 (D)\", zeit: \"11:00\", url: \"https:\/\/wp-prod.bluecinema.ch\/fr\/screen\/?id=7ab044b4-6783-471b-9c9f-d05557e9805e&cid=a006d257-116b-43b5-b111-ceda299afa63&regionId=c11b037d-feaa-4371-a351-cbdf1af82b9b\" },\n                ],\n                kino6: [\n                    { film: \"Winterthur, Maxx 1 (D)\", zeit: \"11:00\", url: \"https:\/\/wp-prod.bluecinema.ch\/fr\/screen\/?id=a89e5799-e9d2-4059-9f7b-073da5d6a0c1&cid=bf49e209-965b-4fca-b72e-5d553c675f7c&regionId=a76af8cc-0efd-4e6f-a965-6750efa9df32\" },\n                ],\n                kino7: [\n                    { film: \"Z\u00fcrich, Abaton 1 (D)\", zeit: \"11:00\", url: \"https:\/\/wp-prod.bluecinema.ch\/fr\/screen\/?id=ed81b7e4-ab01-433b-a240-4a01558b7847&cid=565d43d4-136b-473b-bed8-68237088c5fb&regionId=f47e9dc9-1255-444b-a033-c73bcf885cd7\" },\n                ],\n            };\n            if (vorstellungen[kino]) {\n                vorstellungen[kino].forEach(vorstellung => {\n                    const div = document.createElement(\"div\");\n                    div.className = \"vorstellung\";\n                    div.innerHTML = `<h3>${vorstellung.zeit}<\/h3><p>${vorstellung.film}<\/p>`;\n                    div.onclick = () => window.open(vorstellung.url, '_blank');\n                    container.appendChild(div);\n                });\n            }\n        }\n    <\/script>\n<\/body>\n<\/html>\n\t\t<\/div>\n\t\t\t\t<\/div>\n\t\t\t\t<div class=\"elementor-element elementor-element-fb9c535 elementor-widget elementor-widget-video\" data-id=\"fb9c535\" data-element_type=\"widget\" data-settings=\"{&quot;youtube_url&quot;:&quot;https:\\\/\\\/www.youtube.com\\\/watch?v=EnbBkumVOv4&quot;,&quot;video_type&quot;:&quot;youtube&quot;}\" data-widget_type=\"video.default\">\n\t\t\t\t<div class=\"elementor-widget-container\">\n\t\t\t\t\t<div class=\"elementor-wrapper elementor-open-inline\">\n\t\t\t<div class=\"elementor-video\"><\/div>\t\t<\/div>\n\t\t\t\t<\/div>\n\t\t\t\t<\/div>\n\t\t\t\t\t<\/div>\n\t\t<\/div>\n\t\t\t\t<div class=\"elementor-column elementor-col-16 elementor-top-column elementor-element elementor-element-d89bfa4\" data-id=\"d89bfa4\" data-element_type=\"column\">\n\t\t\t<div class=\"elementor-widget-wrap\">\n\t\t\t\t\t\t\t<\/div>\n\t\t<\/div>\n\t\t\t\t\t<\/div>\n\t\t<\/section>\n\t\t\t\t<\/div>\n\t\t","protected":false},"excerpt":{"rendered":"<p>Avant-premi\u00e8re avec Paddington au P\u00e9rou le dimanche 26 janvier avec un petit d\u00e9jeuner copieux ! Une exp\u00e9rience cin\u00e9matographique sp\u00e9ciale vous attend \u00e0 la fin du mois ! L&#8217;avant-premi\u00e8re de \u00abPaddington au P\u00e9rou\u00bb est pr\u00e9vue et promet d&#8217;\u00eatre une matin\u00e9e inoubliable. Qu&#8217;est-ce qui rend cette journ\u00e9e si sp\u00e9ciale ? En plus de l&#8217;aventure cin\u00e9matographique enchanteresse avec [&hellip;]<\/p>\n","protected":false},"author":3,"featured_media":0,"parent":0,"menu_order":0,"comment_status":"closed","ping_status":"closed","template":"template-parts\/template-page-untitled-canvas.php","meta":{"_acf_changed":false,"footnotes":""},"acf":[],"yoast_head":"<!-- This site is optimized with the Yoast SEO Premium plugin v20.11 (Yoast SEO v20.12) - https:\/\/yoast.com\/wordpress\/plugins\/seo\/ -->\r\n<title>Paddington - blue Cinema<\/title>\r\n<meta name=\"robots\" content=\"index, follow, max-snippet:-1, max-image-preview:large, max-video-preview:-1\" \/>\r\n<link rel=\"canonical\" href=\"https:\/\/wp-prod.bluecinema.ch\/fr\/paddington\/\" \/>\r\n<meta property=\"og:locale\" content=\"fr_FR\" \/>\r\n<meta property=\"og:type\" content=\"article\" \/>\r\n<meta property=\"og:title\" content=\"Paddington - blue Cinema\" \/>\r\n<meta property=\"og:description\" content=\"Avant-premi\u00e8re avec Paddington au P\u00e9rou le dimanche 26 janvier avec un petit d\u00e9jeuner copieux ! Une exp\u00e9rience cin\u00e9matographique sp\u00e9ciale vous attend \u00e0 la fin du mois ! L&#8217;avant-premi\u00e8re de \u00abPaddington au P\u00e9rou\u00bb est pr\u00e9vue et promet d&#8217;\u00eatre une matin\u00e9e inoubliable. Qu&#8217;est-ce qui rend cette journ\u00e9e si sp\u00e9ciale ? En plus de l&#8217;aventure cin\u00e9matographique enchanteresse avec [&hellip;]\" \/>\r\n<meta property=\"og:url\" content=\"https:\/\/wp-prod.bluecinema.ch\/fr\/paddington\/\" \/>\r\n<meta property=\"og:site_name\" content=\"blue Cinema\" \/>\r\n<meta property=\"article:modified_time\" content=\"2025-01-16T18:50:33+00:00\" \/>\r\n<meta property=\"og:image\" content=\"https:\/\/wp-prod.bluecinema.ch\/app\/uploads\/2025\/01\/PIP_BlueCinema_SocialMedia_1920x500-1.jpg\" \/>\r\n<meta name=\"twitter:card\" content=\"summary_large_image\" \/>\r\n<meta name=\"twitter:label1\" content=\"Est. reading time\" \/>\n\t<meta name=\"twitter:data1\" content=\"2 minutes\" \/>\r\n<script type=\"application\/ld+json\" class=\"yoast-schema-graph\">{\"@context\":\"https:\/\/schema.org\",\"@graph\":[{\"@type\":\"WebPage\",\"@id\":\"https:\/\/wp-prod.bluecinema.ch\/fr\/paddington\/\",\"url\":\"https:\/\/wp-prod.bluecinema.ch\/fr\/paddington\/\",\"name\":\"Paddington - blue Cinema\",\"isPartOf\":{\"@id\":\"https:\/\/wp-prod.bluecinema.ch\/en\/#website\"},\"datePublished\":\"2025-01-07T10:19:04+00:00\",\"dateModified\":\"2025-01-16T18:50:33+00:00\",\"inLanguage\":\"fr-CH\",\"potentialAction\":[{\"@type\":\"ReadAction\",\"target\":[\"https:\/\/wp-prod.bluecinema.ch\/fr\/paddington\/\"]}]},{\"@type\":\"WebSite\",\"@id\":\"https:\/\/wp-prod.bluecinema.ch\/en\/#website\",\"url\":\"https:\/\/wp-prod.bluecinema.ch\/en\/\",\"name\":\"blue Cinema\",\"description\":\"\",\"potentialAction\":[{\"@type\":\"SearchAction\",\"target\":{\"@type\":\"EntryPoint\",\"urlTemplate\":\"https:\/\/wp-prod.bluecinema.ch\/en\/?s={search_term_string}\"},\"query-input\":\"required name=search_term_string\"}],\"inLanguage\":\"fr-CH\"}]}<\/script>\r\n<!-- \/ Yoast SEO Premium plugin. -->","yoast_head_json":{"title":"Paddington - blue Cinema","robots":{"index":"index","follow":"follow","max-snippet":"max-snippet:-1","max-image-preview":"max-image-preview:large","max-video-preview":"max-video-preview:-1"},"canonical":"https:\/\/wp-prod.bluecinema.ch\/fr\/paddington\/","og_locale":"fr_FR","og_type":"article","og_title":"Paddington - blue Cinema","og_description":"Avant-premi\u00e8re avec Paddington au P\u00e9rou le dimanche 26 janvier avec un petit d\u00e9jeuner copieux ! Une exp\u00e9rience cin\u00e9matographique sp\u00e9ciale vous attend \u00e0 la fin du mois ! L&#8217;avant-premi\u00e8re de \u00abPaddington au P\u00e9rou\u00bb est pr\u00e9vue et promet d&#8217;\u00eatre une matin\u00e9e inoubliable. Qu&#8217;est-ce qui rend cette journ\u00e9e si sp\u00e9ciale ? En plus de l&#8217;aventure cin\u00e9matographique enchanteresse avec [&hellip;]","og_url":"https:\/\/wp-prod.bluecinema.ch\/fr\/paddington\/","og_site_name":"blue Cinema","article_modified_time":"2025-01-16T18:50:33+00:00","og_image":[{"url":"https:\/\/wp-prod.bluecinema.ch\/app\/uploads\/2025\/01\/PIP_BlueCinema_SocialMedia_1920x500-1.jpg"}],"twitter_card":"summary_large_image","twitter_misc":{"Est. reading time":"2 minutes"},"schema":{"@context":"https:\/\/schema.org","@graph":[{"@type":"WebPage","@id":"https:\/\/wp-prod.bluecinema.ch\/fr\/paddington\/","url":"https:\/\/wp-prod.bluecinema.ch\/fr\/paddington\/","name":"Paddington - blue Cinema","isPartOf":{"@id":"https:\/\/wp-prod.bluecinema.ch\/en\/#website"},"datePublished":"2025-01-07T10:19:04+00:00","dateModified":"2025-01-16T18:50:33+00:00","inLanguage":"fr-CH","potentialAction":[{"@type":"ReadAction","target":["https:\/\/wp-prod.bluecinema.ch\/fr\/paddington\/"]}]},{"@type":"WebSite","@id":"https:\/\/wp-prod.bluecinema.ch\/en\/#website","url":"https:\/\/wp-prod.bluecinema.ch\/en\/","name":"blue Cinema","description":"","potentialAction":[{"@type":"SearchAction","target":{"@type":"EntryPoint","urlTemplate":"https:\/\/wp-prod.bluecinema.ch\/en\/?s={search_term_string}"},"query-input":"required name=search_term_string"}],"inLanguage":"fr-CH"}]}},"_links":{"self":[{"href":"https:\/\/wp-prod.bluecinema.ch\/fr\/wp-json\/wp\/v2\/pages\/61393"}],"collection":[{"href":"https:\/\/wp-prod.bluecinema.ch\/fr\/wp-json\/wp\/v2\/pages"}],"about":[{"href":"https:\/\/wp-prod.bluecinema.ch\/fr\/wp-json\/wp\/v2\/types\/page"}],"author":[{"embeddable":true,"href":"https:\/\/wp-prod.bluecinema.ch\/fr\/wp-json\/wp\/v2\/users\/3"}],"replies":[{"embeddable":true,"href":"https:\/\/wp-prod.bluecinema.ch\/fr\/wp-json\/wp\/v2\/comments?post=61393"}],"version-history":[{"count":16,"href":"https:\/\/wp-prod.bluecinema.ch\/fr\/wp-json\/wp\/v2\/pages\/61393\/revisions"}],"predecessor-version":[{"id":61660,"href":"https:\/\/wp-prod.bluecinema.ch\/fr\/wp-json\/wp\/v2\/pages\/61393\/revisions\/61660"}],"wp:attachment":[{"href":"https:\/\/wp-prod.bluecinema.ch\/fr\/wp-json\/wp\/v2\/media?parent=61393"}],"curies":[{"name":"wp","href":"https:\/\/api.w.org\/{rel}","templated":true}]}}