{"id":6145,"date":"2021-02-15T11:02:07","date_gmt":"2021-02-15T11:02:07","guid":{"rendered":"https:\/\/wp-prod.bluecinema.ch\/imax\/"},"modified":"2024-02-13T16:53:35","modified_gmt":"2024-02-13T16:53:35","slug":"imax-fr","status":"publish","type":"page","link":"https:\/\/wp-prod.bluecinema.ch\/fr\/imax-fr\/","title":{"rendered":"IMAX-FR"},"content":{"rendered":"\t\t<div data-elementor-type=\"wp-page\" data-elementor-id=\"6145\" class=\"elementor elementor-6145 elementor-70\" data-elementor-post-type=\"page\">\n\t\t\t\t\t\t<section class=\"elementor-section elementor-top-section elementor-element elementor-element-a6e749e elementor-section-height-min-height elementor-section-stretched elementor-section-full_width elementor-section-items-stretch elementor-section-height-default\" data-id=\"a6e749e\" data-element_type=\"section\" data-settings=\"{&quot;stretch_section&quot;:&quot;section-stretched&quot;,&quot;background_background&quot;:&quot;video&quot;,&quot;background_video_link&quot;:&quot;https:\\\/\\\/cdn.skybanner.org\\\/bluewin.ch\\\/1280\\\/61\\\/61408f0f-3b74-46e0-b4fb-8dbcd3b1b3ec.mp4&quot;,&quot;background_play_on_mobile&quot;:&quot;yes&quot;}\">\n\t\t\t\t\t\t\t\t<div class=\"elementor-background-video-container\">\n\t\t\t\t\t\t\t\t\t\t\t\t\t<video class=\"elementor-background-video-hosted elementor-html5-video\" autoplay muted playsinline loop><\/video>\n\t\t\t\t\t\t\t\t\t\t\t<\/div>\n\t\t\t\t\t\t\t\t<div class=\"elementor-container elementor-column-gap-default\">\n\t\t\t\t\t<div class=\"elementor-column elementor-col-100 elementor-top-column elementor-element elementor-element-1060740\" data-id=\"1060740\" data-element_type=\"column\" data-settings=\"{&quot;background_background&quot;:&quot;gradient&quot;}\">\n\t\t\t<div class=\"elementor-widget-wrap elementor-element-populated\">\n\t\t\t\t\t<div class=\"elementor-background-overlay\"><\/div>\n\t\t\t\t\t\t\t<\/div>\n\t\t<\/div>\n\t\t\t\t\t<\/div>\n\t\t<\/section>\n\t\t\t\t<section class=\"elementor-section elementor-top-section elementor-element elementor-element-771d8b2 elementor-section-boxed elementor-section-height-default elementor-section-height-default\" data-id=\"771d8b2\" data-element_type=\"section\">\n\t\t\t\t\t\t<div class=\"elementor-container elementor-column-gap-default\">\n\t\t\t\t\t<div class=\"elementor-column elementor-col-100 elementor-top-column elementor-element elementor-element-4d6f9d2\" data-id=\"4d6f9d2\" data-element_type=\"column\">\n\t\t\t<div class=\"elementor-widget-wrap elementor-element-populated\">\n\t\t\t\t\t\t<div class=\"elementor-element elementor-element-16396c5 elementor-widget elementor-widget-text-editor\" data-id=\"16396c5\" data-element_type=\"widget\" data-widget_type=\"text-editor.default\">\n\t\t\t\t<div class=\"elementor-widget-container\">\n\t\t\t\t\t\t\t<h1>IMAX\u00ae- vis la diff\u00e9rence<\/h1>\t\t\t\t\t\t<\/div>\n\t\t\t\t<\/div>\n\t\t\t\t<div class=\"elementor-element elementor-element-748cea5 elementor-widget elementor-widget-text-editor\" data-id=\"748cea5\" data-element_type=\"widget\" data-widget_type=\"text-editor.default\">\n\t\t\t\t<div class=\"elementor-widget-container\">\n\t\t\t\t\t\t\t<h5>Avec IMAX, tu d\u00e9couvriras les plus grands blockbusters d&#8217;une toute nouvelle mani\u00e8re. Tu seras surpris par une exp\u00e9rience cin\u00e9matographique absolument captivante. Le syst\u00e8me de projection ultramoderne, qui offre des images d&#8217;une nettet\u00e9 exceptionnelle, ainsi que le design de cin\u00e9ma sur mesure et le son num\u00e9rique puissant, cr\u00e9ent un environnement unique dans lequel tu te sentiras comme au c\u0153ur du film. Le cin\u00e9ma n&#8217;a jamais \u00e9t\u00e9 aussi vivant!<\/h5>\t\t\t\t\t\t<\/div>\n\t\t\t\t<\/div>\n\t\t\t\t<div class=\"elementor-element elementor-element-833f2bc elementor-widget elementor-widget-text-editor\" data-id=\"833f2bc\" data-element_type=\"widget\" data-widget_type=\"text-editor.default\">\n\t\t\t\t<div class=\"elementor-widget-container\">\n\t\t\t\t\t\t\t<h4 style=\"font-weight: var( --e-global-typography-793be05-font-weight ); line-height: var( --e-global-typography-793be05-line-height ); font-size: var( --e-global-typography-793be05-font-size ); letter-spacing: var( --e-global-typography-793be05-letter-spacing ); font-family: TheSans, TheSans; word-spacing: 0px;\">Dans les cin\u00e9mas suivants, tu trouveras IMAX :<\/h4>\t\t\t\t\t\t<\/div>\n\t\t\t\t<\/div>\n\t\t\t\t<div class=\"elementor-element elementor-element-c92c2c7 elementor-icon-list--layout-inline elementor-align-center elementor-mobile-align-left elementor-widget__width-inherit elementor-list-item-link-full_width elementor-widget elementor-widget-icon-list\" data-id=\"c92c2c7\" data-element_type=\"widget\" data-widget_type=\"icon-list.default\">\n\t\t\t\t<div class=\"elementor-widget-container\">\n\t\t\t\t\t<ul class=\"elementor-icon-list-items elementor-inline-items\">\n\t\t\t\t\t\t\t<li class=\"elementor-icon-list-item elementor-inline-item\">\n\t\t\t\t\t\t\t\t\t\t\t<span class=\"elementor-icon-list-icon\">\n\t\t\t\t\t\t\t<i aria-hidden=\"true\" class=\"fas fa-building\"><\/i>\t\t\t\t\t\t<\/span>\n\t\t\t\t\t\t\t\t\t\t<span class=\"elementor-icon-list-text\">Cinedome Bern<\/span>\n\t\t\t\t\t\t\t\t\t<\/li>\n\t\t\t\t\t\t\t\t<li class=\"elementor-icon-list-item elementor-inline-item\">\n\t\t\t\t\t\t\t\t\t\t\t<span class=\"elementor-icon-list-icon\">\n\t\t\t\t\t\t\t<i aria-hidden=\"true\" class=\"fas fa-building\"><\/i>\t\t\t\t\t\t<\/span>\n\t\t\t\t\t\t\t\t\t\t<span class=\"elementor-icon-list-text\">blue Cinema Chur<\/span>\n\t\t\t\t\t\t\t\t\t<\/li>\n\t\t\t\t\t\t<\/ul>\n\t\t\t\t<\/div>\n\t\t\t\t<\/div>\n\t\t\t\t<div class=\"elementor-element elementor-element-3c928ce elementor-widget elementor-widget-text-editor\" data-id=\"3c928ce\" data-element_type=\"widget\" data-widget_type=\"text-editor.default\">\n\t\t\t\t<div class=\"elementor-widget-container\">\n\t\t\t\t\t\t\t<p><span style=\"text-align: left;\">IMAX\u00ae est une marque d\u00e9pos\u00e9e d&#8217;IMAX Corporation.<\/span><\/p>\t\t\t\t\t\t<\/div>\n\t\t\t\t<\/div>\n\t\t\t\t\t<\/div>\n\t\t<\/div>\n\t\t\t\t\t<\/div>\n\t\t<\/section>\n\t\t\t\t<section class=\"elementor-section elementor-top-section elementor-element elementor-element-15c3f99 elementor-section-boxed elementor-section-height-default elementor-section-height-default\" data-id=\"15c3f99\" data-element_type=\"section\">\n\t\t\t\t\t\t<div class=\"elementor-container elementor-column-gap-default\">\n\t\t\t\t\t<div class=\"elementor-column elementor-col-100 elementor-top-column elementor-element elementor-element-b38922b\" data-id=\"b38922b\" data-element_type=\"column\">\n\t\t\t<div class=\"elementor-widget-wrap elementor-element-populated\">\n\t\t\t\t\t\t<div class=\"elementor-element elementor-element-590457f elementor-widget elementor-widget-text-editor\" data-id=\"590457f\" data-element_type=\"widget\" data-widget_type=\"text-editor.default\">\n\t\t\t\t<div class=\"elementor-widget-container\">\n\t\t\t\t\t\t\t<h1>C&#8217;est la technique IMAX<\/h1>\t\t\t\t\t\t<\/div>\n\t\t\t\t<\/div>\n\t\t\t\t<div class=\"elementor-element elementor-element-294e818 elementor-widget elementor-widget-video\" data-id=\"294e818\" data-element_type=\"widget\" data-settings=\"{&quot;youtube_url&quot;:&quot;https:\\\/\\\/www.youtube.com\\\/watch?v=B_UvdLYSk7Q&quot;,&quot;show_image_overlay&quot;:&quot;yes&quot;,&quot;image_overlay&quot;:{&quot;url&quot;:&quot;https:\\\/\\\/wp-prod.bluecinema.ch\\\/app\\\/uploads\\\/2024\\\/02\\\/Bildschirmfoto-2022-01-20-um-10.49.20-min.png&quot;,&quot;id&quot;:&quot;43865&quot;,&quot;size&quot;:&quot;&quot;},&quot;video_type&quot;:&quot;youtube&quot;}\" data-widget_type=\"video.default\">\n\t\t\t\t<div class=\"elementor-widget-container\">\n\t\t\t\t\t<div class=\"elementor-wrapper elementor-open-inline\">\n\t\t\t<div class=\"elementor-video\"><\/div>\t\t\t\t<div class=\"elementor-custom-embed-image-overlay\" style=\"background-image: url(https:\/\/wp-prod.bluecinema.ch\/app\/uploads\/elementor\/thumbs\/Bildschirmfoto-2022-01-20-um-10.49.20-min-qjr9p6vwcvd7l4i9vg1y30j7i5as5kptixuh2gw9rk.png);\">\n\t\t\t\t\t\t\t\t\t\t\t\t\t\t\t\t<div class=\"elementor-custom-embed-play\" role=\"button\" aria-label=\"Play Video\" tabindex=\"0\">\n\t\t\t\t\t\t\t<i aria-hidden=\"true\" class=\"eicon-play\"><\/i>\t\t\t\t\t\t\t<span class=\"elementor-screen-only\">Play Video<\/span>\n\t\t\t\t\t\t<\/div>\n\t\t\t\t\t\t\t\t\t<\/div>\n\t\t\t\t\t<\/div>\n\t\t\t\t<\/div>\n\t\t\t\t<\/div>\n\t\t\t\t\t<\/div>\n\t\t<\/div>\n\t\t\t\t\t<\/div>\n\t\t<\/section>\n\t\t\t\t<section class=\"elementor-section elementor-top-section elementor-element elementor-element-49dad22 elementor-section-boxed elementor-section-height-default elementor-section-height-default\" data-id=\"49dad22\" data-element_type=\"section\">\n\t\t\t\t\t\t<div class=\"elementor-container elementor-column-gap-no\">\n\t\t\t\t\t<div class=\"elementor-column elementor-col-50 elementor-top-column elementor-element elementor-element-b2e0aeb\" data-id=\"b2e0aeb\" data-element_type=\"column\">\n\t\t\t<div class=\"elementor-widget-wrap elementor-element-populated\">\n\t\t\t\t\t\t<div class=\"elementor-element elementor-element-f540649 elementor-widget elementor-widget-image\" data-id=\"f540649\" data-element_type=\"widget\" data-widget_type=\"image.default\">\n\t\t\t\t<div class=\"elementor-widget-container\">\n\t\t\t\t\t\t\t\t\t\t\t\t\t<img decoding=\"async\" src=\"https:\/\/wp-prod.bluecinema.ch\/app\/uploads\/elementor\/thumbs\/D001LSENG_LI_Space_1080x1920_px_Eng.r2_CMYK_300dpi-scaled-e1648042354455-pmai5agt9kddv8uh69odge7ivvbqggoa4ir7hapa40.jpg\" title=\"D001LSENG_LI_Space_1080x1920_px_Eng.r2_CMYK_300dpi\" alt=\"D001LSENG_LI_Space_1080x1920_px_Eng.r2_CMYK_300dpi\" loading=\"lazy\" \/>\t\t\t\t\t\t\t\t\t\t\t\t\t<\/div>\n\t\t\t\t<\/div>\n\t\t\t\t\t<\/div>\n\t\t<\/div>\n\t\t\t\t<div class=\"elementor-column elementor-col-50 elementor-top-column elementor-element elementor-element-07ce5bd\" data-id=\"07ce5bd\" data-element_type=\"column\">\n\t\t\t<div class=\"elementor-widget-wrap elementor-element-populated\">\n\t\t\t\t\t\t<div class=\"elementor-element elementor-element-99a57b8 elementor-widget elementor-widget-text-editor\" data-id=\"99a57b8\" data-element_type=\"widget\" data-widget_type=\"text-editor.default\">\n\t\t\t\t<div class=\"elementor-widget-container\">\n\t\t\t\t\t\t\t<h2><span style=\"color: #ffffff;\">La qualit\u00e9 de l&#8217;image IMAX <\/span><\/h2><h5><span style=\"color: #999999;\">Tu oublieras qu&#8217;il s&#8217;agit d&#8217;un film ! Tu d\u00e9couvres les images cristallines de la projection IMAX, qui s\u00e9duisent par leur qualit\u00e9 d&#8217;image \u00e9poustouflante. Jusqu&#8217;\u00e0 40% de contraste en plus et 60% de luminosit\u00e9 en plus. Calibrage et optimisation quotidiens de l&#8217;image Deux projecteurs garantissent une exp\u00e9rience 3D plus lumineuse et plus intense.<\/span><\/h5>\t\t\t\t\t\t<\/div>\n\t\t\t\t<\/div>\n\t\t\t\t\t<\/div>\n\t\t<\/div>\n\t\t\t\t\t<\/div>\n\t\t<\/section>\n\t\t\t\t<section class=\"elementor-section elementor-top-section elementor-element elementor-element-ba3e7e4 elementor-section-boxed elementor-section-height-default elementor-section-height-default\" data-id=\"ba3e7e4\" data-element_type=\"section\">\n\t\t\t\t\t\t<div class=\"elementor-container elementor-column-gap-default\">\n\t\t\t\t\t<div class=\"elementor-column elementor-col-100 elementor-top-column elementor-element elementor-element-98a4af6\" data-id=\"98a4af6\" data-element_type=\"column\">\n\t\t\t<div class=\"elementor-widget-wrap elementor-element-populated\">\n\t\t\t\t\t\t<div class=\"elementor-element elementor-element-ebc1fb9 elementor-widget-divider--view-line elementor-widget elementor-widget-divider\" data-id=\"ebc1fb9\" data-element_type=\"widget\" data-widget_type=\"divider.default\">\n\t\t\t\t<div class=\"elementor-widget-container\">\n\t\t\t\t\t<div class=\"elementor-divider\">\n\t\t\t<span class=\"elementor-divider-separator\">\n\t\t\t\t\t\t<\/span>\n\t\t<\/div>\n\t\t\t\t<\/div>\n\t\t\t\t<\/div>\n\t\t\t\t\t<\/div>\n\t\t<\/div>\n\t\t\t\t\t<\/div>\n\t\t<\/section>\n\t\t\t\t<section class=\"elementor-section elementor-top-section elementor-element elementor-element-7ec442c elementor-section-boxed elementor-section-height-default elementor-section-height-default\" data-id=\"7ec442c\" data-element_type=\"section\">\n\t\t\t\t\t\t<div class=\"elementor-container elementor-column-gap-no\">\n\t\t\t\t\t<div class=\"elementor-column elementor-col-50 elementor-top-column elementor-element elementor-element-0c27381\" data-id=\"0c27381\" data-element_type=\"column\">\n\t\t\t<div class=\"elementor-widget-wrap elementor-element-populated\">\n\t\t\t\t\t\t<div class=\"elementor-element elementor-element-bfb8fea elementor-widget elementor-widget-image\" data-id=\"bfb8fea\" data-element_type=\"widget\" data-widget_type=\"image.default\">\n\t\t\t\t<div class=\"elementor-widget-container\">\n\t\t\t\t\t\t\t\t\t\t\t\t\t<img decoding=\"async\" src=\"https:\/\/wp-prod.bluecinema.ch\/app\/uploads\/elementor\/thumbs\/kitagcinemas_cinedomemuri_imaxsound__1000x809_q70_crop_upscale-pmahi3s4oomrhiiwk8vny8u7dplsl8mmxrg1bl2vlc.jpg\" title=\"kitagcinemas_cinedomemuri_imaxsound.jpg__1000x809_q70_crop_upscale\" alt=\"kitagcinemas_cinedomemuri_imaxsound.jpg__1000x809_q70_crop_upscale\" loading=\"lazy\" \/>\t\t\t\t\t\t\t\t\t\t\t\t\t<\/div>\n\t\t\t\t<\/div>\n\t\t\t\t\t<\/div>\n\t\t<\/div>\n\t\t\t\t<div class=\"elementor-column elementor-col-50 elementor-top-column elementor-element elementor-element-0a837fb\" data-id=\"0a837fb\" data-element_type=\"column\">\n\t\t\t<div class=\"elementor-widget-wrap elementor-element-populated\">\n\t\t\t\t\t\t<div class=\"elementor-element elementor-element-938aba8 elementor-widget elementor-widget-text-editor\" data-id=\"938aba8\" data-element_type=\"widget\" data-widget_type=\"text-editor.default\">\n\t\t\t\t<div class=\"elementor-widget-container\">\n\t\t\t\t\t\t\t<h2><span style=\"color: #ffffff;\">Le son IMAX<\/span><\/h2><h5><span style=\"color: #999999;\">\u00c7a va sous la peau ! Les performances exceptionnelles du syst\u00e8me de haut-parleurs IMAX garantissent une exp\u00e9rience sonore brillante. Plage dynamique multipli\u00e9e par 10, spectre de fr\u00e9quences \u00e9largi pour les aigus et les basses, r\u00e9partition uniforme du son dans toute la salle.<\/span><\/h5>\t\t\t\t\t\t<\/div>\n\t\t\t\t<\/div>\n\t\t\t\t\t<\/div>\n\t\t<\/div>\n\t\t\t\t\t<\/div>\n\t\t<\/section>\n\t\t\t\t<section class=\"elementor-section elementor-top-section elementor-element elementor-element-1fb2ef5 elementor-section-boxed elementor-section-height-default elementor-section-height-default\" data-id=\"1fb2ef5\" data-element_type=\"section\">\n\t\t\t\t\t\t<div class=\"elementor-container elementor-column-gap-default\">\n\t\t\t\t\t<div class=\"elementor-column elementor-col-100 elementor-top-column elementor-element elementor-element-e0cded4\" data-id=\"e0cded4\" data-element_type=\"column\">\n\t\t\t<div class=\"elementor-widget-wrap elementor-element-populated\">\n\t\t\t\t\t\t<div class=\"elementor-element elementor-element-adee08a elementor-widget-divider--view-line elementor-widget elementor-widget-divider\" data-id=\"adee08a\" data-element_type=\"widget\" data-widget_type=\"divider.default\">\n\t\t\t\t<div class=\"elementor-widget-container\">\n\t\t\t\t\t<div class=\"elementor-divider\">\n\t\t\t<span class=\"elementor-divider-separator\">\n\t\t\t\t\t\t<\/span>\n\t\t<\/div>\n\t\t\t\t<\/div>\n\t\t\t\t<\/div>\n\t\t\t\t\t<\/div>\n\t\t<\/div>\n\t\t\t\t\t<\/div>\n\t\t<\/section>\n\t\t\t\t<section class=\"elementor-section elementor-top-section elementor-element elementor-element-d29d411 elementor-section-boxed elementor-section-height-default elementor-section-height-default\" data-id=\"d29d411\" data-element_type=\"section\">\n\t\t\t\t\t\t<div class=\"elementor-container elementor-column-gap-no\">\n\t\t\t\t\t<div class=\"elementor-column elementor-col-50 elementor-top-column elementor-element elementor-element-8f2865f\" data-id=\"8f2865f\" data-element_type=\"column\">\n\t\t\t<div class=\"elementor-widget-wrap elementor-element-populated\">\n\t\t\t\t\t\t<div class=\"elementor-element elementor-element-70bda73 elementor-widget elementor-widget-image\" data-id=\"70bda73\" data-element_type=\"widget\" data-widget_type=\"image.default\">\n\t\t\t\t<div class=\"elementor-widget-container\">\n\t\t\t\t\t\t\t\t\t\t\t\t\t<img decoding=\"async\" src=\"https:\/\/wp-prod.bluecinema.ch\/app\/uploads\/elementor\/thumbs\/the-batman-imax_VYZldUx-e1648043086574-pmaioeio8aj9xt31kj3a5kkxpx4eywjsr4amrud3lc.jpeg\" title=\"the-batman-imax_VYZldUx\" alt=\"the-batman-imax_VYZldUx\" loading=\"lazy\" \/>\t\t\t\t\t\t\t\t\t\t\t\t\t<\/div>\n\t\t\t\t<\/div>\n\t\t\t\t\t<\/div>\n\t\t<\/div>\n\t\t\t\t<div class=\"elementor-column elementor-col-50 elementor-top-column elementor-element elementor-element-5fd9d7a\" data-id=\"5fd9d7a\" data-element_type=\"column\">\n\t\t\t<div class=\"elementor-widget-wrap elementor-element-populated\">\n\t\t\t\t\t\t<div class=\"elementor-element elementor-element-7646005 elementor-widget elementor-widget-text-editor\" data-id=\"7646005\" data-element_type=\"widget\" data-widget_type=\"text-editor.default\">\n\t\t\t\t<div class=\"elementor-widget-container\">\n\t\t\t\t\t\t\t<h2><span style=\"color: #ffffff;\">Les films IMAX<\/span><\/h2><h5><span style=\"color: #999999;\">C&#8217;est exactement comme \u00e7a qu&#8217;il faut voir les films ! Les films IMAX sont am\u00e9lior\u00e9s en post-production en \u00e9troite collaboration avec les plus grands r\u00e9alisateurs et producteurs de Hollywood. Le processus unique IMAX DMR (Digital Media Remastering) est alors recommand\u00e9 au r\u00e9alisateur &#8211; avec IMAX!<\/span><\/h5>\t\t\t\t\t\t<\/div>\n\t\t\t\t<\/div>\n\t\t\t\t\t<\/div>\n\t\t<\/div>\n\t\t\t\t\t<\/div>\n\t\t<\/section>\n\t\t\t\t<section class=\"elementor-section elementor-top-section elementor-element elementor-element-eb2ee0a elementor-section-boxed elementor-section-height-default elementor-section-height-default\" data-id=\"eb2ee0a\" data-element_type=\"section\">\n\t\t\t\t\t\t<div class=\"elementor-container elementor-column-gap-default\">\n\t\t\t\t\t<div class=\"elementor-column elementor-col-100 elementor-top-column elementor-element elementor-element-ed42fc2\" data-id=\"ed42fc2\" data-element_type=\"column\">\n\t\t\t<div class=\"elementor-widget-wrap elementor-element-populated\">\n\t\t\t\t\t\t<div class=\"elementor-element elementor-element-6ba7b4d elementor-widget elementor-widget-spacer\" data-id=\"6ba7b4d\" data-element_type=\"widget\" data-widget_type=\"spacer.default\">\n\t\t\t\t<div class=\"elementor-widget-container\">\n\t\t\t\t\t<div class=\"elementor-spacer\">\n\t\t\t<div class=\"elementor-spacer-inner\"><\/div>\n\t\t<\/div>\n\t\t\t\t<\/div>\n\t\t\t\t<\/div>\n\t\t\t\t\t<\/div>\n\t\t<\/div>\n\t\t\t\t\t<\/div>\n\t\t<\/section>\n\t\t\t\t<\/div>\n\t\t","protected":false},"excerpt":{"rendered":"<p>IMAX\u00ae- vis la diff\u00e9rence Avec IMAX, tu d\u00e9couvriras les plus grands blockbusters d&#8217;une toute nouvelle mani\u00e8re. Tu seras surpris par une exp\u00e9rience cin\u00e9matographique absolument captivante. Le syst\u00e8me de projection ultramoderne, qui offre des images d&#8217;une nettet\u00e9 exceptionnelle, ainsi que le design de cin\u00e9ma sur mesure et le son num\u00e9rique puissant, cr\u00e9ent un environnement unique dans [&hellip;]<\/p>\n","protected":false},"author":1,"featured_media":0,"parent":0,"menu_order":0,"comment_status":"closed","ping_status":"closed","template":"template-parts\/template-page-untitled-canvas.php","meta":{"_acf_changed":false,"footnotes":""},"acf":[],"yoast_head":"<!-- This site is optimized with the Yoast SEO Premium plugin v20.11 (Yoast SEO v20.12) - https:\/\/yoast.com\/wordpress\/plugins\/seo\/ -->\r\n<title>D\u00e9couvrez l&#039;immersion IMAX chez blue cinema<\/title>\r\n<meta name=\"description\" content=\"Avec IMAX, tu d\u00e9couvres les plus grands blockbusters d&#039;une toute nouvelle mani\u00e8re. Visite nos cin\u00e9mas IMAX \u00e0 Berne et \u00e0 Coire et sens-toi en plein milieu du film.\" \/>\r\n<meta name=\"robots\" content=\"index, follow, max-snippet:-1, max-image-preview:large, max-video-preview:-1\" \/>\r\n<link rel=\"canonical\" href=\"https:\/\/wp-prod.bluecinema.ch\/fr\/imax-fr\/\" \/>\r\n<meta property=\"og:locale\" content=\"fr_FR\" \/>\r\n<meta property=\"og:type\" content=\"article\" \/>\r\n<meta property=\"og:title\" content=\"D\u00e9couvrez l&#039;immersion IMAX chez blue cinema\" \/>\r\n<meta property=\"og:description\" content=\"Avec IMAX, tu d\u00e9couvres les plus grands blockbusters d&#039;une toute nouvelle mani\u00e8re. Visite nos cin\u00e9mas IMAX \u00e0 Berne et \u00e0 Coire et sens-toi en plein milieu du film.\" \/>\r\n<meta property=\"og:url\" content=\"https:\/\/wp-prod.bluecinema.ch\/fr\/imax-fr\/\" \/>\r\n<meta property=\"og:site_name\" content=\"blue Cinema\" \/>\r\n<meta property=\"article:modified_time\" content=\"2024-02-13T16:53:35+00:00\" \/>\r\n<meta property=\"og:image\" content=\"https:\/\/wp-prod.bluecinema.ch\/app\/uploads\/elementor\/thumbs\/D001LSENG_LI_Space_1080x1920_px_Eng.r2_CMYK_300dpi-scaled-e1648042354455-pmai5agt9kddv8uh69odge7ivvbqggoa4ir7hapa40.jpg\" \/>\r\n<meta name=\"twitter:card\" content=\"summary_large_image\" \/>\r\n<meta name=\"twitter:label1\" content=\"Est. reading time\" \/>\n\t<meta name=\"twitter:data1\" content=\"2 minutes\" \/>\r\n<script type=\"application\/ld+json\" class=\"yoast-schema-graph\">{\"@context\":\"https:\/\/schema.org\",\"@graph\":[{\"@type\":\"WebPage\",\"@id\":\"https:\/\/wp-prod.bluecinema.ch\/fr\/imax-fr\/\",\"url\":\"https:\/\/wp-prod.bluecinema.ch\/fr\/imax-fr\/\",\"name\":\"D\u00e9couvrez l'immersion IMAX chez blue cinema\",\"isPartOf\":{\"@id\":\"https:\/\/wp-prod.bluecinema.ch\/en\/#website\"},\"datePublished\":\"2021-02-15T11:02:07+00:00\",\"dateModified\":\"2024-02-13T16:53:35+00:00\",\"description\":\"Avec IMAX, tu d\u00e9couvres les plus grands blockbusters d'une toute nouvelle mani\u00e8re. Visite nos cin\u00e9mas IMAX \u00e0 Berne et \u00e0 Coire et sens-toi en plein milieu du film.\",\"inLanguage\":\"fr-CH\",\"potentialAction\":[{\"@type\":\"ReadAction\",\"target\":[\"https:\/\/wp-prod.bluecinema.ch\/fr\/imax-fr\/\"]}]},{\"@type\":\"WebSite\",\"@id\":\"https:\/\/wp-prod.bluecinema.ch\/en\/#website\",\"url\":\"https:\/\/wp-prod.bluecinema.ch\/en\/\",\"name\":\"blue Cinema\",\"description\":\"\",\"potentialAction\":[{\"@type\":\"SearchAction\",\"target\":{\"@type\":\"EntryPoint\",\"urlTemplate\":\"https:\/\/wp-prod.bluecinema.ch\/en\/?s={search_term_string}\"},\"query-input\":\"required name=search_term_string\"}],\"inLanguage\":\"fr-CH\"}]}<\/script>\r\n<!-- \/ Yoast SEO Premium plugin. -->","yoast_head_json":{"title":"D\u00e9couvrez l'immersion IMAX chez blue cinema","description":"Avec IMAX, tu d\u00e9couvres les plus grands blockbusters d'une toute nouvelle mani\u00e8re. Visite nos cin\u00e9mas IMAX \u00e0 Berne et \u00e0 Coire et sens-toi en plein milieu du film.","robots":{"index":"index","follow":"follow","max-snippet":"max-snippet:-1","max-image-preview":"max-image-preview:large","max-video-preview":"max-video-preview:-1"},"canonical":"https:\/\/wp-prod.bluecinema.ch\/fr\/imax-fr\/","og_locale":"fr_FR","og_type":"article","og_title":"D\u00e9couvrez l'immersion IMAX chez blue cinema","og_description":"Avec IMAX, tu d\u00e9couvres les plus grands blockbusters d'une toute nouvelle mani\u00e8re. Visite nos cin\u00e9mas IMAX \u00e0 Berne et \u00e0 Coire et sens-toi en plein milieu du film.","og_url":"https:\/\/wp-prod.bluecinema.ch\/fr\/imax-fr\/","og_site_name":"blue Cinema","article_modified_time":"2024-02-13T16:53:35+00:00","og_image":[{"url":"https:\/\/wp-prod.bluecinema.ch\/app\/uploads\/elementor\/thumbs\/D001LSENG_LI_Space_1080x1920_px_Eng.r2_CMYK_300dpi-scaled-e1648042354455-pmai5agt9kddv8uh69odge7ivvbqggoa4ir7hapa40.jpg"}],"twitter_card":"summary_large_image","twitter_misc":{"Est. reading time":"2 minutes"},"schema":{"@context":"https:\/\/schema.org","@graph":[{"@type":"WebPage","@id":"https:\/\/wp-prod.bluecinema.ch\/fr\/imax-fr\/","url":"https:\/\/wp-prod.bluecinema.ch\/fr\/imax-fr\/","name":"D\u00e9couvrez l'immersion IMAX chez blue cinema","isPartOf":{"@id":"https:\/\/wp-prod.bluecinema.ch\/en\/#website"},"datePublished":"2021-02-15T11:02:07+00:00","dateModified":"2024-02-13T16:53:35+00:00","description":"Avec IMAX, tu d\u00e9couvres les plus grands blockbusters d'une toute nouvelle mani\u00e8re. Visite nos cin\u00e9mas IMAX \u00e0 Berne et \u00e0 Coire et sens-toi en plein milieu du film.","inLanguage":"fr-CH","potentialAction":[{"@type":"ReadAction","target":["https:\/\/wp-prod.bluecinema.ch\/fr\/imax-fr\/"]}]},{"@type":"WebSite","@id":"https:\/\/wp-prod.bluecinema.ch\/en\/#website","url":"https:\/\/wp-prod.bluecinema.ch\/en\/","name":"blue Cinema","description":"","potentialAction":[{"@type":"SearchAction","target":{"@type":"EntryPoint","urlTemplate":"https:\/\/wp-prod.bluecinema.ch\/en\/?s={search_term_string}"},"query-input":"required name=search_term_string"}],"inLanguage":"fr-CH"}]}},"_links":{"self":[{"href":"https:\/\/wp-prod.bluecinema.ch\/fr\/wp-json\/wp\/v2\/pages\/6145"}],"collection":[{"href":"https:\/\/wp-prod.bluecinema.ch\/fr\/wp-json\/wp\/v2\/pages"}],"about":[{"href":"https:\/\/wp-prod.bluecinema.ch\/fr\/wp-json\/wp\/v2\/types\/page"}],"author":[{"embeddable":true,"href":"https:\/\/wp-prod.bluecinema.ch\/fr\/wp-json\/wp\/v2\/users\/1"}],"replies":[{"embeddable":true,"href":"https:\/\/wp-prod.bluecinema.ch\/fr\/wp-json\/wp\/v2\/comments?post=6145"}],"version-history":[{"count":7,"href":"https:\/\/wp-prod.bluecinema.ch\/fr\/wp-json\/wp\/v2\/pages\/6145\/revisions"}],"predecessor-version":[{"id":43888,"href":"https:\/\/wp-prod.bluecinema.ch\/fr\/wp-json\/wp\/v2\/pages\/6145\/revisions\/43888"}],"wp:attachment":[{"href":"https:\/\/wp-prod.bluecinema.ch\/fr\/wp-json\/wp\/v2\/media?parent=6145"}],"curies":[{"name":"wp","href":"https:\/\/api.w.org\/{rel}","templated":true}]}}