{"id":6209,"date":"2021-03-15T12:04:24","date_gmt":"2021-03-15T12:04:24","guid":{"rendered":"https:\/\/wp-prod.bluecinema.ch\/buy-gift-cards\/"},"modified":"2024-02-07T11:32:42","modified_gmt":"2024-02-07T11:32:42","slug":"buy-gift-cards","status":"publish","type":"page","link":"https:\/\/wp-prod.bluecinema.ch\/fr\/shop\/buy-gift-cards\/","title":{"rendered":"Acheter des cartes-cadeaux"},"content":{"rendered":"\t\t<div data-elementor-type=\"wp-page\" data-elementor-id=\"6209\" class=\"elementor elementor-6209 elementor-236\" data-elementor-post-type=\"page\">\n\t\t\t\t\t\t<section class=\"elementor-section elementor-top-section elementor-element elementor-element-60538fe3 elementor-section-boxed elementor-section-height-default elementor-section-height-default\" data-id=\"60538fe3\" data-element_type=\"section\">\n\t\t\t\t\t\t<div class=\"elementor-container elementor-column-gap-default\">\n\t\t\t\t\t<div class=\"elementor-column elementor-col-100 elementor-top-column elementor-element elementor-element-2effc815\" data-id=\"2effc815\" data-element_type=\"column\">\n\t\t\t<div class=\"elementor-widget-wrap elementor-element-populated\">\n\t\t\t\t\t\t<div class=\"elementor-element elementor-element-16476c5e elementor-widget elementor-widget-text-editor\" data-id=\"16476c5e\" data-element_type=\"widget\" data-widget_type=\"text-editor.default\">\n\t\t\t\t<div class=\"elementor-widget-container\">\n\t\t\t\t\t\t\t\n<h2>Cartes cadeaux<\/h2>\n\t\t\t\t\t\t<\/div>\n\t\t\t\t<\/div>\n\t\t\t\t\t<\/div>\n\t\t<\/div>\n\t\t\t\t\t<\/div>\n\t\t<\/section>\n\t\t\t\t<section class=\"elementor-section elementor-top-section elementor-element elementor-element-a2862c1 elementor-section-boxed elementor-section-height-default elementor-section-height-default\" data-id=\"a2862c1\" data-element_type=\"section\">\n\t\t\t\t\t\t<div class=\"elementor-container elementor-column-gap-default\">\n\t\t\t\t\t<div class=\"elementor-column elementor-col-100 elementor-top-column elementor-element elementor-element-cd49a8c\" data-id=\"cd49a8c\" data-element_type=\"column\">\n\t\t\t<div class=\"elementor-widget-wrap\">\n\t\t\t\t\t\t\t<\/div>\n\t\t<\/div>\n\t\t\t\t\t<\/div>\n\t\t<\/section>\n\t\t\t\t<section class=\"elementor-section elementor-top-section elementor-element elementor-element-5104d6f elementor-section-boxed elementor-section-height-default elementor-section-height-default\" data-id=\"5104d6f\" data-element_type=\"section\">\n\t\t\t\t\t\t<div class=\"elementor-container elementor-column-gap-default\">\n\t\t\t\t\t<div class=\"elementor-column elementor-col-100 elementor-top-column elementor-element elementor-element-8be107f\" data-id=\"8be107f\" data-element_type=\"column\">\n\t\t\t<div class=\"elementor-widget-wrap elementor-element-populated\">\n\t\t\t\t\t\t<div class=\"elementor-element elementor-element-3827b3d elementor-widget elementor-widget-html\" data-id=\"3827b3d\" data-element_type=\"widget\" data-widget_type=\"html.default\">\n\t\t\t\t<div class=\"elementor-widget-container\">\n\t\t\t<div id='containerGCP'><\/div>\n\t\t<\/div>\n\t\t\t\t<\/div>\n\t\t\t\t<div class=\"elementor-element elementor-element-6c5e0b6 elementor-widget elementor-widget-shortcode\" data-id=\"6c5e0b6\" data-element_type=\"widget\" data-widget_type=\"shortcode.default\">\n\t\t\t\t<div class=\"elementor-widget-container\">\n\t\t\t\t\t<div class=\"elementor-shortcode\"><\/div>\n\t\t\t\t<\/div>\n\t\t\t\t<\/div>\n\t\t\t\t<div class=\"elementor-element elementor-element-4544027 elementor-widget elementor-widget-gift-card-purchase\" data-id=\"4544027\" data-element_type=\"widget\" data-widget_type=\"gift-card-purchase.default\">\n\t\t\t\t<div class=\"elementor-widget-container\">\n\t\t\t<gift-card-purchase options='{\"showSteps\": true,\"showCardBatches\": true,\"cardType\": \"both\",\"afterAddingToCart\": \"stay\"}'><\/gift-card-purchase>\t\t<\/div>\n\t\t\t\t<\/div>\n\t\t\t\t\t<\/div>\n\t\t<\/div>\n\t\t\t\t\t<\/div>\n\t\t<\/section>\n\t\t\t\t<\/div>\n\t\t","protected":false},"excerpt":{"rendered":"<p>Cartes cadeaux<\/p>\n","protected":false},"author":1,"featured_media":0,"parent":6895,"menu_order":0,"comment_status":"closed","ping_status":"closed","template":"template-parts\/template-sidebar-left.php","meta":{"_acf_changed":false,"footnotes":""},"acf":[],"yoast_head":"<!-- This site is optimized with the Yoast SEO Premium plugin v20.11 (Yoast SEO v20.12) - https:\/\/yoast.com\/wordpress\/plugins\/seo\/ -->\r\n<title>Acheter des cartes-cadeaux - blue Cinema<\/title>\r\n<meta name=\"description\" content=\"Offre de la joie, du plaisir et des \u00e9motions \u00e0 tes amis et \u00e0 tes proches \u00e0 ton cin\u00e9ma blue Cinema ! Acheter maintenant des Gift Cards en ligne!\" \/>\r\n<meta name=\"robots\" content=\"index, follow, max-snippet:-1, max-image-preview:large, max-video-preview:-1\" \/>\r\n<link rel=\"canonical\" href=\"https:\/\/wp-prod.bluecinema.ch\/de\/shop\/buy-gift-cards\/\" \/>\r\n<meta property=\"og:locale\" content=\"fr_FR\" \/>\r\n<meta property=\"og:type\" content=\"article\" \/>\r\n<meta property=\"og:title\" content=\"Acheter des cartes-cadeaux - blue Cinema\" \/>\r\n<meta property=\"og:description\" content=\"Offre de la joie, du plaisir et des \u00e9motions \u00e0 tes amis et \u00e0 tes proches \u00e0 ton cin\u00e9ma blue Cinema ! Acheter maintenant des Gift Cards en ligne!\" \/>\r\n<meta property=\"og:url\" content=\"https:\/\/wp-prod.bluecinema.ch\/de\/shop\/buy-gift-cards\/\" \/>\r\n<meta property=\"og:site_name\" content=\"blue Cinema\" \/>\r\n<meta property=\"article:modified_time\" content=\"2024-02-07T11:32:42+00:00\" \/>\r\n<meta name=\"twitter:card\" content=\"summary_large_image\" \/>\r\n<meta name=\"twitter:label1\" content=\"Est. reading time\" \/>\n\t<meta name=\"twitter:data1\" content=\"1 minute\" \/>\r\n<script type=\"application\/ld+json\" class=\"yoast-schema-graph\">{\"@context\":\"https:\/\/schema.org\",\"@graph\":[{\"@type\":\"WebPage\",\"@id\":\"https:\/\/wp-prod.bluecinema.ch\/de\/shop\/buy-gift-cards\/\",\"url\":\"https:\/\/wp-prod.bluecinema.ch\/de\/shop\/buy-gift-cards\/\",\"name\":\"Acheter des cartes-cadeaux - blue Cinema\",\"isPartOf\":{\"@id\":\"https:\/\/wp-prod.bluecinema.ch\/en\/#website\"},\"datePublished\":\"2021-03-15T12:04:24+00:00\",\"dateModified\":\"2024-02-07T11:32:42+00:00\",\"description\":\"Offre de la joie, du plaisir et des \u00e9motions \u00e0 tes amis et \u00e0 tes proches \u00e0 ton cin\u00e9ma blue Cinema ! Acheter maintenant des Gift Cards en ligne!\",\"breadcrumb\":{\"@id\":\"https:\/\/wp-prod.bluecinema.ch\/de\/shop\/buy-gift-cards\/#breadcrumb\"},\"inLanguage\":\"fr-CH\",\"potentialAction\":[{\"@type\":\"ReadAction\",\"target\":[\"https:\/\/wp-prod.bluecinema.ch\/de\/shop\/buy-gift-cards\/\"]}]},{\"@type\":\"BreadcrumbList\",\"@id\":\"https:\/\/wp-prod.bluecinema.ch\/de\/shop\/buy-gift-cards\/#breadcrumb\",\"itemListElement\":[{\"@type\":\"ListItem\",\"position\":1,\"name\":\"Shop\",\"item\":\"https:\/\/wp-prod.bluecinema.ch\/fr\/shop\/\"},{\"@type\":\"ListItem\",\"position\":2,\"name\":\"Acheter des cartes-cadeaux\"}]},{\"@type\":\"WebSite\",\"@id\":\"https:\/\/wp-prod.bluecinema.ch\/en\/#website\",\"url\":\"https:\/\/wp-prod.bluecinema.ch\/en\/\",\"name\":\"blue Cinema\",\"description\":\"\",\"potentialAction\":[{\"@type\":\"SearchAction\",\"target\":{\"@type\":\"EntryPoint\",\"urlTemplate\":\"https:\/\/wp-prod.bluecinema.ch\/en\/?s={search_term_string}\"},\"query-input\":\"required name=search_term_string\"}],\"inLanguage\":\"fr-CH\"}]}<\/script>\r\n<!-- \/ Yoast SEO Premium plugin. -->","yoast_head_json":{"title":"Acheter des cartes-cadeaux - blue Cinema","description":"Offre de la joie, du plaisir et des \u00e9motions \u00e0 tes amis et \u00e0 tes proches \u00e0 ton cin\u00e9ma blue Cinema ! Acheter maintenant des Gift Cards en ligne!","robots":{"index":"index","follow":"follow","max-snippet":"max-snippet:-1","max-image-preview":"max-image-preview:large","max-video-preview":"max-video-preview:-1"},"canonical":"https:\/\/wp-prod.bluecinema.ch\/de\/shop\/buy-gift-cards\/","og_locale":"fr_FR","og_type":"article","og_title":"Acheter des cartes-cadeaux - blue Cinema","og_description":"Offre de la joie, du plaisir et des \u00e9motions \u00e0 tes amis et \u00e0 tes proches \u00e0 ton cin\u00e9ma blue Cinema ! Acheter maintenant des Gift Cards en ligne!","og_url":"https:\/\/wp-prod.bluecinema.ch\/de\/shop\/buy-gift-cards\/","og_site_name":"blue Cinema","article_modified_time":"2024-02-07T11:32:42+00:00","twitter_card":"summary_large_image","twitter_misc":{"Est. reading time":"1 minute"},"schema":{"@context":"https:\/\/schema.org","@graph":[{"@type":"WebPage","@id":"https:\/\/wp-prod.bluecinema.ch\/de\/shop\/buy-gift-cards\/","url":"https:\/\/wp-prod.bluecinema.ch\/de\/shop\/buy-gift-cards\/","name":"Acheter des cartes-cadeaux - blue Cinema","isPartOf":{"@id":"https:\/\/wp-prod.bluecinema.ch\/en\/#website"},"datePublished":"2021-03-15T12:04:24+00:00","dateModified":"2024-02-07T11:32:42+00:00","description":"Offre de la joie, du plaisir et des \u00e9motions \u00e0 tes amis et \u00e0 tes proches \u00e0 ton cin\u00e9ma blue Cinema ! Acheter maintenant des Gift Cards en ligne!","breadcrumb":{"@id":"https:\/\/wp-prod.bluecinema.ch\/de\/shop\/buy-gift-cards\/#breadcrumb"},"inLanguage":"fr-CH","potentialAction":[{"@type":"ReadAction","target":["https:\/\/wp-prod.bluecinema.ch\/de\/shop\/buy-gift-cards\/"]}]},{"@type":"BreadcrumbList","@id":"https:\/\/wp-prod.bluecinema.ch\/de\/shop\/buy-gift-cards\/#breadcrumb","itemListElement":[{"@type":"ListItem","position":1,"name":"Shop","item":"https:\/\/wp-prod.bluecinema.ch\/fr\/shop\/"},{"@type":"ListItem","position":2,"name":"Acheter des cartes-cadeaux"}]},{"@type":"WebSite","@id":"https:\/\/wp-prod.bluecinema.ch\/en\/#website","url":"https:\/\/wp-prod.bluecinema.ch\/en\/","name":"blue Cinema","description":"","potentialAction":[{"@type":"SearchAction","target":{"@type":"EntryPoint","urlTemplate":"https:\/\/wp-prod.bluecinema.ch\/en\/?s={search_term_string}"},"query-input":"required name=search_term_string"}],"inLanguage":"fr-CH"}]}},"_links":{"self":[{"href":"https:\/\/wp-prod.bluecinema.ch\/fr\/wp-json\/wp\/v2\/pages\/6209"}],"collection":[{"href":"https:\/\/wp-prod.bluecinema.ch\/fr\/wp-json\/wp\/v2\/pages"}],"about":[{"href":"https:\/\/wp-prod.bluecinema.ch\/fr\/wp-json\/wp\/v2\/types\/page"}],"author":[{"embeddable":true,"href":"https:\/\/wp-prod.bluecinema.ch\/fr\/wp-json\/wp\/v2\/users\/1"}],"replies":[{"embeddable":true,"href":"https:\/\/wp-prod.bluecinema.ch\/fr\/wp-json\/wp\/v2\/comments?post=6209"}],"version-history":[{"count":6,"href":"https:\/\/wp-prod.bluecinema.ch\/fr\/wp-json\/wp\/v2\/pages\/6209\/revisions"}],"predecessor-version":[{"id":42115,"href":"https:\/\/wp-prod.bluecinema.ch\/fr\/wp-json\/wp\/v2\/pages\/6209\/revisions\/42115"}],"up":[{"embeddable":true,"href":"https:\/\/wp-prod.bluecinema.ch\/fr\/wp-json\/wp\/v2\/pages\/6895"}],"wp:attachment":[{"href":"https:\/\/wp-prod.bluecinema.ch\/fr\/wp-json\/wp\/v2\/media?parent=6209"}],"curies":[{"name":"wp","href":"https:\/\/api.w.org\/{rel}","templated":true}]}}